{"id":9174,"date":"2026-02-09T11:00:21","date_gmt":"2026-02-09T11:00:21","guid":{"rendered":"https:\/\/shop.radna-odjeca.com\/?post_type=product&#038;p=9174"},"modified":"2026-02-09T11:14:05","modified_gmt":"2026-02-09T11:14:05","slug":"radne-hlace-nilo","status":"publish","type":"product","link":"https:\/\/shop.radna-odjeca.com\/en\/product\/radne-hlace-nilo\/","title":{"rendered":"Radne hla\u010de NILO"},"content":{"rendered":"<p>64% poliester, 34% pamuk, 2% elastin &#8211;\u00a0 245 gr\/m2<\/p>\n<hr \/>\n<ul>\n<li>otvaranje patentnim zatvara\u010dem i drukerom<\/li>\n<li>elasti\u010dni struk straga, petlje za remen<\/li>\n<li>prednji d\u017eepovi<\/li>\n<li>veliki desni d\u017eep sa dodatnim okomitim d\u017eepom<\/li>\n<li>materijal otporan na ogrebotine u podru\u010dju koljena<\/li>\n<li>d\u017eep na desnoj stra\u017enjoj strani sa oblikovanim preklopom i drukerima<\/li>\n<li>d\u017eepovi na koljenima za umetanje \u0161titnika &#8211; oblikovani prorez<\/li>\n<li>dr\u017ea\u010d za \u010deki\u0107<\/li>\n<li>d\u017eep za ravnalo na desnoj stra\u017enjoj strani, d\u017eep za olovku<\/li>\n<li>dvostruki \u0161avovi na stra\u017enjoj strani<\/li>\n<li>poja\u010dani materijal na optere\u0107enijim dijelovima<\/li>\n<\/ul>","protected":false},"excerpt":{"rendered":"<div class=\"flex flex-col text-sm pb-25\">\n<article class=\"text-token-text-primary w-full focus:outline-none [--shadow-height:45px] has-data-writing-block:pointer-events-none has-data-writing-block:-mt-(--shadow-height) has-data-writing-block:pt-(--shadow-height) [&amp;:has([data-writing-block])&gt;*]:pointer-events-auto scroll-mt-[calc(var(--header-height)+min(200px,max(70px,20svh)))]\" dir=\"auto\" tabindex=\"-1\" data-turn-id=\"b110e484-44a4-4496-9a92-0137c2f0a7ae\" data-testid=\"conversation-turn-12\" data-scroll-anchor=\"true\" data-turn=\"assistant\">\n<div class=\"text-base my-auto mx-auto pb-10 [--thread-content-margin:--spacing(4)] @w-sm\/main:[--thread-content-margin:--spacing(6)] @w-lg\/main:[--thread-content-margin:--spacing(16)] px-(--thread-content-margin)\">\n<div class=\"[--thread-content-max-width:40rem] @w-lg\/main:[--thread-content-max-width:48rem] mx-auto max-w-(--thread-content-max-width) flex-1 group\/turn-messages focus-visible:outline-hidden relative flex w-full min-w-0 flex-col agent-turn\" tabindex=\"-1\">\n<div class=\"flex max-w-full flex-col grow\">\n<div class=\"min-h-8 text-message relative flex w-full flex-col items-end gap-2 text-start break-words whitespace-normal [.text-message+&amp;]:mt-1\" dir=\"auto\" data-message-author-role=\"assistant\" data-message-id=\"6a727b86-dc50-47b8-992f-c553cfaa4445\" data-message-model-slug=\"gpt-5-2\">\n<div class=\"flex w-full flex-col gap-1 empty:hidden first:pt-[1px]\">\n<div class=\"markdown prose dark:prose-invert w-full wrap-break-word light markdown-new-styling\">\n<ul>\n<li data-start=\"0\" data-end=\"490\">Radne hla\u010de izra\u0111ene su od izdr\u017eljivog materijala koji osigurava dugotrajnost i pouzdanost u svakodnevnom radu<\/li>\n<li data-start=\"0\" data-end=\"490\">Ergonomski kroj omogu\u0107uje udobno no\u0161enje i slobodu pokreta tijekom cijelog dana.<\/li>\n<li data-start=\"0\" data-end=\"490\">Oja\u010dani dijelovi na izlo\u017eenim mjestima pove\u0107avaju otpornost na habanje<\/li>\n<li data-start=\"0\" data-end=\"490\">Hla\u010de su prilago\u0111ene razli\u010ditim radnim okru\u017eenjima i intenzivnoj upotrebi<\/li>\n<li data-start=\"0\" data-end=\"490\">Moderan i profesionalan izgled \u010dini ih prikladnima za razne djelatnosti.<\/li>\n<\/ul>\n<\/div>\n<\/div>\n<\/div>\n<\/div>\n<\/div>\n<\/div>\n<\/article>\n<\/div>\n","protected":false},"featured_media":9183,"template":"","meta":[],"product_brand":[],"product_cat":[63],"product_tag":[],"class_list":{"0":"post-9174","1":"product","2":"type-product","3":"status-publish","4":"has-post-thumbnail","6":"product_cat-radna-i-zastitna-odjeca-podkategorija","8":"first","9":"instock","10":"taxable","11":"shipping-taxable","12":"purchasable","13":"product-type-variable"},"yoast_head":"<!-- This site is optimized with the Yoast SEO plugin v27.4 - https:\/\/yoast.com\/product\/yoast-seo-wordpress\/ -->\n<title>Radne hla\u010de NILO - RADNA ODJE\u0106A<\/title>\n<meta name=\"robots\" content=\"index, follow, max-snippet:-1, max-image-preview:large, max-video-preview:-1\" \/>\n<link rel=\"canonical\" href=\"https:\/\/shop.radna-odjeca.com\/en\/product\/radne-hlace-nilo\/\" \/>\n<meta property=\"og:locale\" content=\"en_GB\" \/>\n<meta property=\"og:type\" content=\"article\" \/>\n<meta property=\"og:title\" content=\"Radne hla\u010de NILO - RADNA ODJE\u0106A\" \/>\n<meta property=\"og:description\" content=\"Radne hla\u010de izra\u0111ene su od izdr\u017eljivog materijala koji osigurava dugotrajnost i pouzdanost u svakodnevnom radu  Ergonomski kroj omogu\u0107uje udobno no\u0161enje i slobodu pokreta tijekom cijelog dana.  Oja\u010dani dijelovi na izlo\u017eenim mjestima pove\u0107avaju otpornost na habanje  Hla\u010de su prilago\u0111ene razli\u010ditim radnim okru\u017eenjima i intenzivnoj upotrebi  Moderan i profesionalan izgled \u010dini ih prikladnima za razne djelatnosti.\" \/>\n<meta property=\"og:url\" content=\"https:\/\/shop.radna-odjeca.com\/en\/product\/radne-hlace-nilo\/\" \/>\n<meta property=\"og:site_name\" content=\"RADNA ODJE\u0106A\" \/>\n<meta property=\"article:modified_time\" content=\"2026-02-09T11:14:05+00:00\" \/>\n<meta property=\"og:image\" content=\"https:\/\/shop.radna-odjeca.com\/wp-content\/uploads\/2026\/02\/nilohh.jpg\" \/>\n\t<meta property=\"og:image:width\" content=\"1160\" \/>\n\t<meta property=\"og:image:height\" content=\"1380\" \/>\n\t<meta property=\"og:image:type\" content=\"image\/jpeg\" \/>\n<meta name=\"twitter:card\" content=\"summary_large_image\" \/>\n<meta name=\"twitter:label1\" content=\"Estimated reading time\" \/>\n\t<meta name=\"twitter:data1\" content=\"1 minute\" \/>\n<script type=\"application\/ld+json\" class=\"yoast-schema-graph\">{\"@context\":\"https:\\\/\\\/schema.org\",\"@graph\":[{\"@type\":\"WebPage\",\"@id\":\"https:\\\/\\\/shop.radna-odjeca.com\\\/product\\\/radne-hlace-nilo\\\/\",\"url\":\"https:\\\/\\\/shop.radna-odjeca.com\\\/product\\\/radne-hlace-nilo\\\/\",\"name\":\"Radne hla\u010de NILO - RADNA ODJE\u0106A\",\"isPartOf\":{\"@id\":\"https:\\\/\\\/shop.radna-odjeca.com\\\/#website\"},\"primaryImageOfPage\":{\"@id\":\"https:\\\/\\\/shop.radna-odjeca.com\\\/product\\\/radne-hlace-nilo\\\/#primaryimage\"},\"image\":{\"@id\":\"https:\\\/\\\/shop.radna-odjeca.com\\\/product\\\/radne-hlace-nilo\\\/#primaryimage\"},\"thumbnailUrl\":\"https:\\\/\\\/shop.radna-odjeca.com\\\/wp-content\\\/uploads\\\/2026\\\/02\\\/nilohh.jpg\",\"datePublished\":\"2026-02-09T11:00:21+00:00\",\"dateModified\":\"2026-02-09T11:14:05+00:00\",\"breadcrumb\":{\"@id\":\"https:\\\/\\\/shop.radna-odjeca.com\\\/product\\\/radne-hlace-nilo\\\/#breadcrumb\"},\"inLanguage\":\"en-GB\",\"potentialAction\":[{\"@type\":\"ReadAction\",\"target\":[\"https:\\\/\\\/shop.radna-odjeca.com\\\/product\\\/radne-hlace-nilo\\\/\"]}]},{\"@type\":\"ImageObject\",\"inLanguage\":\"en-GB\",\"@id\":\"https:\\\/\\\/shop.radna-odjeca.com\\\/product\\\/radne-hlace-nilo\\\/#primaryimage\",\"url\":\"https:\\\/\\\/shop.radna-odjeca.com\\\/wp-content\\\/uploads\\\/2026\\\/02\\\/nilohh.jpg\",\"contentUrl\":\"https:\\\/\\\/shop.radna-odjeca.com\\\/wp-content\\\/uploads\\\/2026\\\/02\\\/nilohh.jpg\",\"width\":1160,\"height\":1380},{\"@type\":\"BreadcrumbList\",\"@id\":\"https:\\\/\\\/shop.radna-odjeca.com\\\/product\\\/radne-hlace-nilo\\\/#breadcrumb\",\"itemListElement\":[{\"@type\":\"ListItem\",\"position\":1,\"name\":\"Po\u010detna stranica\",\"item\":\"https:\\\/\\\/shop.radna-odjeca.com\\\/\"},{\"@type\":\"ListItem\",\"position\":2,\"name\":\"Trgovina\",\"item\":\"https:\\\/\\\/shop.radna-odjeca.com\\\/trgovina\\\/\"},{\"@type\":\"ListItem\",\"position\":3,\"name\":\"Radne hla\u010de NILO\"}]},{\"@type\":\"WebSite\",\"@id\":\"https:\\\/\\\/shop.radna-odjeca.com\\\/#website\",\"url\":\"https:\\\/\\\/shop.radna-odjeca.com\\\/\",\"name\":\"Jezerinac Webshop\",\"description\":\"RADNA ODJE\u0106A VISOKE KVALITETE\",\"publisher\":{\"@id\":\"https:\\\/\\\/shop.radna-odjeca.com\\\/#organization\"},\"potentialAction\":[{\"@type\":\"SearchAction\",\"target\":{\"@type\":\"EntryPoint\",\"urlTemplate\":\"https:\\\/\\\/shop.radna-odjeca.com\\\/?s={search_term_string}\"},\"query-input\":{\"@type\":\"PropertyValueSpecification\",\"valueRequired\":true,\"valueName\":\"search_term_string\"}}],\"inLanguage\":\"en-GB\"},{\"@type\":\"Organization\",\"@id\":\"https:\\\/\\\/shop.radna-odjeca.com\\\/#organization\",\"name\":\"JEZERINAC Radna odje\u0107a\",\"url\":\"https:\\\/\\\/shop.radna-odjeca.com\\\/\",\"logo\":{\"@type\":\"ImageObject\",\"inLanguage\":\"en-GB\",\"@id\":\"https:\\\/\\\/shop.radna-odjeca.com\\\/#\\\/schema\\\/logo\\\/image\\\/\",\"url\":\"https:\\\/\\\/shop.radna-odjeca.com\\\/wp-content\\\/uploads\\\/2020\\\/04\\\/logo.png\",\"contentUrl\":\"https:\\\/\\\/shop.radna-odjeca.com\\\/wp-content\\\/uploads\\\/2020\\\/04\\\/logo.png\",\"width\":254,\"height\":68,\"caption\":\"JEZERINAC Radna odje\u0107a\"},\"image\":{\"@id\":\"https:\\\/\\\/shop.radna-odjeca.com\\\/#\\\/schema\\\/logo\\\/image\\\/\"}}]}<\/script>\n<!-- \/ Yoast SEO plugin. -->","yoast_head_json":{"title":"Radne hla\u010de NILO - RADNA ODJE\u0106A","robots":{"index":"index","follow":"follow","max-snippet":"max-snippet:-1","max-image-preview":"max-image-preview:large","max-video-preview":"max-video-preview:-1"},"canonical":"https:\/\/shop.radna-odjeca.com\/en\/product\/radne-hlace-nilo\/","og_locale":"en_GB","og_type":"article","og_title":"Radne hla\u010de NILO - RADNA ODJE\u0106A","og_description":"Radne hla\u010de izra\u0111ene su od izdr\u017eljivog materijala koji osigurava dugotrajnost i pouzdanost u svakodnevnom radu  Ergonomski kroj omogu\u0107uje udobno no\u0161enje i slobodu pokreta tijekom cijelog dana.  Oja\u010dani dijelovi na izlo\u017eenim mjestima pove\u0107avaju otpornost na habanje  Hla\u010de su prilago\u0111ene razli\u010ditim radnim okru\u017eenjima i intenzivnoj upotrebi  Moderan i profesionalan izgled \u010dini ih prikladnima za razne djelatnosti.","og_url":"https:\/\/shop.radna-odjeca.com\/en\/product\/radne-hlace-nilo\/","og_site_name":"RADNA ODJE\u0106A","article_modified_time":"2026-02-09T11:14:05+00:00","og_image":[{"width":1160,"height":1380,"url":"https:\/\/shop.radna-odjeca.com\/wp-content\/uploads\/2026\/02\/nilohh.jpg","type":"image\/jpeg"}],"twitter_card":"summary_large_image","twitter_misc":{"Estimated reading time":"1 minute"},"schema":{"@context":"https:\/\/schema.org","@graph":[{"@type":"WebPage","@id":"https:\/\/shop.radna-odjeca.com\/product\/radne-hlace-nilo\/","url":"https:\/\/shop.radna-odjeca.com\/product\/radne-hlace-nilo\/","name":"Radne hla\u010de NILO - RADNA ODJE\u0106A","isPartOf":{"@id":"https:\/\/shop.radna-odjeca.com\/#website"},"primaryImageOfPage":{"@id":"https:\/\/shop.radna-odjeca.com\/product\/radne-hlace-nilo\/#primaryimage"},"image":{"@id":"https:\/\/shop.radna-odjeca.com\/product\/radne-hlace-nilo\/#primaryimage"},"thumbnailUrl":"https:\/\/shop.radna-odjeca.com\/wp-content\/uploads\/2026\/02\/nilohh.jpg","datePublished":"2026-02-09T11:00:21+00:00","dateModified":"2026-02-09T11:14:05+00:00","breadcrumb":{"@id":"https:\/\/shop.radna-odjeca.com\/product\/radne-hlace-nilo\/#breadcrumb"},"inLanguage":"en-GB","potentialAction":[{"@type":"ReadAction","target":["https:\/\/shop.radna-odjeca.com\/product\/radne-hlace-nilo\/"]}]},{"@type":"ImageObject","inLanguage":"en-GB","@id":"https:\/\/shop.radna-odjeca.com\/product\/radne-hlace-nilo\/#primaryimage","url":"https:\/\/shop.radna-odjeca.com\/wp-content\/uploads\/2026\/02\/nilohh.jpg","contentUrl":"https:\/\/shop.radna-odjeca.com\/wp-content\/uploads\/2026\/02\/nilohh.jpg","width":1160,"height":1380},{"@type":"BreadcrumbList","@id":"https:\/\/shop.radna-odjeca.com\/product\/radne-hlace-nilo\/#breadcrumb","itemListElement":[{"@type":"ListItem","position":1,"name":"Po\u010detna stranica","item":"https:\/\/shop.radna-odjeca.com\/"},{"@type":"ListItem","position":2,"name":"Trgovina","item":"https:\/\/shop.radna-odjeca.com\/trgovina\/"},{"@type":"ListItem","position":3,"name":"Radne hla\u010de NILO"}]},{"@type":"WebSite","@id":"https:\/\/shop.radna-odjeca.com\/#website","url":"https:\/\/shop.radna-odjeca.com\/","name":"Jezerinac Webshop","description":"RADNA ODJE\u0106A VISOKE KVALITETE","publisher":{"@id":"https:\/\/shop.radna-odjeca.com\/#organization"},"potentialAction":[{"@type":"SearchAction","target":{"@type":"EntryPoint","urlTemplate":"https:\/\/shop.radna-odjeca.com\/?s={search_term_string}"},"query-input":{"@type":"PropertyValueSpecification","valueRequired":true,"valueName":"search_term_string"}}],"inLanguage":"en-GB"},{"@type":"Organization","@id":"https:\/\/shop.radna-odjeca.com\/#organization","name":"JEZERINAC Radna odje\u0107a","url":"https:\/\/shop.radna-odjeca.com\/","logo":{"@type":"ImageObject","inLanguage":"en-GB","@id":"https:\/\/shop.radna-odjeca.com\/#\/schema\/logo\/image\/","url":"https:\/\/shop.radna-odjeca.com\/wp-content\/uploads\/2020\/04\/logo.png","contentUrl":"https:\/\/shop.radna-odjeca.com\/wp-content\/uploads\/2020\/04\/logo.png","width":254,"height":68,"caption":"JEZERINAC Radna odje\u0107a"},"image":{"@id":"https:\/\/shop.radna-odjeca.com\/#\/schema\/logo\/image\/"}}]}},"_links":{"self":[{"href":"https:\/\/shop.radna-odjeca.com\/en\/wp-json\/wp\/v2\/product\/9174","targetHints":{"allow":["GET"]}}],"collection":[{"href":"https:\/\/shop.radna-odjeca.com\/en\/wp-json\/wp\/v2\/product"}],"about":[{"href":"https:\/\/shop.radna-odjeca.com\/en\/wp-json\/wp\/v2\/types\/product"}],"wp:featuredmedia":[{"embeddable":true,"href":"https:\/\/shop.radna-odjeca.com\/en\/wp-json\/wp\/v2\/media\/9183"}],"wp:attachment":[{"href":"https:\/\/shop.radna-odjeca.com\/en\/wp-json\/wp\/v2\/media?parent=9174"}],"wp:term":[{"taxonomy":"product_brand","embeddable":true,"href":"https:\/\/shop.radna-odjeca.com\/en\/wp-json\/wp\/v2\/product_brand?post=9174"},{"taxonomy":"product_cat","embeddable":true,"href":"https:\/\/shop.radna-odjeca.com\/en\/wp-json\/wp\/v2\/product_cat?post=9174"},{"taxonomy":"product_tag","embeddable":true,"href":"https:\/\/shop.radna-odjeca.com\/en\/wp-json\/wp\/v2\/product_tag?post=9174"}],"curies":[{"name":"wp","href":"https:\/\/api.w.org\/{rel}","templated":true}]}}