{"id":9085,"date":"2026-02-03T13:43:03","date_gmt":"2026-02-03T13:43:03","guid":{"rendered":"https:\/\/shop.radna-odjeca.com\/?post_type=product&#038;p=9085"},"modified":"2026-02-05T12:52:32","modified_gmt":"2026-02-05T12:52:32","slug":"gastro-hlace-pepito-trinity","status":"publish","type":"product","link":"https:\/\/shop.radna-odjeca.com\/en\/product\/gastro-hlace-pepito-trinity\/","title":{"rendered":"Gastro hla\u010de pepito TRINITY"},"content":{"rendered":"<p>Sastav: <span dir=\"auto\">98% pamuk 2% elastin <\/span><span dir=\"auto\">\u2013 245 gr\/m2<\/span><\/p>\n<hr \/>\n<p>Patentirana MULTISIZE tehnologija &#8211; 3 veli\u010dine u 1<\/p>\n<p>I: 42\/44\/46<\/p>\n<p>II: 48\/50\/52<\/p>\n<p>III: 54\/56\/58<\/p>\n<hr \/>\n<ul>\n<li>otvaranje sa patentnim zatvara\u010dem i gumbima<\/li>\n<li>trake za remen<\/li>\n<li>prednji i stra\u017enji d\u017eepovi zatvoreni patentnim zatvara\u010dem<\/li>\n<li>patentni zatvara\u010di du\u017e bo\u010dnih strana za regulaciju veli\u010dine<\/li>\n<\/ul>","protected":false},"excerpt":{"rendered":"<ul>\n<li>Hla\u010de s patentiranom MULTISIZE tehnologijom (3 veli\u010dine u jednoj)<\/li>\n<li>Opremljene bo\u010dnim d\u017eepom i d\u017eepnim zatvara\u010dima za regulaciju \u0161irine, trakama za remen te sigurnosnim kop\u010danjem na patent i gumb<\/li>\n<li>Funkcionalan i udoban izbor za profesionalnu upotrebu<\/li>\n<\/ul>","protected":false},"featured_media":9086,"template":"","meta":[],"product_brand":[],"product_cat":[126],"product_tag":[],"class_list":{"0":"post-9085","1":"product","2":"type-product","3":"status-publish","4":"has-post-thumbnail","6":"product_cat-gastro-program","8":"first","9":"instock","10":"taxable","11":"shipping-taxable","12":"purchasable","13":"product-type-variable"},"yoast_head":"<!-- This site is optimized with the Yoast SEO plugin v27.5 - https:\/\/yoast.com\/product\/yoast-seo-wordpress\/ -->\n<title>Gastro hla\u010de pepito TRINITY - RADNA ODJE\u0106A<\/title>\n<meta name=\"robots\" content=\"index, follow, max-snippet:-1, max-image-preview:large, max-video-preview:-1\" \/>\n<link rel=\"canonical\" href=\"https:\/\/shop.radna-odjeca.com\/en\/product\/gastro-hlace-pepito-trinity\/\" \/>\n<meta property=\"og:locale\" content=\"en_GB\" \/>\n<meta property=\"og:type\" content=\"article\" \/>\n<meta property=\"og:title\" content=\"Gastro hla\u010de pepito TRINITY - RADNA ODJE\u0106A\" \/>\n<meta property=\"og:description\" content=\"Hla\u010de s patentiranom MULTISIZE tehnologijom (3 veli\u010dine u jednoj)  Opremljene bo\u010dnim d\u017eepom i d\u017eepnim zatvara\u010dima za regulaciju \u0161irine, trakama za remen te sigurnosnim kop\u010danjem na patent i gumb  Funkcionalan i udoban izbor za profesionalnu upotrebu\" \/>\n<meta property=\"og:url\" content=\"https:\/\/shop.radna-odjeca.com\/en\/product\/gastro-hlace-pepito-trinity\/\" \/>\n<meta property=\"og:site_name\" content=\"RADNA ODJE\u0106A\" \/>\n<meta property=\"article:modified_time\" content=\"2026-02-05T12:52:32+00:00\" \/>\n<meta property=\"og:image\" content=\"https:\/\/shop.radna-odjeca.com\/wp-content\/uploads\/2026\/02\/TRINITY-PEPITO.jpg\" \/>\n\t<meta property=\"og:image:width\" content=\"860\" \/>\n\t<meta property=\"og:image:height\" content=\"980\" \/>\n\t<meta property=\"og:image:type\" content=\"image\/jpeg\" \/>\n<meta name=\"twitter:card\" content=\"summary_large_image\" \/>\n<meta name=\"twitter:label1\" content=\"Estimated reading time\" \/>\n\t<meta name=\"twitter:data1\" content=\"1 minute\" \/>\n<script type=\"application\/ld+json\" class=\"yoast-schema-graph\">{\"@context\":\"https:\\\/\\\/schema.org\",\"@graph\":[{\"@type\":\"WebPage\",\"@id\":\"https:\\\/\\\/shop.radna-odjeca.com\\\/product\\\/gastro-hlace-pepito-trinity\\\/\",\"url\":\"https:\\\/\\\/shop.radna-odjeca.com\\\/product\\\/gastro-hlace-pepito-trinity\\\/\",\"name\":\"Gastro hla\u010de pepito TRINITY - RADNA ODJE\u0106A\",\"isPartOf\":{\"@id\":\"https:\\\/\\\/shop.radna-odjeca.com\\\/#website\"},\"primaryImageOfPage\":{\"@id\":\"https:\\\/\\\/shop.radna-odjeca.com\\\/product\\\/gastro-hlace-pepito-trinity\\\/#primaryimage\"},\"image\":{\"@id\":\"https:\\\/\\\/shop.radna-odjeca.com\\\/product\\\/gastro-hlace-pepito-trinity\\\/#primaryimage\"},\"thumbnailUrl\":\"https:\\\/\\\/shop.radna-odjeca.com\\\/wp-content\\\/uploads\\\/2026\\\/02\\\/TRINITY-PEPITO.jpg\",\"datePublished\":\"2026-02-03T13:43:03+00:00\",\"dateModified\":\"2026-02-05T12:52:32+00:00\",\"breadcrumb\":{\"@id\":\"https:\\\/\\\/shop.radna-odjeca.com\\\/product\\\/gastro-hlace-pepito-trinity\\\/#breadcrumb\"},\"inLanguage\":\"en-GB\",\"potentialAction\":[{\"@type\":\"ReadAction\",\"target\":[\"https:\\\/\\\/shop.radna-odjeca.com\\\/product\\\/gastro-hlace-pepito-trinity\\\/\"]}]},{\"@type\":\"ImageObject\",\"inLanguage\":\"en-GB\",\"@id\":\"https:\\\/\\\/shop.radna-odjeca.com\\\/product\\\/gastro-hlace-pepito-trinity\\\/#primaryimage\",\"url\":\"https:\\\/\\\/shop.radna-odjeca.com\\\/wp-content\\\/uploads\\\/2026\\\/02\\\/TRINITY-PEPITO.jpg\",\"contentUrl\":\"https:\\\/\\\/shop.radna-odjeca.com\\\/wp-content\\\/uploads\\\/2026\\\/02\\\/TRINITY-PEPITO.jpg\",\"width\":860,\"height\":980},{\"@type\":\"BreadcrumbList\",\"@id\":\"https:\\\/\\\/shop.radna-odjeca.com\\\/product\\\/gastro-hlace-pepito-trinity\\\/#breadcrumb\",\"itemListElement\":[{\"@type\":\"ListItem\",\"position\":1,\"name\":\"Po\u010detna stranica\",\"item\":\"https:\\\/\\\/shop.radna-odjeca.com\\\/\"},{\"@type\":\"ListItem\",\"position\":2,\"name\":\"Trgovina\",\"item\":\"https:\\\/\\\/shop.radna-odjeca.com\\\/trgovina\\\/\"},{\"@type\":\"ListItem\",\"position\":3,\"name\":\"Gastro hla\u010de pepito TRINITY\"}]},{\"@type\":\"WebSite\",\"@id\":\"https:\\\/\\\/shop.radna-odjeca.com\\\/#website\",\"url\":\"https:\\\/\\\/shop.radna-odjeca.com\\\/\",\"name\":\"Jezerinac Webshop\",\"description\":\"RADNA ODJE\u0106A VISOKE KVALITETE\",\"publisher\":{\"@id\":\"https:\\\/\\\/shop.radna-odjeca.com\\\/#organization\"},\"potentialAction\":[{\"@type\":\"SearchAction\",\"target\":{\"@type\":\"EntryPoint\",\"urlTemplate\":\"https:\\\/\\\/shop.radna-odjeca.com\\\/?s={search_term_string}\"},\"query-input\":{\"@type\":\"PropertyValueSpecification\",\"valueRequired\":true,\"valueName\":\"search_term_string\"}}],\"inLanguage\":\"en-GB\"},{\"@type\":\"Organization\",\"@id\":\"https:\\\/\\\/shop.radna-odjeca.com\\\/#organization\",\"name\":\"JEZERINAC Radna odje\u0107a\",\"url\":\"https:\\\/\\\/shop.radna-odjeca.com\\\/\",\"logo\":{\"@type\":\"ImageObject\",\"inLanguage\":\"en-GB\",\"@id\":\"https:\\\/\\\/shop.radna-odjeca.com\\\/#\\\/schema\\\/logo\\\/image\\\/\",\"url\":\"https:\\\/\\\/shop.radna-odjeca.com\\\/wp-content\\\/uploads\\\/2020\\\/04\\\/logo.png\",\"contentUrl\":\"https:\\\/\\\/shop.radna-odjeca.com\\\/wp-content\\\/uploads\\\/2020\\\/04\\\/logo.png\",\"width\":254,\"height\":68,\"caption\":\"JEZERINAC Radna odje\u0107a\"},\"image\":{\"@id\":\"https:\\\/\\\/shop.radna-odjeca.com\\\/#\\\/schema\\\/logo\\\/image\\\/\"}}]}<\/script>\n<!-- \/ Yoast SEO plugin. -->","yoast_head_json":{"title":"Gastro hla\u010de pepito TRINITY - RADNA ODJE\u0106A","robots":{"index":"index","follow":"follow","max-snippet":"max-snippet:-1","max-image-preview":"max-image-preview:large","max-video-preview":"max-video-preview:-1"},"canonical":"https:\/\/shop.radna-odjeca.com\/en\/product\/gastro-hlace-pepito-trinity\/","og_locale":"en_GB","og_type":"article","og_title":"Gastro hla\u010de pepito TRINITY - RADNA ODJE\u0106A","og_description":"Hla\u010de s patentiranom MULTISIZE tehnologijom (3 veli\u010dine u jednoj)  Opremljene bo\u010dnim d\u017eepom i d\u017eepnim zatvara\u010dima za regulaciju \u0161irine, trakama za remen te sigurnosnim kop\u010danjem na patent i gumb  Funkcionalan i udoban izbor za profesionalnu upotrebu","og_url":"https:\/\/shop.radna-odjeca.com\/en\/product\/gastro-hlace-pepito-trinity\/","og_site_name":"RADNA ODJE\u0106A","article_modified_time":"2026-02-05T12:52:32+00:00","og_image":[{"width":860,"height":980,"url":"https:\/\/shop.radna-odjeca.com\/wp-content\/uploads\/2026\/02\/TRINITY-PEPITO.jpg","type":"image\/jpeg"}],"twitter_card":"summary_large_image","twitter_misc":{"Estimated reading time":"1 minute"},"schema":{"@context":"https:\/\/schema.org","@graph":[{"@type":"WebPage","@id":"https:\/\/shop.radna-odjeca.com\/product\/gastro-hlace-pepito-trinity\/","url":"https:\/\/shop.radna-odjeca.com\/product\/gastro-hlace-pepito-trinity\/","name":"Gastro hla\u010de pepito TRINITY - RADNA ODJE\u0106A","isPartOf":{"@id":"https:\/\/shop.radna-odjeca.com\/#website"},"primaryImageOfPage":{"@id":"https:\/\/shop.radna-odjeca.com\/product\/gastro-hlace-pepito-trinity\/#primaryimage"},"image":{"@id":"https:\/\/shop.radna-odjeca.com\/product\/gastro-hlace-pepito-trinity\/#primaryimage"},"thumbnailUrl":"https:\/\/shop.radna-odjeca.com\/wp-content\/uploads\/2026\/02\/TRINITY-PEPITO.jpg","datePublished":"2026-02-03T13:43:03+00:00","dateModified":"2026-02-05T12:52:32+00:00","breadcrumb":{"@id":"https:\/\/shop.radna-odjeca.com\/product\/gastro-hlace-pepito-trinity\/#breadcrumb"},"inLanguage":"en-GB","potentialAction":[{"@type":"ReadAction","target":["https:\/\/shop.radna-odjeca.com\/product\/gastro-hlace-pepito-trinity\/"]}]},{"@type":"ImageObject","inLanguage":"en-GB","@id":"https:\/\/shop.radna-odjeca.com\/product\/gastro-hlace-pepito-trinity\/#primaryimage","url":"https:\/\/shop.radna-odjeca.com\/wp-content\/uploads\/2026\/02\/TRINITY-PEPITO.jpg","contentUrl":"https:\/\/shop.radna-odjeca.com\/wp-content\/uploads\/2026\/02\/TRINITY-PEPITO.jpg","width":860,"height":980},{"@type":"BreadcrumbList","@id":"https:\/\/shop.radna-odjeca.com\/product\/gastro-hlace-pepito-trinity\/#breadcrumb","itemListElement":[{"@type":"ListItem","position":1,"name":"Po\u010detna stranica","item":"https:\/\/shop.radna-odjeca.com\/"},{"@type":"ListItem","position":2,"name":"Trgovina","item":"https:\/\/shop.radna-odjeca.com\/trgovina\/"},{"@type":"ListItem","position":3,"name":"Gastro hla\u010de pepito TRINITY"}]},{"@type":"WebSite","@id":"https:\/\/shop.radna-odjeca.com\/#website","url":"https:\/\/shop.radna-odjeca.com\/","name":"Jezerinac Webshop","description":"RADNA ODJE\u0106A VISOKE KVALITETE","publisher":{"@id":"https:\/\/shop.radna-odjeca.com\/#organization"},"potentialAction":[{"@type":"SearchAction","target":{"@type":"EntryPoint","urlTemplate":"https:\/\/shop.radna-odjeca.com\/?s={search_term_string}"},"query-input":{"@type":"PropertyValueSpecification","valueRequired":true,"valueName":"search_term_string"}}],"inLanguage":"en-GB"},{"@type":"Organization","@id":"https:\/\/shop.radna-odjeca.com\/#organization","name":"JEZERINAC Radna odje\u0107a","url":"https:\/\/shop.radna-odjeca.com\/","logo":{"@type":"ImageObject","inLanguage":"en-GB","@id":"https:\/\/shop.radna-odjeca.com\/#\/schema\/logo\/image\/","url":"https:\/\/shop.radna-odjeca.com\/wp-content\/uploads\/2020\/04\/logo.png","contentUrl":"https:\/\/shop.radna-odjeca.com\/wp-content\/uploads\/2020\/04\/logo.png","width":254,"height":68,"caption":"JEZERINAC Radna odje\u0107a"},"image":{"@id":"https:\/\/shop.radna-odjeca.com\/#\/schema\/logo\/image\/"}}]}},"_links":{"self":[{"href":"https:\/\/shop.radna-odjeca.com\/en\/wp-json\/wp\/v2\/product\/9085","targetHints":{"allow":["GET"]}}],"collection":[{"href":"https:\/\/shop.radna-odjeca.com\/en\/wp-json\/wp\/v2\/product"}],"about":[{"href":"https:\/\/shop.radna-odjeca.com\/en\/wp-json\/wp\/v2\/types\/product"}],"wp:featuredmedia":[{"embeddable":true,"href":"https:\/\/shop.radna-odjeca.com\/en\/wp-json\/wp\/v2\/media\/9086"}],"wp:attachment":[{"href":"https:\/\/shop.radna-odjeca.com\/en\/wp-json\/wp\/v2\/media?parent=9085"}],"wp:term":[{"taxonomy":"product_brand","embeddable":true,"href":"https:\/\/shop.radna-odjeca.com\/en\/wp-json\/wp\/v2\/product_brand?post=9085"},{"taxonomy":"product_cat","embeddable":true,"href":"https:\/\/shop.radna-odjeca.com\/en\/wp-json\/wp\/v2\/product_cat?post=9085"},{"taxonomy":"product_tag","embeddable":true,"href":"https:\/\/shop.radna-odjeca.com\/en\/wp-json\/wp\/v2\/product_tag?post=9085"}],"curies":[{"name":"wp","href":"https:\/\/api.w.org\/{rel}","templated":true}]}}