{"id":9048,"date":"2026-02-03T09:07:52","date_gmt":"2026-02-03T09:07:52","guid":{"rendered":"https:\/\/shop.radna-odjeca.com\/?post_type=product&#038;p=9048"},"modified":"2026-02-05T13:51:20","modified_gmt":"2026-02-05T13:51:20","slug":"hlace-finder","status":"publish","type":"product","link":"https:\/\/shop.radna-odjeca.com\/en\/product\/hlace-finder\/","title":{"rendered":"Hla\u010de FINDER"},"content":{"rendered":"<p>Sastav: <span dir=\"auto\">92% poliamid 8% elastin <\/span><span dir=\"auto\">\u2013 240gr\/m2<\/span><\/p>\n<hr \/>\n<ul>\n<li>Rastezljive hla\u010de s umetcima od tkanine otporne na habanje<\/li>\n<li>Zatvaranje patentnim zatvara\u010dem i gumbima<\/li>\n<li>Lijevi d\u017eep s kontrastnim patentnim zatvara\u010dem<\/li>\n<li>Bo\u010dni d\u017eep s preklopom i drukerima<\/li>\n<li>Stra\u017enji d\u017eep zatvoren preklopom i kop\u010dama<\/li>\n<li>D\u017eep za ravnalo<\/li>\n<li>D\u017eep za \u010deki\u0107<\/li>\n<li>Reflektiraju\u0107i detalji<\/li>\n<\/ul>","protected":false},"excerpt":{"rendered":"<ul>\n<li>Dizajnirane za udobnost i funkcionalnost<\/li>\n<li>Dodatak elastina osigurava slobodu pokreta, dok prakti\u010dni d\u017eepovi osiguravaju no\u0161enje alata i sitnica<\/li>\n<li>Otporne na habanje<\/li>\n<li>Idealne za servisere i monta\u017eere raznih profila, planinarenje i slobodno vrijeme<\/li>\n<\/ul>","protected":false},"featured_media":9058,"template":"","meta":[],"product_brand":[],"product_cat":[63],"product_tag":[],"class_list":{"0":"post-9048","1":"product","2":"type-product","3":"status-publish","4":"has-post-thumbnail","6":"product_cat-radna-i-zastitna-odjeca-podkategorija","8":"first","9":"instock","10":"taxable","11":"shipping-taxable","12":"purchasable","13":"product-type-variable"},"yoast_head":"<!-- This site is optimized with the Yoast SEO plugin v27.5 - https:\/\/yoast.com\/product\/yoast-seo-wordpress\/ -->\n<title>Hla\u010de FINDER - RADNA ODJE\u0106A<\/title>\n<meta name=\"robots\" content=\"index, follow, max-snippet:-1, max-image-preview:large, max-video-preview:-1\" \/>\n<link rel=\"canonical\" href=\"https:\/\/shop.radna-odjeca.com\/en\/product\/hlace-finder\/\" \/>\n<meta property=\"og:locale\" content=\"en_GB\" \/>\n<meta property=\"og:type\" content=\"article\" \/>\n<meta property=\"og:title\" content=\"Hla\u010de FINDER - RADNA ODJE\u0106A\" \/>\n<meta property=\"og:description\" content=\"Dizajnirane za udobnost i funkcionalnost  Dodatak elastina osigurava slobodu pokreta, dok prakti\u010dni d\u017eepovi osiguravaju no\u0161enje alata i sitnica  Otporne na habanje  Idealne za servisere i monta\u017eere raznih profila, planinarenje i slobodno vrijeme\" \/>\n<meta property=\"og:url\" content=\"https:\/\/shop.radna-odjeca.com\/en\/product\/hlace-finder\/\" \/>\n<meta property=\"og:site_name\" content=\"RADNA ODJE\u0106A\" \/>\n<meta property=\"article:modified_time\" content=\"2026-02-05T13:51:20+00:00\" \/>\n<meta property=\"og:image\" content=\"https:\/\/shop.radna-odjeca.com\/wp-content\/uploads\/2026\/02\/finder-222.jpg\" \/>\n\t<meta property=\"og:image:width\" content=\"1460\" \/>\n\t<meta property=\"og:image:height\" content=\"1780\" \/>\n\t<meta property=\"og:image:type\" content=\"image\/jpeg\" \/>\n<meta name=\"twitter:card\" content=\"summary_large_image\" \/>\n<meta name=\"twitter:label1\" content=\"Estimated reading time\" \/>\n\t<meta name=\"twitter:data1\" content=\"1 minute\" \/>\n<script type=\"application\/ld+json\" class=\"yoast-schema-graph\">{\"@context\":\"https:\\\/\\\/schema.org\",\"@graph\":[{\"@type\":\"WebPage\",\"@id\":\"https:\\\/\\\/shop.radna-odjeca.com\\\/product\\\/hlace-finder\\\/\",\"url\":\"https:\\\/\\\/shop.radna-odjeca.com\\\/product\\\/hlace-finder\\\/\",\"name\":\"Hla\u010de FINDER - RADNA ODJE\u0106A\",\"isPartOf\":{\"@id\":\"https:\\\/\\\/shop.radna-odjeca.com\\\/#website\"},\"primaryImageOfPage\":{\"@id\":\"https:\\\/\\\/shop.radna-odjeca.com\\\/product\\\/hlace-finder\\\/#primaryimage\"},\"image\":{\"@id\":\"https:\\\/\\\/shop.radna-odjeca.com\\\/product\\\/hlace-finder\\\/#primaryimage\"},\"thumbnailUrl\":\"https:\\\/\\\/shop.radna-odjeca.com\\\/wp-content\\\/uploads\\\/2026\\\/02\\\/finder-222.jpg\",\"datePublished\":\"2026-02-03T09:07:52+00:00\",\"dateModified\":\"2026-02-05T13:51:20+00:00\",\"breadcrumb\":{\"@id\":\"https:\\\/\\\/shop.radna-odjeca.com\\\/product\\\/hlace-finder\\\/#breadcrumb\"},\"inLanguage\":\"en-GB\",\"potentialAction\":[{\"@type\":\"ReadAction\",\"target\":[\"https:\\\/\\\/shop.radna-odjeca.com\\\/product\\\/hlace-finder\\\/\"]}]},{\"@type\":\"ImageObject\",\"inLanguage\":\"en-GB\",\"@id\":\"https:\\\/\\\/shop.radna-odjeca.com\\\/product\\\/hlace-finder\\\/#primaryimage\",\"url\":\"https:\\\/\\\/shop.radna-odjeca.com\\\/wp-content\\\/uploads\\\/2026\\\/02\\\/finder-222.jpg\",\"contentUrl\":\"https:\\\/\\\/shop.radna-odjeca.com\\\/wp-content\\\/uploads\\\/2026\\\/02\\\/finder-222.jpg\",\"width\":1460,\"height\":1780},{\"@type\":\"BreadcrumbList\",\"@id\":\"https:\\\/\\\/shop.radna-odjeca.com\\\/product\\\/hlace-finder\\\/#breadcrumb\",\"itemListElement\":[{\"@type\":\"ListItem\",\"position\":1,\"name\":\"Po\u010detna stranica\",\"item\":\"https:\\\/\\\/shop.radna-odjeca.com\\\/\"},{\"@type\":\"ListItem\",\"position\":2,\"name\":\"Trgovina\",\"item\":\"https:\\\/\\\/shop.radna-odjeca.com\\\/trgovina\\\/\"},{\"@type\":\"ListItem\",\"position\":3,\"name\":\"Hla\u010de FINDER\"}]},{\"@type\":\"WebSite\",\"@id\":\"https:\\\/\\\/shop.radna-odjeca.com\\\/#website\",\"url\":\"https:\\\/\\\/shop.radna-odjeca.com\\\/\",\"name\":\"Jezerinac Webshop\",\"description\":\"RADNA ODJE\u0106A VISOKE KVALITETE\",\"publisher\":{\"@id\":\"https:\\\/\\\/shop.radna-odjeca.com\\\/#organization\"},\"potentialAction\":[{\"@type\":\"SearchAction\",\"target\":{\"@type\":\"EntryPoint\",\"urlTemplate\":\"https:\\\/\\\/shop.radna-odjeca.com\\\/?s={search_term_string}\"},\"query-input\":{\"@type\":\"PropertyValueSpecification\",\"valueRequired\":true,\"valueName\":\"search_term_string\"}}],\"inLanguage\":\"en-GB\"},{\"@type\":\"Organization\",\"@id\":\"https:\\\/\\\/shop.radna-odjeca.com\\\/#organization\",\"name\":\"JEZERINAC Radna odje\u0107a\",\"url\":\"https:\\\/\\\/shop.radna-odjeca.com\\\/\",\"logo\":{\"@type\":\"ImageObject\",\"inLanguage\":\"en-GB\",\"@id\":\"https:\\\/\\\/shop.radna-odjeca.com\\\/#\\\/schema\\\/logo\\\/image\\\/\",\"url\":\"https:\\\/\\\/shop.radna-odjeca.com\\\/wp-content\\\/uploads\\\/2020\\\/04\\\/logo.png\",\"contentUrl\":\"https:\\\/\\\/shop.radna-odjeca.com\\\/wp-content\\\/uploads\\\/2020\\\/04\\\/logo.png\",\"width\":254,\"height\":68,\"caption\":\"JEZERINAC Radna odje\u0107a\"},\"image\":{\"@id\":\"https:\\\/\\\/shop.radna-odjeca.com\\\/#\\\/schema\\\/logo\\\/image\\\/\"}}]}<\/script>\n<!-- \/ Yoast SEO plugin. -->","yoast_head_json":{"title":"Hla\u010de FINDER - RADNA ODJE\u0106A","robots":{"index":"index","follow":"follow","max-snippet":"max-snippet:-1","max-image-preview":"max-image-preview:large","max-video-preview":"max-video-preview:-1"},"canonical":"https:\/\/shop.radna-odjeca.com\/en\/product\/hlace-finder\/","og_locale":"en_GB","og_type":"article","og_title":"Hla\u010de FINDER - RADNA ODJE\u0106A","og_description":"Dizajnirane za udobnost i funkcionalnost  Dodatak elastina osigurava slobodu pokreta, dok prakti\u010dni d\u017eepovi osiguravaju no\u0161enje alata i sitnica  Otporne na habanje  Idealne za servisere i monta\u017eere raznih profila, planinarenje i slobodno vrijeme","og_url":"https:\/\/shop.radna-odjeca.com\/en\/product\/hlace-finder\/","og_site_name":"RADNA ODJE\u0106A","article_modified_time":"2026-02-05T13:51:20+00:00","og_image":[{"width":1460,"height":1780,"url":"https:\/\/shop.radna-odjeca.com\/wp-content\/uploads\/2026\/02\/finder-222.jpg","type":"image\/jpeg"}],"twitter_card":"summary_large_image","twitter_misc":{"Estimated reading time":"1 minute"},"schema":{"@context":"https:\/\/schema.org","@graph":[{"@type":"WebPage","@id":"https:\/\/shop.radna-odjeca.com\/product\/hlace-finder\/","url":"https:\/\/shop.radna-odjeca.com\/product\/hlace-finder\/","name":"Hla\u010de FINDER - RADNA ODJE\u0106A","isPartOf":{"@id":"https:\/\/shop.radna-odjeca.com\/#website"},"primaryImageOfPage":{"@id":"https:\/\/shop.radna-odjeca.com\/product\/hlace-finder\/#primaryimage"},"image":{"@id":"https:\/\/shop.radna-odjeca.com\/product\/hlace-finder\/#primaryimage"},"thumbnailUrl":"https:\/\/shop.radna-odjeca.com\/wp-content\/uploads\/2026\/02\/finder-222.jpg","datePublished":"2026-02-03T09:07:52+00:00","dateModified":"2026-02-05T13:51:20+00:00","breadcrumb":{"@id":"https:\/\/shop.radna-odjeca.com\/product\/hlace-finder\/#breadcrumb"},"inLanguage":"en-GB","potentialAction":[{"@type":"ReadAction","target":["https:\/\/shop.radna-odjeca.com\/product\/hlace-finder\/"]}]},{"@type":"ImageObject","inLanguage":"en-GB","@id":"https:\/\/shop.radna-odjeca.com\/product\/hlace-finder\/#primaryimage","url":"https:\/\/shop.radna-odjeca.com\/wp-content\/uploads\/2026\/02\/finder-222.jpg","contentUrl":"https:\/\/shop.radna-odjeca.com\/wp-content\/uploads\/2026\/02\/finder-222.jpg","width":1460,"height":1780},{"@type":"BreadcrumbList","@id":"https:\/\/shop.radna-odjeca.com\/product\/hlace-finder\/#breadcrumb","itemListElement":[{"@type":"ListItem","position":1,"name":"Po\u010detna stranica","item":"https:\/\/shop.radna-odjeca.com\/"},{"@type":"ListItem","position":2,"name":"Trgovina","item":"https:\/\/shop.radna-odjeca.com\/trgovina\/"},{"@type":"ListItem","position":3,"name":"Hla\u010de FINDER"}]},{"@type":"WebSite","@id":"https:\/\/shop.radna-odjeca.com\/#website","url":"https:\/\/shop.radna-odjeca.com\/","name":"Jezerinac Webshop","description":"RADNA ODJE\u0106A VISOKE KVALITETE","publisher":{"@id":"https:\/\/shop.radna-odjeca.com\/#organization"},"potentialAction":[{"@type":"SearchAction","target":{"@type":"EntryPoint","urlTemplate":"https:\/\/shop.radna-odjeca.com\/?s={search_term_string}"},"query-input":{"@type":"PropertyValueSpecification","valueRequired":true,"valueName":"search_term_string"}}],"inLanguage":"en-GB"},{"@type":"Organization","@id":"https:\/\/shop.radna-odjeca.com\/#organization","name":"JEZERINAC Radna odje\u0107a","url":"https:\/\/shop.radna-odjeca.com\/","logo":{"@type":"ImageObject","inLanguage":"en-GB","@id":"https:\/\/shop.radna-odjeca.com\/#\/schema\/logo\/image\/","url":"https:\/\/shop.radna-odjeca.com\/wp-content\/uploads\/2020\/04\/logo.png","contentUrl":"https:\/\/shop.radna-odjeca.com\/wp-content\/uploads\/2020\/04\/logo.png","width":254,"height":68,"caption":"JEZERINAC Radna odje\u0107a"},"image":{"@id":"https:\/\/shop.radna-odjeca.com\/#\/schema\/logo\/image\/"}}]}},"_links":{"self":[{"href":"https:\/\/shop.radna-odjeca.com\/en\/wp-json\/wp\/v2\/product\/9048","targetHints":{"allow":["GET"]}}],"collection":[{"href":"https:\/\/shop.radna-odjeca.com\/en\/wp-json\/wp\/v2\/product"}],"about":[{"href":"https:\/\/shop.radna-odjeca.com\/en\/wp-json\/wp\/v2\/types\/product"}],"wp:featuredmedia":[{"embeddable":true,"href":"https:\/\/shop.radna-odjeca.com\/en\/wp-json\/wp\/v2\/media\/9058"}],"wp:attachment":[{"href":"https:\/\/shop.radna-odjeca.com\/en\/wp-json\/wp\/v2\/media?parent=9048"}],"wp:term":[{"taxonomy":"product_brand","embeddable":true,"href":"https:\/\/shop.radna-odjeca.com\/en\/wp-json\/wp\/v2\/product_brand?post=9048"},{"taxonomy":"product_cat","embeddable":true,"href":"https:\/\/shop.radna-odjeca.com\/en\/wp-json\/wp\/v2\/product_cat?post=9048"},{"taxonomy":"product_tag","embeddable":true,"href":"https:\/\/shop.radna-odjeca.com\/en\/wp-json\/wp\/v2\/product_tag?post=9048"}],"curies":[{"name":"wp","href":"https:\/\/api.w.org\/{rel}","templated":true}]}}