{"id":9006,"date":"2026-01-30T09:23:44","date_gmt":"2026-01-30T09:23:44","guid":{"rendered":"https:\/\/shop.radna-odjeca.com\/?post_type=product&#038;p=9006"},"modified":"2026-02-04T08:32:40","modified_gmt":"2026-02-04T08:32:40","slug":"visoke-radne-cipele-sa-kapicom-ardeus-s3l-esd-2","status":"publish","type":"product","link":"https:\/\/shop.radna-odjeca.com\/en\/product\/visoke-radne-cipele-sa-kapicom-ardeus-s3l-esd-2\/","title":{"rendered":"Visoke radne cipele sa kapicom ARDEUS S3L ESD"},"content":{"rendered":"<p>Gornji\u0161te \u2013 vegan NUVYA SKINYUM\u2122 \u2013 moderno, lagano i izdr\u017eljivo vegansko gornji\u0161te \u2013 prozra\u010dno i otporno na habanje<\/p>\n<p>Podstava \u2013 AEROLYUM\u2122 \u2013 napredna podstava koja omogu\u0107uje maksimalnu udobnost i prozra\u010dnost<\/p>\n<p>Ulo\u017eak \u2013 SOFTYUM\u2122 3D \u2013 trodimenzionalni ulo\u017eak koji se prilago\u0111ava obliku stopala \u2013 izvrsna amortizacija i udobnost<\/p>\n<p>Kapica \u2013 kompozitni LIBERYUM\u2122<\/p>\n<p>Me\u0111upotplat \u2013 FLEXYUM\u2122 \u2013 fleksibilni sloj koji osigurava izvrsnu amortizaciju i udobnost<\/p>\n<p>potplat \u2013 GRIPPER PU.2D sa LEVITARYUM\u2122 tehnologijom \u2013 dvoslojna tabanica s elasti\u010dnim gornjim slojem i \u010drvstom bazom koja pru\u017ea optimalnu udobnost, stabilnost i amortizaciju stopala<\/p>\n<p>Veli\u010dina: 35 \u2013 48<\/p>\n<p>Norma: EN ISO 20345:2022 S3L FO SR, ESD u skladu s EN IEC 61340-4-3:2018<\/p>\n<p>Rok isporuke \u2013 na upit<\/p>","protected":false},"excerpt":{"rendered":"<ul>\n<li data-start=\"42\" data-end=\"393\">pru\u017eaju vrhunsku za\u0161titu i udobnost tijekom cijelog radnog dana<\/li>\n<li data-start=\"42\" data-end=\"393\">opremljene su S3L sigurnosnim standardom, ESD za\u0161titom i protukliznim potplatom, \u0161to ih \u010dini idealnima za industrijska, skladi\u0161na i tehni\u010dka okru\u017eenja<\/li>\n<li data-start=\"42\" data-end=\"393\">lagana konstrukcija i moderan dizajn osiguravaju sigurnost bez kompromisa na udobnost<\/li>\n<\/ul>","protected":false},"featured_media":9021,"template":"","meta":[],"product_brand":[],"product_cat":[72,110],"product_tag":[],"class_list":{"0":"post-9006","1":"product","2":"type-product","3":"status-publish","4":"has-post-thumbnail","6":"product_cat-radna-i-zastitna-obuca","7":"product_cat-radne-cipele","9":"first","10":"instock","11":"taxable","12":"shipping-taxable","13":"purchasable","14":"product-type-variable"},"yoast_head":"<!-- This site is optimized with the Yoast SEO plugin v27.5 - https:\/\/yoast.com\/product\/yoast-seo-wordpress\/ -->\n<title>Visoke radne cipele sa kapicom ARDEUS S3L ESD - RADNA ODJE\u0106A<\/title>\n<meta name=\"robots\" content=\"index, follow, max-snippet:-1, max-image-preview:large, max-video-preview:-1\" \/>\n<link rel=\"canonical\" href=\"https:\/\/shop.radna-odjeca.com\/en\/product\/visoke-radne-cipele-sa-kapicom-ardeus-s3l-esd-2\/\" \/>\n<meta property=\"og:locale\" content=\"en_GB\" \/>\n<meta property=\"og:type\" content=\"article\" \/>\n<meta property=\"og:title\" content=\"Visoke radne cipele sa kapicom ARDEUS S3L ESD - RADNA ODJE\u0106A\" \/>\n<meta property=\"og:description\" content=\"pru\u017eaju vrhunsku za\u0161titu i udobnost tijekom cijelog radnog dana  opremljene su S3L sigurnosnim standardom, ESD za\u0161titom i protukliznim potplatom, \u0161to ih \u010dini idealnima za industrijska, skladi\u0161na i tehni\u010dka okru\u017eenja  lagana konstrukcija i moderan dizajn osiguravaju sigurnost bez kompromisa na udobnost\" \/>\n<meta property=\"og:url\" content=\"https:\/\/shop.radna-odjeca.com\/en\/product\/visoke-radne-cipele-sa-kapicom-ardeus-s3l-esd-2\/\" \/>\n<meta property=\"og:site_name\" content=\"RADNA ODJE\u0106A\" \/>\n<meta property=\"article:modified_time\" content=\"2026-02-04T08:32:40+00:00\" \/>\n<meta property=\"og:image\" content=\"https:\/\/shop.radna-odjeca.com\/wp-content\/uploads\/2026\/01\/ARDEUS-350-611460-S3L-ESD.jpg\" \/>\n\t<meta property=\"og:image:width\" content=\"1024\" \/>\n\t<meta property=\"og:image:height\" content=\"559\" \/>\n\t<meta property=\"og:image:type\" content=\"image\/jpeg\" \/>\n<meta name=\"twitter:card\" content=\"summary_large_image\" \/>\n<meta name=\"twitter:label1\" content=\"Estimated reading time\" \/>\n\t<meta name=\"twitter:data1\" content=\"1 minute\" \/>\n<script type=\"application\/ld+json\" class=\"yoast-schema-graph\">{\"@context\":\"https:\\\/\\\/schema.org\",\"@graph\":[{\"@type\":\"WebPage\",\"@id\":\"https:\\\/\\\/shop.radna-odjeca.com\\\/product\\\/visoke-radne-cipele-sa-kapicom-ardeus-s3l-esd-2\\\/\",\"url\":\"https:\\\/\\\/shop.radna-odjeca.com\\\/product\\\/visoke-radne-cipele-sa-kapicom-ardeus-s3l-esd-2\\\/\",\"name\":\"Visoke radne cipele sa kapicom ARDEUS S3L ESD - RADNA ODJE\u0106A\",\"isPartOf\":{\"@id\":\"https:\\\/\\\/shop.radna-odjeca.com\\\/#website\"},\"primaryImageOfPage\":{\"@id\":\"https:\\\/\\\/shop.radna-odjeca.com\\\/product\\\/visoke-radne-cipele-sa-kapicom-ardeus-s3l-esd-2\\\/#primaryimage\"},\"image\":{\"@id\":\"https:\\\/\\\/shop.radna-odjeca.com\\\/product\\\/visoke-radne-cipele-sa-kapicom-ardeus-s3l-esd-2\\\/#primaryimage\"},\"thumbnailUrl\":\"https:\\\/\\\/shop.radna-odjeca.com\\\/wp-content\\\/uploads\\\/2026\\\/01\\\/ARDEUS-350-611460-S3L-ESD.jpg\",\"datePublished\":\"2026-01-30T09:23:44+00:00\",\"dateModified\":\"2026-02-04T08:32:40+00:00\",\"breadcrumb\":{\"@id\":\"https:\\\/\\\/shop.radna-odjeca.com\\\/product\\\/visoke-radne-cipele-sa-kapicom-ardeus-s3l-esd-2\\\/#breadcrumb\"},\"inLanguage\":\"en-GB\",\"potentialAction\":[{\"@type\":\"ReadAction\",\"target\":[\"https:\\\/\\\/shop.radna-odjeca.com\\\/product\\\/visoke-radne-cipele-sa-kapicom-ardeus-s3l-esd-2\\\/\"]}]},{\"@type\":\"ImageObject\",\"inLanguage\":\"en-GB\",\"@id\":\"https:\\\/\\\/shop.radna-odjeca.com\\\/product\\\/visoke-radne-cipele-sa-kapicom-ardeus-s3l-esd-2\\\/#primaryimage\",\"url\":\"https:\\\/\\\/shop.radna-odjeca.com\\\/wp-content\\\/uploads\\\/2026\\\/01\\\/ARDEUS-350-611460-S3L-ESD.jpg\",\"contentUrl\":\"https:\\\/\\\/shop.radna-odjeca.com\\\/wp-content\\\/uploads\\\/2026\\\/01\\\/ARDEUS-350-611460-S3L-ESD.jpg\",\"width\":1024,\"height\":559},{\"@type\":\"BreadcrumbList\",\"@id\":\"https:\\\/\\\/shop.radna-odjeca.com\\\/product\\\/visoke-radne-cipele-sa-kapicom-ardeus-s3l-esd-2\\\/#breadcrumb\",\"itemListElement\":[{\"@type\":\"ListItem\",\"position\":1,\"name\":\"Po\u010detna stranica\",\"item\":\"https:\\\/\\\/shop.radna-odjeca.com\\\/\"},{\"@type\":\"ListItem\",\"position\":2,\"name\":\"Trgovina\",\"item\":\"https:\\\/\\\/shop.radna-odjeca.com\\\/trgovina\\\/\"},{\"@type\":\"ListItem\",\"position\":3,\"name\":\"Visoke radne cipele sa kapicom ARDEUS S3L ESD\"}]},{\"@type\":\"WebSite\",\"@id\":\"https:\\\/\\\/shop.radna-odjeca.com\\\/#website\",\"url\":\"https:\\\/\\\/shop.radna-odjeca.com\\\/\",\"name\":\"Jezerinac Webshop\",\"description\":\"RADNA ODJE\u0106A VISOKE KVALITETE\",\"publisher\":{\"@id\":\"https:\\\/\\\/shop.radna-odjeca.com\\\/#organization\"},\"potentialAction\":[{\"@type\":\"SearchAction\",\"target\":{\"@type\":\"EntryPoint\",\"urlTemplate\":\"https:\\\/\\\/shop.radna-odjeca.com\\\/?s={search_term_string}\"},\"query-input\":{\"@type\":\"PropertyValueSpecification\",\"valueRequired\":true,\"valueName\":\"search_term_string\"}}],\"inLanguage\":\"en-GB\"},{\"@type\":\"Organization\",\"@id\":\"https:\\\/\\\/shop.radna-odjeca.com\\\/#organization\",\"name\":\"JEZERINAC Radna odje\u0107a\",\"url\":\"https:\\\/\\\/shop.radna-odjeca.com\\\/\",\"logo\":{\"@type\":\"ImageObject\",\"inLanguage\":\"en-GB\",\"@id\":\"https:\\\/\\\/shop.radna-odjeca.com\\\/#\\\/schema\\\/logo\\\/image\\\/\",\"url\":\"https:\\\/\\\/shop.radna-odjeca.com\\\/wp-content\\\/uploads\\\/2020\\\/04\\\/logo.png\",\"contentUrl\":\"https:\\\/\\\/shop.radna-odjeca.com\\\/wp-content\\\/uploads\\\/2020\\\/04\\\/logo.png\",\"width\":254,\"height\":68,\"caption\":\"JEZERINAC Radna odje\u0107a\"},\"image\":{\"@id\":\"https:\\\/\\\/shop.radna-odjeca.com\\\/#\\\/schema\\\/logo\\\/image\\\/\"}}]}<\/script>\n<!-- \/ Yoast SEO plugin. -->","yoast_head_json":{"title":"Visoke radne cipele sa kapicom ARDEUS S3L ESD - RADNA ODJE\u0106A","robots":{"index":"index","follow":"follow","max-snippet":"max-snippet:-1","max-image-preview":"max-image-preview:large","max-video-preview":"max-video-preview:-1"},"canonical":"https:\/\/shop.radna-odjeca.com\/en\/product\/visoke-radne-cipele-sa-kapicom-ardeus-s3l-esd-2\/","og_locale":"en_GB","og_type":"article","og_title":"Visoke radne cipele sa kapicom ARDEUS S3L ESD - RADNA ODJE\u0106A","og_description":"pru\u017eaju vrhunsku za\u0161titu i udobnost tijekom cijelog radnog dana  opremljene su S3L sigurnosnim standardom, ESD za\u0161titom i protukliznim potplatom, \u0161to ih \u010dini idealnima za industrijska, skladi\u0161na i tehni\u010dka okru\u017eenja  lagana konstrukcija i moderan dizajn osiguravaju sigurnost bez kompromisa na udobnost","og_url":"https:\/\/shop.radna-odjeca.com\/en\/product\/visoke-radne-cipele-sa-kapicom-ardeus-s3l-esd-2\/","og_site_name":"RADNA ODJE\u0106A","article_modified_time":"2026-02-04T08:32:40+00:00","og_image":[{"width":1024,"height":559,"url":"https:\/\/shop.radna-odjeca.com\/wp-content\/uploads\/2026\/01\/ARDEUS-350-611460-S3L-ESD.jpg","type":"image\/jpeg"}],"twitter_card":"summary_large_image","twitter_misc":{"Estimated reading time":"1 minute"},"schema":{"@context":"https:\/\/schema.org","@graph":[{"@type":"WebPage","@id":"https:\/\/shop.radna-odjeca.com\/product\/visoke-radne-cipele-sa-kapicom-ardeus-s3l-esd-2\/","url":"https:\/\/shop.radna-odjeca.com\/product\/visoke-radne-cipele-sa-kapicom-ardeus-s3l-esd-2\/","name":"Visoke radne cipele sa kapicom ARDEUS S3L ESD - RADNA ODJE\u0106A","isPartOf":{"@id":"https:\/\/shop.radna-odjeca.com\/#website"},"primaryImageOfPage":{"@id":"https:\/\/shop.radna-odjeca.com\/product\/visoke-radne-cipele-sa-kapicom-ardeus-s3l-esd-2\/#primaryimage"},"image":{"@id":"https:\/\/shop.radna-odjeca.com\/product\/visoke-radne-cipele-sa-kapicom-ardeus-s3l-esd-2\/#primaryimage"},"thumbnailUrl":"https:\/\/shop.radna-odjeca.com\/wp-content\/uploads\/2026\/01\/ARDEUS-350-611460-S3L-ESD.jpg","datePublished":"2026-01-30T09:23:44+00:00","dateModified":"2026-02-04T08:32:40+00:00","breadcrumb":{"@id":"https:\/\/shop.radna-odjeca.com\/product\/visoke-radne-cipele-sa-kapicom-ardeus-s3l-esd-2\/#breadcrumb"},"inLanguage":"en-GB","potentialAction":[{"@type":"ReadAction","target":["https:\/\/shop.radna-odjeca.com\/product\/visoke-radne-cipele-sa-kapicom-ardeus-s3l-esd-2\/"]}]},{"@type":"ImageObject","inLanguage":"en-GB","@id":"https:\/\/shop.radna-odjeca.com\/product\/visoke-radne-cipele-sa-kapicom-ardeus-s3l-esd-2\/#primaryimage","url":"https:\/\/shop.radna-odjeca.com\/wp-content\/uploads\/2026\/01\/ARDEUS-350-611460-S3L-ESD.jpg","contentUrl":"https:\/\/shop.radna-odjeca.com\/wp-content\/uploads\/2026\/01\/ARDEUS-350-611460-S3L-ESD.jpg","width":1024,"height":559},{"@type":"BreadcrumbList","@id":"https:\/\/shop.radna-odjeca.com\/product\/visoke-radne-cipele-sa-kapicom-ardeus-s3l-esd-2\/#breadcrumb","itemListElement":[{"@type":"ListItem","position":1,"name":"Po\u010detna stranica","item":"https:\/\/shop.radna-odjeca.com\/"},{"@type":"ListItem","position":2,"name":"Trgovina","item":"https:\/\/shop.radna-odjeca.com\/trgovina\/"},{"@type":"ListItem","position":3,"name":"Visoke radne cipele sa kapicom ARDEUS S3L ESD"}]},{"@type":"WebSite","@id":"https:\/\/shop.radna-odjeca.com\/#website","url":"https:\/\/shop.radna-odjeca.com\/","name":"Jezerinac Webshop","description":"RADNA ODJE\u0106A VISOKE KVALITETE","publisher":{"@id":"https:\/\/shop.radna-odjeca.com\/#organization"},"potentialAction":[{"@type":"SearchAction","target":{"@type":"EntryPoint","urlTemplate":"https:\/\/shop.radna-odjeca.com\/?s={search_term_string}"},"query-input":{"@type":"PropertyValueSpecification","valueRequired":true,"valueName":"search_term_string"}}],"inLanguage":"en-GB"},{"@type":"Organization","@id":"https:\/\/shop.radna-odjeca.com\/#organization","name":"JEZERINAC Radna odje\u0107a","url":"https:\/\/shop.radna-odjeca.com\/","logo":{"@type":"ImageObject","inLanguage":"en-GB","@id":"https:\/\/shop.radna-odjeca.com\/#\/schema\/logo\/image\/","url":"https:\/\/shop.radna-odjeca.com\/wp-content\/uploads\/2020\/04\/logo.png","contentUrl":"https:\/\/shop.radna-odjeca.com\/wp-content\/uploads\/2020\/04\/logo.png","width":254,"height":68,"caption":"JEZERINAC Radna odje\u0107a"},"image":{"@id":"https:\/\/shop.radna-odjeca.com\/#\/schema\/logo\/image\/"}}]}},"_links":{"self":[{"href":"https:\/\/shop.radna-odjeca.com\/en\/wp-json\/wp\/v2\/product\/9006","targetHints":{"allow":["GET"]}}],"collection":[{"href":"https:\/\/shop.radna-odjeca.com\/en\/wp-json\/wp\/v2\/product"}],"about":[{"href":"https:\/\/shop.radna-odjeca.com\/en\/wp-json\/wp\/v2\/types\/product"}],"wp:featuredmedia":[{"embeddable":true,"href":"https:\/\/shop.radna-odjeca.com\/en\/wp-json\/wp\/v2\/media\/9021"}],"wp:attachment":[{"href":"https:\/\/shop.radna-odjeca.com\/en\/wp-json\/wp\/v2\/media?parent=9006"}],"wp:term":[{"taxonomy":"product_brand","embeddable":true,"href":"https:\/\/shop.radna-odjeca.com\/en\/wp-json\/wp\/v2\/product_brand?post=9006"},{"taxonomy":"product_cat","embeddable":true,"href":"https:\/\/shop.radna-odjeca.com\/en\/wp-json\/wp\/v2\/product_cat?post=9006"},{"taxonomy":"product_tag","embeddable":true,"href":"https:\/\/shop.radna-odjeca.com\/en\/wp-json\/wp\/v2\/product_tag?post=9006"}],"curies":[{"name":"wp","href":"https:\/\/api.w.org\/{rel}","templated":true}]}}