{"id":8930,"date":"2026-01-29T12:34:57","date_gmt":"2026-01-29T12:34:57","guid":{"rendered":"https:\/\/shop.radna-odjeca.com\/?post_type=product&#038;p=8930"},"modified":"2026-02-04T09:02:28","modified_gmt":"2026-02-04T09:02:28","slug":"niske-radne-cipele-sa-kapicom-aryel-s3l-esd","status":"publish","type":"product","link":"https:\/\/shop.radna-odjeca.com\/en\/product\/niske-radne-cipele-sa-kapicom-aryel-s3l-esd\/","title":{"rendered":"Niske radne cipele sa kapicom ARYEL S3L"},"content":{"rendered":"<p>Gornji\u0161te &#8211; vegan DUVYA SKINYUM\u2122 &#8211; materijal otporan na vodu, habanje i mehani\u010dka o\u0161te\u0107enja<\/p>\n<p>Podstava \u2013 AEROLYUM\u2122 \u2013 napredna podstava koja omogu\u0107uje maksimalnu udobnost i prozra\u010dnost<\/p>\n<p>Ulo\u017eak \u2013 SOFTYUM\u2122 2D \u2013 napredna tehnologija ulo\u017eaka koja se koristi u radnoj i za\u0161titnoj obu\u0107i \u2013 izuzetna udobnost i mek osje\u0107aj pri svakom koraku<\/p>\n<p>Kapica &#8211; kompozitni LIBERYUM\u2122<\/p>\n<p>Me\u0111upotplat &#8211; FLEXYUM\u2122 &#8211; fleksibilni sloj koji osigurava izvrsnu amortizaciju i udobnost<\/p>\n<p>Potplat &#8211; LYFTOR\u2122 PU.2D sa LEVITARYUM\u2122 tehnologijom &#8211; apsorbira udarce, ravnomjerno raspore\u0111uje optere\u0107enje i smanjuje umor tijekom cijelog radnog dana<\/p>\n<p>Veli\u010dine: 35 \u2013 48<\/p>\n<p>Norma: EN ISO 20345:2022 S3L FO SR<\/p>\n<p>Rok isporuke &#8211; na upit<\/p>","protected":false},"excerpt":{"rendered":"<ul>\n<li>pru\u017eaju visoku razinu sigurnosti i udobnosti u zahtjevnim radnim uvjetima<\/li>\n<li>vodoodbojno vegan gornji\u0161te DUVYA SKINYUM\u2122 i S3L standard osiguravaju izdr\u017eljivost, stabilnost i pouzdanu za\u0161titu tijekom cijelog radnog dana<\/li>\n<\/ul>","protected":false},"featured_media":8948,"template":"","meta":[],"product_brand":[],"product_cat":[72,177],"product_tag":[],"class_list":{"0":"post-8930","1":"product","2":"type-product","3":"status-publish","4":"has-post-thumbnail","6":"product_cat-radna-i-zastitna-obuca","7":"product_cat-radne-cipele-niske","9":"first","10":"instock","11":"taxable","12":"shipping-taxable","13":"purchasable","14":"product-type-variable"},"yoast_head":"<!-- This site is optimized with the Yoast SEO plugin v27.5 - https:\/\/yoast.com\/product\/yoast-seo-wordpress\/ -->\n<title>Niske radne cipele sa kapicom ARYEL S3L - RADNA ODJE\u0106A<\/title>\n<meta name=\"robots\" content=\"index, follow, max-snippet:-1, max-image-preview:large, max-video-preview:-1\" \/>\n<link rel=\"canonical\" href=\"https:\/\/shop.radna-odjeca.com\/en\/product\/niske-radne-cipele-sa-kapicom-aryel-s3l-esd\/\" \/>\n<meta property=\"og:locale\" content=\"en_GB\" \/>\n<meta property=\"og:type\" content=\"article\" \/>\n<meta property=\"og:title\" content=\"Niske radne cipele sa kapicom ARYEL S3L - RADNA ODJE\u0106A\" \/>\n<meta property=\"og:description\" content=\"pru\u017eaju visoku razinu sigurnosti i udobnosti u zahtjevnim radnim uvjetima  vodoodbojno vegan gornji\u0161te DUVYA SKINYUM\u2122 i S3L standard osiguravaju izdr\u017eljivost, stabilnost i pouzdanu za\u0161titu tijekom cijelog radnog dana\" \/>\n<meta property=\"og:url\" content=\"https:\/\/shop.radna-odjeca.com\/en\/product\/niske-radne-cipele-sa-kapicom-aryel-s3l-esd\/\" \/>\n<meta property=\"og:site_name\" content=\"RADNA ODJE\u0106A\" \/>\n<meta property=\"article:modified_time\" content=\"2026-02-04T09:02:28+00:00\" \/>\n<meta property=\"og:image\" content=\"https:\/\/shop.radna-odjeca.com\/wp-content\/uploads\/2026\/01\/ARYEL-320-673560-S3Lll-scaled.jpg\" \/>\n\t<meta property=\"og:image:width\" content=\"2560\" \/>\n\t<meta property=\"og:image:height\" content=\"966\" \/>\n\t<meta property=\"og:image:type\" content=\"image\/jpeg\" \/>\n<meta name=\"twitter:card\" content=\"summary_large_image\" \/>\n<meta name=\"twitter:label1\" content=\"Estimated reading time\" \/>\n\t<meta name=\"twitter:data1\" content=\"1 minute\" \/>\n<script type=\"application\/ld+json\" class=\"yoast-schema-graph\">{\"@context\":\"https:\\\/\\\/schema.org\",\"@graph\":[{\"@type\":\"WebPage\",\"@id\":\"https:\\\/\\\/shop.radna-odjeca.com\\\/product\\\/niske-radne-cipele-sa-kapicom-aryel-s3l-esd\\\/\",\"url\":\"https:\\\/\\\/shop.radna-odjeca.com\\\/product\\\/niske-radne-cipele-sa-kapicom-aryel-s3l-esd\\\/\",\"name\":\"Niske radne cipele sa kapicom ARYEL S3L - RADNA ODJE\u0106A\",\"isPartOf\":{\"@id\":\"https:\\\/\\\/shop.radna-odjeca.com\\\/#website\"},\"primaryImageOfPage\":{\"@id\":\"https:\\\/\\\/shop.radna-odjeca.com\\\/product\\\/niske-radne-cipele-sa-kapicom-aryel-s3l-esd\\\/#primaryimage\"},\"image\":{\"@id\":\"https:\\\/\\\/shop.radna-odjeca.com\\\/product\\\/niske-radne-cipele-sa-kapicom-aryel-s3l-esd\\\/#primaryimage\"},\"thumbnailUrl\":\"https:\\\/\\\/shop.radna-odjeca.com\\\/wp-content\\\/uploads\\\/2026\\\/01\\\/ARYEL-320-673560-S3Lll-scaled.jpg\",\"datePublished\":\"2026-01-29T12:34:57+00:00\",\"dateModified\":\"2026-02-04T09:02:28+00:00\",\"breadcrumb\":{\"@id\":\"https:\\\/\\\/shop.radna-odjeca.com\\\/product\\\/niske-radne-cipele-sa-kapicom-aryel-s3l-esd\\\/#breadcrumb\"},\"inLanguage\":\"en-GB\",\"potentialAction\":[{\"@type\":\"ReadAction\",\"target\":[\"https:\\\/\\\/shop.radna-odjeca.com\\\/product\\\/niske-radne-cipele-sa-kapicom-aryel-s3l-esd\\\/\"]}]},{\"@type\":\"ImageObject\",\"inLanguage\":\"en-GB\",\"@id\":\"https:\\\/\\\/shop.radna-odjeca.com\\\/product\\\/niske-radne-cipele-sa-kapicom-aryel-s3l-esd\\\/#primaryimage\",\"url\":\"https:\\\/\\\/shop.radna-odjeca.com\\\/wp-content\\\/uploads\\\/2026\\\/01\\\/ARYEL-320-673560-S3Lll-scaled.jpg\",\"contentUrl\":\"https:\\\/\\\/shop.radna-odjeca.com\\\/wp-content\\\/uploads\\\/2026\\\/01\\\/ARYEL-320-673560-S3Lll-scaled.jpg\",\"width\":2560,\"height\":966},{\"@type\":\"BreadcrumbList\",\"@id\":\"https:\\\/\\\/shop.radna-odjeca.com\\\/product\\\/niske-radne-cipele-sa-kapicom-aryel-s3l-esd\\\/#breadcrumb\",\"itemListElement\":[{\"@type\":\"ListItem\",\"position\":1,\"name\":\"Po\u010detna stranica\",\"item\":\"https:\\\/\\\/shop.radna-odjeca.com\\\/\"},{\"@type\":\"ListItem\",\"position\":2,\"name\":\"Trgovina\",\"item\":\"https:\\\/\\\/shop.radna-odjeca.com\\\/trgovina\\\/\"},{\"@type\":\"ListItem\",\"position\":3,\"name\":\"Niske radne cipele sa kapicom ARYEL S3L\"}]},{\"@type\":\"WebSite\",\"@id\":\"https:\\\/\\\/shop.radna-odjeca.com\\\/#website\",\"url\":\"https:\\\/\\\/shop.radna-odjeca.com\\\/\",\"name\":\"Jezerinac Webshop\",\"description\":\"RADNA ODJE\u0106A VISOKE KVALITETE\",\"publisher\":{\"@id\":\"https:\\\/\\\/shop.radna-odjeca.com\\\/#organization\"},\"potentialAction\":[{\"@type\":\"SearchAction\",\"target\":{\"@type\":\"EntryPoint\",\"urlTemplate\":\"https:\\\/\\\/shop.radna-odjeca.com\\\/?s={search_term_string}\"},\"query-input\":{\"@type\":\"PropertyValueSpecification\",\"valueRequired\":true,\"valueName\":\"search_term_string\"}}],\"inLanguage\":\"en-GB\"},{\"@type\":\"Organization\",\"@id\":\"https:\\\/\\\/shop.radna-odjeca.com\\\/#organization\",\"name\":\"JEZERINAC Radna odje\u0107a\",\"url\":\"https:\\\/\\\/shop.radna-odjeca.com\\\/\",\"logo\":{\"@type\":\"ImageObject\",\"inLanguage\":\"en-GB\",\"@id\":\"https:\\\/\\\/shop.radna-odjeca.com\\\/#\\\/schema\\\/logo\\\/image\\\/\",\"url\":\"https:\\\/\\\/shop.radna-odjeca.com\\\/wp-content\\\/uploads\\\/2020\\\/04\\\/logo.png\",\"contentUrl\":\"https:\\\/\\\/shop.radna-odjeca.com\\\/wp-content\\\/uploads\\\/2020\\\/04\\\/logo.png\",\"width\":254,\"height\":68,\"caption\":\"JEZERINAC Radna odje\u0107a\"},\"image\":{\"@id\":\"https:\\\/\\\/shop.radna-odjeca.com\\\/#\\\/schema\\\/logo\\\/image\\\/\"}}]}<\/script>\n<!-- \/ Yoast SEO plugin. -->","yoast_head_json":{"title":"Niske radne cipele sa kapicom ARYEL S3L - RADNA ODJE\u0106A","robots":{"index":"index","follow":"follow","max-snippet":"max-snippet:-1","max-image-preview":"max-image-preview:large","max-video-preview":"max-video-preview:-1"},"canonical":"https:\/\/shop.radna-odjeca.com\/en\/product\/niske-radne-cipele-sa-kapicom-aryel-s3l-esd\/","og_locale":"en_GB","og_type":"article","og_title":"Niske radne cipele sa kapicom ARYEL S3L - RADNA ODJE\u0106A","og_description":"pru\u017eaju visoku razinu sigurnosti i udobnosti u zahtjevnim radnim uvjetima  vodoodbojno vegan gornji\u0161te DUVYA SKINYUM\u2122 i S3L standard osiguravaju izdr\u017eljivost, stabilnost i pouzdanu za\u0161titu tijekom cijelog radnog dana","og_url":"https:\/\/shop.radna-odjeca.com\/en\/product\/niske-radne-cipele-sa-kapicom-aryel-s3l-esd\/","og_site_name":"RADNA ODJE\u0106A","article_modified_time":"2026-02-04T09:02:28+00:00","og_image":[{"width":2560,"height":966,"url":"https:\/\/shop.radna-odjeca.com\/wp-content\/uploads\/2026\/01\/ARYEL-320-673560-S3Lll-scaled.jpg","type":"image\/jpeg"}],"twitter_card":"summary_large_image","twitter_misc":{"Estimated reading time":"1 minute"},"schema":{"@context":"https:\/\/schema.org","@graph":[{"@type":"WebPage","@id":"https:\/\/shop.radna-odjeca.com\/product\/niske-radne-cipele-sa-kapicom-aryel-s3l-esd\/","url":"https:\/\/shop.radna-odjeca.com\/product\/niske-radne-cipele-sa-kapicom-aryel-s3l-esd\/","name":"Niske radne cipele sa kapicom ARYEL S3L - RADNA ODJE\u0106A","isPartOf":{"@id":"https:\/\/shop.radna-odjeca.com\/#website"},"primaryImageOfPage":{"@id":"https:\/\/shop.radna-odjeca.com\/product\/niske-radne-cipele-sa-kapicom-aryel-s3l-esd\/#primaryimage"},"image":{"@id":"https:\/\/shop.radna-odjeca.com\/product\/niske-radne-cipele-sa-kapicom-aryel-s3l-esd\/#primaryimage"},"thumbnailUrl":"https:\/\/shop.radna-odjeca.com\/wp-content\/uploads\/2026\/01\/ARYEL-320-673560-S3Lll-scaled.jpg","datePublished":"2026-01-29T12:34:57+00:00","dateModified":"2026-02-04T09:02:28+00:00","breadcrumb":{"@id":"https:\/\/shop.radna-odjeca.com\/product\/niske-radne-cipele-sa-kapicom-aryel-s3l-esd\/#breadcrumb"},"inLanguage":"en-GB","potentialAction":[{"@type":"ReadAction","target":["https:\/\/shop.radna-odjeca.com\/product\/niske-radne-cipele-sa-kapicom-aryel-s3l-esd\/"]}]},{"@type":"ImageObject","inLanguage":"en-GB","@id":"https:\/\/shop.radna-odjeca.com\/product\/niske-radne-cipele-sa-kapicom-aryel-s3l-esd\/#primaryimage","url":"https:\/\/shop.radna-odjeca.com\/wp-content\/uploads\/2026\/01\/ARYEL-320-673560-S3Lll-scaled.jpg","contentUrl":"https:\/\/shop.radna-odjeca.com\/wp-content\/uploads\/2026\/01\/ARYEL-320-673560-S3Lll-scaled.jpg","width":2560,"height":966},{"@type":"BreadcrumbList","@id":"https:\/\/shop.radna-odjeca.com\/product\/niske-radne-cipele-sa-kapicom-aryel-s3l-esd\/#breadcrumb","itemListElement":[{"@type":"ListItem","position":1,"name":"Po\u010detna stranica","item":"https:\/\/shop.radna-odjeca.com\/"},{"@type":"ListItem","position":2,"name":"Trgovina","item":"https:\/\/shop.radna-odjeca.com\/trgovina\/"},{"@type":"ListItem","position":3,"name":"Niske radne cipele sa kapicom ARYEL S3L"}]},{"@type":"WebSite","@id":"https:\/\/shop.radna-odjeca.com\/#website","url":"https:\/\/shop.radna-odjeca.com\/","name":"Jezerinac Webshop","description":"RADNA ODJE\u0106A VISOKE KVALITETE","publisher":{"@id":"https:\/\/shop.radna-odjeca.com\/#organization"},"potentialAction":[{"@type":"SearchAction","target":{"@type":"EntryPoint","urlTemplate":"https:\/\/shop.radna-odjeca.com\/?s={search_term_string}"},"query-input":{"@type":"PropertyValueSpecification","valueRequired":true,"valueName":"search_term_string"}}],"inLanguage":"en-GB"},{"@type":"Organization","@id":"https:\/\/shop.radna-odjeca.com\/#organization","name":"JEZERINAC Radna odje\u0107a","url":"https:\/\/shop.radna-odjeca.com\/","logo":{"@type":"ImageObject","inLanguage":"en-GB","@id":"https:\/\/shop.radna-odjeca.com\/#\/schema\/logo\/image\/","url":"https:\/\/shop.radna-odjeca.com\/wp-content\/uploads\/2020\/04\/logo.png","contentUrl":"https:\/\/shop.radna-odjeca.com\/wp-content\/uploads\/2020\/04\/logo.png","width":254,"height":68,"caption":"JEZERINAC Radna odje\u0107a"},"image":{"@id":"https:\/\/shop.radna-odjeca.com\/#\/schema\/logo\/image\/"}}]}},"_links":{"self":[{"href":"https:\/\/shop.radna-odjeca.com\/en\/wp-json\/wp\/v2\/product\/8930","targetHints":{"allow":["GET"]}}],"collection":[{"href":"https:\/\/shop.radna-odjeca.com\/en\/wp-json\/wp\/v2\/product"}],"about":[{"href":"https:\/\/shop.radna-odjeca.com\/en\/wp-json\/wp\/v2\/types\/product"}],"wp:featuredmedia":[{"embeddable":true,"href":"https:\/\/shop.radna-odjeca.com\/en\/wp-json\/wp\/v2\/media\/8948"}],"wp:attachment":[{"href":"https:\/\/shop.radna-odjeca.com\/en\/wp-json\/wp\/v2\/media?parent=8930"}],"wp:term":[{"taxonomy":"product_brand","embeddable":true,"href":"https:\/\/shop.radna-odjeca.com\/en\/wp-json\/wp\/v2\/product_brand?post=8930"},{"taxonomy":"product_cat","embeddable":true,"href":"https:\/\/shop.radna-odjeca.com\/en\/wp-json\/wp\/v2\/product_cat?post=8930"},{"taxonomy":"product_tag","embeddable":true,"href":"https:\/\/shop.radna-odjeca.com\/en\/wp-json\/wp\/v2\/product_tag?post=8930"}],"curies":[{"name":"wp","href":"https:\/\/api.w.org\/{rel}","templated":true}]}}