{"id":8320,"date":"2025-04-07T12:43:44","date_gmt":"2025-04-07T12:43:44","guid":{"rendered":"https:\/\/shop.radna-odjeca.com\/?post_type=product&#038;p=8320"},"modified":"2025-08-19T06:46:15","modified_gmt":"2025-08-19T06:46:15","slug":"medicinska-tunika-summer","status":"publish","type":"product","link":"https:\/\/shop.radna-odjeca.com\/en\/product\/medicinska-tunika-summer\/","title":{"rendered":"Medicinska bluza Summer"},"content":{"rendered":"<p>Medicinska bluza kratkih rukava na V izrez.<\/p>\n<p>Sastav: 100% pamuk.<\/p>\n<p>Materijal: 190 g\/m2.<\/p>\n<p>Unisex model.<\/p>\n<p>Bluza ima jedan mali d\u017eep na prsima sa lijeve strane te dva donja prednja d\u017eepa.<\/p>","protected":false},"excerpt":{"rendered":"<p data-start=\"144\" data-end=\"436\">Mu\u0161ka bluza Summer izra\u0111ena je od laganog i prozra\u010dnog materijala, idealna za rad u toplijim uvjetima. Klasi\u010dan V-izrez, tri prakti\u010dna d\u017eepa i jednostavan kroj osiguravaju udobnost i funkcionalnost svakom medicinskom tehni\u010daru ili lije\u010dniku koji \u017eeli pouzdan odjevni predmet za svakodnevni rad.<\/p>","protected":false},"featured_media":8321,"template":"","meta":[],"product_brand":[],"product_cat":[127],"product_tag":[],"class_list":{"0":"post-8320","1":"product","2":"type-product","3":"status-publish","4":"has-post-thumbnail","6":"product_cat-medicinska-odjeca","8":"first","9":"instock","10":"taxable","11":"shipping-taxable","12":"purchasable","13":"product-type-variable","14":"has-default-attributes"},"yoast_head":"<!-- This site is optimized with the Yoast SEO plugin v27.4 - https:\/\/yoast.com\/product\/yoast-seo-wordpress\/ -->\n<title>Medicinska bluza Summer - RADNA ODJE\u0106A<\/title>\n<meta name=\"robots\" content=\"index, follow, max-snippet:-1, max-image-preview:large, max-video-preview:-1\" \/>\n<link rel=\"canonical\" href=\"https:\/\/shop.radna-odjeca.com\/en\/product\/medicinska-tunika-summer\/\" \/>\n<meta property=\"og:locale\" content=\"en_GB\" \/>\n<meta property=\"og:type\" content=\"article\" \/>\n<meta property=\"og:title\" content=\"Medicinska bluza Summer - RADNA ODJE\u0106A\" \/>\n<meta property=\"og:description\" content=\"Mu\u0161ka bluza Summer izra\u0111ena je od laganog i prozra\u010dnog materijala, idealna za rad u toplijim uvjetima. Klasi\u010dan V-izrez, tri prakti\u010dna d\u017eepa i jednostavan kroj osiguravaju udobnost i funkcionalnost svakom medicinskom tehni\u010daru ili lije\u010dniku koji \u017eeli pouzdan odjevni predmet za svakodnevni rad.\" \/>\n<meta property=\"og:url\" content=\"https:\/\/shop.radna-odjeca.com\/en\/product\/medicinska-tunika-summer\/\" \/>\n<meta property=\"og:site_name\" content=\"RADNA ODJE\u0106A\" \/>\n<meta property=\"article:modified_time\" content=\"2025-08-19T06:46:15+00:00\" \/>\n<meta property=\"og:image\" content=\"https:\/\/shop.radna-odjeca.com\/wp-content\/uploads\/2025\/04\/bluza-unisex-summer-bijela.jpg\" \/>\n\t<meta property=\"og:image:width\" content=\"860\" \/>\n\t<meta property=\"og:image:height\" content=\"980\" \/>\n\t<meta property=\"og:image:type\" content=\"image\/jpeg\" \/>\n<meta name=\"twitter:card\" content=\"summary_large_image\" \/>\n<meta name=\"twitter:label1\" content=\"Estimated reading time\" \/>\n\t<meta name=\"twitter:data1\" content=\"1 minute\" \/>\n<script type=\"application\/ld+json\" class=\"yoast-schema-graph\">{\"@context\":\"https:\\\/\\\/schema.org\",\"@graph\":[{\"@type\":\"WebPage\",\"@id\":\"https:\\\/\\\/shop.radna-odjeca.com\\\/product\\\/medicinska-tunika-summer\\\/\",\"url\":\"https:\\\/\\\/shop.radna-odjeca.com\\\/product\\\/medicinska-tunika-summer\\\/\",\"name\":\"Medicinska bluza Summer - RADNA ODJE\u0106A\",\"isPartOf\":{\"@id\":\"https:\\\/\\\/shop.radna-odjeca.com\\\/#website\"},\"primaryImageOfPage\":{\"@id\":\"https:\\\/\\\/shop.radna-odjeca.com\\\/product\\\/medicinska-tunika-summer\\\/#primaryimage\"},\"image\":{\"@id\":\"https:\\\/\\\/shop.radna-odjeca.com\\\/product\\\/medicinska-tunika-summer\\\/#primaryimage\"},\"thumbnailUrl\":\"https:\\\/\\\/shop.radna-odjeca.com\\\/wp-content\\\/uploads\\\/2025\\\/04\\\/bluza-unisex-summer-bijela.jpg\",\"datePublished\":\"2025-04-07T12:43:44+00:00\",\"dateModified\":\"2025-08-19T06:46:15+00:00\",\"breadcrumb\":{\"@id\":\"https:\\\/\\\/shop.radna-odjeca.com\\\/product\\\/medicinska-tunika-summer\\\/#breadcrumb\"},\"inLanguage\":\"en-GB\",\"potentialAction\":[{\"@type\":\"ReadAction\",\"target\":[\"https:\\\/\\\/shop.radna-odjeca.com\\\/product\\\/medicinska-tunika-summer\\\/\"]}]},{\"@type\":\"ImageObject\",\"inLanguage\":\"en-GB\",\"@id\":\"https:\\\/\\\/shop.radna-odjeca.com\\\/product\\\/medicinska-tunika-summer\\\/#primaryimage\",\"url\":\"https:\\\/\\\/shop.radna-odjeca.com\\\/wp-content\\\/uploads\\\/2025\\\/04\\\/bluza-unisex-summer-bijela.jpg\",\"contentUrl\":\"https:\\\/\\\/shop.radna-odjeca.com\\\/wp-content\\\/uploads\\\/2025\\\/04\\\/bluza-unisex-summer-bijela.jpg\",\"width\":860,\"height\":980},{\"@type\":\"BreadcrumbList\",\"@id\":\"https:\\\/\\\/shop.radna-odjeca.com\\\/product\\\/medicinska-tunika-summer\\\/#breadcrumb\",\"itemListElement\":[{\"@type\":\"ListItem\",\"position\":1,\"name\":\"Po\u010detna stranica\",\"item\":\"https:\\\/\\\/shop.radna-odjeca.com\\\/\"},{\"@type\":\"ListItem\",\"position\":2,\"name\":\"Trgovina\",\"item\":\"https:\\\/\\\/shop.radna-odjeca.com\\\/trgovina\\\/\"},{\"@type\":\"ListItem\",\"position\":3,\"name\":\"Medicinska bluza Summer\"}]},{\"@type\":\"WebSite\",\"@id\":\"https:\\\/\\\/shop.radna-odjeca.com\\\/#website\",\"url\":\"https:\\\/\\\/shop.radna-odjeca.com\\\/\",\"name\":\"Jezerinac Webshop\",\"description\":\"RADNA ODJE\u0106A VISOKE KVALITETE\",\"publisher\":{\"@id\":\"https:\\\/\\\/shop.radna-odjeca.com\\\/#organization\"},\"potentialAction\":[{\"@type\":\"SearchAction\",\"target\":{\"@type\":\"EntryPoint\",\"urlTemplate\":\"https:\\\/\\\/shop.radna-odjeca.com\\\/?s={search_term_string}\"},\"query-input\":{\"@type\":\"PropertyValueSpecification\",\"valueRequired\":true,\"valueName\":\"search_term_string\"}}],\"inLanguage\":\"en-GB\"},{\"@type\":\"Organization\",\"@id\":\"https:\\\/\\\/shop.radna-odjeca.com\\\/#organization\",\"name\":\"JEZERINAC Radna odje\u0107a\",\"url\":\"https:\\\/\\\/shop.radna-odjeca.com\\\/\",\"logo\":{\"@type\":\"ImageObject\",\"inLanguage\":\"en-GB\",\"@id\":\"https:\\\/\\\/shop.radna-odjeca.com\\\/#\\\/schema\\\/logo\\\/image\\\/\",\"url\":\"https:\\\/\\\/shop.radna-odjeca.com\\\/wp-content\\\/uploads\\\/2020\\\/04\\\/logo.png\",\"contentUrl\":\"https:\\\/\\\/shop.radna-odjeca.com\\\/wp-content\\\/uploads\\\/2020\\\/04\\\/logo.png\",\"width\":254,\"height\":68,\"caption\":\"JEZERINAC Radna odje\u0107a\"},\"image\":{\"@id\":\"https:\\\/\\\/shop.radna-odjeca.com\\\/#\\\/schema\\\/logo\\\/image\\\/\"}}]}<\/script>\n<!-- \/ Yoast SEO plugin. -->","yoast_head_json":{"title":"Medicinska bluza Summer - RADNA ODJE\u0106A","robots":{"index":"index","follow":"follow","max-snippet":"max-snippet:-1","max-image-preview":"max-image-preview:large","max-video-preview":"max-video-preview:-1"},"canonical":"https:\/\/shop.radna-odjeca.com\/en\/product\/medicinska-tunika-summer\/","og_locale":"en_GB","og_type":"article","og_title":"Medicinska bluza Summer - RADNA ODJE\u0106A","og_description":"Mu\u0161ka bluza Summer izra\u0111ena je od laganog i prozra\u010dnog materijala, idealna za rad u toplijim uvjetima. Klasi\u010dan V-izrez, tri prakti\u010dna d\u017eepa i jednostavan kroj osiguravaju udobnost i funkcionalnost svakom medicinskom tehni\u010daru ili lije\u010dniku koji \u017eeli pouzdan odjevni predmet za svakodnevni rad.","og_url":"https:\/\/shop.radna-odjeca.com\/en\/product\/medicinska-tunika-summer\/","og_site_name":"RADNA ODJE\u0106A","article_modified_time":"2025-08-19T06:46:15+00:00","og_image":[{"width":860,"height":980,"url":"https:\/\/shop.radna-odjeca.com\/wp-content\/uploads\/2025\/04\/bluza-unisex-summer-bijela.jpg","type":"image\/jpeg"}],"twitter_card":"summary_large_image","twitter_misc":{"Estimated reading time":"1 minute"},"schema":{"@context":"https:\/\/schema.org","@graph":[{"@type":"WebPage","@id":"https:\/\/shop.radna-odjeca.com\/product\/medicinska-tunika-summer\/","url":"https:\/\/shop.radna-odjeca.com\/product\/medicinska-tunika-summer\/","name":"Medicinska bluza Summer - RADNA ODJE\u0106A","isPartOf":{"@id":"https:\/\/shop.radna-odjeca.com\/#website"},"primaryImageOfPage":{"@id":"https:\/\/shop.radna-odjeca.com\/product\/medicinska-tunika-summer\/#primaryimage"},"image":{"@id":"https:\/\/shop.radna-odjeca.com\/product\/medicinska-tunika-summer\/#primaryimage"},"thumbnailUrl":"https:\/\/shop.radna-odjeca.com\/wp-content\/uploads\/2025\/04\/bluza-unisex-summer-bijela.jpg","datePublished":"2025-04-07T12:43:44+00:00","dateModified":"2025-08-19T06:46:15+00:00","breadcrumb":{"@id":"https:\/\/shop.radna-odjeca.com\/product\/medicinska-tunika-summer\/#breadcrumb"},"inLanguage":"en-GB","potentialAction":[{"@type":"ReadAction","target":["https:\/\/shop.radna-odjeca.com\/product\/medicinska-tunika-summer\/"]}]},{"@type":"ImageObject","inLanguage":"en-GB","@id":"https:\/\/shop.radna-odjeca.com\/product\/medicinska-tunika-summer\/#primaryimage","url":"https:\/\/shop.radna-odjeca.com\/wp-content\/uploads\/2025\/04\/bluza-unisex-summer-bijela.jpg","contentUrl":"https:\/\/shop.radna-odjeca.com\/wp-content\/uploads\/2025\/04\/bluza-unisex-summer-bijela.jpg","width":860,"height":980},{"@type":"BreadcrumbList","@id":"https:\/\/shop.radna-odjeca.com\/product\/medicinska-tunika-summer\/#breadcrumb","itemListElement":[{"@type":"ListItem","position":1,"name":"Po\u010detna stranica","item":"https:\/\/shop.radna-odjeca.com\/"},{"@type":"ListItem","position":2,"name":"Trgovina","item":"https:\/\/shop.radna-odjeca.com\/trgovina\/"},{"@type":"ListItem","position":3,"name":"Medicinska bluza Summer"}]},{"@type":"WebSite","@id":"https:\/\/shop.radna-odjeca.com\/#website","url":"https:\/\/shop.radna-odjeca.com\/","name":"Jezerinac Webshop","description":"RADNA ODJE\u0106A VISOKE KVALITETE","publisher":{"@id":"https:\/\/shop.radna-odjeca.com\/#organization"},"potentialAction":[{"@type":"SearchAction","target":{"@type":"EntryPoint","urlTemplate":"https:\/\/shop.radna-odjeca.com\/?s={search_term_string}"},"query-input":{"@type":"PropertyValueSpecification","valueRequired":true,"valueName":"search_term_string"}}],"inLanguage":"en-GB"},{"@type":"Organization","@id":"https:\/\/shop.radna-odjeca.com\/#organization","name":"JEZERINAC Radna odje\u0107a","url":"https:\/\/shop.radna-odjeca.com\/","logo":{"@type":"ImageObject","inLanguage":"en-GB","@id":"https:\/\/shop.radna-odjeca.com\/#\/schema\/logo\/image\/","url":"https:\/\/shop.radna-odjeca.com\/wp-content\/uploads\/2020\/04\/logo.png","contentUrl":"https:\/\/shop.radna-odjeca.com\/wp-content\/uploads\/2020\/04\/logo.png","width":254,"height":68,"caption":"JEZERINAC Radna odje\u0107a"},"image":{"@id":"https:\/\/shop.radna-odjeca.com\/#\/schema\/logo\/image\/"}}]}},"_links":{"self":[{"href":"https:\/\/shop.radna-odjeca.com\/en\/wp-json\/wp\/v2\/product\/8320","targetHints":{"allow":["GET"]}}],"collection":[{"href":"https:\/\/shop.radna-odjeca.com\/en\/wp-json\/wp\/v2\/product"}],"about":[{"href":"https:\/\/shop.radna-odjeca.com\/en\/wp-json\/wp\/v2\/types\/product"}],"wp:featuredmedia":[{"embeddable":true,"href":"https:\/\/shop.radna-odjeca.com\/en\/wp-json\/wp\/v2\/media\/8321"}],"wp:attachment":[{"href":"https:\/\/shop.radna-odjeca.com\/en\/wp-json\/wp\/v2\/media?parent=8320"}],"wp:term":[{"taxonomy":"product_brand","embeddable":true,"href":"https:\/\/shop.radna-odjeca.com\/en\/wp-json\/wp\/v2\/product_brand?post=8320"},{"taxonomy":"product_cat","embeddable":true,"href":"https:\/\/shop.radna-odjeca.com\/en\/wp-json\/wp\/v2\/product_cat?post=8320"},{"taxonomy":"product_tag","embeddable":true,"href":"https:\/\/shop.radna-odjeca.com\/en\/wp-json\/wp\/v2\/product_tag?post=8320"}],"curies":[{"name":"wp","href":"https:\/\/api.w.org\/{rel}","templated":true}]}}