{"id":8294,"date":"2025-03-03T09:27:21","date_gmt":"2025-03-03T09:27:21","guid":{"rendered":"https:\/\/shop.radna-odjeca.com\/?post_type=product&#038;p=8294"},"modified":"2025-09-04T12:23:19","modified_gmt":"2025-09-04T12:23:19","slug":"strojni-vez-logotipa","status":"publish","type":"product","link":"https:\/\/shop.radna-odjeca.com\/en\/product\/strojni-vez-logotipa\/","title":{"rendered":"Strojni vez logotipa"},"content":{"rendered":"<h1 class=\"product_title entry-title\">Strojni vez logotipa<\/h1>\n<p><img loading=\"lazy\" decoding=\"async\" class=\"wp-image-8295 size-medium alignright\" src=\"https:\/\/shop.radna-odjeca.com\/wp-content\/uploads\/2025\/03\/Screenshot_20250303_094637_Photos-e1741001235686-240x300.jpg\" alt=\"\" width=\"240\" height=\"300\" srcset=\"https:\/\/shop.radna-odjeca.com\/wp-content\/uploads\/2025\/03\/Screenshot_20250303_094637_Photos-e1741001235686-240x300.jpg 240w, https:\/\/shop.radna-odjeca.com\/wp-content\/uploads\/2025\/03\/Screenshot_20250303_094637_Photos-e1741001235686.jpg 502w\" sizes=\"auto, (max-width: 240px) 100vw, 240px\" \/><\/p>\n<div class=\"woocommerce-product-details__short-description\"><\/div>\n<p>Strojno vezenje-\u0161tik je tehnika kojom Va\u0161 logotip, tekst, sliku ili motiv koncem u\u0161ijemo u odjevni predmet.<\/p>\n<div class=\"woocommerce-product-details__short-description\">\n<p>Personalizacija radne odje\u0107e i promotivnih tekstilnih artikala strojnim vezom, \u0161tikom, ima dugi vijek trajanja i postojanosti boje te je jedan od najatraktivnijih na\u010dina reklamiranja Va\u0161e firme.<\/p>\n<p>U vlastitom pogonu izra\u0111ujemo razne ambleme i oznake za vatrogasce i organizacije te \u0161tikamo na radnu odje\u0107u, kape, jakne, majice i ostale tekstilne predmete za firme raznih profila.<\/p>\n<\/div>","protected":false},"excerpt":{"rendered":"<p>Strojno vezenje-\u0161tik je tehnika kojom Va\u0161 logotip, tekst, sliku ili motiv koncem u\u0161ijemo u odjevni predmet.<\/p>\n<p>Personalizacija radne odje\u0107e i promotivnih tekstilnih artikala strojnim vezom, \u0161tikom, ima dugi vijek trajanja i postojanosti boje te je jedan od najatraktivnijih na\u010dina reklamiranja Va\u0161e firme.<\/p>\n<p>U vlastitom pogonu izra\u0111ujemo razne ambleme i oznake za vatrogasce i organizacije te \u0161tikamo na radnu odje\u0107u, kape, jakne, majice i ostale tekstilne predmete za firme raznih profila.<\/p>\n<p>&nbsp;<\/p>","protected":false},"featured_media":8670,"template":"","meta":[],"product_brand":[],"product_cat":[71,126,241,64,109,159,157,161,15,158,63],"product_tag":[],"class_list":{"0":"post-8294","1":"product","2":"type-product","3":"status-publish","4":"has-post-thumbnail","6":"product_cat-brendiranje","7":"product_cat-gastro-program","8":"product_cat-jakne","9":"product_cat-kape-i-sesiri","10":"product_cat-majice","11":"product_cat-majice-dugi-rukav","12":"product_cat-majice-kratki-rukav","13":"product_cat-odjeca-za-slobodno-vrijeme","14":"product_cat-ostalo","15":"product_cat-polo-majice","16":"product_cat-radna-i-zastitna-odjeca-podkategorija","18":"first","19":"instock","20":"taxable","21":"shipping-taxable","22":"product-type-simple"},"yoast_head":"<!-- This site is optimized with the Yoast SEO plugin v27.4 - https:\/\/yoast.com\/product\/yoast-seo-wordpress\/ -->\n<title>Strojni vez logotipa - RADNA ODJE\u0106A<\/title>\n<meta name=\"description\" content=\"vez-vezenje-\u0161tikanje-amblemi-logo-logotip-vezenje na radnu odje\u0107u-vezenje na kape-vezenje na radna odijela-\u0161tikanje na radnu odje\u0107u-majice-jakne-hudice-flis\" \/>\n<meta name=\"robots\" content=\"index, follow, max-snippet:-1, max-image-preview:large, max-video-preview:-1\" \/>\n<link rel=\"canonical\" href=\"https:\/\/shop.radna-odjeca.com\/en\/product\/strojni-vez-logotipa\/\" \/>\n<meta property=\"og:locale\" content=\"en_GB\" \/>\n<meta property=\"og:type\" content=\"article\" \/>\n<meta property=\"og:title\" content=\"Strojni vez logotipa - RADNA ODJE\u0106A\" \/>\n<meta property=\"og:description\" content=\"vez-vezenje-\u0161tikanje-amblemi-logo-logotip-vezenje na radnu odje\u0107u-vezenje na kape-vezenje na radna odijela-\u0161tikanje na radnu odje\u0107u-majice-jakne-hudice-flis\" \/>\n<meta property=\"og:url\" content=\"https:\/\/shop.radna-odjeca.com\/en\/product\/strojni-vez-logotipa\/\" \/>\n<meta property=\"og:site_name\" content=\"RADNA ODJE\u0106A\" \/>\n<meta property=\"article:modified_time\" content=\"2025-09-04T12:23:19+00:00\" \/>\n<meta property=\"og:image\" content=\"https:\/\/shop.radna-odjeca.com\/wp-content\/uploads\/2025\/03\/IMG_00437-scaled.jpg\" \/>\n\t<meta property=\"og:image:width\" content=\"2228\" \/>\n\t<meta property=\"og:image:height\" content=\"2560\" \/>\n\t<meta property=\"og:image:type\" content=\"image\/jpeg\" \/>\n<meta name=\"twitter:card\" content=\"summary_large_image\" \/>\n<meta name=\"twitter:label1\" content=\"Estimated reading time\" \/>\n\t<meta name=\"twitter:data1\" content=\"1 minute\" \/>\n<script type=\"application\/ld+json\" class=\"yoast-schema-graph\">{\"@context\":\"https:\\\/\\\/schema.org\",\"@graph\":[{\"@type\":\"WebPage\",\"@id\":\"https:\\\/\\\/shop.radna-odjeca.com\\\/product\\\/strojni-vez-logotipa\\\/\",\"url\":\"https:\\\/\\\/shop.radna-odjeca.com\\\/product\\\/strojni-vez-logotipa\\\/\",\"name\":\"Strojni vez logotipa - RADNA ODJE\u0106A\",\"isPartOf\":{\"@id\":\"https:\\\/\\\/shop.radna-odjeca.com\\\/#website\"},\"primaryImageOfPage\":{\"@id\":\"https:\\\/\\\/shop.radna-odjeca.com\\\/product\\\/strojni-vez-logotipa\\\/#primaryimage\"},\"image\":{\"@id\":\"https:\\\/\\\/shop.radna-odjeca.com\\\/product\\\/strojni-vez-logotipa\\\/#primaryimage\"},\"thumbnailUrl\":\"https:\\\/\\\/shop.radna-odjeca.com\\\/wp-content\\\/uploads\\\/2025\\\/03\\\/IMG_00437-scaled.jpg\",\"datePublished\":\"2025-03-03T09:27:21+00:00\",\"dateModified\":\"2025-09-04T12:23:19+00:00\",\"description\":\"vez-vezenje-\u0161tikanje-amblemi-logo-logotip-vezenje na radnu odje\u0107u-vezenje na kape-vezenje na radna odijela-\u0161tikanje na radnu odje\u0107u-majice-jakne-hudice-flis\",\"breadcrumb\":{\"@id\":\"https:\\\/\\\/shop.radna-odjeca.com\\\/product\\\/strojni-vez-logotipa\\\/#breadcrumb\"},\"inLanguage\":\"en-GB\",\"potentialAction\":[{\"@type\":\"ReadAction\",\"target\":[\"https:\\\/\\\/shop.radna-odjeca.com\\\/product\\\/strojni-vez-logotipa\\\/\"]}]},{\"@type\":\"ImageObject\",\"inLanguage\":\"en-GB\",\"@id\":\"https:\\\/\\\/shop.radna-odjeca.com\\\/product\\\/strojni-vez-logotipa\\\/#primaryimage\",\"url\":\"https:\\\/\\\/shop.radna-odjeca.com\\\/wp-content\\\/uploads\\\/2025\\\/03\\\/IMG_00437-scaled.jpg\",\"contentUrl\":\"https:\\\/\\\/shop.radna-odjeca.com\\\/wp-content\\\/uploads\\\/2025\\\/03\\\/IMG_00437-scaled.jpg\",\"width\":2228,\"height\":2560},{\"@type\":\"BreadcrumbList\",\"@id\":\"https:\\\/\\\/shop.radna-odjeca.com\\\/product\\\/strojni-vez-logotipa\\\/#breadcrumb\",\"itemListElement\":[{\"@type\":\"ListItem\",\"position\":1,\"name\":\"Po\u010detna stranica\",\"item\":\"https:\\\/\\\/shop.radna-odjeca.com\\\/\"},{\"@type\":\"ListItem\",\"position\":2,\"name\":\"Trgovina\",\"item\":\"https:\\\/\\\/shop.radna-odjeca.com\\\/trgovina\\\/\"},{\"@type\":\"ListItem\",\"position\":3,\"name\":\"Strojni vez logotipa\"}]},{\"@type\":\"WebSite\",\"@id\":\"https:\\\/\\\/shop.radna-odjeca.com\\\/#website\",\"url\":\"https:\\\/\\\/shop.radna-odjeca.com\\\/\",\"name\":\"Jezerinac Webshop\",\"description\":\"RADNA ODJE\u0106A VISOKE KVALITETE\",\"publisher\":{\"@id\":\"https:\\\/\\\/shop.radna-odjeca.com\\\/#organization\"},\"potentialAction\":[{\"@type\":\"SearchAction\",\"target\":{\"@type\":\"EntryPoint\",\"urlTemplate\":\"https:\\\/\\\/shop.radna-odjeca.com\\\/?s={search_term_string}\"},\"query-input\":{\"@type\":\"PropertyValueSpecification\",\"valueRequired\":true,\"valueName\":\"search_term_string\"}}],\"inLanguage\":\"en-GB\"},{\"@type\":\"Organization\",\"@id\":\"https:\\\/\\\/shop.radna-odjeca.com\\\/#organization\",\"name\":\"JEZERINAC Radna odje\u0107a\",\"url\":\"https:\\\/\\\/shop.radna-odjeca.com\\\/\",\"logo\":{\"@type\":\"ImageObject\",\"inLanguage\":\"en-GB\",\"@id\":\"https:\\\/\\\/shop.radna-odjeca.com\\\/#\\\/schema\\\/logo\\\/image\\\/\",\"url\":\"https:\\\/\\\/shop.radna-odjeca.com\\\/wp-content\\\/uploads\\\/2020\\\/04\\\/logo.png\",\"contentUrl\":\"https:\\\/\\\/shop.radna-odjeca.com\\\/wp-content\\\/uploads\\\/2020\\\/04\\\/logo.png\",\"width\":254,\"height\":68,\"caption\":\"JEZERINAC Radna odje\u0107a\"},\"image\":{\"@id\":\"https:\\\/\\\/shop.radna-odjeca.com\\\/#\\\/schema\\\/logo\\\/image\\\/\"}}]}<\/script>\n<!-- \/ Yoast SEO plugin. -->","yoast_head_json":{"title":"Strojni vez logotipa - RADNA ODJE\u0106A","description":"vez-vezenje-\u0161tikanje-amblemi-logo-logotip-vezenje na radnu odje\u0107u-vezenje na kape-vezenje na radna odijela-\u0161tikanje na radnu odje\u0107u-majice-jakne-hudice-flis","robots":{"index":"index","follow":"follow","max-snippet":"max-snippet:-1","max-image-preview":"max-image-preview:large","max-video-preview":"max-video-preview:-1"},"canonical":"https:\/\/shop.radna-odjeca.com\/en\/product\/strojni-vez-logotipa\/","og_locale":"en_GB","og_type":"article","og_title":"Strojni vez logotipa - RADNA ODJE\u0106A","og_description":"vez-vezenje-\u0161tikanje-amblemi-logo-logotip-vezenje na radnu odje\u0107u-vezenje na kape-vezenje na radna odijela-\u0161tikanje na radnu odje\u0107u-majice-jakne-hudice-flis","og_url":"https:\/\/shop.radna-odjeca.com\/en\/product\/strojni-vez-logotipa\/","og_site_name":"RADNA ODJE\u0106A","article_modified_time":"2025-09-04T12:23:19+00:00","og_image":[{"width":2228,"height":2560,"url":"https:\/\/shop.radna-odjeca.com\/wp-content\/uploads\/2025\/03\/IMG_00437-scaled.jpg","type":"image\/jpeg"}],"twitter_card":"summary_large_image","twitter_misc":{"Estimated reading time":"1 minute"},"schema":{"@context":"https:\/\/schema.org","@graph":[{"@type":"WebPage","@id":"https:\/\/shop.radna-odjeca.com\/product\/strojni-vez-logotipa\/","url":"https:\/\/shop.radna-odjeca.com\/product\/strojni-vez-logotipa\/","name":"Strojni vez logotipa - RADNA ODJE\u0106A","isPartOf":{"@id":"https:\/\/shop.radna-odjeca.com\/#website"},"primaryImageOfPage":{"@id":"https:\/\/shop.radna-odjeca.com\/product\/strojni-vez-logotipa\/#primaryimage"},"image":{"@id":"https:\/\/shop.radna-odjeca.com\/product\/strojni-vez-logotipa\/#primaryimage"},"thumbnailUrl":"https:\/\/shop.radna-odjeca.com\/wp-content\/uploads\/2025\/03\/IMG_00437-scaled.jpg","datePublished":"2025-03-03T09:27:21+00:00","dateModified":"2025-09-04T12:23:19+00:00","description":"vez-vezenje-\u0161tikanje-amblemi-logo-logotip-vezenje na radnu odje\u0107u-vezenje na kape-vezenje na radna odijela-\u0161tikanje na radnu odje\u0107u-majice-jakne-hudice-flis","breadcrumb":{"@id":"https:\/\/shop.radna-odjeca.com\/product\/strojni-vez-logotipa\/#breadcrumb"},"inLanguage":"en-GB","potentialAction":[{"@type":"ReadAction","target":["https:\/\/shop.radna-odjeca.com\/product\/strojni-vez-logotipa\/"]}]},{"@type":"ImageObject","inLanguage":"en-GB","@id":"https:\/\/shop.radna-odjeca.com\/product\/strojni-vez-logotipa\/#primaryimage","url":"https:\/\/shop.radna-odjeca.com\/wp-content\/uploads\/2025\/03\/IMG_00437-scaled.jpg","contentUrl":"https:\/\/shop.radna-odjeca.com\/wp-content\/uploads\/2025\/03\/IMG_00437-scaled.jpg","width":2228,"height":2560},{"@type":"BreadcrumbList","@id":"https:\/\/shop.radna-odjeca.com\/product\/strojni-vez-logotipa\/#breadcrumb","itemListElement":[{"@type":"ListItem","position":1,"name":"Po\u010detna stranica","item":"https:\/\/shop.radna-odjeca.com\/"},{"@type":"ListItem","position":2,"name":"Trgovina","item":"https:\/\/shop.radna-odjeca.com\/trgovina\/"},{"@type":"ListItem","position":3,"name":"Strojni vez logotipa"}]},{"@type":"WebSite","@id":"https:\/\/shop.radna-odjeca.com\/#website","url":"https:\/\/shop.radna-odjeca.com\/","name":"Jezerinac Webshop","description":"RADNA ODJE\u0106A VISOKE KVALITETE","publisher":{"@id":"https:\/\/shop.radna-odjeca.com\/#organization"},"potentialAction":[{"@type":"SearchAction","target":{"@type":"EntryPoint","urlTemplate":"https:\/\/shop.radna-odjeca.com\/?s={search_term_string}"},"query-input":{"@type":"PropertyValueSpecification","valueRequired":true,"valueName":"search_term_string"}}],"inLanguage":"en-GB"},{"@type":"Organization","@id":"https:\/\/shop.radna-odjeca.com\/#organization","name":"JEZERINAC Radna odje\u0107a","url":"https:\/\/shop.radna-odjeca.com\/","logo":{"@type":"ImageObject","inLanguage":"en-GB","@id":"https:\/\/shop.radna-odjeca.com\/#\/schema\/logo\/image\/","url":"https:\/\/shop.radna-odjeca.com\/wp-content\/uploads\/2020\/04\/logo.png","contentUrl":"https:\/\/shop.radna-odjeca.com\/wp-content\/uploads\/2020\/04\/logo.png","width":254,"height":68,"caption":"JEZERINAC Radna odje\u0107a"},"image":{"@id":"https:\/\/shop.radna-odjeca.com\/#\/schema\/logo\/image\/"}}]}},"_links":{"self":[{"href":"https:\/\/shop.radna-odjeca.com\/en\/wp-json\/wp\/v2\/product\/8294","targetHints":{"allow":["GET"]}}],"collection":[{"href":"https:\/\/shop.radna-odjeca.com\/en\/wp-json\/wp\/v2\/product"}],"about":[{"href":"https:\/\/shop.radna-odjeca.com\/en\/wp-json\/wp\/v2\/types\/product"}],"wp:featuredmedia":[{"embeddable":true,"href":"https:\/\/shop.radna-odjeca.com\/en\/wp-json\/wp\/v2\/media\/8670"}],"wp:attachment":[{"href":"https:\/\/shop.radna-odjeca.com\/en\/wp-json\/wp\/v2\/media?parent=8294"}],"wp:term":[{"taxonomy":"product_brand","embeddable":true,"href":"https:\/\/shop.radna-odjeca.com\/en\/wp-json\/wp\/v2\/product_brand?post=8294"},{"taxonomy":"product_cat","embeddable":true,"href":"https:\/\/shop.radna-odjeca.com\/en\/wp-json\/wp\/v2\/product_cat?post=8294"},{"taxonomy":"product_tag","embeddable":true,"href":"https:\/\/shop.radna-odjeca.com\/en\/wp-json\/wp\/v2\/product_tag?post=8294"}],"curies":[{"name":"wp","href":"https:\/\/api.w.org\/{rel}","templated":true}]}}