{"id":8240,"date":"2025-02-26T12:54:47","date_gmt":"2025-02-26T12:54:47","guid":{"rendered":"https:\/\/shop.radna-odjeca.com\/?post_type=product&#038;p=8240"},"modified":"2026-02-04T07:58:49","modified_gmt":"2026-02-04T07:58:49","slug":"majica-flis-michael","status":"publish","type":"product","link":"https:\/\/shop.radna-odjeca.com\/en\/product\/majica-flis-michael\/","title":{"rendered":"Majica flis Michael"},"content":{"rendered":"<p>Materijal: 100% poliester flis, 280 g\/m2<\/p>\n<p>Mu\u0161ka flis vesta visoke kvalitete i udobnosti.<\/p>\n<p>Zahvaljuju\u0107i poliesterskom materijalu velike te\u017eine,\u00a0 stvara u\u010dinkovit izolacijski sloj, \u010dine\u0107i je laganom, ali istovremeno izrazito toplom za prijelazna godi\u0161nja razdoblja.<br \/>\nSportski slim fit kroj koji pristaje svakoj figuri, a ravni \u0161avovi zajedno s mekim materijalom omogu\u0107uju slobodno kretanje bez nelagode.<\/p>\n<p>Dostupna u vi\u0161e boja.<\/p>\n<p>Veli\u010dine: S &#8211; 4XL<\/p>","protected":false},"excerpt":{"rendered":"<p>Prakti\u010dna i udobna flis majica dizajnirana je za radne uvjete u kojima je va\u017ena toplina, udobnost i sloboda kretanja. Lagani, ali izdr\u017eljivi flis materijal pru\u017ea ugodan osje\u0107aj i dobru toplinsku za\u0161titu, \u0161to ovu vestu \u010dini odli\u010dnim izborom za slojevito no\u0161enje ili kao samostalan komad u prijelaznim razdobljima. Zahvaljuju\u0107i jednostavnom kroju i rastezljivosti materijala, omogu\u0107uje nesmetano kretanje tijekom razli\u010ditih zadataka, dok njezina meko\u0107a doprinosi cjelodnevnoj udobnosti u svakom radnom okru\u017eenju. Prakti\u010dni d\u017eepovi dodatno pove\u0107avaju funkcionalnost, omogu\u0107uju\u0107i vam da najpotrebnije sitnice uvijek imate pri ruci.<\/p>","protected":false},"featured_media":8241,"template":"","meta":[],"product_brand":[],"product_cat":[159,161],"product_tag":[],"class_list":{"0":"post-8240","1":"product","2":"type-product","3":"status-publish","4":"has-post-thumbnail","6":"product_cat-majice-dugi-rukav","7":"product_cat-odjeca-za-slobodno-vrijeme","9":"first","10":"instock","11":"taxable","12":"shipping-taxable","13":"purchasable","14":"product-type-variable","15":"has-default-attributes"},"yoast_head":"<!-- This site is optimized with the Yoast SEO plugin v27.4 - https:\/\/yoast.com\/product\/yoast-seo-wordpress\/ -->\n<title>Majica flis Michael - RADNA ODJE\u0106A<\/title>\n<meta name=\"robots\" content=\"index, follow, max-snippet:-1, max-image-preview:large, max-video-preview:-1\" \/>\n<link rel=\"canonical\" href=\"https:\/\/shop.radna-odjeca.com\/en\/product\/majica-flis-michael\/\" \/>\n<meta property=\"og:locale\" content=\"en_GB\" \/>\n<meta property=\"og:type\" content=\"article\" \/>\n<meta property=\"og:title\" content=\"Majica flis Michael - RADNA ODJE\u0106A\" \/>\n<meta property=\"og:description\" content=\"Prakti\u010dna i udobna flis majica dizajnirana je za radne uvjete u kojima je va\u017ena toplina, udobnost i sloboda kretanja. Lagani, ali izdr\u017eljivi flis materijal pru\u017ea ugodan osje\u0107aj i dobru toplinsku za\u0161titu, \u0161to ovu vestu \u010dini odli\u010dnim izborom za slojevito no\u0161enje ili kao samostalan komad u prijelaznim razdobljima. Zahvaljuju\u0107i jednostavnom kroju i rastezljivosti materijala, omogu\u0107uje nesmetano kretanje tijekom razli\u010ditih zadataka, dok njezina meko\u0107a doprinosi cjelodnevnoj udobnosti u svakom radnom okru\u017eenju. Prakti\u010dni d\u017eepovi dodatno pove\u0107avaju funkcionalnost, omogu\u0107uju\u0107i vam da najpotrebnije sitnice uvijek imate pri ruci.\" \/>\n<meta property=\"og:url\" content=\"https:\/\/shop.radna-odjeca.com\/en\/product\/majica-flis-michael\/\" \/>\n<meta property=\"og:site_name\" content=\"RADNA ODJE\u0106A\" \/>\n<meta property=\"article:modified_time\" content=\"2026-02-04T07:58:49+00:00\" \/>\n<meta property=\"og:image\" content=\"https:\/\/shop.radna-odjeca.com\/wp-content\/uploads\/2025\/02\/michael-siva.jpg\" \/>\n\t<meta property=\"og:image:width\" content=\"1280\" \/>\n\t<meta property=\"og:image:height\" content=\"1049\" \/>\n\t<meta property=\"og:image:type\" content=\"image\/jpeg\" \/>\n<meta name=\"twitter:card\" content=\"summary_large_image\" \/>\n<meta name=\"twitter:label1\" content=\"Estimated reading time\" \/>\n\t<meta name=\"twitter:data1\" content=\"1 minute\" \/>\n<script type=\"application\/ld+json\" class=\"yoast-schema-graph\">{\"@context\":\"https:\\\/\\\/schema.org\",\"@graph\":[{\"@type\":\"WebPage\",\"@id\":\"https:\\\/\\\/shop.radna-odjeca.com\\\/product\\\/majica-flis-michael\\\/\",\"url\":\"https:\\\/\\\/shop.radna-odjeca.com\\\/product\\\/majica-flis-michael\\\/\",\"name\":\"Majica flis Michael - RADNA ODJE\u0106A\",\"isPartOf\":{\"@id\":\"https:\\\/\\\/shop.radna-odjeca.com\\\/#website\"},\"primaryImageOfPage\":{\"@id\":\"https:\\\/\\\/shop.radna-odjeca.com\\\/product\\\/majica-flis-michael\\\/#primaryimage\"},\"image\":{\"@id\":\"https:\\\/\\\/shop.radna-odjeca.com\\\/product\\\/majica-flis-michael\\\/#primaryimage\"},\"thumbnailUrl\":\"https:\\\/\\\/shop.radna-odjeca.com\\\/wp-content\\\/uploads\\\/2025\\\/02\\\/michael-siva.jpg\",\"datePublished\":\"2025-02-26T12:54:47+00:00\",\"dateModified\":\"2026-02-04T07:58:49+00:00\",\"breadcrumb\":{\"@id\":\"https:\\\/\\\/shop.radna-odjeca.com\\\/product\\\/majica-flis-michael\\\/#breadcrumb\"},\"inLanguage\":\"en-GB\",\"potentialAction\":[{\"@type\":\"ReadAction\",\"target\":[\"https:\\\/\\\/shop.radna-odjeca.com\\\/product\\\/majica-flis-michael\\\/\"]}]},{\"@type\":\"ImageObject\",\"inLanguage\":\"en-GB\",\"@id\":\"https:\\\/\\\/shop.radna-odjeca.com\\\/product\\\/majica-flis-michael\\\/#primaryimage\",\"url\":\"https:\\\/\\\/shop.radna-odjeca.com\\\/wp-content\\\/uploads\\\/2025\\\/02\\\/michael-siva.jpg\",\"contentUrl\":\"https:\\\/\\\/shop.radna-odjeca.com\\\/wp-content\\\/uploads\\\/2025\\\/02\\\/michael-siva.jpg\",\"width\":1280,\"height\":1049},{\"@type\":\"BreadcrumbList\",\"@id\":\"https:\\\/\\\/shop.radna-odjeca.com\\\/product\\\/majica-flis-michael\\\/#breadcrumb\",\"itemListElement\":[{\"@type\":\"ListItem\",\"position\":1,\"name\":\"Po\u010detna stranica\",\"item\":\"https:\\\/\\\/shop.radna-odjeca.com\\\/\"},{\"@type\":\"ListItem\",\"position\":2,\"name\":\"Trgovina\",\"item\":\"https:\\\/\\\/shop.radna-odjeca.com\\\/trgovina\\\/\"},{\"@type\":\"ListItem\",\"position\":3,\"name\":\"Majica flis Michael\"}]},{\"@type\":\"WebSite\",\"@id\":\"https:\\\/\\\/shop.radna-odjeca.com\\\/#website\",\"url\":\"https:\\\/\\\/shop.radna-odjeca.com\\\/\",\"name\":\"Jezerinac Webshop\",\"description\":\"RADNA ODJE\u0106A VISOKE KVALITETE\",\"publisher\":{\"@id\":\"https:\\\/\\\/shop.radna-odjeca.com\\\/#organization\"},\"potentialAction\":[{\"@type\":\"SearchAction\",\"target\":{\"@type\":\"EntryPoint\",\"urlTemplate\":\"https:\\\/\\\/shop.radna-odjeca.com\\\/?s={search_term_string}\"},\"query-input\":{\"@type\":\"PropertyValueSpecification\",\"valueRequired\":true,\"valueName\":\"search_term_string\"}}],\"inLanguage\":\"en-GB\"},{\"@type\":\"Organization\",\"@id\":\"https:\\\/\\\/shop.radna-odjeca.com\\\/#organization\",\"name\":\"JEZERINAC Radna odje\u0107a\",\"url\":\"https:\\\/\\\/shop.radna-odjeca.com\\\/\",\"logo\":{\"@type\":\"ImageObject\",\"inLanguage\":\"en-GB\",\"@id\":\"https:\\\/\\\/shop.radna-odjeca.com\\\/#\\\/schema\\\/logo\\\/image\\\/\",\"url\":\"https:\\\/\\\/shop.radna-odjeca.com\\\/wp-content\\\/uploads\\\/2020\\\/04\\\/logo.png\",\"contentUrl\":\"https:\\\/\\\/shop.radna-odjeca.com\\\/wp-content\\\/uploads\\\/2020\\\/04\\\/logo.png\",\"width\":254,\"height\":68,\"caption\":\"JEZERINAC Radna odje\u0107a\"},\"image\":{\"@id\":\"https:\\\/\\\/shop.radna-odjeca.com\\\/#\\\/schema\\\/logo\\\/image\\\/\"}}]}<\/script>\n<!-- \/ Yoast SEO plugin. -->","yoast_head_json":{"title":"Majica flis Michael - RADNA ODJE\u0106A","robots":{"index":"index","follow":"follow","max-snippet":"max-snippet:-1","max-image-preview":"max-image-preview:large","max-video-preview":"max-video-preview:-1"},"canonical":"https:\/\/shop.radna-odjeca.com\/en\/product\/majica-flis-michael\/","og_locale":"en_GB","og_type":"article","og_title":"Majica flis Michael - RADNA ODJE\u0106A","og_description":"Prakti\u010dna i udobna flis majica dizajnirana je za radne uvjete u kojima je va\u017ena toplina, udobnost i sloboda kretanja. Lagani, ali izdr\u017eljivi flis materijal pru\u017ea ugodan osje\u0107aj i dobru toplinsku za\u0161titu, \u0161to ovu vestu \u010dini odli\u010dnim izborom za slojevito no\u0161enje ili kao samostalan komad u prijelaznim razdobljima. Zahvaljuju\u0107i jednostavnom kroju i rastezljivosti materijala, omogu\u0107uje nesmetano kretanje tijekom razli\u010ditih zadataka, dok njezina meko\u0107a doprinosi cjelodnevnoj udobnosti u svakom radnom okru\u017eenju. Prakti\u010dni d\u017eepovi dodatno pove\u0107avaju funkcionalnost, omogu\u0107uju\u0107i vam da najpotrebnije sitnice uvijek imate pri ruci.","og_url":"https:\/\/shop.radna-odjeca.com\/en\/product\/majica-flis-michael\/","og_site_name":"RADNA ODJE\u0106A","article_modified_time":"2026-02-04T07:58:49+00:00","og_image":[{"width":1280,"height":1049,"url":"https:\/\/shop.radna-odjeca.com\/wp-content\/uploads\/2025\/02\/michael-siva.jpg","type":"image\/jpeg"}],"twitter_card":"summary_large_image","twitter_misc":{"Estimated reading time":"1 minute"},"schema":{"@context":"https:\/\/schema.org","@graph":[{"@type":"WebPage","@id":"https:\/\/shop.radna-odjeca.com\/product\/majica-flis-michael\/","url":"https:\/\/shop.radna-odjeca.com\/product\/majica-flis-michael\/","name":"Majica flis Michael - RADNA ODJE\u0106A","isPartOf":{"@id":"https:\/\/shop.radna-odjeca.com\/#website"},"primaryImageOfPage":{"@id":"https:\/\/shop.radna-odjeca.com\/product\/majica-flis-michael\/#primaryimage"},"image":{"@id":"https:\/\/shop.radna-odjeca.com\/product\/majica-flis-michael\/#primaryimage"},"thumbnailUrl":"https:\/\/shop.radna-odjeca.com\/wp-content\/uploads\/2025\/02\/michael-siva.jpg","datePublished":"2025-02-26T12:54:47+00:00","dateModified":"2026-02-04T07:58:49+00:00","breadcrumb":{"@id":"https:\/\/shop.radna-odjeca.com\/product\/majica-flis-michael\/#breadcrumb"},"inLanguage":"en-GB","potentialAction":[{"@type":"ReadAction","target":["https:\/\/shop.radna-odjeca.com\/product\/majica-flis-michael\/"]}]},{"@type":"ImageObject","inLanguage":"en-GB","@id":"https:\/\/shop.radna-odjeca.com\/product\/majica-flis-michael\/#primaryimage","url":"https:\/\/shop.radna-odjeca.com\/wp-content\/uploads\/2025\/02\/michael-siva.jpg","contentUrl":"https:\/\/shop.radna-odjeca.com\/wp-content\/uploads\/2025\/02\/michael-siva.jpg","width":1280,"height":1049},{"@type":"BreadcrumbList","@id":"https:\/\/shop.radna-odjeca.com\/product\/majica-flis-michael\/#breadcrumb","itemListElement":[{"@type":"ListItem","position":1,"name":"Po\u010detna stranica","item":"https:\/\/shop.radna-odjeca.com\/"},{"@type":"ListItem","position":2,"name":"Trgovina","item":"https:\/\/shop.radna-odjeca.com\/trgovina\/"},{"@type":"ListItem","position":3,"name":"Majica flis Michael"}]},{"@type":"WebSite","@id":"https:\/\/shop.radna-odjeca.com\/#website","url":"https:\/\/shop.radna-odjeca.com\/","name":"Jezerinac Webshop","description":"RADNA ODJE\u0106A VISOKE KVALITETE","publisher":{"@id":"https:\/\/shop.radna-odjeca.com\/#organization"},"potentialAction":[{"@type":"SearchAction","target":{"@type":"EntryPoint","urlTemplate":"https:\/\/shop.radna-odjeca.com\/?s={search_term_string}"},"query-input":{"@type":"PropertyValueSpecification","valueRequired":true,"valueName":"search_term_string"}}],"inLanguage":"en-GB"},{"@type":"Organization","@id":"https:\/\/shop.radna-odjeca.com\/#organization","name":"JEZERINAC Radna odje\u0107a","url":"https:\/\/shop.radna-odjeca.com\/","logo":{"@type":"ImageObject","inLanguage":"en-GB","@id":"https:\/\/shop.radna-odjeca.com\/#\/schema\/logo\/image\/","url":"https:\/\/shop.radna-odjeca.com\/wp-content\/uploads\/2020\/04\/logo.png","contentUrl":"https:\/\/shop.radna-odjeca.com\/wp-content\/uploads\/2020\/04\/logo.png","width":254,"height":68,"caption":"JEZERINAC Radna odje\u0107a"},"image":{"@id":"https:\/\/shop.radna-odjeca.com\/#\/schema\/logo\/image\/"}}]}},"_links":{"self":[{"href":"https:\/\/shop.radna-odjeca.com\/en\/wp-json\/wp\/v2\/product\/8240","targetHints":{"allow":["GET"]}}],"collection":[{"href":"https:\/\/shop.radna-odjeca.com\/en\/wp-json\/wp\/v2\/product"}],"about":[{"href":"https:\/\/shop.radna-odjeca.com\/en\/wp-json\/wp\/v2\/types\/product"}],"wp:featuredmedia":[{"embeddable":true,"href":"https:\/\/shop.radna-odjeca.com\/en\/wp-json\/wp\/v2\/media\/8241"}],"wp:attachment":[{"href":"https:\/\/shop.radna-odjeca.com\/en\/wp-json\/wp\/v2\/media?parent=8240"}],"wp:term":[{"taxonomy":"product_brand","embeddable":true,"href":"https:\/\/shop.radna-odjeca.com\/en\/wp-json\/wp\/v2\/product_brand?post=8240"},{"taxonomy":"product_cat","embeddable":true,"href":"https:\/\/shop.radna-odjeca.com\/en\/wp-json\/wp\/v2\/product_cat?post=8240"},{"taxonomy":"product_tag","embeddable":true,"href":"https:\/\/shop.radna-odjeca.com\/en\/wp-json\/wp\/v2\/product_tag?post=8240"}],"curies":[{"name":"wp","href":"https:\/\/api.w.org\/{rel}","templated":true}]}}