{"id":8214,"date":"2025-02-26T11:59:04","date_gmt":"2025-02-26T11:59:04","guid":{"rendered":"https:\/\/shop.radna-odjeca.com\/?post_type=product&#038;p=8214"},"modified":"2025-07-07T13:07:36","modified_gmt":"2025-07-07T13:07:36","slug":"niske-cipele-sa-zastitnom-kapicom-hallwill-s1p","status":"publish","type":"product","link":"https:\/\/shop.radna-odjeca.com\/en\/product\/niske-cipele-sa-zastitnom-kapicom-hallwill-s1p\/","title":{"rendered":"Niske cipele sa za\u0161titnom kapicom HALWILL S1P"},"content":{"rendered":"<p data-start=\"112\" data-end=\"306\"><strong data-start=\"112\" data-end=\"159\">Materijal me\u0111upotplata otpornog na probijanje:<\/strong> kompozit<br data-start=\"168\" data-end=\"171\" \/><strong data-start=\"171\" data-end=\"192\">Gornji materijal:<\/strong> mikrovlakna<br data-start=\"204\" data-end=\"207\" \/><strong data-start=\"207\" data-end=\"230\">Materijal potplata:<\/strong> poliuretan dvostruke gusto\u0107e<br data-start=\"259\" data-end=\"262\" \/><strong data-start=\"262\" data-end=\"285\">Materijal podstave:<\/strong> poliesterska mre\u017ea<\/p>\n<p data-start=\"308\" data-end=\"597\">Gornji dio cipele izra\u0111en je od mikrovlakana i perforiran du\u017e cijele povr\u0161ine, \u010dime se posti\u017ee optimalna prozra\u010dnost. Potplat od poliuretana dvostruke gusto\u0107e sprje\u010dava klizanje i osigurava stabilnost. Unutarnji perforirani ulo\u017eak pove\u0107ava udobnost i poti\u010de cirkulaciju zraka unutar obu\u0107e.<\/p>\n<p data-start=\"599\" data-end=\"813\">U podru\u010dju pete nalazi se sloj za apsorpciju energije koji ubla\u017eava udarce i smanjuje osje\u0107aj umora pri dugotrajnom hodanju. Stopala su za\u0161ti\u0107ena i odozdo zahvaljuju\u0107i kompozitnom me\u0111upotplatu otpornom na probijanje.<\/p>\n<p data-start=\"815\" data-end=\"1018\">Cipele ne sadr\u017ee metalne dijelove i opremljene su ESD za\u0161titom, u skladu s normom EN ISO 20345 (S1 PS FO SR), \u0161to uklju\u010duje za\u0161titu od pritiska sile do 15 kN ili pada tereta do 20 kg s visine od 1 metra.<\/p>\n<p data-start=\"1020\" data-end=\"1078\"><strong data-start=\"1020\" data-end=\"1033\">Veli\u010dine:<\/strong> 40\u201346<br data-start=\"1039\" data-end=\"1042\" \/><strong data-start=\"1042\" data-end=\"1070\">Ostale veli\u010dine (36\u201349):<\/strong> na upit<\/p>","protected":false},"excerpt":{"rendered":"<p>Idealne su za radna okru\u017eenja u kojima su sigurnost i udobnost od klju\u010dne va\u017enosti. Zahvaljuju\u0107i laganoj konstrukciji i prozra\u010dnom gornji\u0161tu od perforirane mikrofibre, pru\u017eaju visoku razinu udobnosti tijekom cijelog dana. Opremljene su <strong data-start=\"365\" data-end=\"381\">ESD za\u0161titom<\/strong>, kompozitnom kapicom i tekstilnom tabanicom otpornom na probijanje, \u0161to ih \u010dini sigurnim izborom za tehni\u010dka, industrijska i elektrosenzitivna radna mjesta. Dvoslojni PU potplat osigurava stabilnost i ubla\u017eava pritisak pri hodu, \u010dime se dodatno pove\u0107ava udobnost i smanjuje umor pri dugotrajnom no\u0161enju.<\/p>","protected":false},"featured_media":8222,"template":"","meta":[],"product_brand":[],"product_cat":[177],"product_tag":[],"class_list":{"0":"post-8214","1":"product","2":"type-product","3":"status-publish","4":"has-post-thumbnail","6":"product_cat-radne-cipele-niske","8":"first","9":"instock","10":"taxable","11":"shipping-taxable","12":"purchasable","13":"product-type-variable"},"yoast_head":"<!-- This site is optimized with the Yoast SEO plugin v27.5 - https:\/\/yoast.com\/product\/yoast-seo-wordpress\/ -->\n<title>Niske cipele sa za\u0161titnom kapicom HALWILL S1P - RADNA ODJE\u0106A<\/title>\n<meta name=\"robots\" content=\"index, follow, max-snippet:-1, max-image-preview:large, max-video-preview:-1\" \/>\n<link rel=\"canonical\" href=\"https:\/\/shop.radna-odjeca.com\/en\/product\/niske-cipele-sa-zastitnom-kapicom-hallwill-s1p\/\" \/>\n<meta property=\"og:locale\" content=\"en_GB\" \/>\n<meta property=\"og:type\" content=\"article\" \/>\n<meta property=\"og:title\" content=\"Niske cipele sa za\u0161titnom kapicom HALWILL S1P - RADNA ODJE\u0106A\" \/>\n<meta property=\"og:description\" content=\"Idealne su za radna okru\u017eenja u kojima su sigurnost i udobnost od klju\u010dne va\u017enosti. Zahvaljuju\u0107i laganoj konstrukciji i prozra\u010dnom gornji\u0161tu od perforirane mikrofibre, pru\u017eaju visoku razinu udobnosti tijekom cijelog dana. Opremljene su ESD za\u0161titom, kompozitnom kapicom i tekstilnom tabanicom otpornom na probijanje, \u0161to ih \u010dini sigurnim izborom za tehni\u010dka, industrijska i elektrosenzitivna radna mjesta. Dvoslojni PU potplat osigurava stabilnost i ubla\u017eava pritisak pri hodu, \u010dime se dodatno pove\u0107ava udobnost i smanjuje umor pri dugotrajnom no\u0161enju.\" \/>\n<meta property=\"og:url\" content=\"https:\/\/shop.radna-odjeca.com\/en\/product\/niske-cipele-sa-zastitnom-kapicom-hallwill-s1p\/\" \/>\n<meta property=\"og:site_name\" content=\"RADNA ODJE\u0106A\" \/>\n<meta property=\"article:modified_time\" content=\"2025-07-07T13:07:36+00:00\" \/>\n<meta property=\"og:image\" content=\"https:\/\/shop.radna-odjeca.com\/wp-content\/uploads\/2025\/02\/hallwill.jpg\" \/>\n\t<meta property=\"og:image:width\" content=\"1280\" \/>\n\t<meta property=\"og:image:height\" content=\"896\" \/>\n\t<meta property=\"og:image:type\" content=\"image\/jpeg\" \/>\n<meta name=\"twitter:card\" content=\"summary_large_image\" \/>\n<meta name=\"twitter:label1\" content=\"Estimated reading time\" \/>\n\t<meta name=\"twitter:data1\" content=\"1 minute\" \/>\n<script type=\"application\/ld+json\" class=\"yoast-schema-graph\">{\"@context\":\"https:\\\/\\\/schema.org\",\"@graph\":[{\"@type\":\"WebPage\",\"@id\":\"https:\\\/\\\/shop.radna-odjeca.com\\\/product\\\/niske-cipele-sa-zastitnom-kapicom-hallwill-s1p\\\/\",\"url\":\"https:\\\/\\\/shop.radna-odjeca.com\\\/product\\\/niske-cipele-sa-zastitnom-kapicom-hallwill-s1p\\\/\",\"name\":\"Niske cipele sa za\u0161titnom kapicom HALWILL S1P - RADNA ODJE\u0106A\",\"isPartOf\":{\"@id\":\"https:\\\/\\\/shop.radna-odjeca.com\\\/#website\"},\"primaryImageOfPage\":{\"@id\":\"https:\\\/\\\/shop.radna-odjeca.com\\\/product\\\/niske-cipele-sa-zastitnom-kapicom-hallwill-s1p\\\/#primaryimage\"},\"image\":{\"@id\":\"https:\\\/\\\/shop.radna-odjeca.com\\\/product\\\/niske-cipele-sa-zastitnom-kapicom-hallwill-s1p\\\/#primaryimage\"},\"thumbnailUrl\":\"https:\\\/\\\/shop.radna-odjeca.com\\\/wp-content\\\/uploads\\\/2025\\\/02\\\/hallwill.jpg\",\"datePublished\":\"2025-02-26T11:59:04+00:00\",\"dateModified\":\"2025-07-07T13:07:36+00:00\",\"breadcrumb\":{\"@id\":\"https:\\\/\\\/shop.radna-odjeca.com\\\/product\\\/niske-cipele-sa-zastitnom-kapicom-hallwill-s1p\\\/#breadcrumb\"},\"inLanguage\":\"en-GB\",\"potentialAction\":[{\"@type\":\"ReadAction\",\"target\":[\"https:\\\/\\\/shop.radna-odjeca.com\\\/product\\\/niske-cipele-sa-zastitnom-kapicom-hallwill-s1p\\\/\"]}]},{\"@type\":\"ImageObject\",\"inLanguage\":\"en-GB\",\"@id\":\"https:\\\/\\\/shop.radna-odjeca.com\\\/product\\\/niske-cipele-sa-zastitnom-kapicom-hallwill-s1p\\\/#primaryimage\",\"url\":\"https:\\\/\\\/shop.radna-odjeca.com\\\/wp-content\\\/uploads\\\/2025\\\/02\\\/hallwill.jpg\",\"contentUrl\":\"https:\\\/\\\/shop.radna-odjeca.com\\\/wp-content\\\/uploads\\\/2025\\\/02\\\/hallwill.jpg\",\"width\":1280,\"height\":896},{\"@type\":\"BreadcrumbList\",\"@id\":\"https:\\\/\\\/shop.radna-odjeca.com\\\/product\\\/niske-cipele-sa-zastitnom-kapicom-hallwill-s1p\\\/#breadcrumb\",\"itemListElement\":[{\"@type\":\"ListItem\",\"position\":1,\"name\":\"Po\u010detna stranica\",\"item\":\"https:\\\/\\\/shop.radna-odjeca.com\\\/\"},{\"@type\":\"ListItem\",\"position\":2,\"name\":\"Trgovina\",\"item\":\"https:\\\/\\\/shop.radna-odjeca.com\\\/trgovina\\\/\"},{\"@type\":\"ListItem\",\"position\":3,\"name\":\"Niske cipele sa za\u0161titnom kapicom HALWILL S1P\"}]},{\"@type\":\"WebSite\",\"@id\":\"https:\\\/\\\/shop.radna-odjeca.com\\\/#website\",\"url\":\"https:\\\/\\\/shop.radna-odjeca.com\\\/\",\"name\":\"Jezerinac Webshop\",\"description\":\"RADNA ODJE\u0106A VISOKE KVALITETE\",\"publisher\":{\"@id\":\"https:\\\/\\\/shop.radna-odjeca.com\\\/#organization\"},\"potentialAction\":[{\"@type\":\"SearchAction\",\"target\":{\"@type\":\"EntryPoint\",\"urlTemplate\":\"https:\\\/\\\/shop.radna-odjeca.com\\\/?s={search_term_string}\"},\"query-input\":{\"@type\":\"PropertyValueSpecification\",\"valueRequired\":true,\"valueName\":\"search_term_string\"}}],\"inLanguage\":\"en-GB\"},{\"@type\":\"Organization\",\"@id\":\"https:\\\/\\\/shop.radna-odjeca.com\\\/#organization\",\"name\":\"JEZERINAC Radna odje\u0107a\",\"url\":\"https:\\\/\\\/shop.radna-odjeca.com\\\/\",\"logo\":{\"@type\":\"ImageObject\",\"inLanguage\":\"en-GB\",\"@id\":\"https:\\\/\\\/shop.radna-odjeca.com\\\/#\\\/schema\\\/logo\\\/image\\\/\",\"url\":\"https:\\\/\\\/shop.radna-odjeca.com\\\/wp-content\\\/uploads\\\/2020\\\/04\\\/logo.png\",\"contentUrl\":\"https:\\\/\\\/shop.radna-odjeca.com\\\/wp-content\\\/uploads\\\/2020\\\/04\\\/logo.png\",\"width\":254,\"height\":68,\"caption\":\"JEZERINAC Radna odje\u0107a\"},\"image\":{\"@id\":\"https:\\\/\\\/shop.radna-odjeca.com\\\/#\\\/schema\\\/logo\\\/image\\\/\"}}]}<\/script>\n<!-- \/ Yoast SEO plugin. -->","yoast_head_json":{"title":"Niske cipele sa za\u0161titnom kapicom HALWILL S1P - RADNA ODJE\u0106A","robots":{"index":"index","follow":"follow","max-snippet":"max-snippet:-1","max-image-preview":"max-image-preview:large","max-video-preview":"max-video-preview:-1"},"canonical":"https:\/\/shop.radna-odjeca.com\/en\/product\/niske-cipele-sa-zastitnom-kapicom-hallwill-s1p\/","og_locale":"en_GB","og_type":"article","og_title":"Niske cipele sa za\u0161titnom kapicom HALWILL S1P - RADNA ODJE\u0106A","og_description":"Idealne su za radna okru\u017eenja u kojima su sigurnost i udobnost od klju\u010dne va\u017enosti. Zahvaljuju\u0107i laganoj konstrukciji i prozra\u010dnom gornji\u0161tu od perforirane mikrofibre, pru\u017eaju visoku razinu udobnosti tijekom cijelog dana. Opremljene su ESD za\u0161titom, kompozitnom kapicom i tekstilnom tabanicom otpornom na probijanje, \u0161to ih \u010dini sigurnim izborom za tehni\u010dka, industrijska i elektrosenzitivna radna mjesta. Dvoslojni PU potplat osigurava stabilnost i ubla\u017eava pritisak pri hodu, \u010dime se dodatno pove\u0107ava udobnost i smanjuje umor pri dugotrajnom no\u0161enju.","og_url":"https:\/\/shop.radna-odjeca.com\/en\/product\/niske-cipele-sa-zastitnom-kapicom-hallwill-s1p\/","og_site_name":"RADNA ODJE\u0106A","article_modified_time":"2025-07-07T13:07:36+00:00","og_image":[{"width":1280,"height":896,"url":"https:\/\/shop.radna-odjeca.com\/wp-content\/uploads\/2025\/02\/hallwill.jpg","type":"image\/jpeg"}],"twitter_card":"summary_large_image","twitter_misc":{"Estimated reading time":"1 minute"},"schema":{"@context":"https:\/\/schema.org","@graph":[{"@type":"WebPage","@id":"https:\/\/shop.radna-odjeca.com\/product\/niske-cipele-sa-zastitnom-kapicom-hallwill-s1p\/","url":"https:\/\/shop.radna-odjeca.com\/product\/niske-cipele-sa-zastitnom-kapicom-hallwill-s1p\/","name":"Niske cipele sa za\u0161titnom kapicom HALWILL S1P - RADNA ODJE\u0106A","isPartOf":{"@id":"https:\/\/shop.radna-odjeca.com\/#website"},"primaryImageOfPage":{"@id":"https:\/\/shop.radna-odjeca.com\/product\/niske-cipele-sa-zastitnom-kapicom-hallwill-s1p\/#primaryimage"},"image":{"@id":"https:\/\/shop.radna-odjeca.com\/product\/niske-cipele-sa-zastitnom-kapicom-hallwill-s1p\/#primaryimage"},"thumbnailUrl":"https:\/\/shop.radna-odjeca.com\/wp-content\/uploads\/2025\/02\/hallwill.jpg","datePublished":"2025-02-26T11:59:04+00:00","dateModified":"2025-07-07T13:07:36+00:00","breadcrumb":{"@id":"https:\/\/shop.radna-odjeca.com\/product\/niske-cipele-sa-zastitnom-kapicom-hallwill-s1p\/#breadcrumb"},"inLanguage":"en-GB","potentialAction":[{"@type":"ReadAction","target":["https:\/\/shop.radna-odjeca.com\/product\/niske-cipele-sa-zastitnom-kapicom-hallwill-s1p\/"]}]},{"@type":"ImageObject","inLanguage":"en-GB","@id":"https:\/\/shop.radna-odjeca.com\/product\/niske-cipele-sa-zastitnom-kapicom-hallwill-s1p\/#primaryimage","url":"https:\/\/shop.radna-odjeca.com\/wp-content\/uploads\/2025\/02\/hallwill.jpg","contentUrl":"https:\/\/shop.radna-odjeca.com\/wp-content\/uploads\/2025\/02\/hallwill.jpg","width":1280,"height":896},{"@type":"BreadcrumbList","@id":"https:\/\/shop.radna-odjeca.com\/product\/niske-cipele-sa-zastitnom-kapicom-hallwill-s1p\/#breadcrumb","itemListElement":[{"@type":"ListItem","position":1,"name":"Po\u010detna stranica","item":"https:\/\/shop.radna-odjeca.com\/"},{"@type":"ListItem","position":2,"name":"Trgovina","item":"https:\/\/shop.radna-odjeca.com\/trgovina\/"},{"@type":"ListItem","position":3,"name":"Niske cipele sa za\u0161titnom kapicom HALWILL S1P"}]},{"@type":"WebSite","@id":"https:\/\/shop.radna-odjeca.com\/#website","url":"https:\/\/shop.radna-odjeca.com\/","name":"Jezerinac Webshop","description":"RADNA ODJE\u0106A VISOKE KVALITETE","publisher":{"@id":"https:\/\/shop.radna-odjeca.com\/#organization"},"potentialAction":[{"@type":"SearchAction","target":{"@type":"EntryPoint","urlTemplate":"https:\/\/shop.radna-odjeca.com\/?s={search_term_string}"},"query-input":{"@type":"PropertyValueSpecification","valueRequired":true,"valueName":"search_term_string"}}],"inLanguage":"en-GB"},{"@type":"Organization","@id":"https:\/\/shop.radna-odjeca.com\/#organization","name":"JEZERINAC Radna odje\u0107a","url":"https:\/\/shop.radna-odjeca.com\/","logo":{"@type":"ImageObject","inLanguage":"en-GB","@id":"https:\/\/shop.radna-odjeca.com\/#\/schema\/logo\/image\/","url":"https:\/\/shop.radna-odjeca.com\/wp-content\/uploads\/2020\/04\/logo.png","contentUrl":"https:\/\/shop.radna-odjeca.com\/wp-content\/uploads\/2020\/04\/logo.png","width":254,"height":68,"caption":"JEZERINAC Radna odje\u0107a"},"image":{"@id":"https:\/\/shop.radna-odjeca.com\/#\/schema\/logo\/image\/"}}]}},"_links":{"self":[{"href":"https:\/\/shop.radna-odjeca.com\/en\/wp-json\/wp\/v2\/product\/8214","targetHints":{"allow":["GET"]}}],"collection":[{"href":"https:\/\/shop.radna-odjeca.com\/en\/wp-json\/wp\/v2\/product"}],"about":[{"href":"https:\/\/shop.radna-odjeca.com\/en\/wp-json\/wp\/v2\/types\/product"}],"wp:featuredmedia":[{"embeddable":true,"href":"https:\/\/shop.radna-odjeca.com\/en\/wp-json\/wp\/v2\/media\/8222"}],"wp:attachment":[{"href":"https:\/\/shop.radna-odjeca.com\/en\/wp-json\/wp\/v2\/media?parent=8214"}],"wp:term":[{"taxonomy":"product_brand","embeddable":true,"href":"https:\/\/shop.radna-odjeca.com\/en\/wp-json\/wp\/v2\/product_brand?post=8214"},{"taxonomy":"product_cat","embeddable":true,"href":"https:\/\/shop.radna-odjeca.com\/en\/wp-json\/wp\/v2\/product_cat?post=8214"},{"taxonomy":"product_tag","embeddable":true,"href":"https:\/\/shop.radna-odjeca.com\/en\/wp-json\/wp\/v2\/product_tag?post=8214"}],"curies":[{"name":"wp","href":"https:\/\/api.w.org\/{rel}","templated":true}]}}