{"id":8194,"date":"2025-02-26T11:21:16","date_gmt":"2025-02-26T11:21:16","guid":{"rendered":"https:\/\/shop.radna-odjeca.com\/?post_type=product&#038;p=8194"},"modified":"2026-02-26T10:55:11","modified_gmt":"2026-02-26T10:55:11","slug":"niske-cipele-sa-zastitnom-kapicom-aragon-s3","status":"publish","type":"product","link":"https:\/\/shop.radna-odjeca.com\/en\/product\/niske-cipele-sa-zastitnom-kapicom-aragon-s3\/","title":{"rendered":"Niske cipele sa za\u0161titnom kapicom ARAGON S3"},"content":{"rendered":"<p id=\"tw-target-text\" class=\"tw-data-text tw-text-large tw-ta\" dir=\"ltr\" data-placeholder=\"Prijevod\" data-ved=\"2ahUKEwiq3dDPm-GLAxWMHRAIHWmHAJQQ3ewLegQIARAV\" aria-label=\"Prevedeni tekst: gornja hidrofobna mikrofibra LEATHER PRO 2,2 mm pove\u0107ava otpornost i prozra\u010dnost podstava TOTAL DRY za iznimnu razinu upijanja i prozra\u010dnosti tabanica EFFECTOR memorijska poliuretanska pjena za dodatni povrat zraka i prozra\u010dnost \u010deli\u010dna kapa za prste, \u0161iroki anatomski oblik pru\u017ea vi\u0161e prostora za prste i optimalno pristajanje me\u0111upotplat ERGOFLEX bez metala, izvanredna fleksibilnost za prirodno kretanje potplat GRIPPER PU.2D s robusnim dizajnom za pove\u0107anu otpornost veli\u010dina 35-48 standard EN ISO 20345:2011 S3 SRC\"><span class=\"Y2IQFc\" lang=\"hr\">Gornji\u0161te &#8211; vegan RACYA SKINYUM\u2122 &#8211; pove\u0107ava otpornost i prozra\u010dnost. <\/span><\/p>\n<p class=\"tw-data-text tw-text-large tw-ta\" dir=\"ltr\" data-placeholder=\"Prijevod\" data-ved=\"2ahUKEwiq3dDPm-GLAxWMHRAIHWmHAJQQ3ewLegQIARAV\" aria-label=\"Prevedeni tekst: gornja hidrofobna mikrofibra LEATHER PRO 2,2 mm pove\u0107ava otpornost i prozra\u010dnost podstava TOTAL DRY za iznimnu razinu upijanja i prozra\u010dnosti tabanica EFFECTOR memorijska poliuretanska pjena za dodatni povrat zraka i prozra\u010dnost \u010deli\u010dna kapa za prste, \u0161iroki anatomski oblik pru\u017ea vi\u0161e prostora za prste i optimalno pristajanje me\u0111upotplat ERGOFLEX bez metala, izvanredna fleksibilnost za prirodno kretanje potplat GRIPPER PU.2D s robusnim dizajnom za pove\u0107anu otpornost veli\u010dina 35-48 standard EN ISO 20345:2011 S3 SRC\"><span class=\"Y2IQFc\" lang=\"hr\">Podstava &#8211;\u00a0DRYUM\u2122 &#8211; prozra\u010dna i upijaju\u0107a podstava koja odr\u017eava stopala suhim i udobnim\u00a0<\/span><\/p>\n<p dir=\"ltr\" data-placeholder=\"Prijevod\" data-ved=\"2ahUKEwiq3dDPm-GLAxWMHRAIHWmHAJQQ3ewLegQIARAV\" aria-label=\"Prevedeni tekst: gornja hidrofobna mikrofibra LEATHER PRO 2,2 mm pove\u0107ava otpornost i prozra\u010dnost podstava TOTAL DRY za iznimnu razinu upijanja i prozra\u010dnosti tabanica EFFECTOR memorijska poliuretanska pjena za dodatni povrat zraka i prozra\u010dnost \u010deli\u010dna kapa za prste, \u0161iroki anatomski oblik pru\u017ea vi\u0161e prostora za prste i optimalno pristajanje me\u0111upotplat ERGOFLEX bez metala, izvanredna fleksibilnost za prirodno kretanje potplat GRIPPER PU.2D s robusnim dizajnom za pove\u0107anu otpornost veli\u010dina 35-48 standard EN ISO 20345:2011 S3 SRC\">Ulo\u017eak &#8211; SOFTYUM\u2122 2D \u2013 napredna tehnologija ulo\u017eaka koja se koristi u radnoj i za\u0161titnoj obu\u0107i \u2013 izuzetna udobnost i mek osje\u0107aj pri svakom koraku<\/p>\n<p dir=\"ltr\" data-placeholder=\"Prijevod\" data-ved=\"2ahUKEwiq3dDPm-GLAxWMHRAIHWmHAJQQ3ewLegQIARAV\" aria-label=\"Prevedeni tekst: gornja hidrofobna mikrofibra LEATHER PRO 2,2 mm pove\u0107ava otpornost i prozra\u010dnost podstava TOTAL DRY za iznimnu razinu upijanja i prozra\u010dnosti tabanica EFFECTOR memorijska poliuretanska pjena za dodatni povrat zraka i prozra\u010dnost \u010deli\u010dna kapa za prste, \u0161iroki anatomski oblik pru\u017ea vi\u0161e prostora za prste i optimalno pristajanje me\u0111upotplat ERGOFLEX bez metala, izvanredna fleksibilnost za prirodno kretanje potplat GRIPPER PU.2D s robusnim dizajnom za pove\u0107anu otpornost veli\u010dina 35-48 standard EN ISO 20345:2011 S3 SRC\">\u010celi\u010dna kapica &#8211; steel LIBERYUM\u2122<\/p>\n<p class=\"tw-data-text tw-text-large tw-ta\" dir=\"ltr\" data-placeholder=\"Prijevod\" data-ved=\"2ahUKEwiq3dDPm-GLAxWMHRAIHWmHAJQQ3ewLegQIARAV\" aria-label=\"Prevedeni tekst: gornja hidrofobna mikrofibra LEATHER PRO 2,2 mm pove\u0107ava otpornost i prozra\u010dnost podstava TOTAL DRY za iznimnu razinu upijanja i prozra\u010dnosti tabanica EFFECTOR memorijska poliuretanska pjena za dodatni povrat zraka i prozra\u010dnost \u010deli\u010dna kapa za prste, \u0161iroki anatomski oblik pru\u017ea vi\u0161e prostora za prste i optimalno pristajanje me\u0111upotplat ERGOFLEX bez metala, izvanredna fleksibilnost za prirodno kretanje potplat GRIPPER PU.2D s robusnim dizajnom za pove\u0107anu otpornost veli\u010dina 35-48 standard EN ISO 20345:2011 S3 SRC\"><span class=\"Y2IQFc\" lang=\"hr\">Me\u0111upotplat &#8211; FLEXYUM\u2122 -fleksibilni sloj koji osigurava izvrsnu amortizaciju i udobnost<\/span><\/p>\n<p class=\"tw-data-text tw-text-large tw-ta\" dir=\"ltr\" data-placeholder=\"Prijevod\" data-ved=\"2ahUKEwiq3dDPm-GLAxWMHRAIHWmHAJQQ3ewLegQIARAV\" aria-label=\"Prevedeni tekst: gornja hidrofobna mikrofibra LEATHER PRO 2,2 mm pove\u0107ava otpornost i prozra\u010dnost podstava TOTAL DRY za iznimnu razinu upijanja i prozra\u010dnosti tabanica EFFECTOR memorijska poliuretanska pjena za dodatni povrat zraka i prozra\u010dnost \u010deli\u010dna kapa za prste, \u0161iroki anatomski oblik pru\u017ea vi\u0161e prostora za prste i optimalno pristajanje me\u0111upotplat ERGOFLEX bez metala, izvanredna fleksibilnost za prirodno kretanje potplat GRIPPER PU.2D s robusnim dizajnom za pove\u0107anu otpornost veli\u010dina 35-48 standard EN ISO 20345:2011 S3 SRC\"><span class=\"Y2IQFc\" lang=\"hr\">Potplat &#8211; GRIPPER PU.2D sa LEVITARYUM\u2122 tehnologijom &#8211; <\/span>dvoslojna tabanica s elasti\u010dnim gornjim slojem i \u010drvstom bazom koja pru\u017ea optimalnu udobnost, stabilnost i amortizaciju stopala<\/p>\n<p class=\"tw-data-text tw-text-large tw-ta\" dir=\"ltr\" data-placeholder=\"Prijevod\" data-ved=\"2ahUKEwiq3dDPm-GLAxWMHRAIHWmHAJQQ3ewLegQIARAV\" aria-label=\"Prevedeni tekst: gornja hidrofobna mikrofibra LEATHER PRO 2,2 mm pove\u0107ava otpornost i prozra\u010dnost podstava TOTAL DRY za iznimnu razinu upijanja i prozra\u010dnosti tabanica EFFECTOR memorijska poliuretanska pjena za dodatni povrat zraka i prozra\u010dnost \u010deli\u010dna kapa za prste, \u0161iroki anatomski oblik pru\u017ea vi\u0161e prostora za prste i optimalno pristajanje me\u0111upotplat ERGOFLEX bez metala, izvanredna fleksibilnost za prirodno kretanje potplat GRIPPER PU.2D s robusnim dizajnom za pove\u0107anu otpornost veli\u010dina 35-48 standard EN ISO 20345:2011 S3 SRC\"><span class=\"Y2IQFc\" lang=\"hr\">Veli\u010dina: 35-48<\/span><\/p>\n<p class=\"tw-data-text tw-text-large tw-ta\" dir=\"ltr\" data-placeholder=\"Prijevod\" data-ved=\"2ahUKEwiq3dDPm-GLAxWMHRAIHWmHAJQQ3ewLegQIARAV\" aria-label=\"Prevedeni tekst: gornja hidrofobna mikrofibra LEATHER PRO 2,2 mm pove\u0107ava otpornost i prozra\u010dnost podstava TOTAL DRY za iznimnu razinu upijanja i prozra\u010dnosti tabanica EFFECTOR memorijska poliuretanska pjena za dodatni povrat zraka i prozra\u010dnost \u010deli\u010dna kapa za prste, \u0161iroki anatomski oblik pru\u017ea vi\u0161e prostora za prste i optimalno pristajanje me\u0111upotplat ERGOFLEX bez metala, izvanredna fleksibilnost za prirodno kretanje potplat GRIPPER PU.2D s robusnim dizajnom za pove\u0107anu otpornost veli\u010dina 35-48 standard EN ISO 20345:2011 S3 SRC\"><span class=\"Y2IQFc\" lang=\"hr\">Standard: EN ISO 20345:2011 S3 SRC<\/span><\/p>","protected":false},"excerpt":{"rendered":"<p id=\"tw-target-text\" class=\"tw-data-text tw-text-large tw-ta\" dir=\"ltr\" data-placeholder=\"Prijevod\" data-ved=\"2ahUKEwiq3dDPm-GLAxWMHRAIHWmHAJQQ3ewLegQIARAV\" aria-label=\"Prevedeni tekst: gornja hidrofobna mikrofibra LEATHER PRO 2,2 mm pove\u0107ava otpornost i prozra\u010dnost podstava TOTAL DRY za iznimnu razinu upijanja i prozra\u010dnosti tabanica EFFECTOR memorijska poliuretanska pjena za dodatni povrat zraka i prozra\u010dnost \u010deli\u010dna kapa za prste, \u0161iroki anatomski oblik pru\u017ea vi\u0161e prostora za prste i optimalno pristajanje me\u0111upotplat ERGOFLEX bez metala, izvanredna fleksibilnost za prirodno kretanje potplat GRIPPER PU.2D s robusnim dizajnom za pove\u0107anu otpornost veli\u010dina 35-48 standard EN ISO 20345:2011 S3 SRC\"><span class=\"Y2IQFc\" lang=\"hr\">Gornja hidrofobna mikrofibra LEATHER PRO 2,2 mm pove\u0107ava otpornost i prozra\u010dnost. <\/span><\/p>\n<p class=\"tw-data-text tw-text-large tw-ta\" dir=\"ltr\" data-placeholder=\"Prijevod\" data-ved=\"2ahUKEwiq3dDPm-GLAxWMHRAIHWmHAJQQ3ewLegQIARAV\" aria-label=\"Prevedeni tekst: gornja hidrofobna mikrofibra LEATHER PRO 2,2 mm pove\u0107ava otpornost i prozra\u010dnost podstava TOTAL DRY za iznimnu razinu upijanja i prozra\u010dnosti tabanica EFFECTOR memorijska poliuretanska pjena za dodatni povrat zraka i prozra\u010dnost \u010deli\u010dna kapa za prste, \u0161iroki anatomski oblik pru\u017ea vi\u0161e prostora za prste i optimalno pristajanje me\u0111upotplat ERGOFLEX bez metala, izvanredna fleksibilnost za prirodno kretanje potplat GRIPPER PU.2D s robusnim dizajnom za pove\u0107anu otpornost veli\u010dina 35-48 standard EN ISO 20345:2011 S3 SRC\"><span class=\"Y2IQFc\" lang=\"hr\">Podstava: TOTAL DRY za iznimnu razinu upijanja i prozra\u010dnosti. <\/span><\/p>\n<p class=\"tw-data-text tw-text-large tw-ta\" dir=\"ltr\" data-placeholder=\"Prijevod\" data-ved=\"2ahUKEwiq3dDPm-GLAxWMHRAIHWmHAJQQ3ewLegQIARAV\" aria-label=\"Prevedeni tekst: gornja hidrofobna mikrofibra LEATHER PRO 2,2 mm pove\u0107ava otpornost i prozra\u010dnost podstava TOTAL DRY za iznimnu razinu upijanja i prozra\u010dnosti tabanica EFFECTOR memorijska poliuretanska pjena za dodatni povrat zraka i prozra\u010dnost \u010deli\u010dna kapa za prste, \u0161iroki anatomski oblik pru\u017ea vi\u0161e prostora za prste i optimalno pristajanje me\u0111upotplat ERGOFLEX bez metala, izvanredna fleksibilnost za prirodno kretanje potplat GRIPPER PU.2D s robusnim dizajnom za pove\u0107anu otpornost veli\u010dina 35-48 standard EN ISO 20345:2011 S3 SRC\"><span class=\"Y2IQFc\" lang=\"hr\">Tabanica: EFFECTOR memorijska poliuretanska pjena za dodatni povrat zraka i prozra\u010dnost. <\/span><\/p>\n<p class=\"tw-data-text tw-text-large tw-ta\" dir=\"ltr\" data-placeholder=\"Prijevod\" data-ved=\"2ahUKEwiq3dDPm-GLAxWMHRAIHWmHAJQQ3ewLegQIARAV\" aria-label=\"Prevedeni tekst: gornja hidrofobna mikrofibra LEATHER PRO 2,2 mm pove\u0107ava otpornost i prozra\u010dnost podstava TOTAL DRY za iznimnu razinu upijanja i prozra\u010dnosti tabanica EFFECTOR memorijska poliuretanska pjena za dodatni povrat zraka i prozra\u010dnost \u010deli\u010dna kapa za prste, \u0161iroki anatomski oblik pru\u017ea vi\u0161e prostora za prste i optimalno pristajanje me\u0111upotplat ERGOFLEX bez metala, izvanredna fleksibilnost za prirodno kretanje potplat GRIPPER PU.2D s robusnim dizajnom za pove\u0107anu otpornost veli\u010dina 35-48 standard EN ISO 20345:2011 S3 SRC\"><span class=\"Y2IQFc\" lang=\"hr\">\u010celi\u010dna kapa za prste, \u0161iroki anatomski oblik pru\u017ea vi\u0161e prostora za prste i optimalno pristajanje. <\/span><\/p>\n<p class=\"tw-data-text tw-text-large tw-ta\" dir=\"ltr\" data-placeholder=\"Prijevod\" data-ved=\"2ahUKEwiq3dDPm-GLAxWMHRAIHWmHAJQQ3ewLegQIARAV\" aria-label=\"Prevedeni tekst: gornja hidrofobna mikrofibra LEATHER PRO 2,2 mm pove\u0107ava otpornost i prozra\u010dnost podstava TOTAL DRY za iznimnu razinu upijanja i prozra\u010dnosti tabanica EFFECTOR memorijska poliuretanska pjena za dodatni povrat zraka i prozra\u010dnost \u010deli\u010dna kapa za prste, \u0161iroki anatomski oblik pru\u017ea vi\u0161e prostora za prste i optimalno pristajanje me\u0111upotplat ERGOFLEX bez metala, izvanredna fleksibilnost za prirodno kretanje potplat GRIPPER PU.2D s robusnim dizajnom za pove\u0107anu otpornost veli\u010dina 35-48 standard EN ISO 20345:2011 S3 SRC\"><span class=\"Y2IQFc\" lang=\"hr\">Me\u0111upotplat: ERGOFLEX bez metala, izvanredna fleksibilnost za prirodno kretanje. <\/span><\/p>\n<p class=\"tw-data-text tw-text-large tw-ta\" dir=\"ltr\" data-placeholder=\"Prijevod\" data-ved=\"2ahUKEwiq3dDPm-GLAxWMHRAIHWmHAJQQ3ewLegQIARAV\" aria-label=\"Prevedeni tekst: gornja hidrofobna mikrofibra LEATHER PRO 2,2 mm pove\u0107ava otpornost i prozra\u010dnost podstava TOTAL DRY za iznimnu razinu upijanja i prozra\u010dnosti tabanica EFFECTOR memorijska poliuretanska pjena za dodatni povrat zraka i prozra\u010dnost \u010deli\u010dna kapa za prste, \u0161iroki anatomski oblik pru\u017ea vi\u0161e prostora za prste i optimalno pristajanje me\u0111upotplat ERGOFLEX bez metala, izvanredna fleksibilnost za prirodno kretanje potplat GRIPPER PU.2D s robusnim dizajnom za pove\u0107anu otpornost veli\u010dina 35-48 standard EN ISO 20345:2011 S3 SRC\"><span class=\"Y2IQFc\" lang=\"hr\">potplat: GRIPPER PU.2D s robusnim dizajnom za pove\u0107anu otpornost.<\/span><\/p>\n<p class=\"tw-data-text tw-text-large tw-ta\" dir=\"ltr\" data-placeholder=\"Prijevod\" data-ved=\"2ahUKEwiq3dDPm-GLAxWMHRAIHWmHAJQQ3ewLegQIARAV\" aria-label=\"Prevedeni tekst: gornja hidrofobna mikrofibra LEATHER PRO 2,2 mm pove\u0107ava otpornost i prozra\u010dnost podstava TOTAL DRY za iznimnu razinu upijanja i prozra\u010dnosti tabanica EFFECTOR memorijska poliuretanska pjena za dodatni povrat zraka i prozra\u010dnost \u010deli\u010dna kapa za prste, \u0161iroki anatomski oblik pru\u017ea vi\u0161e prostora za prste i optimalno pristajanje me\u0111upotplat ERGOFLEX bez metala, izvanredna fleksibilnost za prirodno kretanje potplat GRIPPER PU.2D s robusnim dizajnom za pove\u0107anu otpornost veli\u010dina 35-48 standard EN ISO 20345:2011 S3 SRC\"><span class=\"Y2IQFc\" lang=\"hr\">Veli\u010dina: 40-46 <\/span><\/p>\n<p class=\"tw-data-text tw-text-large tw-ta\" dir=\"ltr\" data-placeholder=\"Prijevod\" data-ved=\"2ahUKEwiq3dDPm-GLAxWMHRAIHWmHAJQQ3ewLegQIARAV\" aria-label=\"Prevedeni tekst: gornja hidrofobna mikrofibra LEATHER PRO 2,2 mm pove\u0107ava otpornost i prozra\u010dnost podstava TOTAL DRY za iznimnu razinu upijanja i prozra\u010dnosti tabanica EFFECTOR memorijska poliuretanska pjena za dodatni povrat zraka i prozra\u010dnost \u010deli\u010dna kapa za prste, \u0161iroki anatomski oblik pru\u017ea vi\u0161e prostora za prste i optimalno pristajanje me\u0111upotplat ERGOFLEX bez metala, izvanredna fleksibilnost za prirodno kretanje potplat GRIPPER PU.2D s robusnim dizajnom za pove\u0107anu otpornost veli\u010dina 35-48 standard EN ISO 20345:2011 S3 SRC\"><span class=\"Y2IQFc\" lang=\"hr\">Standard: EN ISO 20345:2011 S3 SRC<\/span><\/p>","protected":false},"featured_media":8808,"template":"","meta":[],"product_brand":[],"product_cat":[177],"product_tag":[],"class_list":{"0":"post-8194","1":"product","2":"type-product","3":"status-publish","4":"has-post-thumbnail","6":"product_cat-radne-cipele-niske","8":"first","9":"instock","10":"taxable","11":"shipping-taxable","12":"purchasable","13":"product-type-variable"},"yoast_head":"<!-- This site is optimized with the Yoast SEO plugin v27.5 - https:\/\/yoast.com\/product\/yoast-seo-wordpress\/ -->\n<title>Niske cipele sa za\u0161titnom kapicom ARAGON S3 - RADNA ODJE\u0106A<\/title>\n<meta name=\"robots\" content=\"index, follow, max-snippet:-1, max-image-preview:large, max-video-preview:-1\" \/>\n<link rel=\"canonical\" href=\"https:\/\/shop.radna-odjeca.com\/en\/product\/niske-cipele-sa-zastitnom-kapicom-aragon-s3\/\" \/>\n<meta property=\"og:locale\" content=\"en_GB\" \/>\n<meta property=\"og:type\" content=\"article\" \/>\n<meta property=\"og:title\" content=\"Niske cipele sa za\u0161titnom kapicom ARAGON S3 - RADNA ODJE\u0106A\" \/>\n<meta property=\"og:description\" content=\"Gornja hidrofobna mikrofibra LEATHER PRO 2,2 mm pove\u0107ava otpornost i prozra\u010dnost.  Podstava: TOTAL DRY za iznimnu razinu upijanja i prozra\u010dnosti.  Tabanica: EFFECTOR memorijska poliuretanska pjena za dodatni povrat zraka i prozra\u010dnost.  \u010celi\u010dna kapa za prste, \u0161iroki anatomski oblik pru\u017ea vi\u0161e prostora za prste i optimalno pristajanje.  Me\u0111upotplat: ERGOFLEX bez metala, izvanredna fleksibilnost za prirodno kretanje.  potplat: GRIPPER PU.2D s robusnim dizajnom za pove\u0107anu otpornost. Veli\u010dina: 40-46  Standard: EN ISO 20345:2011 S3 SRC\" \/>\n<meta property=\"og:url\" content=\"https:\/\/shop.radna-odjeca.com\/en\/product\/niske-cipele-sa-zastitnom-kapicom-aragon-s3\/\" \/>\n<meta property=\"og:site_name\" content=\"RADNA ODJE\u0106A\" \/>\n<meta property=\"article:modified_time\" content=\"2026-02-26T10:55:11+00:00\" \/>\n<meta property=\"og:image\" content=\"https:\/\/shop.radna-odjeca.com\/wp-content\/uploads\/2025\/02\/ARAGON-920-6060-S3-v-tile-tile-tile-scaled.jpg\" \/>\n\t<meta property=\"og:image:width\" content=\"2560\" \/>\n\t<meta property=\"og:image:height\" content=\"1608\" \/>\n\t<meta property=\"og:image:type\" content=\"image\/jpeg\" \/>\n<meta name=\"twitter:card\" content=\"summary_large_image\" \/>\n<meta name=\"twitter:label1\" content=\"Estimated reading time\" \/>\n\t<meta name=\"twitter:data1\" content=\"1 minute\" \/>\n<script type=\"application\/ld+json\" class=\"yoast-schema-graph\">{\"@context\":\"https:\\\/\\\/schema.org\",\"@graph\":[{\"@type\":\"WebPage\",\"@id\":\"https:\\\/\\\/shop.radna-odjeca.com\\\/product\\\/niske-cipele-sa-zastitnom-kapicom-aragon-s3\\\/\",\"url\":\"https:\\\/\\\/shop.radna-odjeca.com\\\/product\\\/niske-cipele-sa-zastitnom-kapicom-aragon-s3\\\/\",\"name\":\"Niske cipele sa za\u0161titnom kapicom ARAGON S3 - RADNA ODJE\u0106A\",\"isPartOf\":{\"@id\":\"https:\\\/\\\/shop.radna-odjeca.com\\\/#website\"},\"primaryImageOfPage\":{\"@id\":\"https:\\\/\\\/shop.radna-odjeca.com\\\/product\\\/niske-cipele-sa-zastitnom-kapicom-aragon-s3\\\/#primaryimage\"},\"image\":{\"@id\":\"https:\\\/\\\/shop.radna-odjeca.com\\\/product\\\/niske-cipele-sa-zastitnom-kapicom-aragon-s3\\\/#primaryimage\"},\"thumbnailUrl\":\"https:\\\/\\\/shop.radna-odjeca.com\\\/wp-content\\\/uploads\\\/2025\\\/02\\\/ARAGON-920-6060-S3-v-tile-tile-tile-scaled.jpg\",\"datePublished\":\"2025-02-26T11:21:16+00:00\",\"dateModified\":\"2026-02-26T10:55:11+00:00\",\"breadcrumb\":{\"@id\":\"https:\\\/\\\/shop.radna-odjeca.com\\\/product\\\/niske-cipele-sa-zastitnom-kapicom-aragon-s3\\\/#breadcrumb\"},\"inLanguage\":\"en-GB\",\"potentialAction\":[{\"@type\":\"ReadAction\",\"target\":[\"https:\\\/\\\/shop.radna-odjeca.com\\\/product\\\/niske-cipele-sa-zastitnom-kapicom-aragon-s3\\\/\"]}]},{\"@type\":\"ImageObject\",\"inLanguage\":\"en-GB\",\"@id\":\"https:\\\/\\\/shop.radna-odjeca.com\\\/product\\\/niske-cipele-sa-zastitnom-kapicom-aragon-s3\\\/#primaryimage\",\"url\":\"https:\\\/\\\/shop.radna-odjeca.com\\\/wp-content\\\/uploads\\\/2025\\\/02\\\/ARAGON-920-6060-S3-v-tile-tile-tile-scaled.jpg\",\"contentUrl\":\"https:\\\/\\\/shop.radna-odjeca.com\\\/wp-content\\\/uploads\\\/2025\\\/02\\\/ARAGON-920-6060-S3-v-tile-tile-tile-scaled.jpg\",\"width\":2560,\"height\":1608},{\"@type\":\"BreadcrumbList\",\"@id\":\"https:\\\/\\\/shop.radna-odjeca.com\\\/product\\\/niske-cipele-sa-zastitnom-kapicom-aragon-s3\\\/#breadcrumb\",\"itemListElement\":[{\"@type\":\"ListItem\",\"position\":1,\"name\":\"Po\u010detna stranica\",\"item\":\"https:\\\/\\\/shop.radna-odjeca.com\\\/\"},{\"@type\":\"ListItem\",\"position\":2,\"name\":\"Trgovina\",\"item\":\"https:\\\/\\\/shop.radna-odjeca.com\\\/trgovina\\\/\"},{\"@type\":\"ListItem\",\"position\":3,\"name\":\"Niske cipele sa za\u0161titnom kapicom ARAGON S3\"}]},{\"@type\":\"WebSite\",\"@id\":\"https:\\\/\\\/shop.radna-odjeca.com\\\/#website\",\"url\":\"https:\\\/\\\/shop.radna-odjeca.com\\\/\",\"name\":\"Jezerinac Webshop\",\"description\":\"RADNA ODJE\u0106A VISOKE KVALITETE\",\"publisher\":{\"@id\":\"https:\\\/\\\/shop.radna-odjeca.com\\\/#organization\"},\"potentialAction\":[{\"@type\":\"SearchAction\",\"target\":{\"@type\":\"EntryPoint\",\"urlTemplate\":\"https:\\\/\\\/shop.radna-odjeca.com\\\/?s={search_term_string}\"},\"query-input\":{\"@type\":\"PropertyValueSpecification\",\"valueRequired\":true,\"valueName\":\"search_term_string\"}}],\"inLanguage\":\"en-GB\"},{\"@type\":\"Organization\",\"@id\":\"https:\\\/\\\/shop.radna-odjeca.com\\\/#organization\",\"name\":\"JEZERINAC Radna odje\u0107a\",\"url\":\"https:\\\/\\\/shop.radna-odjeca.com\\\/\",\"logo\":{\"@type\":\"ImageObject\",\"inLanguage\":\"en-GB\",\"@id\":\"https:\\\/\\\/shop.radna-odjeca.com\\\/#\\\/schema\\\/logo\\\/image\\\/\",\"url\":\"https:\\\/\\\/shop.radna-odjeca.com\\\/wp-content\\\/uploads\\\/2020\\\/04\\\/logo.png\",\"contentUrl\":\"https:\\\/\\\/shop.radna-odjeca.com\\\/wp-content\\\/uploads\\\/2020\\\/04\\\/logo.png\",\"width\":254,\"height\":68,\"caption\":\"JEZERINAC Radna odje\u0107a\"},\"image\":{\"@id\":\"https:\\\/\\\/shop.radna-odjeca.com\\\/#\\\/schema\\\/logo\\\/image\\\/\"}}]}<\/script>\n<!-- \/ Yoast SEO plugin. -->","yoast_head_json":{"title":"Niske cipele sa za\u0161titnom kapicom ARAGON S3 - RADNA ODJE\u0106A","robots":{"index":"index","follow":"follow","max-snippet":"max-snippet:-1","max-image-preview":"max-image-preview:large","max-video-preview":"max-video-preview:-1"},"canonical":"https:\/\/shop.radna-odjeca.com\/en\/product\/niske-cipele-sa-zastitnom-kapicom-aragon-s3\/","og_locale":"en_GB","og_type":"article","og_title":"Niske cipele sa za\u0161titnom kapicom ARAGON S3 - RADNA ODJE\u0106A","og_description":"Gornja hidrofobna mikrofibra LEATHER PRO 2,2 mm pove\u0107ava otpornost i prozra\u010dnost.  Podstava: TOTAL DRY za iznimnu razinu upijanja i prozra\u010dnosti.  Tabanica: EFFECTOR memorijska poliuretanska pjena za dodatni povrat zraka i prozra\u010dnost.  \u010celi\u010dna kapa za prste, \u0161iroki anatomski oblik pru\u017ea vi\u0161e prostora za prste i optimalno pristajanje.  Me\u0111upotplat: ERGOFLEX bez metala, izvanredna fleksibilnost za prirodno kretanje.  potplat: GRIPPER PU.2D s robusnim dizajnom za pove\u0107anu otpornost. Veli\u010dina: 40-46  Standard: EN ISO 20345:2011 S3 SRC","og_url":"https:\/\/shop.radna-odjeca.com\/en\/product\/niske-cipele-sa-zastitnom-kapicom-aragon-s3\/","og_site_name":"RADNA ODJE\u0106A","article_modified_time":"2026-02-26T10:55:11+00:00","og_image":[{"width":2560,"height":1608,"url":"https:\/\/shop.radna-odjeca.com\/wp-content\/uploads\/2025\/02\/ARAGON-920-6060-S3-v-tile-tile-tile-scaled.jpg","type":"image\/jpeg"}],"twitter_card":"summary_large_image","twitter_misc":{"Estimated reading time":"1 minute"},"schema":{"@context":"https:\/\/schema.org","@graph":[{"@type":"WebPage","@id":"https:\/\/shop.radna-odjeca.com\/product\/niske-cipele-sa-zastitnom-kapicom-aragon-s3\/","url":"https:\/\/shop.radna-odjeca.com\/product\/niske-cipele-sa-zastitnom-kapicom-aragon-s3\/","name":"Niske cipele sa za\u0161titnom kapicom ARAGON S3 - RADNA ODJE\u0106A","isPartOf":{"@id":"https:\/\/shop.radna-odjeca.com\/#website"},"primaryImageOfPage":{"@id":"https:\/\/shop.radna-odjeca.com\/product\/niske-cipele-sa-zastitnom-kapicom-aragon-s3\/#primaryimage"},"image":{"@id":"https:\/\/shop.radna-odjeca.com\/product\/niske-cipele-sa-zastitnom-kapicom-aragon-s3\/#primaryimage"},"thumbnailUrl":"https:\/\/shop.radna-odjeca.com\/wp-content\/uploads\/2025\/02\/ARAGON-920-6060-S3-v-tile-tile-tile-scaled.jpg","datePublished":"2025-02-26T11:21:16+00:00","dateModified":"2026-02-26T10:55:11+00:00","breadcrumb":{"@id":"https:\/\/shop.radna-odjeca.com\/product\/niske-cipele-sa-zastitnom-kapicom-aragon-s3\/#breadcrumb"},"inLanguage":"en-GB","potentialAction":[{"@type":"ReadAction","target":["https:\/\/shop.radna-odjeca.com\/product\/niske-cipele-sa-zastitnom-kapicom-aragon-s3\/"]}]},{"@type":"ImageObject","inLanguage":"en-GB","@id":"https:\/\/shop.radna-odjeca.com\/product\/niske-cipele-sa-zastitnom-kapicom-aragon-s3\/#primaryimage","url":"https:\/\/shop.radna-odjeca.com\/wp-content\/uploads\/2025\/02\/ARAGON-920-6060-S3-v-tile-tile-tile-scaled.jpg","contentUrl":"https:\/\/shop.radna-odjeca.com\/wp-content\/uploads\/2025\/02\/ARAGON-920-6060-S3-v-tile-tile-tile-scaled.jpg","width":2560,"height":1608},{"@type":"BreadcrumbList","@id":"https:\/\/shop.radna-odjeca.com\/product\/niske-cipele-sa-zastitnom-kapicom-aragon-s3\/#breadcrumb","itemListElement":[{"@type":"ListItem","position":1,"name":"Po\u010detna stranica","item":"https:\/\/shop.radna-odjeca.com\/"},{"@type":"ListItem","position":2,"name":"Trgovina","item":"https:\/\/shop.radna-odjeca.com\/trgovina\/"},{"@type":"ListItem","position":3,"name":"Niske cipele sa za\u0161titnom kapicom ARAGON S3"}]},{"@type":"WebSite","@id":"https:\/\/shop.radna-odjeca.com\/#website","url":"https:\/\/shop.radna-odjeca.com\/","name":"Jezerinac Webshop","description":"RADNA ODJE\u0106A VISOKE KVALITETE","publisher":{"@id":"https:\/\/shop.radna-odjeca.com\/#organization"},"potentialAction":[{"@type":"SearchAction","target":{"@type":"EntryPoint","urlTemplate":"https:\/\/shop.radna-odjeca.com\/?s={search_term_string}"},"query-input":{"@type":"PropertyValueSpecification","valueRequired":true,"valueName":"search_term_string"}}],"inLanguage":"en-GB"},{"@type":"Organization","@id":"https:\/\/shop.radna-odjeca.com\/#organization","name":"JEZERINAC Radna odje\u0107a","url":"https:\/\/shop.radna-odjeca.com\/","logo":{"@type":"ImageObject","inLanguage":"en-GB","@id":"https:\/\/shop.radna-odjeca.com\/#\/schema\/logo\/image\/","url":"https:\/\/shop.radna-odjeca.com\/wp-content\/uploads\/2020\/04\/logo.png","contentUrl":"https:\/\/shop.radna-odjeca.com\/wp-content\/uploads\/2020\/04\/logo.png","width":254,"height":68,"caption":"JEZERINAC Radna odje\u0107a"},"image":{"@id":"https:\/\/shop.radna-odjeca.com\/#\/schema\/logo\/image\/"}}]}},"_links":{"self":[{"href":"https:\/\/shop.radna-odjeca.com\/en\/wp-json\/wp\/v2\/product\/8194","targetHints":{"allow":["GET"]}}],"collection":[{"href":"https:\/\/shop.radna-odjeca.com\/en\/wp-json\/wp\/v2\/product"}],"about":[{"href":"https:\/\/shop.radna-odjeca.com\/en\/wp-json\/wp\/v2\/types\/product"}],"wp:featuredmedia":[{"embeddable":true,"href":"https:\/\/shop.radna-odjeca.com\/en\/wp-json\/wp\/v2\/media\/8808"}],"wp:attachment":[{"href":"https:\/\/shop.radna-odjeca.com\/en\/wp-json\/wp\/v2\/media?parent=8194"}],"wp:term":[{"taxonomy":"product_brand","embeddable":true,"href":"https:\/\/shop.radna-odjeca.com\/en\/wp-json\/wp\/v2\/product_brand?post=8194"},{"taxonomy":"product_cat","embeddable":true,"href":"https:\/\/shop.radna-odjeca.com\/en\/wp-json\/wp\/v2\/product_cat?post=8194"},{"taxonomy":"product_tag","embeddable":true,"href":"https:\/\/shop.radna-odjeca.com\/en\/wp-json\/wp\/v2\/product_tag?post=8194"}],"curies":[{"name":"wp","href":"https:\/\/api.w.org\/{rel}","templated":true}]}}