{"id":8140,"date":"2025-02-25T13:13:43","date_gmt":"2025-02-25T13:13:43","guid":{"rendered":"https:\/\/shop.radna-odjeca.com\/?post_type=product&#038;p=8140"},"modified":"2025-03-28T08:02:38","modified_gmt":"2025-03-28T08:02:38","slug":"jakna-prsluk-za-hitnu-medicinsku-pomoc-i-sanitetske-sluzbe-energy","status":"publish","type":"product","link":"https:\/\/shop.radna-odjeca.com\/en\/product\/jakna-prsluk-za-hitnu-medicinsku-pomoc-i-sanitetske-sluzbe-energy\/","title":{"rendered":"Jakna\/prsluk za hitnu medicinsku pomo\u0107 i sanitetske slu\u017ebe Energy"},"content":{"rendered":"<p>Sastav: 60% pamuk, 40% poliester<br \/>\nMaterijal: 245g\/m2<br \/>\nUskla\u0111eno s normom EN ISO 4920:2013<\/p>\n<p>Jakna Energy 2 u 1 je tehni\u010dka jakna dizajnirana za hitne medicinske slu\u017ebe i sanitetske djelatnike.<\/p>\n<p>Kada su rukavi spojeni koristi se kao jakna a kada se rukavi odvoje koristi se kao prsluk.<\/p>\n<p>Izra\u0111ena od visokokvalitetne tkanine, jakna nudi visoku vodoodbojnost i otpornost na povr\u0161insko vla\u017eenje s ISO 5 indeksom vla\u017eenja i fluorouglji\u010dnom fiksacijom za maksimalnu za\u0161titu. Jakna se isti\u010de s reflektiraju\u0107im trakama zavarene toplinom i fluorescentnim detaljima, pru\u017eaju\u0107i visoku vidljivost i sigurnost.<\/p>\n<p>Dizajn uklju\u010duje usku tehni\u010dku konstrukciju s umetcima od rastezljive tkanine i odvojivim rukavima, omogu\u0107uju\u0107i fleksibilnost i prilagodbu. Jakna sadr\u017ei svjetle\u0107i brizgani zatvara\u010d, dr\u017eanje za bed\u017e na \u010di\u010dak i dr\u017eanje za grb na \u010di\u010dak, a d\u017eepovi uklju\u010duju duple prednje donje d\u017eepove s patentnim zatvara\u010dem,d\u017eep za mobitel na prsima koji se zatvatra klapnom na \u010di\u010dak traku, d\u017eep za olovke na lijevom rukavu i ispod njega jo\u0161 jedan d\u017eep na zatvara\u010d, te stra\u017enji veliki d\u017eep po cijeloj \u0161irini le\u0111a s patentnim zatvara\u010dem. Tako\u0111er, jakna ima strelice na rukavima kod zgloba za pode\u0161avanje \u0161irine rukava s \u010di\u010dak trakom za dodatnu udobnost. Kompletno je uskla\u0111ena s normom EN ISO 4920:2013 standardima, a uz jaknu su dostupne i Energy hla\u010de, \u010dine\u0107i ovu odje\u0107u idealnom za rad u hitnim situacijama, sanitetskom prijevozu i zahtjevnim uvjetima.<\/p>","protected":false},"excerpt":{"rendered":"<p>Sastav: 60% pamuk, 40% poliester<br \/>\nMaterijal: 245g\/m2<br \/>\nUskla\u0111eno s normom EN ISO 4920:2013<\/p>\n<p>Jakna Energy 2 u 1 je tehni\u010dka jakna dizajnirana za hitne medicinske slu\u017ebe i sanitetske djelatnike.<\/p>\n<p>Kada su rukavi spojeni koristi se kao jakna a kada se rukavi odvoje koristi se kao prsluk.<\/p>\n<p>Izra\u0111ena od visokokvalitetne tkanine, jakna nudi visoku vodoodbojnost i otpornost na povr\u0161insko vla\u017eenje s ISO 5 indeksom vla\u017eenja i fluorouglji\u010dnom fiksacijom za maksimalnu za\u0161titu. Jakna se isti\u010de s reflektiraju\u0107im trakama zavarene toplinom i fluorescentnim detaljima, pru\u017eaju\u0107i visoku vidljivost i sigurnost.<\/p>\n<p>Dizajn uklju\u010duje usku tehni\u010dku konstrukciju s umetcima od rastezljive tkanine i odvojivim rukavima, omogu\u0107uju\u0107i fleksibilnost i prilagodbu. Jakna sadr\u017ei svjetle\u0107i brizgani zatvara\u010d, dr\u017eanje za bed\u017e na \u010di\u010dak i dr\u017eanje za grb na \u010di\u010dak, a d\u017eepovi uklju\u010duju duple prednje donje d\u017eepove s patentnim zatvara\u010dem,d\u017eep za mobitel na prsima koji se zatvatra klapnom na \u010di\u010dak traku, d\u017eep za olovke na lijevom rukavu i ispod njega jo\u0161 jedan d\u017eep na zatvara\u010d, te stra\u017enji veliki d\u017eep po cijeloj \u0161irini le\u0111a s patentnim zatvara\u010dem. Tako\u0111er, jakna ima strelice na rukavima kod zgloba za pode\u0161avanje \u0161irine rukava s \u010di\u010dak trakom za dodatnu udobnost. Kompletno je uskla\u0111ena s normom EN ISO 4920:2013 standardima, a uz jaknu su dostupne i Energy hla\u010de, \u010dine\u0107i ovu odje\u0107u idealnom za rad u hitnim situacijama, sanitetskom prijevozu i zahtjevnim uvjetima.<\/p>","protected":false},"featured_media":8141,"template":"","meta":[],"product_brand":[],"product_cat":[127],"product_tag":[],"class_list":{"0":"post-8140","1":"product","2":"type-product","3":"status-publish","4":"has-post-thumbnail","6":"product_cat-medicinska-odjeca","8":"first","9":"instock","10":"taxable","11":"shipping-taxable","12":"purchasable","13":"product-type-variable"},"yoast_head":"<!-- This site is optimized with the Yoast SEO plugin v27.5 - https:\/\/yoast.com\/product\/yoast-seo-wordpress\/ -->\n<title>Jakna\/prsluk za hitnu medicinsku pomo\u0107 i sanitetske slu\u017ebe Energy - RADNA ODJE\u0106A<\/title>\n<meta name=\"robots\" content=\"index, follow, max-snippet:-1, max-image-preview:large, max-video-preview:-1\" \/>\n<link rel=\"canonical\" href=\"https:\/\/shop.radna-odjeca.com\/en\/product\/jakna-prsluk-za-hitnu-medicinsku-pomoc-i-sanitetske-sluzbe-energy\/\" \/>\n<meta property=\"og:locale\" content=\"en_GB\" \/>\n<meta property=\"og:type\" content=\"article\" \/>\n<meta property=\"og:title\" content=\"Jakna\/prsluk za hitnu medicinsku pomo\u0107 i sanitetske slu\u017ebe Energy - RADNA ODJE\u0106A\" \/>\n<meta property=\"og:description\" content=\"Sastav: 60% pamuk, 40% poliester Materijal: 245g\/m2 Uskla\u0111eno s normom EN ISO 4920:2013  Jakna Energy 2 u 1 je tehni\u010dka jakna dizajnirana za hitne medicinske slu\u017ebe i sanitetske djelatnike.  Kada su rukavi spojeni koristi se kao jakna a kada se rukavi odvoje koristi se kao prsluk.  Izra\u0111ena od visokokvalitetne tkanine, jakna nudi visoku vodoodbojnost i otpornost na povr\u0161insko vla\u017eenje s ISO 5 indeksom vla\u017eenja i fluorouglji\u010dnom fiksacijom za maksimalnu za\u0161titu. Jakna se isti\u010de s reflektiraju\u0107im trakama zavarene toplinom i fluorescentnim detaljima, pru\u017eaju\u0107i visoku vidljivost i sigurnost.  Dizajn uklju\u010duje usku tehni\u010dku konstrukciju s umetcima od rastezljive tkanine i odvojivim rukavima, omogu\u0107uju\u0107i fleksibilnost i prilagodbu. Jakna sadr\u017ei svjetle\u0107i brizgani zatvara\u010d, dr\u017eanje za bed\u017e na \u010di\u010dak i dr\u017eanje za grb na \u010di\u010dak, a d\u017eepovi uklju\u010duju duple prednje donje d\u017eepove s patentnim zatvara\u010dem,d\u017eep za mobitel na prsima koji se zatvatra klapnom na \u010di\u010dak traku, d\u017eep za olovke na lijevom rukavu i ispod njega jo\u0161 jedan d\u017eep na zatvara\u010d, te stra\u017enji veliki d\u017eep po cijeloj \u0161irini le\u0111a s patentnim zatvara\u010dem. Tako\u0111er, jakna ima strelice na rukavima kod zgloba za pode\u0161avanje \u0161irine rukava s \u010di\u010dak trakom za dodatnu udobnost. Kompletno je uskla\u0111ena s normom EN ISO 4920:2013 standardima, a uz jaknu su dostupne i Energy hla\u010de, \u010dine\u0107i ovu odje\u0107u idealnom za rad u hitnim situacijama, sanitetskom prijevozu i zahtjevnim uvjetima.\" \/>\n<meta property=\"og:url\" content=\"https:\/\/shop.radna-odjeca.com\/en\/product\/jakna-prsluk-za-hitnu-medicinsku-pomoc-i-sanitetske-sluzbe-energy\/\" \/>\n<meta property=\"og:site_name\" content=\"RADNA ODJE\u0106A\" \/>\n<meta property=\"article:modified_time\" content=\"2025-03-28T08:02:38+00:00\" \/>\n<meta property=\"og:image\" content=\"https:\/\/shop.radna-odjeca.com\/wp-content\/uploads\/2025\/02\/jakna-Energyy.jpg\" \/>\n\t<meta property=\"og:image:width\" content=\"1280\" \/>\n\t<meta property=\"og:image:height\" content=\"1107\" \/>\n\t<meta property=\"og:image:type\" content=\"image\/jpeg\" \/>\n<meta name=\"twitter:card\" content=\"summary_large_image\" \/>\n<meta name=\"twitter:label1\" content=\"Estimated reading time\" \/>\n\t<meta name=\"twitter:data1\" content=\"2 minutes\" \/>\n<script type=\"application\/ld+json\" class=\"yoast-schema-graph\">{\"@context\":\"https:\\\/\\\/schema.org\",\"@graph\":[{\"@type\":\"WebPage\",\"@id\":\"https:\\\/\\\/shop.radna-odjeca.com\\\/product\\\/jakna-prsluk-za-hitnu-medicinsku-pomoc-i-sanitetske-sluzbe-energy\\\/\",\"url\":\"https:\\\/\\\/shop.radna-odjeca.com\\\/product\\\/jakna-prsluk-za-hitnu-medicinsku-pomoc-i-sanitetske-sluzbe-energy\\\/\",\"name\":\"Jakna\\\/prsluk za hitnu medicinsku pomo\u0107 i sanitetske slu\u017ebe Energy - RADNA ODJE\u0106A\",\"isPartOf\":{\"@id\":\"https:\\\/\\\/shop.radna-odjeca.com\\\/#website\"},\"primaryImageOfPage\":{\"@id\":\"https:\\\/\\\/shop.radna-odjeca.com\\\/product\\\/jakna-prsluk-za-hitnu-medicinsku-pomoc-i-sanitetske-sluzbe-energy\\\/#primaryimage\"},\"image\":{\"@id\":\"https:\\\/\\\/shop.radna-odjeca.com\\\/product\\\/jakna-prsluk-za-hitnu-medicinsku-pomoc-i-sanitetske-sluzbe-energy\\\/#primaryimage\"},\"thumbnailUrl\":\"https:\\\/\\\/shop.radna-odjeca.com\\\/wp-content\\\/uploads\\\/2025\\\/02\\\/jakna-Energyy.jpg\",\"datePublished\":\"2025-02-25T13:13:43+00:00\",\"dateModified\":\"2025-03-28T08:02:38+00:00\",\"breadcrumb\":{\"@id\":\"https:\\\/\\\/shop.radna-odjeca.com\\\/product\\\/jakna-prsluk-za-hitnu-medicinsku-pomoc-i-sanitetske-sluzbe-energy\\\/#breadcrumb\"},\"inLanguage\":\"en-GB\",\"potentialAction\":[{\"@type\":\"ReadAction\",\"target\":[\"https:\\\/\\\/shop.radna-odjeca.com\\\/product\\\/jakna-prsluk-za-hitnu-medicinsku-pomoc-i-sanitetske-sluzbe-energy\\\/\"]}]},{\"@type\":\"ImageObject\",\"inLanguage\":\"en-GB\",\"@id\":\"https:\\\/\\\/shop.radna-odjeca.com\\\/product\\\/jakna-prsluk-za-hitnu-medicinsku-pomoc-i-sanitetske-sluzbe-energy\\\/#primaryimage\",\"url\":\"https:\\\/\\\/shop.radna-odjeca.com\\\/wp-content\\\/uploads\\\/2025\\\/02\\\/jakna-Energyy.jpg\",\"contentUrl\":\"https:\\\/\\\/shop.radna-odjeca.com\\\/wp-content\\\/uploads\\\/2025\\\/02\\\/jakna-Energyy.jpg\",\"width\":1280,\"height\":1107},{\"@type\":\"BreadcrumbList\",\"@id\":\"https:\\\/\\\/shop.radna-odjeca.com\\\/product\\\/jakna-prsluk-za-hitnu-medicinsku-pomoc-i-sanitetske-sluzbe-energy\\\/#breadcrumb\",\"itemListElement\":[{\"@type\":\"ListItem\",\"position\":1,\"name\":\"Po\u010detna stranica\",\"item\":\"https:\\\/\\\/shop.radna-odjeca.com\\\/\"},{\"@type\":\"ListItem\",\"position\":2,\"name\":\"Trgovina\",\"item\":\"https:\\\/\\\/shop.radna-odjeca.com\\\/trgovina\\\/\"},{\"@type\":\"ListItem\",\"position\":3,\"name\":\"Jakna\\\/prsluk za hitnu medicinsku pomo\u0107 i sanitetske slu\u017ebe Energy\"}]},{\"@type\":\"WebSite\",\"@id\":\"https:\\\/\\\/shop.radna-odjeca.com\\\/#website\",\"url\":\"https:\\\/\\\/shop.radna-odjeca.com\\\/\",\"name\":\"Jezerinac Webshop\",\"description\":\"RADNA ODJE\u0106A VISOKE KVALITETE\",\"publisher\":{\"@id\":\"https:\\\/\\\/shop.radna-odjeca.com\\\/#organization\"},\"potentialAction\":[{\"@type\":\"SearchAction\",\"target\":{\"@type\":\"EntryPoint\",\"urlTemplate\":\"https:\\\/\\\/shop.radna-odjeca.com\\\/?s={search_term_string}\"},\"query-input\":{\"@type\":\"PropertyValueSpecification\",\"valueRequired\":true,\"valueName\":\"search_term_string\"}}],\"inLanguage\":\"en-GB\"},{\"@type\":\"Organization\",\"@id\":\"https:\\\/\\\/shop.radna-odjeca.com\\\/#organization\",\"name\":\"JEZERINAC Radna odje\u0107a\",\"url\":\"https:\\\/\\\/shop.radna-odjeca.com\\\/\",\"logo\":{\"@type\":\"ImageObject\",\"inLanguage\":\"en-GB\",\"@id\":\"https:\\\/\\\/shop.radna-odjeca.com\\\/#\\\/schema\\\/logo\\\/image\\\/\",\"url\":\"https:\\\/\\\/shop.radna-odjeca.com\\\/wp-content\\\/uploads\\\/2020\\\/04\\\/logo.png\",\"contentUrl\":\"https:\\\/\\\/shop.radna-odjeca.com\\\/wp-content\\\/uploads\\\/2020\\\/04\\\/logo.png\",\"width\":254,\"height\":68,\"caption\":\"JEZERINAC Radna odje\u0107a\"},\"image\":{\"@id\":\"https:\\\/\\\/shop.radna-odjeca.com\\\/#\\\/schema\\\/logo\\\/image\\\/\"}}]}<\/script>\n<!-- \/ Yoast SEO plugin. -->","yoast_head_json":{"title":"Jakna\/prsluk za hitnu medicinsku pomo\u0107 i sanitetske slu\u017ebe Energy - RADNA ODJE\u0106A","robots":{"index":"index","follow":"follow","max-snippet":"max-snippet:-1","max-image-preview":"max-image-preview:large","max-video-preview":"max-video-preview:-1"},"canonical":"https:\/\/shop.radna-odjeca.com\/en\/product\/jakna-prsluk-za-hitnu-medicinsku-pomoc-i-sanitetske-sluzbe-energy\/","og_locale":"en_GB","og_type":"article","og_title":"Jakna\/prsluk za hitnu medicinsku pomo\u0107 i sanitetske slu\u017ebe Energy - RADNA ODJE\u0106A","og_description":"Sastav: 60% pamuk, 40% poliester Materijal: 245g\/m2 Uskla\u0111eno s normom EN ISO 4920:2013  Jakna Energy 2 u 1 je tehni\u010dka jakna dizajnirana za hitne medicinske slu\u017ebe i sanitetske djelatnike.  Kada su rukavi spojeni koristi se kao jakna a kada se rukavi odvoje koristi se kao prsluk.  Izra\u0111ena od visokokvalitetne tkanine, jakna nudi visoku vodoodbojnost i otpornost na povr\u0161insko vla\u017eenje s ISO 5 indeksom vla\u017eenja i fluorouglji\u010dnom fiksacijom za maksimalnu za\u0161titu. Jakna se isti\u010de s reflektiraju\u0107im trakama zavarene toplinom i fluorescentnim detaljima, pru\u017eaju\u0107i visoku vidljivost i sigurnost.  Dizajn uklju\u010duje usku tehni\u010dku konstrukciju s umetcima od rastezljive tkanine i odvojivim rukavima, omogu\u0107uju\u0107i fleksibilnost i prilagodbu. Jakna sadr\u017ei svjetle\u0107i brizgani zatvara\u010d, dr\u017eanje za bed\u017e na \u010di\u010dak i dr\u017eanje za grb na \u010di\u010dak, a d\u017eepovi uklju\u010duju duple prednje donje d\u017eepove s patentnim zatvara\u010dem,d\u017eep za mobitel na prsima koji se zatvatra klapnom na \u010di\u010dak traku, d\u017eep za olovke na lijevom rukavu i ispod njega jo\u0161 jedan d\u017eep na zatvara\u010d, te stra\u017enji veliki d\u017eep po cijeloj \u0161irini le\u0111a s patentnim zatvara\u010dem. Tako\u0111er, jakna ima strelice na rukavima kod zgloba za pode\u0161avanje \u0161irine rukava s \u010di\u010dak trakom za dodatnu udobnost. Kompletno je uskla\u0111ena s normom EN ISO 4920:2013 standardima, a uz jaknu su dostupne i Energy hla\u010de, \u010dine\u0107i ovu odje\u0107u idealnom za rad u hitnim situacijama, sanitetskom prijevozu i zahtjevnim uvjetima.","og_url":"https:\/\/shop.radna-odjeca.com\/en\/product\/jakna-prsluk-za-hitnu-medicinsku-pomoc-i-sanitetske-sluzbe-energy\/","og_site_name":"RADNA ODJE\u0106A","article_modified_time":"2025-03-28T08:02:38+00:00","og_image":[{"width":1280,"height":1107,"url":"https:\/\/shop.radna-odjeca.com\/wp-content\/uploads\/2025\/02\/jakna-Energyy.jpg","type":"image\/jpeg"}],"twitter_card":"summary_large_image","twitter_misc":{"Estimated reading time":"2 minutes"},"schema":{"@context":"https:\/\/schema.org","@graph":[{"@type":"WebPage","@id":"https:\/\/shop.radna-odjeca.com\/product\/jakna-prsluk-za-hitnu-medicinsku-pomoc-i-sanitetske-sluzbe-energy\/","url":"https:\/\/shop.radna-odjeca.com\/product\/jakna-prsluk-za-hitnu-medicinsku-pomoc-i-sanitetske-sluzbe-energy\/","name":"Jakna\/prsluk za hitnu medicinsku pomo\u0107 i sanitetske slu\u017ebe Energy - RADNA ODJE\u0106A","isPartOf":{"@id":"https:\/\/shop.radna-odjeca.com\/#website"},"primaryImageOfPage":{"@id":"https:\/\/shop.radna-odjeca.com\/product\/jakna-prsluk-za-hitnu-medicinsku-pomoc-i-sanitetske-sluzbe-energy\/#primaryimage"},"image":{"@id":"https:\/\/shop.radna-odjeca.com\/product\/jakna-prsluk-za-hitnu-medicinsku-pomoc-i-sanitetske-sluzbe-energy\/#primaryimage"},"thumbnailUrl":"https:\/\/shop.radna-odjeca.com\/wp-content\/uploads\/2025\/02\/jakna-Energyy.jpg","datePublished":"2025-02-25T13:13:43+00:00","dateModified":"2025-03-28T08:02:38+00:00","breadcrumb":{"@id":"https:\/\/shop.radna-odjeca.com\/product\/jakna-prsluk-za-hitnu-medicinsku-pomoc-i-sanitetske-sluzbe-energy\/#breadcrumb"},"inLanguage":"en-GB","potentialAction":[{"@type":"ReadAction","target":["https:\/\/shop.radna-odjeca.com\/product\/jakna-prsluk-za-hitnu-medicinsku-pomoc-i-sanitetske-sluzbe-energy\/"]}]},{"@type":"ImageObject","inLanguage":"en-GB","@id":"https:\/\/shop.radna-odjeca.com\/product\/jakna-prsluk-za-hitnu-medicinsku-pomoc-i-sanitetske-sluzbe-energy\/#primaryimage","url":"https:\/\/shop.radna-odjeca.com\/wp-content\/uploads\/2025\/02\/jakna-Energyy.jpg","contentUrl":"https:\/\/shop.radna-odjeca.com\/wp-content\/uploads\/2025\/02\/jakna-Energyy.jpg","width":1280,"height":1107},{"@type":"BreadcrumbList","@id":"https:\/\/shop.radna-odjeca.com\/product\/jakna-prsluk-za-hitnu-medicinsku-pomoc-i-sanitetske-sluzbe-energy\/#breadcrumb","itemListElement":[{"@type":"ListItem","position":1,"name":"Po\u010detna stranica","item":"https:\/\/shop.radna-odjeca.com\/"},{"@type":"ListItem","position":2,"name":"Trgovina","item":"https:\/\/shop.radna-odjeca.com\/trgovina\/"},{"@type":"ListItem","position":3,"name":"Jakna\/prsluk za hitnu medicinsku pomo\u0107 i sanitetske slu\u017ebe Energy"}]},{"@type":"WebSite","@id":"https:\/\/shop.radna-odjeca.com\/#website","url":"https:\/\/shop.radna-odjeca.com\/","name":"Jezerinac Webshop","description":"RADNA ODJE\u0106A VISOKE KVALITETE","publisher":{"@id":"https:\/\/shop.radna-odjeca.com\/#organization"},"potentialAction":[{"@type":"SearchAction","target":{"@type":"EntryPoint","urlTemplate":"https:\/\/shop.radna-odjeca.com\/?s={search_term_string}"},"query-input":{"@type":"PropertyValueSpecification","valueRequired":true,"valueName":"search_term_string"}}],"inLanguage":"en-GB"},{"@type":"Organization","@id":"https:\/\/shop.radna-odjeca.com\/#organization","name":"JEZERINAC Radna odje\u0107a","url":"https:\/\/shop.radna-odjeca.com\/","logo":{"@type":"ImageObject","inLanguage":"en-GB","@id":"https:\/\/shop.radna-odjeca.com\/#\/schema\/logo\/image\/","url":"https:\/\/shop.radna-odjeca.com\/wp-content\/uploads\/2020\/04\/logo.png","contentUrl":"https:\/\/shop.radna-odjeca.com\/wp-content\/uploads\/2020\/04\/logo.png","width":254,"height":68,"caption":"JEZERINAC Radna odje\u0107a"},"image":{"@id":"https:\/\/shop.radna-odjeca.com\/#\/schema\/logo\/image\/"}}]}},"_links":{"self":[{"href":"https:\/\/shop.radna-odjeca.com\/en\/wp-json\/wp\/v2\/product\/8140","targetHints":{"allow":["GET"]}}],"collection":[{"href":"https:\/\/shop.radna-odjeca.com\/en\/wp-json\/wp\/v2\/product"}],"about":[{"href":"https:\/\/shop.radna-odjeca.com\/en\/wp-json\/wp\/v2\/types\/product"}],"wp:featuredmedia":[{"embeddable":true,"href":"https:\/\/shop.radna-odjeca.com\/en\/wp-json\/wp\/v2\/media\/8141"}],"wp:attachment":[{"href":"https:\/\/shop.radna-odjeca.com\/en\/wp-json\/wp\/v2\/media?parent=8140"}],"wp:term":[{"taxonomy":"product_brand","embeddable":true,"href":"https:\/\/shop.radna-odjeca.com\/en\/wp-json\/wp\/v2\/product_brand?post=8140"},{"taxonomy":"product_cat","embeddable":true,"href":"https:\/\/shop.radna-odjeca.com\/en\/wp-json\/wp\/v2\/product_cat?post=8140"},{"taxonomy":"product_tag","embeddable":true,"href":"https:\/\/shop.radna-odjeca.com\/en\/wp-json\/wp\/v2\/product_tag?post=8140"}],"curies":[{"name":"wp","href":"https:\/\/api.w.org\/{rel}","templated":true}]}}