{"id":8129,"date":"2025-02-25T13:03:28","date_gmt":"2025-02-25T13:03:28","guid":{"rendered":"https:\/\/shop.radna-odjeca.com\/?post_type=product&#038;p=8129"},"modified":"2025-03-31T13:13:30","modified_gmt":"2025-03-31T13:13:30","slug":"hlace-za-hitnu-medicinsku-pomoc-i-sanitet-energy","status":"publish","type":"product","link":"https:\/\/shop.radna-odjeca.com\/en\/product\/hlace-za-hitnu-medicinsku-pomoc-i-sanitet-energy\/","title":{"rendered":"Hla\u010de za hitnu medicinsku pomo\u0107 i sanitet Energy"},"content":{"rendered":"<p class=\"western\">Sastav: 60% pamuk, 40% poliester<br \/>\nMaterijal: 245g\/m2<br \/>\nUskla\u0111eno s normom EN ISO 4920:2013<\/p>\n<p class=\"western\">Hla\u010de Energy su specijalizirane medicinske hla\u010de visoke vidljivosti dizajnirane za djelatnike hitne medicinske pomo\u0107i i sanitetske slu\u017ebe. Izra\u0111ene od visokokvalitetne tkanine, ove hla\u010de visoke vidljivosti osiguravaju sigurnost i prepoznatljivost, a karakteriziraju ih reflektiraju\u0107e trake zavarene toplinom, kontrastni i fluorescentni detalji, koji jam\u010de maksimalnu vidljivost u svim uvjetima.<\/p>\n<p class=\"western\">Sadr\u017ee otvaranje patentnim zatvara\u010dem na \u0161licu i kop\u010danje u struku, iznad \u0161lica na druker. Elasti\u010dni struk za jednostavno pode\u0161avanje i 5 \u0161lingica okolo struka za remen. Bo\u010dne i stra\u017enje d\u017eepove zatvorene patentnim zatvara\u010dem za sigurnu pohranu. Veliki bo\u010dni d\u017eepovi zatvoreni preklopom i \u010di\u010dkom pru\u017eaju dodatnu funkcionalnost, dok bo\u010dni zatvara\u010d na lijevom duplom d\u017eepu omogu\u0107ava jo\u0161 prakti\u010dniji pristup. Za dodatnu izdr\u017eljivost, hla\u010de imaju poja\u010danja na koljenima, a podesiva vezica na dnu nogavice omogu\u0107ava prilagodbu du\u017eine. Unutarnja silikonska traka na dnu odje\u0107e sprje\u010dava pomicanje i pove\u0107ava udobnost.<\/p>\n<p class=\"western\">Dodatno, ove vodoodbojne medicinske hla\u010de imaju maksimalnu vodoodbojnost s ISO 5 indeksom vla\u017eenja i fiksiranje fluorougljikom, \u0161to ih \u010dini otpornima na povr\u0161insko vla\u017eenje. Za potpunu funkcionalnost, uz hla\u010de je dostupna i Energy jakna u kompletu.<\/p>\n<p class=\"western\">Idealne su za hitne medicinske slu\u017ebe, sanitet i zahtjevne radne uvjete.<\/p>","protected":false},"excerpt":{"rendered":"<p class=\"western\">Sastav: 60% pamuk, 40% poliester<br \/>\nMaterijal: 245g\/m2<br \/>\nUskla\u0111eno s normom EN ISO 4920:2013<\/p>\n<p class=\"western\">Hla\u010de Energy su specijalizirane medicinske hla\u010de visoke vidljivosti dizajnirane za djelatnike hitne medicinske pomo\u0107i i sanitetske slu\u017ebe. Izra\u0111ene od visokokvalitetne tkanine, ove hla\u010de visoke vidljivosti osiguravaju sigurnost i prepoznatljivost, a karakteriziraju ih reflektiraju\u0107e trake zavarene toplinom, kontrastni i fluorescentni detalji, koji jam\u010de maksimalnu vidljivost u svim uvjetima.<\/p>\n<p class=\"western\">Sadr\u017ee otvaranje patentnim zatvara\u010dem na \u0161licu i kop\u010danje u struku, iznad \u0161lica na druker. Elasti\u010dni struk za jednostavno pode\u0161avanje i 5 \u0161lingica okolo struka za remen. Bo\u010dne i stra\u017enje d\u017eepove zatvorene patentnim zatvara\u010dem za sigurnu pohranu. Veliki bo\u010dni d\u017eepovi zatvoreni preklopom i \u010di\u010dkom pru\u017eaju dodatnu funkcionalnost, dok bo\u010dni zatvara\u010d na lijevom duplom d\u017eepu omogu\u0107ava jo\u0161 prakti\u010dniji pristup. Za dodatnu izdr\u017eljivost, hla\u010de imaju poja\u010danja na koljenima, a podesiva vezica na dnu nogavice omogu\u0107ava prilagodbu du\u017eine. Unutarnja silikonska traka na dnu odje\u0107e sprje\u010dava pomicanje i pove\u0107ava udobnost.<\/p>\n<p class=\"western\">Dodatno, ove vodoodbojne medicinske hla\u010de imaju maksimalnu vodoodbojnost s ISO 5 indeksom vla\u017eenja i fiksiranje fluorougljikom, \u0161to ih \u010dini otpornima na povr\u0161insko vla\u017eenje. Za potpunu funkcionalnost, uz hla\u010de je dostupna i Energy jakna u kompletu.<\/p>\n<p class=\"western\">Idealne su za hitne medicinske slu\u017ebe, sanitet i zahtjevne radne uvjete.<\/p>","protected":false},"featured_media":8131,"template":"","meta":[],"product_brand":[],"product_cat":[127],"product_tag":[],"class_list":{"0":"post-8129","1":"product","2":"type-product","3":"status-publish","4":"has-post-thumbnail","6":"product_cat-medicinska-odjeca","8":"first","9":"instock","10":"taxable","11":"shipping-taxable","12":"purchasable","13":"product-type-variable"},"yoast_head":"<!-- This site is optimized with the Yoast SEO plugin v27.4 - https:\/\/yoast.com\/product\/yoast-seo-wordpress\/ -->\n<title>Hla\u010de za hitnu medicinsku pomo\u0107 i sanitet Energy - RADNA ODJE\u0106A<\/title>\n<meta name=\"robots\" content=\"index, follow, max-snippet:-1, max-image-preview:large, max-video-preview:-1\" \/>\n<link rel=\"canonical\" href=\"https:\/\/shop.radna-odjeca.com\/en\/product\/hlace-za-hitnu-medicinsku-pomoc-i-sanitet-energy\/\" \/>\n<meta property=\"og:locale\" content=\"en_GB\" \/>\n<meta property=\"og:type\" content=\"article\" \/>\n<meta property=\"og:title\" content=\"Hla\u010de za hitnu medicinsku pomo\u0107 i sanitet Energy - RADNA ODJE\u0106A\" \/>\n<meta property=\"og:description\" content=\"Sastav: 60% pamuk, 40% poliester Materijal: 245g\/m2 Uskla\u0111eno s normom EN ISO 4920:2013 Hla\u010de Energy su specijalizirane medicinske hla\u010de visoke vidljivosti dizajnirane za djelatnike hitne medicinske pomo\u0107i i sanitetske slu\u017ebe. Izra\u0111ene od visokokvalitetne tkanine, ove hla\u010de visoke vidljivosti osiguravaju sigurnost i prepoznatljivost, a karakteriziraju ih reflektiraju\u0107e trake zavarene toplinom, kontrastni i fluorescentni detalji, koji jam\u010de maksimalnu vidljivost u svim uvjetima. Sadr\u017ee otvaranje patentnim zatvara\u010dem na \u0161licu i kop\u010danje u struku, iznad \u0161lica na druker. Elasti\u010dni struk za jednostavno pode\u0161avanje i 5 \u0161lingica okolo struka za remen. Bo\u010dne i stra\u017enje d\u017eepove zatvorene patentnim zatvara\u010dem za sigurnu pohranu. Veliki bo\u010dni d\u017eepovi zatvoreni preklopom i \u010di\u010dkom pru\u017eaju dodatnu funkcionalnost, dok bo\u010dni zatvara\u010d na lijevom duplom d\u017eepu omogu\u0107ava jo\u0161 prakti\u010dniji pristup. Za dodatnu izdr\u017eljivost, hla\u010de imaju poja\u010danja na koljenima, a podesiva vezica na dnu nogavice omogu\u0107ava prilagodbu du\u017eine. Unutarnja silikonska traka na dnu odje\u0107e sprje\u010dava pomicanje i pove\u0107ava udobnost. Dodatno, ove vodoodbojne medicinske hla\u010de imaju maksimalnu vodoodbojnost s ISO 5 indeksom vla\u017eenja i fiksiranje fluorougljikom, \u0161to ih \u010dini otpornima na povr\u0161insko vla\u017eenje. Za potpunu funkcionalnost, uz hla\u010de je dostupna i Energy jakna u kompletu. Idealne su za hitne medicinske slu\u017ebe, sanitet i zahtjevne radne uvjete.\" \/>\n<meta property=\"og:url\" content=\"https:\/\/shop.radna-odjeca.com\/en\/product\/hlace-za-hitnu-medicinsku-pomoc-i-sanitet-energy\/\" \/>\n<meta property=\"og:site_name\" content=\"RADNA ODJE\u0106A\" \/>\n<meta property=\"article:modified_time\" content=\"2025-03-31T13:13:30+00:00\" \/>\n<meta property=\"og:image\" content=\"https:\/\/shop.radna-odjeca.com\/wp-content\/uploads\/2025\/02\/hlace-Energyy.jpg\" \/>\n\t<meta property=\"og:image:width\" content=\"1680\" \/>\n\t<meta property=\"og:image:height\" content=\"1939\" \/>\n\t<meta property=\"og:image:type\" content=\"image\/jpeg\" \/>\n<meta name=\"twitter:card\" content=\"summary_large_image\" \/>\n<meta name=\"twitter:label1\" content=\"Estimated reading time\" \/>\n\t<meta name=\"twitter:data1\" content=\"2 minutes\" \/>\n<script type=\"application\/ld+json\" class=\"yoast-schema-graph\">{\"@context\":\"https:\\\/\\\/schema.org\",\"@graph\":[{\"@type\":\"WebPage\",\"@id\":\"https:\\\/\\\/shop.radna-odjeca.com\\\/product\\\/hlace-za-hitnu-medicinsku-pomoc-i-sanitet-energy\\\/\",\"url\":\"https:\\\/\\\/shop.radna-odjeca.com\\\/product\\\/hlace-za-hitnu-medicinsku-pomoc-i-sanitet-energy\\\/\",\"name\":\"Hla\u010de za hitnu medicinsku pomo\u0107 i sanitet Energy - RADNA ODJE\u0106A\",\"isPartOf\":{\"@id\":\"https:\\\/\\\/shop.radna-odjeca.com\\\/#website\"},\"primaryImageOfPage\":{\"@id\":\"https:\\\/\\\/shop.radna-odjeca.com\\\/product\\\/hlace-za-hitnu-medicinsku-pomoc-i-sanitet-energy\\\/#primaryimage\"},\"image\":{\"@id\":\"https:\\\/\\\/shop.radna-odjeca.com\\\/product\\\/hlace-za-hitnu-medicinsku-pomoc-i-sanitet-energy\\\/#primaryimage\"},\"thumbnailUrl\":\"https:\\\/\\\/shop.radna-odjeca.com\\\/wp-content\\\/uploads\\\/2025\\\/02\\\/hlace-Energyy.jpg\",\"datePublished\":\"2025-02-25T13:03:28+00:00\",\"dateModified\":\"2025-03-31T13:13:30+00:00\",\"breadcrumb\":{\"@id\":\"https:\\\/\\\/shop.radna-odjeca.com\\\/product\\\/hlace-za-hitnu-medicinsku-pomoc-i-sanitet-energy\\\/#breadcrumb\"},\"inLanguage\":\"en-GB\",\"potentialAction\":[{\"@type\":\"ReadAction\",\"target\":[\"https:\\\/\\\/shop.radna-odjeca.com\\\/product\\\/hlace-za-hitnu-medicinsku-pomoc-i-sanitet-energy\\\/\"]}]},{\"@type\":\"ImageObject\",\"inLanguage\":\"en-GB\",\"@id\":\"https:\\\/\\\/shop.radna-odjeca.com\\\/product\\\/hlace-za-hitnu-medicinsku-pomoc-i-sanitet-energy\\\/#primaryimage\",\"url\":\"https:\\\/\\\/shop.radna-odjeca.com\\\/wp-content\\\/uploads\\\/2025\\\/02\\\/hlace-Energyy.jpg\",\"contentUrl\":\"https:\\\/\\\/shop.radna-odjeca.com\\\/wp-content\\\/uploads\\\/2025\\\/02\\\/hlace-Energyy.jpg\",\"width\":1680,\"height\":1939},{\"@type\":\"BreadcrumbList\",\"@id\":\"https:\\\/\\\/shop.radna-odjeca.com\\\/product\\\/hlace-za-hitnu-medicinsku-pomoc-i-sanitet-energy\\\/#breadcrumb\",\"itemListElement\":[{\"@type\":\"ListItem\",\"position\":1,\"name\":\"Po\u010detna stranica\",\"item\":\"https:\\\/\\\/shop.radna-odjeca.com\\\/\"},{\"@type\":\"ListItem\",\"position\":2,\"name\":\"Trgovina\",\"item\":\"https:\\\/\\\/shop.radna-odjeca.com\\\/trgovina\\\/\"},{\"@type\":\"ListItem\",\"position\":3,\"name\":\"Hla\u010de za hitnu medicinsku pomo\u0107 i sanitet Energy\"}]},{\"@type\":\"WebSite\",\"@id\":\"https:\\\/\\\/shop.radna-odjeca.com\\\/#website\",\"url\":\"https:\\\/\\\/shop.radna-odjeca.com\\\/\",\"name\":\"Jezerinac Webshop\",\"description\":\"RADNA ODJE\u0106A VISOKE KVALITETE\",\"publisher\":{\"@id\":\"https:\\\/\\\/shop.radna-odjeca.com\\\/#organization\"},\"potentialAction\":[{\"@type\":\"SearchAction\",\"target\":{\"@type\":\"EntryPoint\",\"urlTemplate\":\"https:\\\/\\\/shop.radna-odjeca.com\\\/?s={search_term_string}\"},\"query-input\":{\"@type\":\"PropertyValueSpecification\",\"valueRequired\":true,\"valueName\":\"search_term_string\"}}],\"inLanguage\":\"en-GB\"},{\"@type\":\"Organization\",\"@id\":\"https:\\\/\\\/shop.radna-odjeca.com\\\/#organization\",\"name\":\"JEZERINAC Radna odje\u0107a\",\"url\":\"https:\\\/\\\/shop.radna-odjeca.com\\\/\",\"logo\":{\"@type\":\"ImageObject\",\"inLanguage\":\"en-GB\",\"@id\":\"https:\\\/\\\/shop.radna-odjeca.com\\\/#\\\/schema\\\/logo\\\/image\\\/\",\"url\":\"https:\\\/\\\/shop.radna-odjeca.com\\\/wp-content\\\/uploads\\\/2020\\\/04\\\/logo.png\",\"contentUrl\":\"https:\\\/\\\/shop.radna-odjeca.com\\\/wp-content\\\/uploads\\\/2020\\\/04\\\/logo.png\",\"width\":254,\"height\":68,\"caption\":\"JEZERINAC Radna odje\u0107a\"},\"image\":{\"@id\":\"https:\\\/\\\/shop.radna-odjeca.com\\\/#\\\/schema\\\/logo\\\/image\\\/\"}}]}<\/script>\n<!-- \/ Yoast SEO plugin. -->","yoast_head_json":{"title":"Hla\u010de za hitnu medicinsku pomo\u0107 i sanitet Energy - RADNA ODJE\u0106A","robots":{"index":"index","follow":"follow","max-snippet":"max-snippet:-1","max-image-preview":"max-image-preview:large","max-video-preview":"max-video-preview:-1"},"canonical":"https:\/\/shop.radna-odjeca.com\/en\/product\/hlace-za-hitnu-medicinsku-pomoc-i-sanitet-energy\/","og_locale":"en_GB","og_type":"article","og_title":"Hla\u010de za hitnu medicinsku pomo\u0107 i sanitet Energy - RADNA ODJE\u0106A","og_description":"Sastav: 60% pamuk, 40% poliester Materijal: 245g\/m2 Uskla\u0111eno s normom EN ISO 4920:2013 Hla\u010de Energy su specijalizirane medicinske hla\u010de visoke vidljivosti dizajnirane za djelatnike hitne medicinske pomo\u0107i i sanitetske slu\u017ebe. Izra\u0111ene od visokokvalitetne tkanine, ove hla\u010de visoke vidljivosti osiguravaju sigurnost i prepoznatljivost, a karakteriziraju ih reflektiraju\u0107e trake zavarene toplinom, kontrastni i fluorescentni detalji, koji jam\u010de maksimalnu vidljivost u svim uvjetima. Sadr\u017ee otvaranje patentnim zatvara\u010dem na \u0161licu i kop\u010danje u struku, iznad \u0161lica na druker. Elasti\u010dni struk za jednostavno pode\u0161avanje i 5 \u0161lingica okolo struka za remen. Bo\u010dne i stra\u017enje d\u017eepove zatvorene patentnim zatvara\u010dem za sigurnu pohranu. Veliki bo\u010dni d\u017eepovi zatvoreni preklopom i \u010di\u010dkom pru\u017eaju dodatnu funkcionalnost, dok bo\u010dni zatvara\u010d na lijevom duplom d\u017eepu omogu\u0107ava jo\u0161 prakti\u010dniji pristup. Za dodatnu izdr\u017eljivost, hla\u010de imaju poja\u010danja na koljenima, a podesiva vezica na dnu nogavice omogu\u0107ava prilagodbu du\u017eine. Unutarnja silikonska traka na dnu odje\u0107e sprje\u010dava pomicanje i pove\u0107ava udobnost. Dodatno, ove vodoodbojne medicinske hla\u010de imaju maksimalnu vodoodbojnost s ISO 5 indeksom vla\u017eenja i fiksiranje fluorougljikom, \u0161to ih \u010dini otpornima na povr\u0161insko vla\u017eenje. Za potpunu funkcionalnost, uz hla\u010de je dostupna i Energy jakna u kompletu. Idealne su za hitne medicinske slu\u017ebe, sanitet i zahtjevne radne uvjete.","og_url":"https:\/\/shop.radna-odjeca.com\/en\/product\/hlace-za-hitnu-medicinsku-pomoc-i-sanitet-energy\/","og_site_name":"RADNA ODJE\u0106A","article_modified_time":"2025-03-31T13:13:30+00:00","og_image":[{"width":1680,"height":1939,"url":"https:\/\/shop.radna-odjeca.com\/wp-content\/uploads\/2025\/02\/hlace-Energyy.jpg","type":"image\/jpeg"}],"twitter_card":"summary_large_image","twitter_misc":{"Estimated reading time":"2 minutes"},"schema":{"@context":"https:\/\/schema.org","@graph":[{"@type":"WebPage","@id":"https:\/\/shop.radna-odjeca.com\/product\/hlace-za-hitnu-medicinsku-pomoc-i-sanitet-energy\/","url":"https:\/\/shop.radna-odjeca.com\/product\/hlace-za-hitnu-medicinsku-pomoc-i-sanitet-energy\/","name":"Hla\u010de za hitnu medicinsku pomo\u0107 i sanitet Energy - RADNA ODJE\u0106A","isPartOf":{"@id":"https:\/\/shop.radna-odjeca.com\/#website"},"primaryImageOfPage":{"@id":"https:\/\/shop.radna-odjeca.com\/product\/hlace-za-hitnu-medicinsku-pomoc-i-sanitet-energy\/#primaryimage"},"image":{"@id":"https:\/\/shop.radna-odjeca.com\/product\/hlace-za-hitnu-medicinsku-pomoc-i-sanitet-energy\/#primaryimage"},"thumbnailUrl":"https:\/\/shop.radna-odjeca.com\/wp-content\/uploads\/2025\/02\/hlace-Energyy.jpg","datePublished":"2025-02-25T13:03:28+00:00","dateModified":"2025-03-31T13:13:30+00:00","breadcrumb":{"@id":"https:\/\/shop.radna-odjeca.com\/product\/hlace-za-hitnu-medicinsku-pomoc-i-sanitet-energy\/#breadcrumb"},"inLanguage":"en-GB","potentialAction":[{"@type":"ReadAction","target":["https:\/\/shop.radna-odjeca.com\/product\/hlace-za-hitnu-medicinsku-pomoc-i-sanitet-energy\/"]}]},{"@type":"ImageObject","inLanguage":"en-GB","@id":"https:\/\/shop.radna-odjeca.com\/product\/hlace-za-hitnu-medicinsku-pomoc-i-sanitet-energy\/#primaryimage","url":"https:\/\/shop.radna-odjeca.com\/wp-content\/uploads\/2025\/02\/hlace-Energyy.jpg","contentUrl":"https:\/\/shop.radna-odjeca.com\/wp-content\/uploads\/2025\/02\/hlace-Energyy.jpg","width":1680,"height":1939},{"@type":"BreadcrumbList","@id":"https:\/\/shop.radna-odjeca.com\/product\/hlace-za-hitnu-medicinsku-pomoc-i-sanitet-energy\/#breadcrumb","itemListElement":[{"@type":"ListItem","position":1,"name":"Po\u010detna stranica","item":"https:\/\/shop.radna-odjeca.com\/"},{"@type":"ListItem","position":2,"name":"Trgovina","item":"https:\/\/shop.radna-odjeca.com\/trgovina\/"},{"@type":"ListItem","position":3,"name":"Hla\u010de za hitnu medicinsku pomo\u0107 i sanitet Energy"}]},{"@type":"WebSite","@id":"https:\/\/shop.radna-odjeca.com\/#website","url":"https:\/\/shop.radna-odjeca.com\/","name":"Jezerinac Webshop","description":"RADNA ODJE\u0106A VISOKE KVALITETE","publisher":{"@id":"https:\/\/shop.radna-odjeca.com\/#organization"},"potentialAction":[{"@type":"SearchAction","target":{"@type":"EntryPoint","urlTemplate":"https:\/\/shop.radna-odjeca.com\/?s={search_term_string}"},"query-input":{"@type":"PropertyValueSpecification","valueRequired":true,"valueName":"search_term_string"}}],"inLanguage":"en-GB"},{"@type":"Organization","@id":"https:\/\/shop.radna-odjeca.com\/#organization","name":"JEZERINAC Radna odje\u0107a","url":"https:\/\/shop.radna-odjeca.com\/","logo":{"@type":"ImageObject","inLanguage":"en-GB","@id":"https:\/\/shop.radna-odjeca.com\/#\/schema\/logo\/image\/","url":"https:\/\/shop.radna-odjeca.com\/wp-content\/uploads\/2020\/04\/logo.png","contentUrl":"https:\/\/shop.radna-odjeca.com\/wp-content\/uploads\/2020\/04\/logo.png","width":254,"height":68,"caption":"JEZERINAC Radna odje\u0107a"},"image":{"@id":"https:\/\/shop.radna-odjeca.com\/#\/schema\/logo\/image\/"}}]}},"_links":{"self":[{"href":"https:\/\/shop.radna-odjeca.com\/en\/wp-json\/wp\/v2\/product\/8129","targetHints":{"allow":["GET"]}}],"collection":[{"href":"https:\/\/shop.radna-odjeca.com\/en\/wp-json\/wp\/v2\/product"}],"about":[{"href":"https:\/\/shop.radna-odjeca.com\/en\/wp-json\/wp\/v2\/types\/product"}],"wp:featuredmedia":[{"embeddable":true,"href":"https:\/\/shop.radna-odjeca.com\/en\/wp-json\/wp\/v2\/media\/8131"}],"wp:attachment":[{"href":"https:\/\/shop.radna-odjeca.com\/en\/wp-json\/wp\/v2\/media?parent=8129"}],"wp:term":[{"taxonomy":"product_brand","embeddable":true,"href":"https:\/\/shop.radna-odjeca.com\/en\/wp-json\/wp\/v2\/product_brand?post=8129"},{"taxonomy":"product_cat","embeddable":true,"href":"https:\/\/shop.radna-odjeca.com\/en\/wp-json\/wp\/v2\/product_cat?post=8129"},{"taxonomy":"product_tag","embeddable":true,"href":"https:\/\/shop.radna-odjeca.com\/en\/wp-json\/wp\/v2\/product_tag?post=8129"}],"curies":[{"name":"wp","href":"https:\/\/api.w.org\/{rel}","templated":true}]}}