{"id":7983,"date":"2024-10-17T05:50:11","date_gmt":"2024-10-17T05:50:11","guid":{"rendered":"https:\/\/shop.radna-odjeca.com\/?post_type=product&#038;p=7983"},"modified":"2025-04-03T08:43:18","modified_gmt":"2025-04-03T08:43:18","slug":"kapa-hunter-hv","status":"publish","type":"product","link":"https:\/\/shop.radna-odjeca.com\/en\/product\/kapa-hunter-hv\/","title":{"rendered":"Lova\u010dka kapa Hunter HV"},"content":{"rendered":"<p class=\"western\">Sastav: 65% poliester, 35% pamuk<br \/>\nVodoodbojna tkanina.<br \/>\n\u0160ilt du\u017eine 7 cm.<br \/>\nGornji dio kape u naran\u010dastoj boji visoke vidljivosti.<br \/>\nVeli\u010dina: univerzalna, regulira se pomo\u0107u \u010di\u010dak trake.<br \/>\nVlastita proizvodnja.<\/p>\n<p class=\"western\">Ova <b>lova\u010dka kapa<\/b> visoke vidljivosti savr\u0161en je izbor za sve lovce koji \u017eele kombinirati udobnost, funkcionalnost i sigurnost. Vodoodbojna tkanina \u0161titi vas od vlage, dok naran\u010dasta boja visoke vidljivosti osigurava vidljivost u svim uvjetima. \u0160ilt du\u017eine 7 cm pru\u017ea dodatnu za\u0161titu od sunca ili ki\u0161e da ne udara direktno u o\u010di, a univerzalna veli\u010dina koja se mo\u017ee prilagoditi pomo\u0107u \u010di\u010dak trake omogu\u0107ava savr\u0161eno prijanjanje. Sa desne strane kape nalazi zakva\u010dak koji slu\u017ei za prikva\u010diti gran\u010dicu plijena. Proizvedena vlastitim procesom proizvodnje, ova <b>lova\u010dka kapa<\/b> dostupna je za maloprodaju i veleprodaju a po narud\u017ebi za ve\u0107e koli\u010dine se mo\u017ee izraditi i sa drugim motivom ili grbom lova\u010dkog dru\u0161tva.<\/p>\n<p class=\"western\">Idealna za lov i aktivnosti na otvorenom!<\/p>","protected":false},"excerpt":{"rendered":"<p class=\"western\">Sastav: 65% poliester, 35% pamuk<br \/>\nVodoodbojna tkanina.<br \/>\n\u0160ilt du\u017eine 7 cm.<br \/>\nGornji dio kape u naran\u010dastoj boji visoke vidljivosti.<br \/>\nVeli\u010dina: univerzalna, regulira se pomo\u0107u \u010di\u010dak trake.<br \/>\nVlastita proizvodnja.<\/p>\n<p class=\"western\">Ova <b>lova\u010dka kapa<\/b> visoke vidljivosti savr\u0161en je izbor za sve lovce koji \u017eele kombinirati udobnost, funkcionalnost i sigurnost. Vodoodbojna tkanina \u0161titi vas od vlage, dok naran\u010dasta boja visoke vidljivosti osigurava vidljivost u svim uvjetima. \u0160ilt du\u017eine 7 cm pru\u017ea dodatnu za\u0161titu od sunca ili ki\u0161e da ne udara direktno u o\u010di, a univerzalna veli\u010dina koja se mo\u017ee prilagoditi pomo\u0107u \u010di\u010dak trake omogu\u0107ava savr\u0161eno prijanjanje. Sa desne strane kape nalazi zakva\u010dak koji slu\u017ei za prikva\u010diti gran\u010dicu plijena. Proizvedena vlastitim procesom proizvodnje, ova <b>lova\u010dka kapa<\/b> dostupna je za maloprodaju i veleprodaju a po narud\u017ebi za ve\u0107e koli\u010dine se mo\u017ee izraditi i sa drugim motivom ili grbom lova\u010dkog dru\u0161tva.<\/p>\n<p class=\"western\">Idealna za lov i aktivnosti na otvorenom!<\/p>","protected":false},"featured_media":8317,"template":"","meta":[],"product_brand":[],"product_cat":[64,147,161,15],"product_tag":[],"class_list":{"0":"post-7983","1":"product","2":"type-product","3":"status-publish","4":"has-post-thumbnail","6":"product_cat-kape-i-sesiri","7":"product_cat-odjeca-visoke-vidljivosti","8":"product_cat-odjeca-za-slobodno-vrijeme","9":"product_cat-ostalo","11":"first","12":"instock","13":"taxable","14":"shipping-taxable","15":"purchasable","16":"product-type-simple"},"yoast_head":"<!-- This site is optimized with the Yoast SEO plugin v27.5 - https:\/\/yoast.com\/product\/yoast-seo-wordpress\/ -->\n<title>Lova\u010dka kapa Hunter HV - RADNA ODJE\u0106A<\/title>\n<meta name=\"robots\" content=\"index, follow, max-snippet:-1, max-image-preview:large, max-video-preview:-1\" \/>\n<link rel=\"canonical\" href=\"https:\/\/shop.radna-odjeca.com\/en\/product\/kapa-hunter-hv\/\" \/>\n<meta property=\"og:locale\" content=\"en_GB\" \/>\n<meta property=\"og:type\" content=\"article\" \/>\n<meta property=\"og:title\" content=\"Lova\u010dka kapa Hunter HV - RADNA ODJE\u0106A\" \/>\n<meta property=\"og:description\" content=\"Sastav: 65% poliester, 35% pamuk Vodoodbojna tkanina. \u0160ilt du\u017eine 7 cm. Gornji dio kape u naran\u010dastoj boji visoke vidljivosti. Veli\u010dina: univerzalna, regulira se pomo\u0107u \u010di\u010dak trake. Vlastita proizvodnja. Ova lova\u010dka kapa visoke vidljivosti savr\u0161en je izbor za sve lovce koji \u017eele kombinirati udobnost, funkcionalnost i sigurnost. Vodoodbojna tkanina \u0161titi vas od vlage, dok naran\u010dasta boja visoke vidljivosti osigurava vidljivost u svim uvjetima. \u0160ilt du\u017eine 7 cm pru\u017ea dodatnu za\u0161titu od sunca ili ki\u0161e da ne udara direktno u o\u010di, a univerzalna veli\u010dina koja se mo\u017ee prilagoditi pomo\u0107u \u010di\u010dak trake omogu\u0107ava savr\u0161eno prijanjanje. Sa desne strane kape nalazi zakva\u010dak koji slu\u017ei za prikva\u010diti gran\u010dicu plijena. Proizvedena vlastitim procesom proizvodnje, ova lova\u010dka kapa dostupna je za maloprodaju i veleprodaju a po narud\u017ebi za ve\u0107e koli\u010dine se mo\u017ee izraditi i sa drugim motivom ili grbom lova\u010dkog dru\u0161tva. Idealna za lov i aktivnosti na otvorenom!\" \/>\n<meta property=\"og:url\" content=\"https:\/\/shop.radna-odjeca.com\/en\/product\/kapa-hunter-hv\/\" \/>\n<meta property=\"og:site_name\" content=\"RADNA ODJE\u0106A\" \/>\n<meta property=\"article:modified_time\" content=\"2025-04-03T08:43:18+00:00\" \/>\n<meta property=\"og:image\" content=\"https:\/\/shop.radna-odjeca.com\/wp-content\/uploads\/2024\/10\/lovacka-kapa-hunter-hv-1-scaled-1.jpg\" \/>\n\t<meta property=\"og:image:width\" content=\"1707\" \/>\n\t<meta property=\"og:image:height\" content=\"1286\" \/>\n\t<meta property=\"og:image:type\" content=\"image\/jpeg\" \/>\n<meta name=\"twitter:card\" content=\"summary_large_image\" \/>\n<meta name=\"twitter:label1\" content=\"Estimated reading time\" \/>\n\t<meta name=\"twitter:data1\" content=\"1 minute\" \/>\n<script type=\"application\/ld+json\" class=\"yoast-schema-graph\">{\"@context\":\"https:\\\/\\\/schema.org\",\"@graph\":[{\"@type\":\"WebPage\",\"@id\":\"https:\\\/\\\/shop.radna-odjeca.com\\\/product\\\/kapa-hunter-hv\\\/\",\"url\":\"https:\\\/\\\/shop.radna-odjeca.com\\\/product\\\/kapa-hunter-hv\\\/\",\"name\":\"Lova\u010dka kapa Hunter HV - RADNA ODJE\u0106A\",\"isPartOf\":{\"@id\":\"https:\\\/\\\/shop.radna-odjeca.com\\\/#website\"},\"primaryImageOfPage\":{\"@id\":\"https:\\\/\\\/shop.radna-odjeca.com\\\/product\\\/kapa-hunter-hv\\\/#primaryimage\"},\"image\":{\"@id\":\"https:\\\/\\\/shop.radna-odjeca.com\\\/product\\\/kapa-hunter-hv\\\/#primaryimage\"},\"thumbnailUrl\":\"https:\\\/\\\/shop.radna-odjeca.com\\\/wp-content\\\/uploads\\\/2024\\\/10\\\/lovacka-kapa-hunter-hv-1-scaled-1.jpg\",\"datePublished\":\"2024-10-17T05:50:11+00:00\",\"dateModified\":\"2025-04-03T08:43:18+00:00\",\"breadcrumb\":{\"@id\":\"https:\\\/\\\/shop.radna-odjeca.com\\\/product\\\/kapa-hunter-hv\\\/#breadcrumb\"},\"inLanguage\":\"en-GB\",\"potentialAction\":[{\"@type\":\"ReadAction\",\"target\":[\"https:\\\/\\\/shop.radna-odjeca.com\\\/product\\\/kapa-hunter-hv\\\/\"]}]},{\"@type\":\"ImageObject\",\"inLanguage\":\"en-GB\",\"@id\":\"https:\\\/\\\/shop.radna-odjeca.com\\\/product\\\/kapa-hunter-hv\\\/#primaryimage\",\"url\":\"https:\\\/\\\/shop.radna-odjeca.com\\\/wp-content\\\/uploads\\\/2024\\\/10\\\/lovacka-kapa-hunter-hv-1-scaled-1.jpg\",\"contentUrl\":\"https:\\\/\\\/shop.radna-odjeca.com\\\/wp-content\\\/uploads\\\/2024\\\/10\\\/lovacka-kapa-hunter-hv-1-scaled-1.jpg\",\"width\":1707,\"height\":1286,\"caption\":\"Lova\u010dka kapa Hunter HV za lovce\"},{\"@type\":\"BreadcrumbList\",\"@id\":\"https:\\\/\\\/shop.radna-odjeca.com\\\/product\\\/kapa-hunter-hv\\\/#breadcrumb\",\"itemListElement\":[{\"@type\":\"ListItem\",\"position\":1,\"name\":\"Po\u010detna stranica\",\"item\":\"https:\\\/\\\/shop.radna-odjeca.com\\\/\"},{\"@type\":\"ListItem\",\"position\":2,\"name\":\"Trgovina\",\"item\":\"https:\\\/\\\/shop.radna-odjeca.com\\\/trgovina\\\/\"},{\"@type\":\"ListItem\",\"position\":3,\"name\":\"Lova\u010dka kapa Hunter HV\"}]},{\"@type\":\"WebSite\",\"@id\":\"https:\\\/\\\/shop.radna-odjeca.com\\\/#website\",\"url\":\"https:\\\/\\\/shop.radna-odjeca.com\\\/\",\"name\":\"Jezerinac Webshop\",\"description\":\"RADNA ODJE\u0106A VISOKE KVALITETE\",\"publisher\":{\"@id\":\"https:\\\/\\\/shop.radna-odjeca.com\\\/#organization\"},\"potentialAction\":[{\"@type\":\"SearchAction\",\"target\":{\"@type\":\"EntryPoint\",\"urlTemplate\":\"https:\\\/\\\/shop.radna-odjeca.com\\\/?s={search_term_string}\"},\"query-input\":{\"@type\":\"PropertyValueSpecification\",\"valueRequired\":true,\"valueName\":\"search_term_string\"}}],\"inLanguage\":\"en-GB\"},{\"@type\":\"Organization\",\"@id\":\"https:\\\/\\\/shop.radna-odjeca.com\\\/#organization\",\"name\":\"JEZERINAC Radna odje\u0107a\",\"url\":\"https:\\\/\\\/shop.radna-odjeca.com\\\/\",\"logo\":{\"@type\":\"ImageObject\",\"inLanguage\":\"en-GB\",\"@id\":\"https:\\\/\\\/shop.radna-odjeca.com\\\/#\\\/schema\\\/logo\\\/image\\\/\",\"url\":\"https:\\\/\\\/shop.radna-odjeca.com\\\/wp-content\\\/uploads\\\/2020\\\/04\\\/logo.png\",\"contentUrl\":\"https:\\\/\\\/shop.radna-odjeca.com\\\/wp-content\\\/uploads\\\/2020\\\/04\\\/logo.png\",\"width\":254,\"height\":68,\"caption\":\"JEZERINAC Radna odje\u0107a\"},\"image\":{\"@id\":\"https:\\\/\\\/shop.radna-odjeca.com\\\/#\\\/schema\\\/logo\\\/image\\\/\"}}]}<\/script>\n<!-- \/ Yoast SEO plugin. -->","yoast_head_json":{"title":"Lova\u010dka kapa Hunter HV - RADNA ODJE\u0106A","robots":{"index":"index","follow":"follow","max-snippet":"max-snippet:-1","max-image-preview":"max-image-preview:large","max-video-preview":"max-video-preview:-1"},"canonical":"https:\/\/shop.radna-odjeca.com\/en\/product\/kapa-hunter-hv\/","og_locale":"en_GB","og_type":"article","og_title":"Lova\u010dka kapa Hunter HV - RADNA ODJE\u0106A","og_description":"Sastav: 65% poliester, 35% pamuk Vodoodbojna tkanina. \u0160ilt du\u017eine 7 cm. Gornji dio kape u naran\u010dastoj boji visoke vidljivosti. Veli\u010dina: univerzalna, regulira se pomo\u0107u \u010di\u010dak trake. Vlastita proizvodnja. Ova lova\u010dka kapa visoke vidljivosti savr\u0161en je izbor za sve lovce koji \u017eele kombinirati udobnost, funkcionalnost i sigurnost. Vodoodbojna tkanina \u0161titi vas od vlage, dok naran\u010dasta boja visoke vidljivosti osigurava vidljivost u svim uvjetima. \u0160ilt du\u017eine 7 cm pru\u017ea dodatnu za\u0161titu od sunca ili ki\u0161e da ne udara direktno u o\u010di, a univerzalna veli\u010dina koja se mo\u017ee prilagoditi pomo\u0107u \u010di\u010dak trake omogu\u0107ava savr\u0161eno prijanjanje. Sa desne strane kape nalazi zakva\u010dak koji slu\u017ei za prikva\u010diti gran\u010dicu plijena. Proizvedena vlastitim procesom proizvodnje, ova lova\u010dka kapa dostupna je za maloprodaju i veleprodaju a po narud\u017ebi za ve\u0107e koli\u010dine se mo\u017ee izraditi i sa drugim motivom ili grbom lova\u010dkog dru\u0161tva. Idealna za lov i aktivnosti na otvorenom!","og_url":"https:\/\/shop.radna-odjeca.com\/en\/product\/kapa-hunter-hv\/","og_site_name":"RADNA ODJE\u0106A","article_modified_time":"2025-04-03T08:43:18+00:00","og_image":[{"width":1707,"height":1286,"url":"https:\/\/shop.radna-odjeca.com\/wp-content\/uploads\/2024\/10\/lovacka-kapa-hunter-hv-1-scaled-1.jpg","type":"image\/jpeg"}],"twitter_card":"summary_large_image","twitter_misc":{"Estimated reading time":"1 minute"},"schema":{"@context":"https:\/\/schema.org","@graph":[{"@type":"WebPage","@id":"https:\/\/shop.radna-odjeca.com\/product\/kapa-hunter-hv\/","url":"https:\/\/shop.radna-odjeca.com\/product\/kapa-hunter-hv\/","name":"Lova\u010dka kapa Hunter HV - RADNA ODJE\u0106A","isPartOf":{"@id":"https:\/\/shop.radna-odjeca.com\/#website"},"primaryImageOfPage":{"@id":"https:\/\/shop.radna-odjeca.com\/product\/kapa-hunter-hv\/#primaryimage"},"image":{"@id":"https:\/\/shop.radna-odjeca.com\/product\/kapa-hunter-hv\/#primaryimage"},"thumbnailUrl":"https:\/\/shop.radna-odjeca.com\/wp-content\/uploads\/2024\/10\/lovacka-kapa-hunter-hv-1-scaled-1.jpg","datePublished":"2024-10-17T05:50:11+00:00","dateModified":"2025-04-03T08:43:18+00:00","breadcrumb":{"@id":"https:\/\/shop.radna-odjeca.com\/product\/kapa-hunter-hv\/#breadcrumb"},"inLanguage":"en-GB","potentialAction":[{"@type":"ReadAction","target":["https:\/\/shop.radna-odjeca.com\/product\/kapa-hunter-hv\/"]}]},{"@type":"ImageObject","inLanguage":"en-GB","@id":"https:\/\/shop.radna-odjeca.com\/product\/kapa-hunter-hv\/#primaryimage","url":"https:\/\/shop.radna-odjeca.com\/wp-content\/uploads\/2024\/10\/lovacka-kapa-hunter-hv-1-scaled-1.jpg","contentUrl":"https:\/\/shop.radna-odjeca.com\/wp-content\/uploads\/2024\/10\/lovacka-kapa-hunter-hv-1-scaled-1.jpg","width":1707,"height":1286,"caption":"Lova\u010dka kapa Hunter HV za lovce"},{"@type":"BreadcrumbList","@id":"https:\/\/shop.radna-odjeca.com\/product\/kapa-hunter-hv\/#breadcrumb","itemListElement":[{"@type":"ListItem","position":1,"name":"Po\u010detna stranica","item":"https:\/\/shop.radna-odjeca.com\/"},{"@type":"ListItem","position":2,"name":"Trgovina","item":"https:\/\/shop.radna-odjeca.com\/trgovina\/"},{"@type":"ListItem","position":3,"name":"Lova\u010dka kapa Hunter HV"}]},{"@type":"WebSite","@id":"https:\/\/shop.radna-odjeca.com\/#website","url":"https:\/\/shop.radna-odjeca.com\/","name":"Jezerinac Webshop","description":"RADNA ODJE\u0106A VISOKE KVALITETE","publisher":{"@id":"https:\/\/shop.radna-odjeca.com\/#organization"},"potentialAction":[{"@type":"SearchAction","target":{"@type":"EntryPoint","urlTemplate":"https:\/\/shop.radna-odjeca.com\/?s={search_term_string}"},"query-input":{"@type":"PropertyValueSpecification","valueRequired":true,"valueName":"search_term_string"}}],"inLanguage":"en-GB"},{"@type":"Organization","@id":"https:\/\/shop.radna-odjeca.com\/#organization","name":"JEZERINAC Radna odje\u0107a","url":"https:\/\/shop.radna-odjeca.com\/","logo":{"@type":"ImageObject","inLanguage":"en-GB","@id":"https:\/\/shop.radna-odjeca.com\/#\/schema\/logo\/image\/","url":"https:\/\/shop.radna-odjeca.com\/wp-content\/uploads\/2020\/04\/logo.png","contentUrl":"https:\/\/shop.radna-odjeca.com\/wp-content\/uploads\/2020\/04\/logo.png","width":254,"height":68,"caption":"JEZERINAC Radna odje\u0107a"},"image":{"@id":"https:\/\/shop.radna-odjeca.com\/#\/schema\/logo\/image\/"}}]}},"_links":{"self":[{"href":"https:\/\/shop.radna-odjeca.com\/en\/wp-json\/wp\/v2\/product\/7983","targetHints":{"allow":["GET"]}}],"collection":[{"href":"https:\/\/shop.radna-odjeca.com\/en\/wp-json\/wp\/v2\/product"}],"about":[{"href":"https:\/\/shop.radna-odjeca.com\/en\/wp-json\/wp\/v2\/types\/product"}],"wp:featuredmedia":[{"embeddable":true,"href":"https:\/\/shop.radna-odjeca.com\/en\/wp-json\/wp\/v2\/media\/8317"}],"wp:attachment":[{"href":"https:\/\/shop.radna-odjeca.com\/en\/wp-json\/wp\/v2\/media?parent=7983"}],"wp:term":[{"taxonomy":"product_brand","embeddable":true,"href":"https:\/\/shop.radna-odjeca.com\/en\/wp-json\/wp\/v2\/product_brand?post=7983"},{"taxonomy":"product_cat","embeddable":true,"href":"https:\/\/shop.radna-odjeca.com\/en\/wp-json\/wp\/v2\/product_cat?post=7983"},{"taxonomy":"product_tag","embeddable":true,"href":"https:\/\/shop.radna-odjeca.com\/en\/wp-json\/wp\/v2\/product_tag?post=7983"}],"curies":[{"name":"wp","href":"https:\/\/api.w.org\/{rel}","templated":true}]}}