{"id":7427,"date":"2024-10-08T05:18:42","date_gmt":"2024-10-08T05:18:42","guid":{"rendered":"https:\/\/shop.radna-odjeca.com\/?post_type=product&#038;p=7427"},"modified":"2026-04-13T08:36:54","modified_gmt":"2026-04-13T08:36:54","slug":"majica-dugih-rukava-cape","status":"publish","type":"product","link":"https:\/\/shop.radna-odjeca.com\/en\/product\/majica-dugih-rukava-cape\/","title":{"rendered":"Majica dugih rukava Cape"},"content":{"rendered":"<p><span style=\"font-family: Arial, sans-serif;\"><span style=\"font-size: medium;\">Materijal: 65 % pamuk, 35 % poliester, 320g\/m2<\/span><\/span><\/p>\n<p><span style=\"font-family: Arial, sans-serif;\"><span style=\"font-size: medium;\">Ravan kroj s bo\u010dnim \u0161avovima, \u010de\u0161ljana unutarnja strana, kapulja\u010da s podstavom i vezicom za stezanje, unutra\u0161nja strana ovratnika sa trakom u boji gornjeg materijala na vratu, vanjski d\u017eep u stilu klokana, donji rub i man\u017eete od rebrastog pletiva s 5 % elastana, \u010dupavljena unutarnja strana, perivo na <\/span><span style=\"color: #000000;\"><span style=\"font-size: small;\">40 \u00b0C<\/span><\/span> .<\/span><\/p>","protected":false},"excerpt":{"rendered":"<p><span style=\"font-family: Arial, sans-serif;\"><span style=\"font-size: medium;\">Materijal: 65 % pamuk, 35 % poliester, 320g\/m2<\/span><\/span><\/p>\n<p><span style=\"font-family: Arial, sans-serif;\"><span style=\"font-size: medium;\">Ravan kroj s bo\u010dnim \u0161avovima, \u010de\u0161ljana unutarnja strana, kapulja\u010da s podstavom i vezicom za stezanje, unutra\u0161nja strana ovratnika sa trakom u boji gornjeg materijala na vratu, vanjski d\u017eep u stilu klokana, donji rub i man\u017eete od rebrastog pletiva s 5 % elastana, \u010dupavljena unutarnja strana, perivo na <\/span><span style=\"color: #000000;\"><span style=\"font-size: small;\">40 \u00b0C<\/span><\/span> .<\/span><\/p>","protected":false},"featured_media":7428,"template":"","meta":[],"product_brand":[],"product_cat":[159,161],"product_tag":[],"class_list":{"0":"post-7427","1":"product","2":"type-product","3":"status-publish","4":"has-post-thumbnail","6":"product_cat-majice-dugi-rukav","7":"product_cat-odjeca-za-slobodno-vrijeme","9":"first","10":"instock","11":"taxable","12":"shipping-taxable","13":"purchasable","14":"product-type-variable","15":"has-default-attributes"},"yoast_head":"<!-- This site is optimized with the Yoast SEO plugin v27.4 - https:\/\/yoast.com\/product\/yoast-seo-wordpress\/ -->\n<title>Majica dugih rukava Cape - RADNA ODJE\u0106A<\/title>\n<meta name=\"robots\" content=\"index, follow, max-snippet:-1, max-image-preview:large, max-video-preview:-1\" \/>\n<link rel=\"canonical\" href=\"https:\/\/shop.radna-odjeca.com\/en\/product\/majica-dugih-rukava-cape\/\" \/>\n<meta property=\"og:locale\" content=\"en_GB\" \/>\n<meta property=\"og:type\" content=\"article\" \/>\n<meta property=\"og:title\" content=\"Majica dugih rukava Cape - RADNA ODJE\u0106A\" \/>\n<meta property=\"og:description\" content=\"Materijal: 65 % pamuk, 35 % poliester, 320g\/m2  Ravan kroj s bo\u010dnim \u0161avovima, \u010de\u0161ljana unutarnja strana, kapulja\u010da s podstavom i vezicom za stezanje, unutra\u0161nja strana ovratnika sa trakom u boji gornjeg materijala na vratu, vanjski d\u017eep u stilu klokana, donji rub i man\u017eete od rebrastog pletiva s 5 % elastana, \u010dupavljena unutarnja strana, perivo na 40 \u00b0C .\" \/>\n<meta property=\"og:url\" content=\"https:\/\/shop.radna-odjeca.com\/en\/product\/majica-dugih-rukava-cape\/\" \/>\n<meta property=\"og:site_name\" content=\"RADNA ODJE\u0106A\" \/>\n<meta property=\"article:modified_time\" content=\"2026-04-13T08:36:54+00:00\" \/>\n<meta property=\"og:image\" content=\"https:\/\/shop.radna-odjeca.com\/wp-content\/uploads\/2024\/10\/zutaa-1.jpg\" \/>\n\t<meta property=\"og:image:width\" content=\"700\" \/>\n\t<meta property=\"og:image:height\" content=\"813\" \/>\n\t<meta property=\"og:image:type\" content=\"image\/jpeg\" \/>\n<meta name=\"twitter:card\" content=\"summary_large_image\" \/>\n<meta name=\"twitter:label1\" content=\"Estimated reading time\" \/>\n\t<meta name=\"twitter:data1\" content=\"1 minute\" \/>\n<script type=\"application\/ld+json\" class=\"yoast-schema-graph\">{\"@context\":\"https:\\\/\\\/schema.org\",\"@graph\":[{\"@type\":\"WebPage\",\"@id\":\"https:\\\/\\\/shop.radna-odjeca.com\\\/product\\\/majica-dugih-rukava-cape\\\/\",\"url\":\"https:\\\/\\\/shop.radna-odjeca.com\\\/product\\\/majica-dugih-rukava-cape\\\/\",\"name\":\"Majica dugih rukava Cape - RADNA ODJE\u0106A\",\"isPartOf\":{\"@id\":\"https:\\\/\\\/shop.radna-odjeca.com\\\/#website\"},\"primaryImageOfPage\":{\"@id\":\"https:\\\/\\\/shop.radna-odjeca.com\\\/product\\\/majica-dugih-rukava-cape\\\/#primaryimage\"},\"image\":{\"@id\":\"https:\\\/\\\/shop.radna-odjeca.com\\\/product\\\/majica-dugih-rukava-cape\\\/#primaryimage\"},\"thumbnailUrl\":\"https:\\\/\\\/shop.radna-odjeca.com\\\/wp-content\\\/uploads\\\/2024\\\/10\\\/zutaa-1.jpg\",\"datePublished\":\"2024-10-08T05:18:42+00:00\",\"dateModified\":\"2026-04-13T08:36:54+00:00\",\"breadcrumb\":{\"@id\":\"https:\\\/\\\/shop.radna-odjeca.com\\\/product\\\/majica-dugih-rukava-cape\\\/#breadcrumb\"},\"inLanguage\":\"en-GB\",\"potentialAction\":[{\"@type\":\"ReadAction\",\"target\":[\"https:\\\/\\\/shop.radna-odjeca.com\\\/product\\\/majica-dugih-rukava-cape\\\/\"]}]},{\"@type\":\"ImageObject\",\"inLanguage\":\"en-GB\",\"@id\":\"https:\\\/\\\/shop.radna-odjeca.com\\\/product\\\/majica-dugih-rukava-cape\\\/#primaryimage\",\"url\":\"https:\\\/\\\/shop.radna-odjeca.com\\\/wp-content\\\/uploads\\\/2024\\\/10\\\/zutaa-1.jpg\",\"contentUrl\":\"https:\\\/\\\/shop.radna-odjeca.com\\\/wp-content\\\/uploads\\\/2024\\\/10\\\/zutaa-1.jpg\",\"width\":700,\"height\":813},{\"@type\":\"BreadcrumbList\",\"@id\":\"https:\\\/\\\/shop.radna-odjeca.com\\\/product\\\/majica-dugih-rukava-cape\\\/#breadcrumb\",\"itemListElement\":[{\"@type\":\"ListItem\",\"position\":1,\"name\":\"Po\u010detna stranica\",\"item\":\"https:\\\/\\\/shop.radna-odjeca.com\\\/\"},{\"@type\":\"ListItem\",\"position\":2,\"name\":\"Trgovina\",\"item\":\"https:\\\/\\\/shop.radna-odjeca.com\\\/trgovina\\\/\"},{\"@type\":\"ListItem\",\"position\":3,\"name\":\"Majica dugih rukava Cape\"}]},{\"@type\":\"WebSite\",\"@id\":\"https:\\\/\\\/shop.radna-odjeca.com\\\/#website\",\"url\":\"https:\\\/\\\/shop.radna-odjeca.com\\\/\",\"name\":\"Jezerinac Webshop\",\"description\":\"RADNA ODJE\u0106A VISOKE KVALITETE\",\"publisher\":{\"@id\":\"https:\\\/\\\/shop.radna-odjeca.com\\\/#organization\"},\"potentialAction\":[{\"@type\":\"SearchAction\",\"target\":{\"@type\":\"EntryPoint\",\"urlTemplate\":\"https:\\\/\\\/shop.radna-odjeca.com\\\/?s={search_term_string}\"},\"query-input\":{\"@type\":\"PropertyValueSpecification\",\"valueRequired\":true,\"valueName\":\"search_term_string\"}}],\"inLanguage\":\"en-GB\"},{\"@type\":\"Organization\",\"@id\":\"https:\\\/\\\/shop.radna-odjeca.com\\\/#organization\",\"name\":\"JEZERINAC Radna odje\u0107a\",\"url\":\"https:\\\/\\\/shop.radna-odjeca.com\\\/\",\"logo\":{\"@type\":\"ImageObject\",\"inLanguage\":\"en-GB\",\"@id\":\"https:\\\/\\\/shop.radna-odjeca.com\\\/#\\\/schema\\\/logo\\\/image\\\/\",\"url\":\"https:\\\/\\\/shop.radna-odjeca.com\\\/wp-content\\\/uploads\\\/2020\\\/04\\\/logo.png\",\"contentUrl\":\"https:\\\/\\\/shop.radna-odjeca.com\\\/wp-content\\\/uploads\\\/2020\\\/04\\\/logo.png\",\"width\":254,\"height\":68,\"caption\":\"JEZERINAC Radna odje\u0107a\"},\"image\":{\"@id\":\"https:\\\/\\\/shop.radna-odjeca.com\\\/#\\\/schema\\\/logo\\\/image\\\/\"}}]}<\/script>\n<!-- \/ Yoast SEO plugin. -->","yoast_head_json":{"title":"Majica dugih rukava Cape - RADNA ODJE\u0106A","robots":{"index":"index","follow":"follow","max-snippet":"max-snippet:-1","max-image-preview":"max-image-preview:large","max-video-preview":"max-video-preview:-1"},"canonical":"https:\/\/shop.radna-odjeca.com\/en\/product\/majica-dugih-rukava-cape\/","og_locale":"en_GB","og_type":"article","og_title":"Majica dugih rukava Cape - RADNA ODJE\u0106A","og_description":"Materijal: 65 % pamuk, 35 % poliester, 320g\/m2  Ravan kroj s bo\u010dnim \u0161avovima, \u010de\u0161ljana unutarnja strana, kapulja\u010da s podstavom i vezicom za stezanje, unutra\u0161nja strana ovratnika sa trakom u boji gornjeg materijala na vratu, vanjski d\u017eep u stilu klokana, donji rub i man\u017eete od rebrastog pletiva s 5 % elastana, \u010dupavljena unutarnja strana, perivo na 40 \u00b0C .","og_url":"https:\/\/shop.radna-odjeca.com\/en\/product\/majica-dugih-rukava-cape\/","og_site_name":"RADNA ODJE\u0106A","article_modified_time":"2026-04-13T08:36:54+00:00","og_image":[{"width":700,"height":813,"url":"https:\/\/shop.radna-odjeca.com\/wp-content\/uploads\/2024\/10\/zutaa-1.jpg","type":"image\/jpeg"}],"twitter_card":"summary_large_image","twitter_misc":{"Estimated reading time":"1 minute"},"schema":{"@context":"https:\/\/schema.org","@graph":[{"@type":"WebPage","@id":"https:\/\/shop.radna-odjeca.com\/product\/majica-dugih-rukava-cape\/","url":"https:\/\/shop.radna-odjeca.com\/product\/majica-dugih-rukava-cape\/","name":"Majica dugih rukava Cape - RADNA ODJE\u0106A","isPartOf":{"@id":"https:\/\/shop.radna-odjeca.com\/#website"},"primaryImageOfPage":{"@id":"https:\/\/shop.radna-odjeca.com\/product\/majica-dugih-rukava-cape\/#primaryimage"},"image":{"@id":"https:\/\/shop.radna-odjeca.com\/product\/majica-dugih-rukava-cape\/#primaryimage"},"thumbnailUrl":"https:\/\/shop.radna-odjeca.com\/wp-content\/uploads\/2024\/10\/zutaa-1.jpg","datePublished":"2024-10-08T05:18:42+00:00","dateModified":"2026-04-13T08:36:54+00:00","breadcrumb":{"@id":"https:\/\/shop.radna-odjeca.com\/product\/majica-dugih-rukava-cape\/#breadcrumb"},"inLanguage":"en-GB","potentialAction":[{"@type":"ReadAction","target":["https:\/\/shop.radna-odjeca.com\/product\/majica-dugih-rukava-cape\/"]}]},{"@type":"ImageObject","inLanguage":"en-GB","@id":"https:\/\/shop.radna-odjeca.com\/product\/majica-dugih-rukava-cape\/#primaryimage","url":"https:\/\/shop.radna-odjeca.com\/wp-content\/uploads\/2024\/10\/zutaa-1.jpg","contentUrl":"https:\/\/shop.radna-odjeca.com\/wp-content\/uploads\/2024\/10\/zutaa-1.jpg","width":700,"height":813},{"@type":"BreadcrumbList","@id":"https:\/\/shop.radna-odjeca.com\/product\/majica-dugih-rukava-cape\/#breadcrumb","itemListElement":[{"@type":"ListItem","position":1,"name":"Po\u010detna stranica","item":"https:\/\/shop.radna-odjeca.com\/"},{"@type":"ListItem","position":2,"name":"Trgovina","item":"https:\/\/shop.radna-odjeca.com\/trgovina\/"},{"@type":"ListItem","position":3,"name":"Majica dugih rukava Cape"}]},{"@type":"WebSite","@id":"https:\/\/shop.radna-odjeca.com\/#website","url":"https:\/\/shop.radna-odjeca.com\/","name":"Jezerinac Webshop","description":"RADNA ODJE\u0106A VISOKE KVALITETE","publisher":{"@id":"https:\/\/shop.radna-odjeca.com\/#organization"},"potentialAction":[{"@type":"SearchAction","target":{"@type":"EntryPoint","urlTemplate":"https:\/\/shop.radna-odjeca.com\/?s={search_term_string}"},"query-input":{"@type":"PropertyValueSpecification","valueRequired":true,"valueName":"search_term_string"}}],"inLanguage":"en-GB"},{"@type":"Organization","@id":"https:\/\/shop.radna-odjeca.com\/#organization","name":"JEZERINAC Radna odje\u0107a","url":"https:\/\/shop.radna-odjeca.com\/","logo":{"@type":"ImageObject","inLanguage":"en-GB","@id":"https:\/\/shop.radna-odjeca.com\/#\/schema\/logo\/image\/","url":"https:\/\/shop.radna-odjeca.com\/wp-content\/uploads\/2020\/04\/logo.png","contentUrl":"https:\/\/shop.radna-odjeca.com\/wp-content\/uploads\/2020\/04\/logo.png","width":254,"height":68,"caption":"JEZERINAC Radna odje\u0107a"},"image":{"@id":"https:\/\/shop.radna-odjeca.com\/#\/schema\/logo\/image\/"}}]}},"_links":{"self":[{"href":"https:\/\/shop.radna-odjeca.com\/en\/wp-json\/wp\/v2\/product\/7427","targetHints":{"allow":["GET"]}}],"collection":[{"href":"https:\/\/shop.radna-odjeca.com\/en\/wp-json\/wp\/v2\/product"}],"about":[{"href":"https:\/\/shop.radna-odjeca.com\/en\/wp-json\/wp\/v2\/types\/product"}],"wp:featuredmedia":[{"embeddable":true,"href":"https:\/\/shop.radna-odjeca.com\/en\/wp-json\/wp\/v2\/media\/7428"}],"wp:attachment":[{"href":"https:\/\/shop.radna-odjeca.com\/en\/wp-json\/wp\/v2\/media?parent=7427"}],"wp:term":[{"taxonomy":"product_brand","embeddable":true,"href":"https:\/\/shop.radna-odjeca.com\/en\/wp-json\/wp\/v2\/product_brand?post=7427"},{"taxonomy":"product_cat","embeddable":true,"href":"https:\/\/shop.radna-odjeca.com\/en\/wp-json\/wp\/v2\/product_cat?post=7427"},{"taxonomy":"product_tag","embeddable":true,"href":"https:\/\/shop.radna-odjeca.com\/en\/wp-json\/wp\/v2\/product_tag?post=7427"}],"curies":[{"name":"wp","href":"https:\/\/api.w.org\/{rel}","templated":true}]}}