{"id":6937,"date":"2024-10-01T06:44:27","date_gmt":"2024-10-01T06:44:27","guid":{"rendered":"https:\/\/shop.radna-odjeca.com\/?post_type=product&#038;p=6937"},"modified":"2025-08-19T07:19:57","modified_gmt":"2025-08-19T07:19:57","slug":"softshell-jakna-finder","status":"publish","type":"product","link":"https:\/\/shop.radna-odjeca.com\/en\/product\/softshell-jakna-finder\/","title":{"rendered":"Softshell jakna Finder"},"content":{"rendered":"<p><span style=\"font-family: Arial, sans-serif;\"><span style=\"font-size: medium;\">Materijal: 96% poliester 4% elastan 320g\/m2<\/span><\/span><\/p>\n<p>&nbsp;<\/p>\n<ul>\n<li><span style=\"font-family: Arial, sans-serif;\"><span style=\"font-size: medium;\">Kop\u010danje na vodootporni patentni zatvara\u010d u kontrastnoj boji<\/span><\/span><\/li>\n<li><span style=\"font-family: Arial, sans-serif;\"><span style=\"font-size: medium;\">Rastezljivi umeci od prozra\u010dne tkanine<\/span><\/span><\/li>\n<li><span style=\"font-family: Arial, sans-serif;\"><span style=\"font-size: medium;\">Reflektiraju\u0107i detalji<\/span><\/span><\/li>\n<li><span style=\"font-family: Arial, sans-serif;\"><span style=\"font-size: medium;\">Prozra\u010dna mre\u017eica s unutarnje strane kapulja\u010de<\/span><\/span><\/li>\n<li><span style=\"font-family: Arial, sans-serif;\"><span style=\"font-size: medium;\">D\u017eepovi zatvoreni patentnim zatvara\u010dem<\/span><\/span><\/li>\n<\/ul>\n<p>&nbsp;<\/p>\n<p><span style=\"font-family: Arial, sans-serif;\"><span style=\"font-size: medium;\">Veli\u010dine: S \u2013 3XL.<\/span><\/span><\/p>\n<p><span style=\"font-family: Arial, sans-serif;\"><span style=\"font-size: medium;\">\u00a0<\/span><\/span><\/p>","protected":false},"excerpt":{"rendered":"<p data-start=\"129\" data-end=\"607\">Softshell jakna dizajnirana za udobnost i za\u0161titu u promjenjivim vremenskim uvjetima. Zahvaljuju\u0107i vodoodbojnom i prozra\u010dnom materijalu, idealna je za rad na otvorenom gdje su sloboda kretanja i funkcionalnost klju\u010dni. Jakna sadr\u017ei vi\u0161e prakti\u010dnih d\u017eepova s patentnim zatvara\u010dima, dok podesive man\u017eete i donji rub omogu\u0107uju dobro prianjanje uz tijelo. Moderan kroj u kombinaciji s reflektiraju\u0107im detaljima osigurava prakti\u010dnost, sigurnost i dobar izgled bez obzira na uvjete.<\/p>","protected":false},"featured_media":6938,"template":"","meta":[],"product_brand":[],"product_cat":[241,161],"product_tag":[],"class_list":{"0":"post-6937","1":"product","2":"type-product","3":"status-publish","4":"has-post-thumbnail","6":"product_cat-jakne","7":"product_cat-odjeca-za-slobodno-vrijeme","9":"first","10":"instock","11":"taxable","12":"shipping-taxable","13":"purchasable","14":"product-type-variable","15":"has-default-attributes"},"yoast_head":"<!-- This site is optimized with the Yoast SEO plugin v27.4 - https:\/\/yoast.com\/product\/yoast-seo-wordpress\/ -->\n<title>Softshell jakna Finder - RADNA ODJE\u0106A<\/title>\n<meta name=\"robots\" content=\"index, follow, max-snippet:-1, max-image-preview:large, max-video-preview:-1\" \/>\n<link rel=\"canonical\" href=\"https:\/\/shop.radna-odjeca.com\/en\/product\/softshell-jakna-finder\/\" \/>\n<meta property=\"og:locale\" content=\"en_GB\" \/>\n<meta property=\"og:type\" content=\"article\" \/>\n<meta property=\"og:title\" content=\"Softshell jakna Finder - RADNA ODJE\u0106A\" \/>\n<meta property=\"og:description\" content=\"Softshell jakna dizajnirana za udobnost i za\u0161titu u promjenjivim vremenskim uvjetima. Zahvaljuju\u0107i vodoodbojnom i prozra\u010dnom materijalu, idealna je za rad na otvorenom gdje su sloboda kretanja i funkcionalnost klju\u010dni. Jakna sadr\u017ei vi\u0161e prakti\u010dnih d\u017eepova s patentnim zatvara\u010dima, dok podesive man\u017eete i donji rub omogu\u0107uju dobro prianjanje uz tijelo. Moderan kroj u kombinaciji s reflektiraju\u0107im detaljima osigurava prakti\u010dnost, sigurnost i dobar izgled bez obzira na uvjete.\" \/>\n<meta property=\"og:url\" content=\"https:\/\/shop.radna-odjeca.com\/en\/product\/softshell-jakna-finder\/\" \/>\n<meta property=\"og:site_name\" content=\"RADNA ODJE\u0106A\" \/>\n<meta property=\"article:modified_time\" content=\"2025-08-19T07:19:57+00:00\" \/>\n<meta property=\"og:image\" content=\"https:\/\/shop.radna-odjeca.com\/wp-content\/uploads\/2024\/10\/siggi-finder-softshell-71ss0001-neroooooo.jpg\" \/>\n\t<meta property=\"og:image:width\" content=\"1300\" \/>\n\t<meta property=\"og:image:height\" content=\"1360\" \/>\n\t<meta property=\"og:image:type\" content=\"image\/jpeg\" \/>\n<meta name=\"twitter:card\" content=\"summary_large_image\" \/>\n<meta name=\"twitter:label1\" content=\"Estimated reading time\" \/>\n\t<meta name=\"twitter:data1\" content=\"1 minute\" \/>\n<script type=\"application\/ld+json\" class=\"yoast-schema-graph\">{\"@context\":\"https:\\\/\\\/schema.org\",\"@graph\":[{\"@type\":\"WebPage\",\"@id\":\"https:\\\/\\\/shop.radna-odjeca.com\\\/product\\\/softshell-jakna-finder\\\/\",\"url\":\"https:\\\/\\\/shop.radna-odjeca.com\\\/product\\\/softshell-jakna-finder\\\/\",\"name\":\"Softshell jakna Finder - RADNA ODJE\u0106A\",\"isPartOf\":{\"@id\":\"https:\\\/\\\/shop.radna-odjeca.com\\\/#website\"},\"primaryImageOfPage\":{\"@id\":\"https:\\\/\\\/shop.radna-odjeca.com\\\/product\\\/softshell-jakna-finder\\\/#primaryimage\"},\"image\":{\"@id\":\"https:\\\/\\\/shop.radna-odjeca.com\\\/product\\\/softshell-jakna-finder\\\/#primaryimage\"},\"thumbnailUrl\":\"https:\\\/\\\/shop.radna-odjeca.com\\\/wp-content\\\/uploads\\\/2024\\\/10\\\/siggi-finder-softshell-71ss0001-neroooooo.jpg\",\"datePublished\":\"2024-10-01T06:44:27+00:00\",\"dateModified\":\"2025-08-19T07:19:57+00:00\",\"breadcrumb\":{\"@id\":\"https:\\\/\\\/shop.radna-odjeca.com\\\/product\\\/softshell-jakna-finder\\\/#breadcrumb\"},\"inLanguage\":\"en-GB\",\"potentialAction\":[{\"@type\":\"ReadAction\",\"target\":[\"https:\\\/\\\/shop.radna-odjeca.com\\\/product\\\/softshell-jakna-finder\\\/\"]}]},{\"@type\":\"ImageObject\",\"inLanguage\":\"en-GB\",\"@id\":\"https:\\\/\\\/shop.radna-odjeca.com\\\/product\\\/softshell-jakna-finder\\\/#primaryimage\",\"url\":\"https:\\\/\\\/shop.radna-odjeca.com\\\/wp-content\\\/uploads\\\/2024\\\/10\\\/siggi-finder-softshell-71ss0001-neroooooo.jpg\",\"contentUrl\":\"https:\\\/\\\/shop.radna-odjeca.com\\\/wp-content\\\/uploads\\\/2024\\\/10\\\/siggi-finder-softshell-71ss0001-neroooooo.jpg\",\"width\":1300,\"height\":1360},{\"@type\":\"BreadcrumbList\",\"@id\":\"https:\\\/\\\/shop.radna-odjeca.com\\\/product\\\/softshell-jakna-finder\\\/#breadcrumb\",\"itemListElement\":[{\"@type\":\"ListItem\",\"position\":1,\"name\":\"Po\u010detna stranica\",\"item\":\"https:\\\/\\\/shop.radna-odjeca.com\\\/\"},{\"@type\":\"ListItem\",\"position\":2,\"name\":\"Trgovina\",\"item\":\"https:\\\/\\\/shop.radna-odjeca.com\\\/trgovina\\\/\"},{\"@type\":\"ListItem\",\"position\":3,\"name\":\"Softshell jakna Finder\"}]},{\"@type\":\"WebSite\",\"@id\":\"https:\\\/\\\/shop.radna-odjeca.com\\\/#website\",\"url\":\"https:\\\/\\\/shop.radna-odjeca.com\\\/\",\"name\":\"Jezerinac Webshop\",\"description\":\"RADNA ODJE\u0106A VISOKE KVALITETE\",\"publisher\":{\"@id\":\"https:\\\/\\\/shop.radna-odjeca.com\\\/#organization\"},\"potentialAction\":[{\"@type\":\"SearchAction\",\"target\":{\"@type\":\"EntryPoint\",\"urlTemplate\":\"https:\\\/\\\/shop.radna-odjeca.com\\\/?s={search_term_string}\"},\"query-input\":{\"@type\":\"PropertyValueSpecification\",\"valueRequired\":true,\"valueName\":\"search_term_string\"}}],\"inLanguage\":\"en-GB\"},{\"@type\":\"Organization\",\"@id\":\"https:\\\/\\\/shop.radna-odjeca.com\\\/#organization\",\"name\":\"JEZERINAC Radna odje\u0107a\",\"url\":\"https:\\\/\\\/shop.radna-odjeca.com\\\/\",\"logo\":{\"@type\":\"ImageObject\",\"inLanguage\":\"en-GB\",\"@id\":\"https:\\\/\\\/shop.radna-odjeca.com\\\/#\\\/schema\\\/logo\\\/image\\\/\",\"url\":\"https:\\\/\\\/shop.radna-odjeca.com\\\/wp-content\\\/uploads\\\/2020\\\/04\\\/logo.png\",\"contentUrl\":\"https:\\\/\\\/shop.radna-odjeca.com\\\/wp-content\\\/uploads\\\/2020\\\/04\\\/logo.png\",\"width\":254,\"height\":68,\"caption\":\"JEZERINAC Radna odje\u0107a\"},\"image\":{\"@id\":\"https:\\\/\\\/shop.radna-odjeca.com\\\/#\\\/schema\\\/logo\\\/image\\\/\"}}]}<\/script>\n<!-- \/ Yoast SEO plugin. -->","yoast_head_json":{"title":"Softshell jakna Finder - RADNA ODJE\u0106A","robots":{"index":"index","follow":"follow","max-snippet":"max-snippet:-1","max-image-preview":"max-image-preview:large","max-video-preview":"max-video-preview:-1"},"canonical":"https:\/\/shop.radna-odjeca.com\/en\/product\/softshell-jakna-finder\/","og_locale":"en_GB","og_type":"article","og_title":"Softshell jakna Finder - RADNA ODJE\u0106A","og_description":"Softshell jakna dizajnirana za udobnost i za\u0161titu u promjenjivim vremenskim uvjetima. Zahvaljuju\u0107i vodoodbojnom i prozra\u010dnom materijalu, idealna je za rad na otvorenom gdje su sloboda kretanja i funkcionalnost klju\u010dni. Jakna sadr\u017ei vi\u0161e prakti\u010dnih d\u017eepova s patentnim zatvara\u010dima, dok podesive man\u017eete i donji rub omogu\u0107uju dobro prianjanje uz tijelo. Moderan kroj u kombinaciji s reflektiraju\u0107im detaljima osigurava prakti\u010dnost, sigurnost i dobar izgled bez obzira na uvjete.","og_url":"https:\/\/shop.radna-odjeca.com\/en\/product\/softshell-jakna-finder\/","og_site_name":"RADNA ODJE\u0106A","article_modified_time":"2025-08-19T07:19:57+00:00","og_image":[{"width":1300,"height":1360,"url":"https:\/\/shop.radna-odjeca.com\/wp-content\/uploads\/2024\/10\/siggi-finder-softshell-71ss0001-neroooooo.jpg","type":"image\/jpeg"}],"twitter_card":"summary_large_image","twitter_misc":{"Estimated reading time":"1 minute"},"schema":{"@context":"https:\/\/schema.org","@graph":[{"@type":"WebPage","@id":"https:\/\/shop.radna-odjeca.com\/product\/softshell-jakna-finder\/","url":"https:\/\/shop.radna-odjeca.com\/product\/softshell-jakna-finder\/","name":"Softshell jakna Finder - RADNA ODJE\u0106A","isPartOf":{"@id":"https:\/\/shop.radna-odjeca.com\/#website"},"primaryImageOfPage":{"@id":"https:\/\/shop.radna-odjeca.com\/product\/softshell-jakna-finder\/#primaryimage"},"image":{"@id":"https:\/\/shop.radna-odjeca.com\/product\/softshell-jakna-finder\/#primaryimage"},"thumbnailUrl":"https:\/\/shop.radna-odjeca.com\/wp-content\/uploads\/2024\/10\/siggi-finder-softshell-71ss0001-neroooooo.jpg","datePublished":"2024-10-01T06:44:27+00:00","dateModified":"2025-08-19T07:19:57+00:00","breadcrumb":{"@id":"https:\/\/shop.radna-odjeca.com\/product\/softshell-jakna-finder\/#breadcrumb"},"inLanguage":"en-GB","potentialAction":[{"@type":"ReadAction","target":["https:\/\/shop.radna-odjeca.com\/product\/softshell-jakna-finder\/"]}]},{"@type":"ImageObject","inLanguage":"en-GB","@id":"https:\/\/shop.radna-odjeca.com\/product\/softshell-jakna-finder\/#primaryimage","url":"https:\/\/shop.radna-odjeca.com\/wp-content\/uploads\/2024\/10\/siggi-finder-softshell-71ss0001-neroooooo.jpg","contentUrl":"https:\/\/shop.radna-odjeca.com\/wp-content\/uploads\/2024\/10\/siggi-finder-softshell-71ss0001-neroooooo.jpg","width":1300,"height":1360},{"@type":"BreadcrumbList","@id":"https:\/\/shop.radna-odjeca.com\/product\/softshell-jakna-finder\/#breadcrumb","itemListElement":[{"@type":"ListItem","position":1,"name":"Po\u010detna stranica","item":"https:\/\/shop.radna-odjeca.com\/"},{"@type":"ListItem","position":2,"name":"Trgovina","item":"https:\/\/shop.radna-odjeca.com\/trgovina\/"},{"@type":"ListItem","position":3,"name":"Softshell jakna Finder"}]},{"@type":"WebSite","@id":"https:\/\/shop.radna-odjeca.com\/#website","url":"https:\/\/shop.radna-odjeca.com\/","name":"Jezerinac Webshop","description":"RADNA ODJE\u0106A VISOKE KVALITETE","publisher":{"@id":"https:\/\/shop.radna-odjeca.com\/#organization"},"potentialAction":[{"@type":"SearchAction","target":{"@type":"EntryPoint","urlTemplate":"https:\/\/shop.radna-odjeca.com\/?s={search_term_string}"},"query-input":{"@type":"PropertyValueSpecification","valueRequired":true,"valueName":"search_term_string"}}],"inLanguage":"en-GB"},{"@type":"Organization","@id":"https:\/\/shop.radna-odjeca.com\/#organization","name":"JEZERINAC Radna odje\u0107a","url":"https:\/\/shop.radna-odjeca.com\/","logo":{"@type":"ImageObject","inLanguage":"en-GB","@id":"https:\/\/shop.radna-odjeca.com\/#\/schema\/logo\/image\/","url":"https:\/\/shop.radna-odjeca.com\/wp-content\/uploads\/2020\/04\/logo.png","contentUrl":"https:\/\/shop.radna-odjeca.com\/wp-content\/uploads\/2020\/04\/logo.png","width":254,"height":68,"caption":"JEZERINAC Radna odje\u0107a"},"image":{"@id":"https:\/\/shop.radna-odjeca.com\/#\/schema\/logo\/image\/"}}]}},"_links":{"self":[{"href":"https:\/\/shop.radna-odjeca.com\/en\/wp-json\/wp\/v2\/product\/6937","targetHints":{"allow":["GET"]}}],"collection":[{"href":"https:\/\/shop.radna-odjeca.com\/en\/wp-json\/wp\/v2\/product"}],"about":[{"href":"https:\/\/shop.radna-odjeca.com\/en\/wp-json\/wp\/v2\/types\/product"}],"wp:featuredmedia":[{"embeddable":true,"href":"https:\/\/shop.radna-odjeca.com\/en\/wp-json\/wp\/v2\/media\/6938"}],"wp:attachment":[{"href":"https:\/\/shop.radna-odjeca.com\/en\/wp-json\/wp\/v2\/media?parent=6937"}],"wp:term":[{"taxonomy":"product_brand","embeddable":true,"href":"https:\/\/shop.radna-odjeca.com\/en\/wp-json\/wp\/v2\/product_brand?post=6937"},{"taxonomy":"product_cat","embeddable":true,"href":"https:\/\/shop.radna-odjeca.com\/en\/wp-json\/wp\/v2\/product_cat?post=6937"},{"taxonomy":"product_tag","embeddable":true,"href":"https:\/\/shop.radna-odjeca.com\/en\/wp-json\/wp\/v2\/product_tag?post=6937"}],"curies":[{"name":"wp","href":"https:\/\/api.w.org\/{rel}","templated":true}]}}