{"id":6814,"date":"2024-09-30T06:28:02","date_gmt":"2024-09-30T06:28:02","guid":{"rendered":"https:\/\/shop.radna-odjeca.com\/?post_type=product&#038;p=6814"},"modified":"2026-04-13T08:47:08","modified_gmt":"2026-04-13T08:47:08","slug":"softshell-jakna-performance","status":"publish","type":"product","link":"https:\/\/shop.radna-odjeca.com\/en\/product\/softshell-jakna-performance\/","title":{"rendered":"Softshell jakna Performance"},"content":{"rendered":"<p><span style=\"font-family: Arial, sans-serif;\"><span style=\"font-size: medium;\">Materijal: softshell 300g\/m2, 94 % poliester, 6 % elastan.<\/span><\/span><\/p>\n<p><span style=\"font-family: Arial, sans-serif;\"><span style=\"font-size: medium;\">Podstava: mikro flis: 100 % poliester, antipiling zavr\u0161na obrada.<\/span><\/span><\/p>\n<p><span style=\"font-family: Arial, sans-serif;\"><span style=\"font-size: medium;\">Vodootpornost 14 000 mm, prozra\u010dnost 2000 g\/m\u00b2\/24 sata, troslojni softshell sa membranom, zatvara\u010d punom du\u017einom sa obrnutim namotajem i za\u0161titom za bradu, odvojiva kapulja\u010da, prilagodljivi rubovi rukava sa \u010di\u010dkom, donji rub s vezicom za stezanje, d\u017eepovi sa zatvara\u010dem, prsni d\u017eep, d\u017eep sa patentnim zatvara\u010dem u unutra\u0161njem dijelu prsa, oblikovan i lagano produ\u017een stra\u017enji dio.<\/span><\/span><\/p>\n<p><span style=\"font-family: Arial, sans-serif;\"><span style=\"font-size: medium;\">Veli\u010dine:<\/span><\/span><\/p>\n<p><span style=\"font-family: Arial, sans-serif;\"><span style=\"font-size: medium;\">S-4XL: crna, navy, royal, crvena, \u010delik siva<\/span><\/span><\/p>\n<p><span style=\"font-family: Arial, sans-serif;\"><span style=\"font-size: medium;\">M-4XL: siva melan\u017e, maslinasta<\/span><\/span><\/p>\n<p><span style=\"font-family: Arial, sans-serif;\"><span style=\"font-size: medium;\">S-3XL: limeta<\/span><\/span><\/p>","protected":false},"excerpt":{"rendered":"<p><span style=\"font-family: Arial, sans-serif;\"><span style=\"font-size: medium;\">Materijal: softshell 300g\/m2, 94 % poliester, 6 % elastan.<\/span><\/span><\/p>\n<p><span style=\"font-family: Arial, sans-serif;\"><span style=\"font-size: medium;\">Podstava: mikro flis: 100 % poliester, antipiling zavr\u0161na obrada.<\/span><\/span><\/p>\n<p><span style=\"font-family: Arial, sans-serif;\"><span style=\"font-size: medium;\">Vodootpornost 14 000 mm, prozra\u010dnost 2000 g\/m\u00b2\/24 sata, troslojni softshell sa membranom, zatvara\u010d punom du\u017einom sa obrnutim namotajem i za\u0161titom za bradu, odvojiva kapulja\u010da, prilagodljivi rubovi rukava sa \u010di\u010dkom, donji rub s vezicom za stezanje, d\u017eepovi sa zatvara\u010dem, prsni d\u017eep, d\u017eep sa patentnim zatvara\u010dem u unutra\u0161njem dijelu prsa, oblikovan i lagano produ\u017een stra\u017enji dio.<\/span><\/span><\/p>\n<p><span style=\"font-family: Arial, sans-serif;\"><span style=\"font-size: medium;\">Veli\u010dine:<\/span><\/span><\/p>\n<p><span style=\"font-family: Arial, sans-serif;\"><span style=\"font-size: medium;\">S-4XL: crna, navy, royal, crvena, \u010delik siva<\/span><\/span><\/p>\n<p><span style=\"font-family: Arial, sans-serif;\"><span style=\"font-size: medium;\">M-4XL: siva melan\u017e, maslinasta<\/span><\/span><\/p>\n<p><span style=\"font-family: Arial, sans-serif;\"><span style=\"font-size: medium;\">S-3XL: limeta<\/span><\/span><\/p>","protected":false},"featured_media":6870,"template":"","meta":[],"product_brand":[],"product_cat":[241,161],"product_tag":[],"class_list":{"0":"post-6814","1":"product","2":"type-product","3":"status-publish","4":"has-post-thumbnail","6":"product_cat-jakne","7":"product_cat-odjeca-za-slobodno-vrijeme","9":"first","10":"instock","11":"taxable","12":"shipping-taxable","13":"purchasable","14":"product-type-variable","15":"has-default-attributes"},"yoast_head":"<!-- This site is optimized with the Yoast SEO plugin v27.4 - https:\/\/yoast.com\/product\/yoast-seo-wordpress\/ -->\n<title>Softshell jakna Performance - RADNA ODJE\u0106A<\/title>\n<meta name=\"robots\" content=\"index, follow, max-snippet:-1, max-image-preview:large, max-video-preview:-1\" \/>\n<link rel=\"canonical\" href=\"https:\/\/shop.radna-odjeca.com\/en\/product\/softshell-jakna-performance\/\" \/>\n<meta property=\"og:locale\" content=\"en_GB\" \/>\n<meta property=\"og:type\" content=\"article\" \/>\n<meta property=\"og:title\" content=\"Softshell jakna Performance - RADNA ODJE\u0106A\" \/>\n<meta property=\"og:description\" content=\"Materijal: softshell 300g\/m2, 94 % poliester, 6 % elastan.  Podstava: mikro flis: 100 % poliester, antipiling zavr\u0161na obrada.  Vodootpornost 14 000 mm, prozra\u010dnost 2000 g\/m\u00b2\/24 sata, troslojni softshell sa membranom, zatvara\u010d punom du\u017einom sa obrnutim namotajem i za\u0161titom za bradu, odvojiva kapulja\u010da, prilagodljivi rubovi rukava sa \u010di\u010dkom, donji rub s vezicom za stezanje, d\u017eepovi sa zatvara\u010dem, prsni d\u017eep, d\u017eep sa patentnim zatvara\u010dem u unutra\u0161njem dijelu prsa, oblikovan i lagano produ\u017een stra\u017enji dio.  Veli\u010dine:  S-4XL: crna, navy, royal, crvena, \u010delik siva  M-4XL: siva melan\u017e, maslinasta  S-3XL: limeta\" \/>\n<meta property=\"og:url\" content=\"https:\/\/shop.radna-odjeca.com\/en\/product\/softshell-jakna-performance\/\" \/>\n<meta property=\"og:site_name\" content=\"RADNA ODJE\u0106A\" \/>\n<meta property=\"article:modified_time\" content=\"2026-04-13T08:47:08+00:00\" \/>\n<meta property=\"og:image\" content=\"https:\/\/shop.radna-odjeca.com\/wp-content\/uploads\/2024\/09\/royal.jpg\" \/>\n\t<meta property=\"og:image:width\" content=\"900\" \/>\n\t<meta property=\"og:image:height\" content=\"1013\" \/>\n\t<meta property=\"og:image:type\" content=\"image\/jpeg\" \/>\n<meta name=\"twitter:card\" content=\"summary_large_image\" \/>\n<meta name=\"twitter:label1\" content=\"Estimated reading time\" \/>\n\t<meta name=\"twitter:data1\" content=\"1 minute\" \/>\n<script type=\"application\/ld+json\" class=\"yoast-schema-graph\">{\"@context\":\"https:\\\/\\\/schema.org\",\"@graph\":[{\"@type\":\"WebPage\",\"@id\":\"https:\\\/\\\/shop.radna-odjeca.com\\\/product\\\/softshell-jakna-performance\\\/\",\"url\":\"https:\\\/\\\/shop.radna-odjeca.com\\\/product\\\/softshell-jakna-performance\\\/\",\"name\":\"Softshell jakna Performance - RADNA ODJE\u0106A\",\"isPartOf\":{\"@id\":\"https:\\\/\\\/shop.radna-odjeca.com\\\/#website\"},\"primaryImageOfPage\":{\"@id\":\"https:\\\/\\\/shop.radna-odjeca.com\\\/product\\\/softshell-jakna-performance\\\/#primaryimage\"},\"image\":{\"@id\":\"https:\\\/\\\/shop.radna-odjeca.com\\\/product\\\/softshell-jakna-performance\\\/#primaryimage\"},\"thumbnailUrl\":\"https:\\\/\\\/shop.radna-odjeca.com\\\/wp-content\\\/uploads\\\/2024\\\/09\\\/royal.jpg\",\"datePublished\":\"2024-09-30T06:28:02+00:00\",\"dateModified\":\"2026-04-13T08:47:08+00:00\",\"breadcrumb\":{\"@id\":\"https:\\\/\\\/shop.radna-odjeca.com\\\/product\\\/softshell-jakna-performance\\\/#breadcrumb\"},\"inLanguage\":\"en-GB\",\"potentialAction\":[{\"@type\":\"ReadAction\",\"target\":[\"https:\\\/\\\/shop.radna-odjeca.com\\\/product\\\/softshell-jakna-performance\\\/\"]}]},{\"@type\":\"ImageObject\",\"inLanguage\":\"en-GB\",\"@id\":\"https:\\\/\\\/shop.radna-odjeca.com\\\/product\\\/softshell-jakna-performance\\\/#primaryimage\",\"url\":\"https:\\\/\\\/shop.radna-odjeca.com\\\/wp-content\\\/uploads\\\/2024\\\/09\\\/royal.jpg\",\"contentUrl\":\"https:\\\/\\\/shop.radna-odjeca.com\\\/wp-content\\\/uploads\\\/2024\\\/09\\\/royal.jpg\",\"width\":900,\"height\":1013},{\"@type\":\"BreadcrumbList\",\"@id\":\"https:\\\/\\\/shop.radna-odjeca.com\\\/product\\\/softshell-jakna-performance\\\/#breadcrumb\",\"itemListElement\":[{\"@type\":\"ListItem\",\"position\":1,\"name\":\"Po\u010detna stranica\",\"item\":\"https:\\\/\\\/shop.radna-odjeca.com\\\/\"},{\"@type\":\"ListItem\",\"position\":2,\"name\":\"Trgovina\",\"item\":\"https:\\\/\\\/shop.radna-odjeca.com\\\/trgovina\\\/\"},{\"@type\":\"ListItem\",\"position\":3,\"name\":\"Softshell jakna Performance\"}]},{\"@type\":\"WebSite\",\"@id\":\"https:\\\/\\\/shop.radna-odjeca.com\\\/#website\",\"url\":\"https:\\\/\\\/shop.radna-odjeca.com\\\/\",\"name\":\"Jezerinac Webshop\",\"description\":\"RADNA ODJE\u0106A VISOKE KVALITETE\",\"publisher\":{\"@id\":\"https:\\\/\\\/shop.radna-odjeca.com\\\/#organization\"},\"potentialAction\":[{\"@type\":\"SearchAction\",\"target\":{\"@type\":\"EntryPoint\",\"urlTemplate\":\"https:\\\/\\\/shop.radna-odjeca.com\\\/?s={search_term_string}\"},\"query-input\":{\"@type\":\"PropertyValueSpecification\",\"valueRequired\":true,\"valueName\":\"search_term_string\"}}],\"inLanguage\":\"en-GB\"},{\"@type\":\"Organization\",\"@id\":\"https:\\\/\\\/shop.radna-odjeca.com\\\/#organization\",\"name\":\"JEZERINAC Radna odje\u0107a\",\"url\":\"https:\\\/\\\/shop.radna-odjeca.com\\\/\",\"logo\":{\"@type\":\"ImageObject\",\"inLanguage\":\"en-GB\",\"@id\":\"https:\\\/\\\/shop.radna-odjeca.com\\\/#\\\/schema\\\/logo\\\/image\\\/\",\"url\":\"https:\\\/\\\/shop.radna-odjeca.com\\\/wp-content\\\/uploads\\\/2020\\\/04\\\/logo.png\",\"contentUrl\":\"https:\\\/\\\/shop.radna-odjeca.com\\\/wp-content\\\/uploads\\\/2020\\\/04\\\/logo.png\",\"width\":254,\"height\":68,\"caption\":\"JEZERINAC Radna odje\u0107a\"},\"image\":{\"@id\":\"https:\\\/\\\/shop.radna-odjeca.com\\\/#\\\/schema\\\/logo\\\/image\\\/\"}}]}<\/script>\n<!-- \/ Yoast SEO plugin. -->","yoast_head_json":{"title":"Softshell jakna Performance - RADNA ODJE\u0106A","robots":{"index":"index","follow":"follow","max-snippet":"max-snippet:-1","max-image-preview":"max-image-preview:large","max-video-preview":"max-video-preview:-1"},"canonical":"https:\/\/shop.radna-odjeca.com\/en\/product\/softshell-jakna-performance\/","og_locale":"en_GB","og_type":"article","og_title":"Softshell jakna Performance - RADNA ODJE\u0106A","og_description":"Materijal: softshell 300g\/m2, 94 % poliester, 6 % elastan.  Podstava: mikro flis: 100 % poliester, antipiling zavr\u0161na obrada.  Vodootpornost 14 000 mm, prozra\u010dnost 2000 g\/m\u00b2\/24 sata, troslojni softshell sa membranom, zatvara\u010d punom du\u017einom sa obrnutim namotajem i za\u0161titom za bradu, odvojiva kapulja\u010da, prilagodljivi rubovi rukava sa \u010di\u010dkom, donji rub s vezicom za stezanje, d\u017eepovi sa zatvara\u010dem, prsni d\u017eep, d\u017eep sa patentnim zatvara\u010dem u unutra\u0161njem dijelu prsa, oblikovan i lagano produ\u017een stra\u017enji dio.  Veli\u010dine:  S-4XL: crna, navy, royal, crvena, \u010delik siva  M-4XL: siva melan\u017e, maslinasta  S-3XL: limeta","og_url":"https:\/\/shop.radna-odjeca.com\/en\/product\/softshell-jakna-performance\/","og_site_name":"RADNA ODJE\u0106A","article_modified_time":"2026-04-13T08:47:08+00:00","og_image":[{"width":900,"height":1013,"url":"https:\/\/shop.radna-odjeca.com\/wp-content\/uploads\/2024\/09\/royal.jpg","type":"image\/jpeg"}],"twitter_card":"summary_large_image","twitter_misc":{"Estimated reading time":"1 minute"},"schema":{"@context":"https:\/\/schema.org","@graph":[{"@type":"WebPage","@id":"https:\/\/shop.radna-odjeca.com\/product\/softshell-jakna-performance\/","url":"https:\/\/shop.radna-odjeca.com\/product\/softshell-jakna-performance\/","name":"Softshell jakna Performance - RADNA ODJE\u0106A","isPartOf":{"@id":"https:\/\/shop.radna-odjeca.com\/#website"},"primaryImageOfPage":{"@id":"https:\/\/shop.radna-odjeca.com\/product\/softshell-jakna-performance\/#primaryimage"},"image":{"@id":"https:\/\/shop.radna-odjeca.com\/product\/softshell-jakna-performance\/#primaryimage"},"thumbnailUrl":"https:\/\/shop.radna-odjeca.com\/wp-content\/uploads\/2024\/09\/royal.jpg","datePublished":"2024-09-30T06:28:02+00:00","dateModified":"2026-04-13T08:47:08+00:00","breadcrumb":{"@id":"https:\/\/shop.radna-odjeca.com\/product\/softshell-jakna-performance\/#breadcrumb"},"inLanguage":"en-GB","potentialAction":[{"@type":"ReadAction","target":["https:\/\/shop.radna-odjeca.com\/product\/softshell-jakna-performance\/"]}]},{"@type":"ImageObject","inLanguage":"en-GB","@id":"https:\/\/shop.radna-odjeca.com\/product\/softshell-jakna-performance\/#primaryimage","url":"https:\/\/shop.radna-odjeca.com\/wp-content\/uploads\/2024\/09\/royal.jpg","contentUrl":"https:\/\/shop.radna-odjeca.com\/wp-content\/uploads\/2024\/09\/royal.jpg","width":900,"height":1013},{"@type":"BreadcrumbList","@id":"https:\/\/shop.radna-odjeca.com\/product\/softshell-jakna-performance\/#breadcrumb","itemListElement":[{"@type":"ListItem","position":1,"name":"Po\u010detna stranica","item":"https:\/\/shop.radna-odjeca.com\/"},{"@type":"ListItem","position":2,"name":"Trgovina","item":"https:\/\/shop.radna-odjeca.com\/trgovina\/"},{"@type":"ListItem","position":3,"name":"Softshell jakna Performance"}]},{"@type":"WebSite","@id":"https:\/\/shop.radna-odjeca.com\/#website","url":"https:\/\/shop.radna-odjeca.com\/","name":"Jezerinac Webshop","description":"RADNA ODJE\u0106A VISOKE KVALITETE","publisher":{"@id":"https:\/\/shop.radna-odjeca.com\/#organization"},"potentialAction":[{"@type":"SearchAction","target":{"@type":"EntryPoint","urlTemplate":"https:\/\/shop.radna-odjeca.com\/?s={search_term_string}"},"query-input":{"@type":"PropertyValueSpecification","valueRequired":true,"valueName":"search_term_string"}}],"inLanguage":"en-GB"},{"@type":"Organization","@id":"https:\/\/shop.radna-odjeca.com\/#organization","name":"JEZERINAC Radna odje\u0107a","url":"https:\/\/shop.radna-odjeca.com\/","logo":{"@type":"ImageObject","inLanguage":"en-GB","@id":"https:\/\/shop.radna-odjeca.com\/#\/schema\/logo\/image\/","url":"https:\/\/shop.radna-odjeca.com\/wp-content\/uploads\/2020\/04\/logo.png","contentUrl":"https:\/\/shop.radna-odjeca.com\/wp-content\/uploads\/2020\/04\/logo.png","width":254,"height":68,"caption":"JEZERINAC Radna odje\u0107a"},"image":{"@id":"https:\/\/shop.radna-odjeca.com\/#\/schema\/logo\/image\/"}}]}},"_links":{"self":[{"href":"https:\/\/shop.radna-odjeca.com\/en\/wp-json\/wp\/v2\/product\/6814","targetHints":{"allow":["GET"]}}],"collection":[{"href":"https:\/\/shop.radna-odjeca.com\/en\/wp-json\/wp\/v2\/product"}],"about":[{"href":"https:\/\/shop.radna-odjeca.com\/en\/wp-json\/wp\/v2\/types\/product"}],"wp:featuredmedia":[{"embeddable":true,"href":"https:\/\/shop.radna-odjeca.com\/en\/wp-json\/wp\/v2\/media\/6870"}],"wp:attachment":[{"href":"https:\/\/shop.radna-odjeca.com\/en\/wp-json\/wp\/v2\/media?parent=6814"}],"wp:term":[{"taxonomy":"product_brand","embeddable":true,"href":"https:\/\/shop.radna-odjeca.com\/en\/wp-json\/wp\/v2\/product_brand?post=6814"},{"taxonomy":"product_cat","embeddable":true,"href":"https:\/\/shop.radna-odjeca.com\/en\/wp-json\/wp\/v2\/product_cat?post=6814"},{"taxonomy":"product_tag","embeddable":true,"href":"https:\/\/shop.radna-odjeca.com\/en\/wp-json\/wp\/v2\/product_tag?post=6814"}],"curies":[{"name":"wp","href":"https:\/\/api.w.org\/{rel}","templated":true}]}}