{"id":6803,"date":"2024-09-03T12:08:29","date_gmt":"2024-09-03T12:08:29","guid":{"rendered":"https:\/\/shop.radna-odjeca.com\/?post_type=product&#038;p=6803"},"modified":"2025-03-05T08:47:31","modified_gmt":"2025-03-05T08:47:31","slug":"kapa-estoril","status":"publish","type":"product","link":"https:\/\/shop.radna-odjeca.com\/en\/product\/kapa-estoril\/","title":{"rendered":"Kapa Estoril"},"content":{"rendered":"<p>Kapa sa 6 panela &#8220;Estoril&#8221;.<\/p>\n<p>Materijal: 72g, 100% poliester jacquard.<\/p>\n<p>Veli\u010dine: univerzalno.<\/p>\n<p id=\"tw-target-text\" class=\"tw-data-text tw-text-large tw-ta\" dir=\"ltr\" data-placeholder=\"Prijevod\" aria-label=\"Prevedeni tekst\" data-ved=\"2ahUKEwjPgqHl2KaIAxUcgv0HHWjHG-8Q3ewLegQIBxAU\"><span class=\"Y2IQFc\" lang=\"hr\">Obrub u kontrastnoj boji na vrhu, znojnica, strukturirani prednji segment, \u010di\u010dak kop\u010da, TearAway etiketa, ru\u010dno pranje, ne gla\u010dati, nije prikladno za su\u0161enje u su\u0161ilici ni kemijsko \u010di\u0161\u0107enje.<\/span><\/p>","protected":false},"excerpt":{"rendered":"<p>Kapa sa 6 panela &#8220;Estoril&#8221;.<\/p>\n<p>Materijal: 72g, 100% poliester jacquard.<\/p>\n<p>Veli\u010dine: univerzalno.<\/p>\n<p id=\"tw-target-text\" class=\"tw-data-text tw-text-large tw-ta\" dir=\"ltr\" data-placeholder=\"Prijevod\" aria-label=\"Prevedeni tekst\" data-ved=\"2ahUKEwjPgqHl2KaIAxUcgv0HHWjHG-8Q3ewLegQIBxAU\"><span class=\"Y2IQFc\" lang=\"hr\">Obrub u kontrastnoj boji na vrhu, znojnica, strukturirani prednji segment, \u010di\u010dak kop\u010da, TearAway etiketa, ru\u010dno pranje, ne gla\u010dati, nije prikladno za su\u0161enje u su\u0161ilici ni kemijsko \u010di\u0161\u0107enje.<\/span><\/p>","protected":false},"featured_media":6804,"template":"","meta":[],"product_brand":[],"product_cat":[64,161],"product_tag":[],"class_list":{"0":"post-6803","1":"product","2":"type-product","3":"status-publish","4":"has-post-thumbnail","6":"product_cat-kape-i-sesiri","7":"product_cat-odjeca-za-slobodno-vrijeme","9":"first","10":"instock","11":"taxable","12":"shipping-taxable","13":"purchasable","14":"product-type-simple"},"yoast_head":"<!-- This site is optimized with the Yoast SEO plugin v27.4 - https:\/\/yoast.com\/product\/yoast-seo-wordpress\/ -->\n<title>Kapa Estoril - RADNA ODJE\u0106A<\/title>\n<meta name=\"robots\" content=\"index, follow, max-snippet:-1, max-image-preview:large, max-video-preview:-1\" \/>\n<link rel=\"canonical\" href=\"https:\/\/shop.radna-odjeca.com\/en\/product\/kapa-estoril\/\" \/>\n<meta property=\"og:locale\" content=\"en_GB\" \/>\n<meta property=\"og:type\" content=\"article\" \/>\n<meta property=\"og:title\" content=\"Kapa Estoril - RADNA ODJE\u0106A\" \/>\n<meta property=\"og:description\" content=\"Kapa sa 6 panela &quot;Estoril&quot;.  Materijal: 72g, 100% poliester jacquard.  Veli\u010dine: univerzalno. Obrub u kontrastnoj boji na vrhu, znojnica, strukturirani prednji segment, \u010di\u010dak kop\u010da, TearAway etiketa, ru\u010dno pranje, ne gla\u010dati, nije prikladno za su\u0161enje u su\u0161ilici ni kemijsko \u010di\u0161\u0107enje.\" \/>\n<meta property=\"og:url\" content=\"https:\/\/shop.radna-odjeca.com\/en\/product\/kapa-estoril\/\" \/>\n<meta property=\"og:site_name\" content=\"RADNA ODJE\u0106A\" \/>\n<meta property=\"article:modified_time\" content=\"2025-03-05T08:47:31+00:00\" \/>\n<meta property=\"og:image\" content=\"https:\/\/shop.radna-odjeca.com\/wp-content\/uploads\/2024\/09\/kapa-estoril-web.jpg\" \/>\n\t<meta property=\"og:image:width\" content=\"1300\" \/>\n\t<meta property=\"og:image:height\" content=\"1187\" \/>\n\t<meta property=\"og:image:type\" content=\"image\/jpeg\" \/>\n<meta name=\"twitter:card\" content=\"summary_large_image\" \/>\n<meta name=\"twitter:label1\" content=\"Estimated reading time\" \/>\n\t<meta name=\"twitter:data1\" content=\"1 minute\" \/>\n<script type=\"application\/ld+json\" class=\"yoast-schema-graph\">{\"@context\":\"https:\\\/\\\/schema.org\",\"@graph\":[{\"@type\":\"WebPage\",\"@id\":\"https:\\\/\\\/shop.radna-odjeca.com\\\/product\\\/kapa-estoril\\\/\",\"url\":\"https:\\\/\\\/shop.radna-odjeca.com\\\/product\\\/kapa-estoril\\\/\",\"name\":\"Kapa Estoril - RADNA ODJE\u0106A\",\"isPartOf\":{\"@id\":\"https:\\\/\\\/shop.radna-odjeca.com\\\/#website\"},\"primaryImageOfPage\":{\"@id\":\"https:\\\/\\\/shop.radna-odjeca.com\\\/product\\\/kapa-estoril\\\/#primaryimage\"},\"image\":{\"@id\":\"https:\\\/\\\/shop.radna-odjeca.com\\\/product\\\/kapa-estoril\\\/#primaryimage\"},\"thumbnailUrl\":\"https:\\\/\\\/shop.radna-odjeca.com\\\/wp-content\\\/uploads\\\/2024\\\/09\\\/kapa-estoril-web.jpg\",\"datePublished\":\"2024-09-03T12:08:29+00:00\",\"dateModified\":\"2025-03-05T08:47:31+00:00\",\"breadcrumb\":{\"@id\":\"https:\\\/\\\/shop.radna-odjeca.com\\\/product\\\/kapa-estoril\\\/#breadcrumb\"},\"inLanguage\":\"en-GB\",\"potentialAction\":[{\"@type\":\"ReadAction\",\"target\":[\"https:\\\/\\\/shop.radna-odjeca.com\\\/product\\\/kapa-estoril\\\/\"]}]},{\"@type\":\"ImageObject\",\"inLanguage\":\"en-GB\",\"@id\":\"https:\\\/\\\/shop.radna-odjeca.com\\\/product\\\/kapa-estoril\\\/#primaryimage\",\"url\":\"https:\\\/\\\/shop.radna-odjeca.com\\\/wp-content\\\/uploads\\\/2024\\\/09\\\/kapa-estoril-web.jpg\",\"contentUrl\":\"https:\\\/\\\/shop.radna-odjeca.com\\\/wp-content\\\/uploads\\\/2024\\\/09\\\/kapa-estoril-web.jpg\",\"width\":1300,\"height\":1187},{\"@type\":\"BreadcrumbList\",\"@id\":\"https:\\\/\\\/shop.radna-odjeca.com\\\/product\\\/kapa-estoril\\\/#breadcrumb\",\"itemListElement\":[{\"@type\":\"ListItem\",\"position\":1,\"name\":\"Po\u010detna stranica\",\"item\":\"https:\\\/\\\/shop.radna-odjeca.com\\\/\"},{\"@type\":\"ListItem\",\"position\":2,\"name\":\"Trgovina\",\"item\":\"https:\\\/\\\/shop.radna-odjeca.com\\\/trgovina\\\/\"},{\"@type\":\"ListItem\",\"position\":3,\"name\":\"Kapa Estoril\"}]},{\"@type\":\"WebSite\",\"@id\":\"https:\\\/\\\/shop.radna-odjeca.com\\\/#website\",\"url\":\"https:\\\/\\\/shop.radna-odjeca.com\\\/\",\"name\":\"Jezerinac Webshop\",\"description\":\"RADNA ODJE\u0106A VISOKE KVALITETE\",\"publisher\":{\"@id\":\"https:\\\/\\\/shop.radna-odjeca.com\\\/#organization\"},\"potentialAction\":[{\"@type\":\"SearchAction\",\"target\":{\"@type\":\"EntryPoint\",\"urlTemplate\":\"https:\\\/\\\/shop.radna-odjeca.com\\\/?s={search_term_string}\"},\"query-input\":{\"@type\":\"PropertyValueSpecification\",\"valueRequired\":true,\"valueName\":\"search_term_string\"}}],\"inLanguage\":\"en-GB\"},{\"@type\":\"Organization\",\"@id\":\"https:\\\/\\\/shop.radna-odjeca.com\\\/#organization\",\"name\":\"JEZERINAC Radna odje\u0107a\",\"url\":\"https:\\\/\\\/shop.radna-odjeca.com\\\/\",\"logo\":{\"@type\":\"ImageObject\",\"inLanguage\":\"en-GB\",\"@id\":\"https:\\\/\\\/shop.radna-odjeca.com\\\/#\\\/schema\\\/logo\\\/image\\\/\",\"url\":\"https:\\\/\\\/shop.radna-odjeca.com\\\/wp-content\\\/uploads\\\/2020\\\/04\\\/logo.png\",\"contentUrl\":\"https:\\\/\\\/shop.radna-odjeca.com\\\/wp-content\\\/uploads\\\/2020\\\/04\\\/logo.png\",\"width\":254,\"height\":68,\"caption\":\"JEZERINAC Radna odje\u0107a\"},\"image\":{\"@id\":\"https:\\\/\\\/shop.radna-odjeca.com\\\/#\\\/schema\\\/logo\\\/image\\\/\"}}]}<\/script>\n<!-- \/ Yoast SEO plugin. -->","yoast_head_json":{"title":"Kapa Estoril - RADNA ODJE\u0106A","robots":{"index":"index","follow":"follow","max-snippet":"max-snippet:-1","max-image-preview":"max-image-preview:large","max-video-preview":"max-video-preview:-1"},"canonical":"https:\/\/shop.radna-odjeca.com\/en\/product\/kapa-estoril\/","og_locale":"en_GB","og_type":"article","og_title":"Kapa Estoril - RADNA ODJE\u0106A","og_description":"Kapa sa 6 panela \"Estoril\".  Materijal: 72g, 100% poliester jacquard.  Veli\u010dine: univerzalno. Obrub u kontrastnoj boji na vrhu, znojnica, strukturirani prednji segment, \u010di\u010dak kop\u010da, TearAway etiketa, ru\u010dno pranje, ne gla\u010dati, nije prikladno za su\u0161enje u su\u0161ilici ni kemijsko \u010di\u0161\u0107enje.","og_url":"https:\/\/shop.radna-odjeca.com\/en\/product\/kapa-estoril\/","og_site_name":"RADNA ODJE\u0106A","article_modified_time":"2025-03-05T08:47:31+00:00","og_image":[{"width":1300,"height":1187,"url":"https:\/\/shop.radna-odjeca.com\/wp-content\/uploads\/2024\/09\/kapa-estoril-web.jpg","type":"image\/jpeg"}],"twitter_card":"summary_large_image","twitter_misc":{"Estimated reading time":"1 minute"},"schema":{"@context":"https:\/\/schema.org","@graph":[{"@type":"WebPage","@id":"https:\/\/shop.radna-odjeca.com\/product\/kapa-estoril\/","url":"https:\/\/shop.radna-odjeca.com\/product\/kapa-estoril\/","name":"Kapa Estoril - RADNA ODJE\u0106A","isPartOf":{"@id":"https:\/\/shop.radna-odjeca.com\/#website"},"primaryImageOfPage":{"@id":"https:\/\/shop.radna-odjeca.com\/product\/kapa-estoril\/#primaryimage"},"image":{"@id":"https:\/\/shop.radna-odjeca.com\/product\/kapa-estoril\/#primaryimage"},"thumbnailUrl":"https:\/\/shop.radna-odjeca.com\/wp-content\/uploads\/2024\/09\/kapa-estoril-web.jpg","datePublished":"2024-09-03T12:08:29+00:00","dateModified":"2025-03-05T08:47:31+00:00","breadcrumb":{"@id":"https:\/\/shop.radna-odjeca.com\/product\/kapa-estoril\/#breadcrumb"},"inLanguage":"en-GB","potentialAction":[{"@type":"ReadAction","target":["https:\/\/shop.radna-odjeca.com\/product\/kapa-estoril\/"]}]},{"@type":"ImageObject","inLanguage":"en-GB","@id":"https:\/\/shop.radna-odjeca.com\/product\/kapa-estoril\/#primaryimage","url":"https:\/\/shop.radna-odjeca.com\/wp-content\/uploads\/2024\/09\/kapa-estoril-web.jpg","contentUrl":"https:\/\/shop.radna-odjeca.com\/wp-content\/uploads\/2024\/09\/kapa-estoril-web.jpg","width":1300,"height":1187},{"@type":"BreadcrumbList","@id":"https:\/\/shop.radna-odjeca.com\/product\/kapa-estoril\/#breadcrumb","itemListElement":[{"@type":"ListItem","position":1,"name":"Po\u010detna stranica","item":"https:\/\/shop.radna-odjeca.com\/"},{"@type":"ListItem","position":2,"name":"Trgovina","item":"https:\/\/shop.radna-odjeca.com\/trgovina\/"},{"@type":"ListItem","position":3,"name":"Kapa Estoril"}]},{"@type":"WebSite","@id":"https:\/\/shop.radna-odjeca.com\/#website","url":"https:\/\/shop.radna-odjeca.com\/","name":"Jezerinac Webshop","description":"RADNA ODJE\u0106A VISOKE KVALITETE","publisher":{"@id":"https:\/\/shop.radna-odjeca.com\/#organization"},"potentialAction":[{"@type":"SearchAction","target":{"@type":"EntryPoint","urlTemplate":"https:\/\/shop.radna-odjeca.com\/?s={search_term_string}"},"query-input":{"@type":"PropertyValueSpecification","valueRequired":true,"valueName":"search_term_string"}}],"inLanguage":"en-GB"},{"@type":"Organization","@id":"https:\/\/shop.radna-odjeca.com\/#organization","name":"JEZERINAC Radna odje\u0107a","url":"https:\/\/shop.radna-odjeca.com\/","logo":{"@type":"ImageObject","inLanguage":"en-GB","@id":"https:\/\/shop.radna-odjeca.com\/#\/schema\/logo\/image\/","url":"https:\/\/shop.radna-odjeca.com\/wp-content\/uploads\/2020\/04\/logo.png","contentUrl":"https:\/\/shop.radna-odjeca.com\/wp-content\/uploads\/2020\/04\/logo.png","width":254,"height":68,"caption":"JEZERINAC Radna odje\u0107a"},"image":{"@id":"https:\/\/shop.radna-odjeca.com\/#\/schema\/logo\/image\/"}}]}},"_links":{"self":[{"href":"https:\/\/shop.radna-odjeca.com\/en\/wp-json\/wp\/v2\/product\/6803","targetHints":{"allow":["GET"]}}],"collection":[{"href":"https:\/\/shop.radna-odjeca.com\/en\/wp-json\/wp\/v2\/product"}],"about":[{"href":"https:\/\/shop.radna-odjeca.com\/en\/wp-json\/wp\/v2\/types\/product"}],"wp:featuredmedia":[{"embeddable":true,"href":"https:\/\/shop.radna-odjeca.com\/en\/wp-json\/wp\/v2\/media\/6804"}],"wp:attachment":[{"href":"https:\/\/shop.radna-odjeca.com\/en\/wp-json\/wp\/v2\/media?parent=6803"}],"wp:term":[{"taxonomy":"product_brand","embeddable":true,"href":"https:\/\/shop.radna-odjeca.com\/en\/wp-json\/wp\/v2\/product_brand?post=6803"},{"taxonomy":"product_cat","embeddable":true,"href":"https:\/\/shop.radna-odjeca.com\/en\/wp-json\/wp\/v2\/product_cat?post=6803"},{"taxonomy":"product_tag","embeddable":true,"href":"https:\/\/shop.radna-odjeca.com\/en\/wp-json\/wp\/v2\/product_tag?post=6803"}],"curies":[{"name":"wp","href":"https:\/\/api.w.org\/{rel}","templated":true}]}}