{"id":6373,"date":"2023-11-04T17:28:04","date_gmt":"2023-11-04T17:28:04","guid":{"rendered":"https:\/\/shop.radna-odjeca.com\/?post_type=product&#038;p=6373"},"modified":"2026-02-04T13:01:55","modified_gmt":"2026-02-04T13:01:55","slug":"zimska-jakna-milton2","status":"publish","type":"product","link":"https:\/\/shop.radna-odjeca.com\/en\/product\/zimska-jakna-milton2\/","title":{"rendered":"Zimska jakna MILTON2"},"content":{"rendered":"<p>Vodonepropusna i prozra\u010dna parka &#8211; 94% elastin i 65% poliester.<\/p>\n<p>Odvojiva kapulja\u010da s patent zatvara\u010dem.<\/p>\n<p>Visoki ovratnik s podstavom od flisa.<\/p>\n<p>6 funkcionalnih d\u017eepova.<\/p>\n<p>Lagerska boja crna u veli\u010dinama S &#8211; 3Xl.<\/p>\n<p>Ostale boje ( crvena i plava ) u istim veli\u010dinama na upit.<\/p>","protected":false},"excerpt":{"rendered":"<p>Odvojiva kapulja\u010da s patent zatvara\u010dem.<\/p>\n<p>Visoki ovratnik s podstavom od flisa.<\/p>\n<p>6 funkcionalnih d\u017eepova.<\/p>\n<p>Lagerska boja crna u veli\u010dinama S &#8211; 3Xl.<\/p>\n<p>Ostale boje ( crvena i plava ) u istim veli\u010dinama na upit.<\/p>","protected":false},"featured_media":6375,"template":"","meta":[],"product_brand":[],"product_cat":[241,161],"product_tag":[225,229,230],"class_list":{"0":"post-6373","1":"product","2":"type-product","3":"status-publish","4":"has-post-thumbnail","6":"product_cat-jakne","7":"product_cat-odjeca-za-slobodno-vrijeme","8":"product_tag-jakna","9":"product_tag-milton","10":"product_tag-zimska-jakna","12":"first","13":"instock","14":"taxable","15":"shipping-taxable","16":"purchasable","17":"product-type-variable","18":"has-default-attributes"},"yoast_head":"<!-- This site is optimized with the Yoast SEO plugin v27.4 - https:\/\/yoast.com\/product\/yoast-seo-wordpress\/ -->\n<title>Mu\u0161ka radna jakna MILTON2<\/title>\n<meta name=\"description\" content=\"Mu\u0161ka radna jakna za zimu sa 6 funkcionalnih d\u017eepova. Izra\u0111en je od 94% elastina i 65% poliestera. Kapulja\u010da je odvojiva od jakne.\" \/>\n<meta name=\"robots\" content=\"index, follow, max-snippet:-1, max-image-preview:large, max-video-preview:-1\" \/>\n<link rel=\"canonical\" href=\"https:\/\/shop.radna-odjeca.com\/en\/product\/zimska-jakna-milton2\/\" \/>\n<meta property=\"og:locale\" content=\"en_GB\" \/>\n<meta property=\"og:type\" content=\"article\" \/>\n<meta property=\"og:title\" content=\"Mu\u0161ka radna jakna MILTON2\" \/>\n<meta property=\"og:description\" content=\"Mu\u0161ka radna jakna za zimu sa 6 funkcionalnih d\u017eepova. Izra\u0111en je od 94% elastina i 65% poliestera. Kapulja\u010da je odvojiva od jakne.\" \/>\n<meta property=\"og:url\" content=\"https:\/\/shop.radna-odjeca.com\/en\/product\/zimska-jakna-milton2\/\" \/>\n<meta property=\"og:site_name\" content=\"RADNA ODJE\u0106A\" \/>\n<meta property=\"article:modified_time\" content=\"2026-02-04T13:01:55+00:00\" \/>\n<meta property=\"og:image\" content=\"https:\/\/shop.radna-odjeca.com\/wp-content\/uploads\/2023\/11\/MILTON2-NO.png\" \/>\n\t<meta property=\"og:image:width\" content=\"1000\" \/>\n\t<meta property=\"og:image:height\" content=\"1042\" \/>\n\t<meta property=\"og:image:type\" content=\"image\/png\" \/>\n<meta name=\"twitter:card\" content=\"summary_large_image\" \/>\n<meta name=\"twitter:label1\" content=\"Estimated reading time\" \/>\n\t<meta name=\"twitter:data1\" content=\"1 minute\" \/>\n<script type=\"application\/ld+json\" class=\"yoast-schema-graph\">{\"@context\":\"https:\\\/\\\/schema.org\",\"@graph\":[{\"@type\":\"WebPage\",\"@id\":\"https:\\\/\\\/shop.radna-odjeca.com\\\/product\\\/zimska-jakna-milton2\\\/\",\"url\":\"https:\\\/\\\/shop.radna-odjeca.com\\\/product\\\/zimska-jakna-milton2\\\/\",\"name\":\"Mu\u0161ka radna jakna MILTON2\",\"isPartOf\":{\"@id\":\"https:\\\/\\\/shop.radna-odjeca.com\\\/#website\"},\"primaryImageOfPage\":{\"@id\":\"https:\\\/\\\/shop.radna-odjeca.com\\\/product\\\/zimska-jakna-milton2\\\/#primaryimage\"},\"image\":{\"@id\":\"https:\\\/\\\/shop.radna-odjeca.com\\\/product\\\/zimska-jakna-milton2\\\/#primaryimage\"},\"thumbnailUrl\":\"https:\\\/\\\/shop.radna-odjeca.com\\\/wp-content\\\/uploads\\\/2023\\\/11\\\/MILTON2-NO.png\",\"datePublished\":\"2023-11-04T17:28:04+00:00\",\"dateModified\":\"2026-02-04T13:01:55+00:00\",\"description\":\"Mu\u0161ka radna jakna za zimu sa 6 funkcionalnih d\u017eepova. Izra\u0111en je od 94% elastina i 65% poliestera. Kapulja\u010da je odvojiva od jakne.\",\"breadcrumb\":{\"@id\":\"https:\\\/\\\/shop.radna-odjeca.com\\\/product\\\/zimska-jakna-milton2\\\/#breadcrumb\"},\"inLanguage\":\"en-GB\",\"potentialAction\":[{\"@type\":\"ReadAction\",\"target\":[\"https:\\\/\\\/shop.radna-odjeca.com\\\/product\\\/zimska-jakna-milton2\\\/\"]}]},{\"@type\":\"ImageObject\",\"inLanguage\":\"en-GB\",\"@id\":\"https:\\\/\\\/shop.radna-odjeca.com\\\/product\\\/zimska-jakna-milton2\\\/#primaryimage\",\"url\":\"https:\\\/\\\/shop.radna-odjeca.com\\\/wp-content\\\/uploads\\\/2023\\\/11\\\/MILTON2-NO.png\",\"contentUrl\":\"https:\\\/\\\/shop.radna-odjeca.com\\\/wp-content\\\/uploads\\\/2023\\\/11\\\/MILTON2-NO.png\",\"width\":1000,\"height\":1042},{\"@type\":\"BreadcrumbList\",\"@id\":\"https:\\\/\\\/shop.radna-odjeca.com\\\/product\\\/zimska-jakna-milton2\\\/#breadcrumb\",\"itemListElement\":[{\"@type\":\"ListItem\",\"position\":1,\"name\":\"Po\u010detna stranica\",\"item\":\"https:\\\/\\\/shop.radna-odjeca.com\\\/\"},{\"@type\":\"ListItem\",\"position\":2,\"name\":\"Trgovina\",\"item\":\"https:\\\/\\\/shop.radna-odjeca.com\\\/trgovina\\\/\"},{\"@type\":\"ListItem\",\"position\":3,\"name\":\"Zimska jakna MILTON2\"}]},{\"@type\":\"WebSite\",\"@id\":\"https:\\\/\\\/shop.radna-odjeca.com\\\/#website\",\"url\":\"https:\\\/\\\/shop.radna-odjeca.com\\\/\",\"name\":\"Jezerinac Webshop\",\"description\":\"RADNA ODJE\u0106A VISOKE KVALITETE\",\"publisher\":{\"@id\":\"https:\\\/\\\/shop.radna-odjeca.com\\\/#organization\"},\"potentialAction\":[{\"@type\":\"SearchAction\",\"target\":{\"@type\":\"EntryPoint\",\"urlTemplate\":\"https:\\\/\\\/shop.radna-odjeca.com\\\/?s={search_term_string}\"},\"query-input\":{\"@type\":\"PropertyValueSpecification\",\"valueRequired\":true,\"valueName\":\"search_term_string\"}}],\"inLanguage\":\"en-GB\"},{\"@type\":\"Organization\",\"@id\":\"https:\\\/\\\/shop.radna-odjeca.com\\\/#organization\",\"name\":\"JEZERINAC Radna odje\u0107a\",\"url\":\"https:\\\/\\\/shop.radna-odjeca.com\\\/\",\"logo\":{\"@type\":\"ImageObject\",\"inLanguage\":\"en-GB\",\"@id\":\"https:\\\/\\\/shop.radna-odjeca.com\\\/#\\\/schema\\\/logo\\\/image\\\/\",\"url\":\"https:\\\/\\\/shop.radna-odjeca.com\\\/wp-content\\\/uploads\\\/2020\\\/04\\\/logo.png\",\"contentUrl\":\"https:\\\/\\\/shop.radna-odjeca.com\\\/wp-content\\\/uploads\\\/2020\\\/04\\\/logo.png\",\"width\":254,\"height\":68,\"caption\":\"JEZERINAC Radna odje\u0107a\"},\"image\":{\"@id\":\"https:\\\/\\\/shop.radna-odjeca.com\\\/#\\\/schema\\\/logo\\\/image\\\/\"}}]}<\/script>\n<!-- \/ Yoast SEO plugin. -->","yoast_head_json":{"title":"Mu\u0161ka radna jakna MILTON2","description":"Mu\u0161ka radna jakna za zimu sa 6 funkcionalnih d\u017eepova. Izra\u0111en je od 94% elastina i 65% poliestera. Kapulja\u010da je odvojiva od jakne.","robots":{"index":"index","follow":"follow","max-snippet":"max-snippet:-1","max-image-preview":"max-image-preview:large","max-video-preview":"max-video-preview:-1"},"canonical":"https:\/\/shop.radna-odjeca.com\/en\/product\/zimska-jakna-milton2\/","og_locale":"en_GB","og_type":"article","og_title":"Mu\u0161ka radna jakna MILTON2","og_description":"Mu\u0161ka radna jakna za zimu sa 6 funkcionalnih d\u017eepova. Izra\u0111en je od 94% elastina i 65% poliestera. Kapulja\u010da je odvojiva od jakne.","og_url":"https:\/\/shop.radna-odjeca.com\/en\/product\/zimska-jakna-milton2\/","og_site_name":"RADNA ODJE\u0106A","article_modified_time":"2026-02-04T13:01:55+00:00","og_image":[{"width":1000,"height":1042,"url":"https:\/\/shop.radna-odjeca.com\/wp-content\/uploads\/2023\/11\/MILTON2-NO.png","type":"image\/png"}],"twitter_card":"summary_large_image","twitter_misc":{"Estimated reading time":"1 minute"},"schema":{"@context":"https:\/\/schema.org","@graph":[{"@type":"WebPage","@id":"https:\/\/shop.radna-odjeca.com\/product\/zimska-jakna-milton2\/","url":"https:\/\/shop.radna-odjeca.com\/product\/zimska-jakna-milton2\/","name":"Mu\u0161ka radna jakna MILTON2","isPartOf":{"@id":"https:\/\/shop.radna-odjeca.com\/#website"},"primaryImageOfPage":{"@id":"https:\/\/shop.radna-odjeca.com\/product\/zimska-jakna-milton2\/#primaryimage"},"image":{"@id":"https:\/\/shop.radna-odjeca.com\/product\/zimska-jakna-milton2\/#primaryimage"},"thumbnailUrl":"https:\/\/shop.radna-odjeca.com\/wp-content\/uploads\/2023\/11\/MILTON2-NO.png","datePublished":"2023-11-04T17:28:04+00:00","dateModified":"2026-02-04T13:01:55+00:00","description":"Mu\u0161ka radna jakna za zimu sa 6 funkcionalnih d\u017eepova. Izra\u0111en je od 94% elastina i 65% poliestera. Kapulja\u010da je odvojiva od jakne.","breadcrumb":{"@id":"https:\/\/shop.radna-odjeca.com\/product\/zimska-jakna-milton2\/#breadcrumb"},"inLanguage":"en-GB","potentialAction":[{"@type":"ReadAction","target":["https:\/\/shop.radna-odjeca.com\/product\/zimska-jakna-milton2\/"]}]},{"@type":"ImageObject","inLanguage":"en-GB","@id":"https:\/\/shop.radna-odjeca.com\/product\/zimska-jakna-milton2\/#primaryimage","url":"https:\/\/shop.radna-odjeca.com\/wp-content\/uploads\/2023\/11\/MILTON2-NO.png","contentUrl":"https:\/\/shop.radna-odjeca.com\/wp-content\/uploads\/2023\/11\/MILTON2-NO.png","width":1000,"height":1042},{"@type":"BreadcrumbList","@id":"https:\/\/shop.radna-odjeca.com\/product\/zimska-jakna-milton2\/#breadcrumb","itemListElement":[{"@type":"ListItem","position":1,"name":"Po\u010detna stranica","item":"https:\/\/shop.radna-odjeca.com\/"},{"@type":"ListItem","position":2,"name":"Trgovina","item":"https:\/\/shop.radna-odjeca.com\/trgovina\/"},{"@type":"ListItem","position":3,"name":"Zimska jakna MILTON2"}]},{"@type":"WebSite","@id":"https:\/\/shop.radna-odjeca.com\/#website","url":"https:\/\/shop.radna-odjeca.com\/","name":"Jezerinac Webshop","description":"RADNA ODJE\u0106A VISOKE KVALITETE","publisher":{"@id":"https:\/\/shop.radna-odjeca.com\/#organization"},"potentialAction":[{"@type":"SearchAction","target":{"@type":"EntryPoint","urlTemplate":"https:\/\/shop.radna-odjeca.com\/?s={search_term_string}"},"query-input":{"@type":"PropertyValueSpecification","valueRequired":true,"valueName":"search_term_string"}}],"inLanguage":"en-GB"},{"@type":"Organization","@id":"https:\/\/shop.radna-odjeca.com\/#organization","name":"JEZERINAC Radna odje\u0107a","url":"https:\/\/shop.radna-odjeca.com\/","logo":{"@type":"ImageObject","inLanguage":"en-GB","@id":"https:\/\/shop.radna-odjeca.com\/#\/schema\/logo\/image\/","url":"https:\/\/shop.radna-odjeca.com\/wp-content\/uploads\/2020\/04\/logo.png","contentUrl":"https:\/\/shop.radna-odjeca.com\/wp-content\/uploads\/2020\/04\/logo.png","width":254,"height":68,"caption":"JEZERINAC Radna odje\u0107a"},"image":{"@id":"https:\/\/shop.radna-odjeca.com\/#\/schema\/logo\/image\/"}}]}},"_links":{"self":[{"href":"https:\/\/shop.radna-odjeca.com\/en\/wp-json\/wp\/v2\/product\/6373","targetHints":{"allow":["GET"]}}],"collection":[{"href":"https:\/\/shop.radna-odjeca.com\/en\/wp-json\/wp\/v2\/product"}],"about":[{"href":"https:\/\/shop.radna-odjeca.com\/en\/wp-json\/wp\/v2\/types\/product"}],"wp:featuredmedia":[{"embeddable":true,"href":"https:\/\/shop.radna-odjeca.com\/en\/wp-json\/wp\/v2\/media\/6375"}],"wp:attachment":[{"href":"https:\/\/shop.radna-odjeca.com\/en\/wp-json\/wp\/v2\/media?parent=6373"}],"wp:term":[{"taxonomy":"product_brand","embeddable":true,"href":"https:\/\/shop.radna-odjeca.com\/en\/wp-json\/wp\/v2\/product_brand?post=6373"},{"taxonomy":"product_cat","embeddable":true,"href":"https:\/\/shop.radna-odjeca.com\/en\/wp-json\/wp\/v2\/product_cat?post=6373"},{"taxonomy":"product_tag","embeddable":true,"href":"https:\/\/shop.radna-odjeca.com\/en\/wp-json\/wp\/v2\/product_tag?post=6373"}],"curies":[{"name":"wp","href":"https:\/\/api.w.org\/{rel}","templated":true}]}}