{"id":6353,"date":"2023-10-26T09:56:36","date_gmt":"2023-10-26T09:56:36","guid":{"rendered":"https:\/\/shop.radna-odjeca.com\/?post_type=product&#038;p=6353"},"modified":"2026-02-04T13:03:59","modified_gmt":"2026-02-04T13:03:59","slug":"radne-hlace-siggi-sidney","status":"publish","type":"product","link":"https:\/\/shop.radna-odjeca.com\/en\/product\/radne-hlace-siggi-sidney\/","title":{"rendered":"Radne hla\u010de SYDNEY"},"content":{"rendered":"<p>Radne hla\u010de izra\u0111ene od 95% pamuka i 2% elastina.<\/p>\n<p>Funkcionalan i moderan dizajn sa \u0161avovima u kontrastu.<\/p>\n<p>S bo\u010dnim d\u017eepom, d\u017eepom za \u010deki\u0107 i metar d\u017eepom.<\/p>\n<p>Dolaze u plavoj i sivoj boji, veli\u010dine S &#8211; 3XL.<\/p>\n<p>Ostale veli\u010dine XS &#8211; 3XL na upit.<\/p>","protected":false},"excerpt":{"rendered":"<p>Dizajnirane su za profesionalce koji tra\u017ee laganu, prozra\u010dnu i funkcionalnu radnu odje\u0107u. Zahvaljuju\u0107i elasti\u010dnom pojasu i ravnom, udobnom kroju, savr\u0161eno prate pokret pri svakom zadatku. Prakti\u010dni bo\u010dni d\u017eepovi nude dodatni prostor za osnovni pribor, dok kvalitetan materijal osigurava lako odr\u017eavanje i postojanost kroz \u010desta pranja.<\/p>","protected":false},"featured_media":8518,"template":"","meta":[],"product_brand":[],"product_cat":[125,63],"product_tag":[223,228],"class_list":{"0":"post-6353","1":"product","2":"type-product","3":"status-publish","4":"has-post-thumbnail","6":"product_cat-radna-i-zastitna-odjeca","7":"product_cat-radna-i-zastitna-odjeca-podkategorija","8":"product_tag-hlace","9":"product_tag-moderne","11":"first","12":"instock","13":"taxable","14":"shipping-taxable","15":"purchasable","16":"product-type-variable","17":"has-default-attributes"},"yoast_head":"<!-- This site is optimized with the Yoast SEO plugin v27.5 - https:\/\/yoast.com\/product\/yoast-seo-wordpress\/ -->\n<title>Mu\u0161ke radne hla\u010de SIGGI Sidney | Jezerinac webshop<\/title>\n<meta name=\"description\" content=\"Mu\u0161ke pamu\u010dne radne hla\u010de izra\u0111ene od 95% pamuka i 2% elastina. Funkcionalan i moderan dizajn sa \u0161avovima u kontrastu. Veli\u010dine: S - 3XL.\" \/>\n<meta name=\"robots\" content=\"index, follow, max-snippet:-1, max-image-preview:large, max-video-preview:-1\" \/>\n<link rel=\"canonical\" href=\"https:\/\/shop.radna-odjeca.com\/en\/product\/radne-hlace-siggi-sidney\/\" \/>\n<meta property=\"og:locale\" content=\"en_GB\" \/>\n<meta property=\"og:type\" content=\"article\" \/>\n<meta property=\"og:title\" content=\"Mu\u0161ke radne hla\u010de SIGGI Sidney | Jezerinac webshop\" \/>\n<meta property=\"og:description\" content=\"Mu\u0161ke pamu\u010dne radne hla\u010de izra\u0111ene od 95% pamuka i 2% elastina. Funkcionalan i moderan dizajn sa \u0161avovima u kontrastu. Veli\u010dine: S - 3XL.\" \/>\n<meta property=\"og:url\" content=\"https:\/\/shop.radna-odjeca.com\/en\/product\/radne-hlace-siggi-sidney\/\" \/>\n<meta property=\"og:site_name\" content=\"RADNA ODJE\u0106A\" \/>\n<meta property=\"article:modified_time\" content=\"2026-02-04T13:03:59+00:00\" \/>\n<meta property=\"og:image\" content=\"https:\/\/shop.radna-odjeca.com\/wp-content\/uploads\/2023\/10\/sydney-sive-hlace-2.jpg\" \/>\n\t<meta property=\"og:image:width\" content=\"860\" \/>\n\t<meta property=\"og:image:height\" content=\"980\" \/>\n\t<meta property=\"og:image:type\" content=\"image\/jpeg\" \/>\n<meta name=\"twitter:card\" content=\"summary_large_image\" \/>\n<meta name=\"twitter:label1\" content=\"Estimated reading time\" \/>\n\t<meta name=\"twitter:data1\" content=\"1 minute\" \/>\n<script type=\"application\/ld+json\" class=\"yoast-schema-graph\">{\"@context\":\"https:\\\/\\\/schema.org\",\"@graph\":[{\"@type\":\"WebPage\",\"@id\":\"https:\\\/\\\/shop.radna-odjeca.com\\\/product\\\/radne-hlace-siggi-sidney\\\/\",\"url\":\"https:\\\/\\\/shop.radna-odjeca.com\\\/product\\\/radne-hlace-siggi-sidney\\\/\",\"name\":\"Mu\u0161ke radne hla\u010de SIGGI Sidney | Jezerinac webshop\",\"isPartOf\":{\"@id\":\"https:\\\/\\\/shop.radna-odjeca.com\\\/#website\"},\"primaryImageOfPage\":{\"@id\":\"https:\\\/\\\/shop.radna-odjeca.com\\\/product\\\/radne-hlace-siggi-sidney\\\/#primaryimage\"},\"image\":{\"@id\":\"https:\\\/\\\/shop.radna-odjeca.com\\\/product\\\/radne-hlace-siggi-sidney\\\/#primaryimage\"},\"thumbnailUrl\":\"https:\\\/\\\/shop.radna-odjeca.com\\\/wp-content\\\/uploads\\\/2023\\\/10\\\/sydney-sive-hlace-2.jpg\",\"datePublished\":\"2023-10-26T09:56:36+00:00\",\"dateModified\":\"2026-02-04T13:03:59+00:00\",\"description\":\"Mu\u0161ke pamu\u010dne radne hla\u010de izra\u0111ene od 95% pamuka i 2% elastina. Funkcionalan i moderan dizajn sa \u0161avovima u kontrastu. Veli\u010dine: S - 3XL.\",\"breadcrumb\":{\"@id\":\"https:\\\/\\\/shop.radna-odjeca.com\\\/product\\\/radne-hlace-siggi-sidney\\\/#breadcrumb\"},\"inLanguage\":\"en-GB\",\"potentialAction\":[{\"@type\":\"ReadAction\",\"target\":[\"https:\\\/\\\/shop.radna-odjeca.com\\\/product\\\/radne-hlace-siggi-sidney\\\/\"]}]},{\"@type\":\"ImageObject\",\"inLanguage\":\"en-GB\",\"@id\":\"https:\\\/\\\/shop.radna-odjeca.com\\\/product\\\/radne-hlace-siggi-sidney\\\/#primaryimage\",\"url\":\"https:\\\/\\\/shop.radna-odjeca.com\\\/wp-content\\\/uploads\\\/2023\\\/10\\\/sydney-sive-hlace-2.jpg\",\"contentUrl\":\"https:\\\/\\\/shop.radna-odjeca.com\\\/wp-content\\\/uploads\\\/2023\\\/10\\\/sydney-sive-hlace-2.jpg\",\"width\":860,\"height\":980},{\"@type\":\"BreadcrumbList\",\"@id\":\"https:\\\/\\\/shop.radna-odjeca.com\\\/product\\\/radne-hlace-siggi-sidney\\\/#breadcrumb\",\"itemListElement\":[{\"@type\":\"ListItem\",\"position\":1,\"name\":\"Po\u010detna stranica\",\"item\":\"https:\\\/\\\/shop.radna-odjeca.com\\\/\"},{\"@type\":\"ListItem\",\"position\":2,\"name\":\"Trgovina\",\"item\":\"https:\\\/\\\/shop.radna-odjeca.com\\\/trgovina\\\/\"},{\"@type\":\"ListItem\",\"position\":3,\"name\":\"Radne hla\u010de SYDNEY\"}]},{\"@type\":\"WebSite\",\"@id\":\"https:\\\/\\\/shop.radna-odjeca.com\\\/#website\",\"url\":\"https:\\\/\\\/shop.radna-odjeca.com\\\/\",\"name\":\"Jezerinac Webshop\",\"description\":\"RADNA ODJE\u0106A VISOKE KVALITETE\",\"publisher\":{\"@id\":\"https:\\\/\\\/shop.radna-odjeca.com\\\/#organization\"},\"potentialAction\":[{\"@type\":\"SearchAction\",\"target\":{\"@type\":\"EntryPoint\",\"urlTemplate\":\"https:\\\/\\\/shop.radna-odjeca.com\\\/?s={search_term_string}\"},\"query-input\":{\"@type\":\"PropertyValueSpecification\",\"valueRequired\":true,\"valueName\":\"search_term_string\"}}],\"inLanguage\":\"en-GB\"},{\"@type\":\"Organization\",\"@id\":\"https:\\\/\\\/shop.radna-odjeca.com\\\/#organization\",\"name\":\"JEZERINAC Radna odje\u0107a\",\"url\":\"https:\\\/\\\/shop.radna-odjeca.com\\\/\",\"logo\":{\"@type\":\"ImageObject\",\"inLanguage\":\"en-GB\",\"@id\":\"https:\\\/\\\/shop.radna-odjeca.com\\\/#\\\/schema\\\/logo\\\/image\\\/\",\"url\":\"https:\\\/\\\/shop.radna-odjeca.com\\\/wp-content\\\/uploads\\\/2020\\\/04\\\/logo.png\",\"contentUrl\":\"https:\\\/\\\/shop.radna-odjeca.com\\\/wp-content\\\/uploads\\\/2020\\\/04\\\/logo.png\",\"width\":254,\"height\":68,\"caption\":\"JEZERINAC Radna odje\u0107a\"},\"image\":{\"@id\":\"https:\\\/\\\/shop.radna-odjeca.com\\\/#\\\/schema\\\/logo\\\/image\\\/\"}}]}<\/script>\n<!-- \/ Yoast SEO plugin. -->","yoast_head_json":{"title":"Mu\u0161ke radne hla\u010de SIGGI Sidney | Jezerinac webshop","description":"Mu\u0161ke pamu\u010dne radne hla\u010de izra\u0111ene od 95% pamuka i 2% elastina. Funkcionalan i moderan dizajn sa \u0161avovima u kontrastu. Veli\u010dine: S - 3XL.","robots":{"index":"index","follow":"follow","max-snippet":"max-snippet:-1","max-image-preview":"max-image-preview:large","max-video-preview":"max-video-preview:-1"},"canonical":"https:\/\/shop.radna-odjeca.com\/en\/product\/radne-hlace-siggi-sidney\/","og_locale":"en_GB","og_type":"article","og_title":"Mu\u0161ke radne hla\u010de SIGGI Sidney | Jezerinac webshop","og_description":"Mu\u0161ke pamu\u010dne radne hla\u010de izra\u0111ene od 95% pamuka i 2% elastina. Funkcionalan i moderan dizajn sa \u0161avovima u kontrastu. Veli\u010dine: S - 3XL.","og_url":"https:\/\/shop.radna-odjeca.com\/en\/product\/radne-hlace-siggi-sidney\/","og_site_name":"RADNA ODJE\u0106A","article_modified_time":"2026-02-04T13:03:59+00:00","og_image":[{"width":860,"height":980,"url":"https:\/\/shop.radna-odjeca.com\/wp-content\/uploads\/2023\/10\/sydney-sive-hlace-2.jpg","type":"image\/jpeg"}],"twitter_card":"summary_large_image","twitter_misc":{"Estimated reading time":"1 minute"},"schema":{"@context":"https:\/\/schema.org","@graph":[{"@type":"WebPage","@id":"https:\/\/shop.radna-odjeca.com\/product\/radne-hlace-siggi-sidney\/","url":"https:\/\/shop.radna-odjeca.com\/product\/radne-hlace-siggi-sidney\/","name":"Mu\u0161ke radne hla\u010de SIGGI Sidney | Jezerinac webshop","isPartOf":{"@id":"https:\/\/shop.radna-odjeca.com\/#website"},"primaryImageOfPage":{"@id":"https:\/\/shop.radna-odjeca.com\/product\/radne-hlace-siggi-sidney\/#primaryimage"},"image":{"@id":"https:\/\/shop.radna-odjeca.com\/product\/radne-hlace-siggi-sidney\/#primaryimage"},"thumbnailUrl":"https:\/\/shop.radna-odjeca.com\/wp-content\/uploads\/2023\/10\/sydney-sive-hlace-2.jpg","datePublished":"2023-10-26T09:56:36+00:00","dateModified":"2026-02-04T13:03:59+00:00","description":"Mu\u0161ke pamu\u010dne radne hla\u010de izra\u0111ene od 95% pamuka i 2% elastina. Funkcionalan i moderan dizajn sa \u0161avovima u kontrastu. Veli\u010dine: S - 3XL.","breadcrumb":{"@id":"https:\/\/shop.radna-odjeca.com\/product\/radne-hlace-siggi-sidney\/#breadcrumb"},"inLanguage":"en-GB","potentialAction":[{"@type":"ReadAction","target":["https:\/\/shop.radna-odjeca.com\/product\/radne-hlace-siggi-sidney\/"]}]},{"@type":"ImageObject","inLanguage":"en-GB","@id":"https:\/\/shop.radna-odjeca.com\/product\/radne-hlace-siggi-sidney\/#primaryimage","url":"https:\/\/shop.radna-odjeca.com\/wp-content\/uploads\/2023\/10\/sydney-sive-hlace-2.jpg","contentUrl":"https:\/\/shop.radna-odjeca.com\/wp-content\/uploads\/2023\/10\/sydney-sive-hlace-2.jpg","width":860,"height":980},{"@type":"BreadcrumbList","@id":"https:\/\/shop.radna-odjeca.com\/product\/radne-hlace-siggi-sidney\/#breadcrumb","itemListElement":[{"@type":"ListItem","position":1,"name":"Po\u010detna stranica","item":"https:\/\/shop.radna-odjeca.com\/"},{"@type":"ListItem","position":2,"name":"Trgovina","item":"https:\/\/shop.radna-odjeca.com\/trgovina\/"},{"@type":"ListItem","position":3,"name":"Radne hla\u010de SYDNEY"}]},{"@type":"WebSite","@id":"https:\/\/shop.radna-odjeca.com\/#website","url":"https:\/\/shop.radna-odjeca.com\/","name":"Jezerinac Webshop","description":"RADNA ODJE\u0106A VISOKE KVALITETE","publisher":{"@id":"https:\/\/shop.radna-odjeca.com\/#organization"},"potentialAction":[{"@type":"SearchAction","target":{"@type":"EntryPoint","urlTemplate":"https:\/\/shop.radna-odjeca.com\/?s={search_term_string}"},"query-input":{"@type":"PropertyValueSpecification","valueRequired":true,"valueName":"search_term_string"}}],"inLanguage":"en-GB"},{"@type":"Organization","@id":"https:\/\/shop.radna-odjeca.com\/#organization","name":"JEZERINAC Radna odje\u0107a","url":"https:\/\/shop.radna-odjeca.com\/","logo":{"@type":"ImageObject","inLanguage":"en-GB","@id":"https:\/\/shop.radna-odjeca.com\/#\/schema\/logo\/image\/","url":"https:\/\/shop.radna-odjeca.com\/wp-content\/uploads\/2020\/04\/logo.png","contentUrl":"https:\/\/shop.radna-odjeca.com\/wp-content\/uploads\/2020\/04\/logo.png","width":254,"height":68,"caption":"JEZERINAC Radna odje\u0107a"},"image":{"@id":"https:\/\/shop.radna-odjeca.com\/#\/schema\/logo\/image\/"}}]}},"_links":{"self":[{"href":"https:\/\/shop.radna-odjeca.com\/en\/wp-json\/wp\/v2\/product\/6353","targetHints":{"allow":["GET"]}}],"collection":[{"href":"https:\/\/shop.radna-odjeca.com\/en\/wp-json\/wp\/v2\/product"}],"about":[{"href":"https:\/\/shop.radna-odjeca.com\/en\/wp-json\/wp\/v2\/types\/product"}],"wp:featuredmedia":[{"embeddable":true,"href":"https:\/\/shop.radna-odjeca.com\/en\/wp-json\/wp\/v2\/media\/8518"}],"wp:attachment":[{"href":"https:\/\/shop.radna-odjeca.com\/en\/wp-json\/wp\/v2\/media?parent=6353"}],"wp:term":[{"taxonomy":"product_brand","embeddable":true,"href":"https:\/\/shop.radna-odjeca.com\/en\/wp-json\/wp\/v2\/product_brand?post=6353"},{"taxonomy":"product_cat","embeddable":true,"href":"https:\/\/shop.radna-odjeca.com\/en\/wp-json\/wp\/v2\/product_cat?post=6353"},{"taxonomy":"product_tag","embeddable":true,"href":"https:\/\/shop.radna-odjeca.com\/en\/wp-json\/wp\/v2\/product_tag?post=6353"}],"curies":[{"name":"wp","href":"https:\/\/api.w.org\/{rel}","templated":true}]}}