{"id":6281,"date":"2023-10-16T07:23:22","date_gmt":"2023-10-16T07:23:22","guid":{"rendered":"https:\/\/shop.radna-odjeca.com\/?post_type=product&#038;p=6281"},"modified":"2026-02-04T13:41:51","modified_gmt":"2026-02-04T13:41:51","slug":"kisna-kabanica-rainswept","status":"publish","type":"product","link":"https:\/\/shop.radna-odjeca.com\/en\/product\/kisna-kabanica-rainswept\/","title":{"rendered":"Ki\u0161na kabanica RAINSWEPT"},"content":{"rendered":"<p>Ki\u0161na kabanica 100% poliester oblo\u017een poliuretanom.<\/p>\n<p>Kabanica ima jedan prsni d\u017eep, dva \u0161iroka prednja d\u017eepa, sklopivu kapulja\u010du, potpuno termo zavarene \u0161avove.<\/p>\n<p>Elasti\u010dna tkanina otporna na vjetar.<\/p>\n<p>Lagerska boja tamno plava u svim veli\u010dinama (S &#8211; 3XL ).<\/p>\n<p>Dostupne boje na upit \u017euta i zelena ( S &#8211; 3XL ).<\/p>\n<p>Norme: EN 343:2003+A1:2007, EN ISO 13688:2013<\/p>","protected":false},"excerpt":{"rendered":"<p>Ki\u0161na kabanica 100% poliester oblo\u017een poliuretanom.<\/p>\n<p>Kabanica ima jedan prsni d\u017eep, dva \u0161iroka prednja d\u017eepa, sklopivu kapulja\u010du, potpuno termo zavarene \u0161avove.<\/p>\n<p>Elasti\u010dna tkanina otporna na vjetar.<\/p>\n<p>Lagerska boja tamno plava u svim veli\u010dinama (S &#8211; 3XL ).<\/p>\n<p>Dostupne boje na upit \u017euta i zelena ( S &#8211; 3XL ).<\/p>\n<p>Norme: EN 343:2003+A1:2007, EN ISO 13688:2013<\/p>","protected":false},"featured_media":6285,"template":"","meta":[],"product_brand":[],"product_cat":[215],"product_tag":[217,216],"class_list":{"0":"post-6281","1":"product","2":"type-product","3":"status-publish","4":"has-post-thumbnail","6":"product_cat-zastita-od-kise","7":"product_tag-kabanica","8":"product_tag-kisa","10":"first","11":"instock","12":"taxable","13":"shipping-taxable","14":"purchasable","15":"product-type-variable","16":"has-default-attributes"},"yoast_head":"<!-- This site is optimized with the Yoast SEO plugin v27.5 - https:\/\/yoast.com\/product\/yoast-seo-wordpress\/ -->\n<title>Radna kabanica za ki\u0161u RAINSWEPT | Jezerinac webshop<\/title>\n<meta name=\"description\" content=\"Ki\u0161na kabanica za rad ima prsni d\u017eep, dva \u0161iroka prednja d\u017eepa i sklopivu kapulja\u010du. Kabanica je dostupna u bojama: \u017euta i zelena, veli\u010dine: S \u2013 3XL.\" \/>\n<meta name=\"robots\" content=\"index, follow, max-snippet:-1, max-image-preview:large, max-video-preview:-1\" \/>\n<link rel=\"canonical\" href=\"https:\/\/shop.radna-odjeca.com\/en\/product\/kisna-kabanica-rainswept\/\" \/>\n<meta property=\"og:locale\" content=\"en_GB\" \/>\n<meta property=\"og:type\" content=\"article\" \/>\n<meta property=\"og:title\" content=\"Radna kabanica za ki\u0161u RAINSWEPT | Jezerinac webshop\" \/>\n<meta property=\"og:description\" content=\"Ki\u0161na kabanica za rad ima prsni d\u017eep, dva \u0161iroka prednja d\u017eepa i sklopivu kapulja\u010du. Kabanica je dostupna u bojama: \u017euta i zelena, veli\u010dine: S \u2013 3XL.\" \/>\n<meta property=\"og:url\" content=\"https:\/\/shop.radna-odjeca.com\/en\/product\/kisna-kabanica-rainswept\/\" \/>\n<meta property=\"og:site_name\" content=\"RADNA ODJE\u0106A\" \/>\n<meta property=\"article:modified_time\" content=\"2026-02-04T13:41:51+00:00\" \/>\n<meta property=\"og:image\" content=\"https:\/\/shop.radna-odjeca.com\/wp-content\/uploads\/2023\/10\/rainswept-kabanica-tamnoplava.jpg\" \/>\n\t<meta property=\"og:image:width\" content=\"800\" \/>\n\t<meta property=\"og:image:height\" content=\"800\" \/>\n\t<meta property=\"og:image:type\" content=\"image\/jpeg\" \/>\n<meta name=\"twitter:card\" content=\"summary_large_image\" \/>\n<meta name=\"twitter:label1\" content=\"Estimated reading time\" \/>\n\t<meta name=\"twitter:data1\" content=\"1 minute\" \/>\n<script type=\"application\/ld+json\" class=\"yoast-schema-graph\">{\"@context\":\"https:\\\/\\\/schema.org\",\"@graph\":[{\"@type\":\"WebPage\",\"@id\":\"https:\\\/\\\/shop.radna-odjeca.com\\\/product\\\/kisna-kabanica-rainswept\\\/\",\"url\":\"https:\\\/\\\/shop.radna-odjeca.com\\\/product\\\/kisna-kabanica-rainswept\\\/\",\"name\":\"Radna kabanica za ki\u0161u RAINSWEPT | Jezerinac webshop\",\"isPartOf\":{\"@id\":\"https:\\\/\\\/shop.radna-odjeca.com\\\/#website\"},\"primaryImageOfPage\":{\"@id\":\"https:\\\/\\\/shop.radna-odjeca.com\\\/product\\\/kisna-kabanica-rainswept\\\/#primaryimage\"},\"image\":{\"@id\":\"https:\\\/\\\/shop.radna-odjeca.com\\\/product\\\/kisna-kabanica-rainswept\\\/#primaryimage\"},\"thumbnailUrl\":\"https:\\\/\\\/shop.radna-odjeca.com\\\/wp-content\\\/uploads\\\/2023\\\/10\\\/rainswept-kabanica-tamnoplava.jpg\",\"datePublished\":\"2023-10-16T07:23:22+00:00\",\"dateModified\":\"2026-02-04T13:41:51+00:00\",\"description\":\"Ki\u0161na kabanica za rad ima prsni d\u017eep, dva \u0161iroka prednja d\u017eepa i sklopivu kapulja\u010du. Kabanica je dostupna u bojama: \u017euta i zelena, veli\u010dine: S \u2013 3XL.\",\"breadcrumb\":{\"@id\":\"https:\\\/\\\/shop.radna-odjeca.com\\\/product\\\/kisna-kabanica-rainswept\\\/#breadcrumb\"},\"inLanguage\":\"en-GB\",\"potentialAction\":[{\"@type\":\"ReadAction\",\"target\":[\"https:\\\/\\\/shop.radna-odjeca.com\\\/product\\\/kisna-kabanica-rainswept\\\/\"]}]},{\"@type\":\"ImageObject\",\"inLanguage\":\"en-GB\",\"@id\":\"https:\\\/\\\/shop.radna-odjeca.com\\\/product\\\/kisna-kabanica-rainswept\\\/#primaryimage\",\"url\":\"https:\\\/\\\/shop.radna-odjeca.com\\\/wp-content\\\/uploads\\\/2023\\\/10\\\/rainswept-kabanica-tamnoplava.jpg\",\"contentUrl\":\"https:\\\/\\\/shop.radna-odjeca.com\\\/wp-content\\\/uploads\\\/2023\\\/10\\\/rainswept-kabanica-tamnoplava.jpg\",\"width\":800,\"height\":800},{\"@type\":\"BreadcrumbList\",\"@id\":\"https:\\\/\\\/shop.radna-odjeca.com\\\/product\\\/kisna-kabanica-rainswept\\\/#breadcrumb\",\"itemListElement\":[{\"@type\":\"ListItem\",\"position\":1,\"name\":\"Po\u010detna stranica\",\"item\":\"https:\\\/\\\/shop.radna-odjeca.com\\\/\"},{\"@type\":\"ListItem\",\"position\":2,\"name\":\"Trgovina\",\"item\":\"https:\\\/\\\/shop.radna-odjeca.com\\\/trgovina\\\/\"},{\"@type\":\"ListItem\",\"position\":3,\"name\":\"Ki\u0161na kabanica RAINSWEPT\"}]},{\"@type\":\"WebSite\",\"@id\":\"https:\\\/\\\/shop.radna-odjeca.com\\\/#website\",\"url\":\"https:\\\/\\\/shop.radna-odjeca.com\\\/\",\"name\":\"Jezerinac Webshop\",\"description\":\"RADNA ODJE\u0106A VISOKE KVALITETE\",\"publisher\":{\"@id\":\"https:\\\/\\\/shop.radna-odjeca.com\\\/#organization\"},\"potentialAction\":[{\"@type\":\"SearchAction\",\"target\":{\"@type\":\"EntryPoint\",\"urlTemplate\":\"https:\\\/\\\/shop.radna-odjeca.com\\\/?s={search_term_string}\"},\"query-input\":{\"@type\":\"PropertyValueSpecification\",\"valueRequired\":true,\"valueName\":\"search_term_string\"}}],\"inLanguage\":\"en-GB\"},{\"@type\":\"Organization\",\"@id\":\"https:\\\/\\\/shop.radna-odjeca.com\\\/#organization\",\"name\":\"JEZERINAC Radna odje\u0107a\",\"url\":\"https:\\\/\\\/shop.radna-odjeca.com\\\/\",\"logo\":{\"@type\":\"ImageObject\",\"inLanguage\":\"en-GB\",\"@id\":\"https:\\\/\\\/shop.radna-odjeca.com\\\/#\\\/schema\\\/logo\\\/image\\\/\",\"url\":\"https:\\\/\\\/shop.radna-odjeca.com\\\/wp-content\\\/uploads\\\/2020\\\/04\\\/logo.png\",\"contentUrl\":\"https:\\\/\\\/shop.radna-odjeca.com\\\/wp-content\\\/uploads\\\/2020\\\/04\\\/logo.png\",\"width\":254,\"height\":68,\"caption\":\"JEZERINAC Radna odje\u0107a\"},\"image\":{\"@id\":\"https:\\\/\\\/shop.radna-odjeca.com\\\/#\\\/schema\\\/logo\\\/image\\\/\"}}]}<\/script>\n<!-- \/ Yoast SEO plugin. -->","yoast_head_json":{"title":"Radna kabanica za ki\u0161u RAINSWEPT | Jezerinac webshop","description":"Ki\u0161na kabanica za rad ima prsni d\u017eep, dva \u0161iroka prednja d\u017eepa i sklopivu kapulja\u010du. Kabanica je dostupna u bojama: \u017euta i zelena, veli\u010dine: S \u2013 3XL.","robots":{"index":"index","follow":"follow","max-snippet":"max-snippet:-1","max-image-preview":"max-image-preview:large","max-video-preview":"max-video-preview:-1"},"canonical":"https:\/\/shop.radna-odjeca.com\/en\/product\/kisna-kabanica-rainswept\/","og_locale":"en_GB","og_type":"article","og_title":"Radna kabanica za ki\u0161u RAINSWEPT | Jezerinac webshop","og_description":"Ki\u0161na kabanica za rad ima prsni d\u017eep, dva \u0161iroka prednja d\u017eepa i sklopivu kapulja\u010du. Kabanica je dostupna u bojama: \u017euta i zelena, veli\u010dine: S \u2013 3XL.","og_url":"https:\/\/shop.radna-odjeca.com\/en\/product\/kisna-kabanica-rainswept\/","og_site_name":"RADNA ODJE\u0106A","article_modified_time":"2026-02-04T13:41:51+00:00","og_image":[{"width":800,"height":800,"url":"https:\/\/shop.radna-odjeca.com\/wp-content\/uploads\/2023\/10\/rainswept-kabanica-tamnoplava.jpg","type":"image\/jpeg"}],"twitter_card":"summary_large_image","twitter_misc":{"Estimated reading time":"1 minute"},"schema":{"@context":"https:\/\/schema.org","@graph":[{"@type":"WebPage","@id":"https:\/\/shop.radna-odjeca.com\/product\/kisna-kabanica-rainswept\/","url":"https:\/\/shop.radna-odjeca.com\/product\/kisna-kabanica-rainswept\/","name":"Radna kabanica za ki\u0161u RAINSWEPT | Jezerinac webshop","isPartOf":{"@id":"https:\/\/shop.radna-odjeca.com\/#website"},"primaryImageOfPage":{"@id":"https:\/\/shop.radna-odjeca.com\/product\/kisna-kabanica-rainswept\/#primaryimage"},"image":{"@id":"https:\/\/shop.radna-odjeca.com\/product\/kisna-kabanica-rainswept\/#primaryimage"},"thumbnailUrl":"https:\/\/shop.radna-odjeca.com\/wp-content\/uploads\/2023\/10\/rainswept-kabanica-tamnoplava.jpg","datePublished":"2023-10-16T07:23:22+00:00","dateModified":"2026-02-04T13:41:51+00:00","description":"Ki\u0161na kabanica za rad ima prsni d\u017eep, dva \u0161iroka prednja d\u017eepa i sklopivu kapulja\u010du. Kabanica je dostupna u bojama: \u017euta i zelena, veli\u010dine: S \u2013 3XL.","breadcrumb":{"@id":"https:\/\/shop.radna-odjeca.com\/product\/kisna-kabanica-rainswept\/#breadcrumb"},"inLanguage":"en-GB","potentialAction":[{"@type":"ReadAction","target":["https:\/\/shop.radna-odjeca.com\/product\/kisna-kabanica-rainswept\/"]}]},{"@type":"ImageObject","inLanguage":"en-GB","@id":"https:\/\/shop.radna-odjeca.com\/product\/kisna-kabanica-rainswept\/#primaryimage","url":"https:\/\/shop.radna-odjeca.com\/wp-content\/uploads\/2023\/10\/rainswept-kabanica-tamnoplava.jpg","contentUrl":"https:\/\/shop.radna-odjeca.com\/wp-content\/uploads\/2023\/10\/rainswept-kabanica-tamnoplava.jpg","width":800,"height":800},{"@type":"BreadcrumbList","@id":"https:\/\/shop.radna-odjeca.com\/product\/kisna-kabanica-rainswept\/#breadcrumb","itemListElement":[{"@type":"ListItem","position":1,"name":"Po\u010detna stranica","item":"https:\/\/shop.radna-odjeca.com\/"},{"@type":"ListItem","position":2,"name":"Trgovina","item":"https:\/\/shop.radna-odjeca.com\/trgovina\/"},{"@type":"ListItem","position":3,"name":"Ki\u0161na kabanica RAINSWEPT"}]},{"@type":"WebSite","@id":"https:\/\/shop.radna-odjeca.com\/#website","url":"https:\/\/shop.radna-odjeca.com\/","name":"Jezerinac Webshop","description":"RADNA ODJE\u0106A VISOKE KVALITETE","publisher":{"@id":"https:\/\/shop.radna-odjeca.com\/#organization"},"potentialAction":[{"@type":"SearchAction","target":{"@type":"EntryPoint","urlTemplate":"https:\/\/shop.radna-odjeca.com\/?s={search_term_string}"},"query-input":{"@type":"PropertyValueSpecification","valueRequired":true,"valueName":"search_term_string"}}],"inLanguage":"en-GB"},{"@type":"Organization","@id":"https:\/\/shop.radna-odjeca.com\/#organization","name":"JEZERINAC Radna odje\u0107a","url":"https:\/\/shop.radna-odjeca.com\/","logo":{"@type":"ImageObject","inLanguage":"en-GB","@id":"https:\/\/shop.radna-odjeca.com\/#\/schema\/logo\/image\/","url":"https:\/\/shop.radna-odjeca.com\/wp-content\/uploads\/2020\/04\/logo.png","contentUrl":"https:\/\/shop.radna-odjeca.com\/wp-content\/uploads\/2020\/04\/logo.png","width":254,"height":68,"caption":"JEZERINAC Radna odje\u0107a"},"image":{"@id":"https:\/\/shop.radna-odjeca.com\/#\/schema\/logo\/image\/"}}]}},"_links":{"self":[{"href":"https:\/\/shop.radna-odjeca.com\/en\/wp-json\/wp\/v2\/product\/6281","targetHints":{"allow":["GET"]}}],"collection":[{"href":"https:\/\/shop.radna-odjeca.com\/en\/wp-json\/wp\/v2\/product"}],"about":[{"href":"https:\/\/shop.radna-odjeca.com\/en\/wp-json\/wp\/v2\/types\/product"}],"wp:featuredmedia":[{"embeddable":true,"href":"https:\/\/shop.radna-odjeca.com\/en\/wp-json\/wp\/v2\/media\/6285"}],"wp:attachment":[{"href":"https:\/\/shop.radna-odjeca.com\/en\/wp-json\/wp\/v2\/media?parent=6281"}],"wp:term":[{"taxonomy":"product_brand","embeddable":true,"href":"https:\/\/shop.radna-odjeca.com\/en\/wp-json\/wp\/v2\/product_brand?post=6281"},{"taxonomy":"product_cat","embeddable":true,"href":"https:\/\/shop.radna-odjeca.com\/en\/wp-json\/wp\/v2\/product_cat?post=6281"},{"taxonomy":"product_tag","embeddable":true,"href":"https:\/\/shop.radna-odjeca.com\/en\/wp-json\/wp\/v2\/product_tag?post=6281"}],"curies":[{"name":"wp","href":"https:\/\/api.w.org\/{rel}","templated":true}]}}