{"id":6258,"date":"2023-10-12T09:36:13","date_gmt":"2023-10-12T09:36:13","guid":{"rendered":"https:\/\/shop.radna-odjeca.com\/?post_type=product&#038;p=6258"},"modified":"2025-03-05T10:29:37","modified_gmt":"2025-03-05T10:29:37","slug":"visoke-radne-cipele-cambridge-s3","status":"publish","type":"product","link":"https:\/\/shop.radna-odjeca.com\/en\/product\/visoke-radne-cipele-cambridge-s3\/","title":{"rendered":"Visoke radne cipele CAMBRIDGE S3"},"content":{"rendered":"<p>Visoka cipela, WRU ko\u017ea debljine 1,8-2,0 mm.<br \/>\nPodstava od tkanine otporna na abraziju.<\/p>\n<p>Meki, podstavljeni jezik.<br \/>\nKAPICA 200J polimerni kompozit netermi\u010dki prema EN 12568<br \/>\nTABANICA fleksibilna neprobojna kompozitna tkanina prema EN 12568<br \/>\nD\u017dON Action poliuretan, antistatik, otporan na hidrolizu ISO 5423: 92,<br \/>\nna ugljikovodike i na abraziju, anti-\u0161ok i protiv klizanja SRC<br \/>\nLO\u017dAK 4000, prijenosni, anatomski, apsorbiraju\u0107i, antistati\u010dki i znojni.<\/p>\n<p>Lagerske veli\u010dine: 40-44, 46<\/p>\n<p>Ostale veli\u010dine ( 36-51) na upit.<\/p>\n<p>CE UNI EN ISO 20345: 2012 S3 SRC<\/p>","protected":false},"excerpt":{"rendered":"<p>Visoka cipela, WRU ko\u017ea debljine 1,8-2,0 mm.<br \/>\nPodstava od tkanine otporna na abraziju.<\/p>\n<p>Meki, podstavljeni jezik.<br \/>\nKAPICA 200J polimerni kompozit netermi\u010dki prema EN 12568<br \/>\nTABANICA fleksibilna neprobojna kompozitna tkanina prema EN 12568<br \/>\nD\u017dON Action poliuretan, antistatik, otporan na hidrolizu ISO 5423: 92,<br \/>\nna ugljikovodike i na abraziju, anti-\u0161ok i protiv klizanja SRC<br \/>\nLO\u017dAK 4000, prijenosni, anatomski, apsorbiraju\u0107i, antistati\u010dki i znojni.<br \/>\nTe\u017eina obu\u0107e Tg 42 gr. 61<\/p>\n<p>Lagerske veli\u010dine: 40-44, 46<\/p>\n<p>Ostale veli\u010dine ( 36-51) na upit.<\/p>\n<p>CE UNI EN ISO 20345: 2012 S3 SRC<\/p>","protected":false},"featured_media":6259,"template":"","meta":[],"product_brand":[],"product_cat":[110],"product_tag":[211,212,213,214],"class_list":{"0":"post-6258","1":"product","2":"type-product","3":"status-publish","4":"has-post-thumbnail","6":"product_cat-radne-cipele","7":"product_tag-cambridge","8":"product_tag-cipele","9":"product_tag-radne-cipele","10":"product_tag-zastita-nogu","12":"first","13":"instock","14":"taxable","15":"shipping-taxable","16":"purchasable","17":"product-type-variable"},"yoast_head":"<!-- This site is optimized with the Yoast SEO plugin v27.4 - https:\/\/yoast.com\/product\/yoast-seo-wordpress\/ -->\n<title>Mu\u0161ke visoke radne cipele CAMBRIDGE S3 | Jezerinac webshop<\/title>\n<meta name=\"description\" content=\"Mu\u0161ke visoke radne cipele za gra\u0111evinu izra\u0111ene od WRU ko\u017ee. Potplat otporan na hidrolizu, na ugljikovodike i na abraziju, anti-\u0161ok.\" \/>\n<meta name=\"robots\" content=\"index, follow, max-snippet:-1, max-image-preview:large, max-video-preview:-1\" \/>\n<link rel=\"canonical\" href=\"https:\/\/shop.radna-odjeca.com\/en\/product\/visoke-radne-cipele-cambridge-s3\/\" \/>\n<meta property=\"og:locale\" content=\"en_GB\" \/>\n<meta property=\"og:type\" content=\"article\" \/>\n<meta property=\"og:title\" content=\"Mu\u0161ke visoke radne cipele CAMBRIDGE S3 | Jezerinac webshop\" \/>\n<meta property=\"og:description\" content=\"Mu\u0161ke visoke radne cipele za gra\u0111evinu izra\u0111ene od WRU ko\u017ee. Potplat otporan na hidrolizu, na ugljikovodike i na abraziju, anti-\u0161ok.\" \/>\n<meta property=\"og:url\" content=\"https:\/\/shop.radna-odjeca.com\/en\/product\/visoke-radne-cipele-cambridge-s3\/\" \/>\n<meta property=\"og:site_name\" content=\"RADNA ODJE\u0106A\" \/>\n<meta property=\"article:modified_time\" content=\"2025-03-05T10:29:37+00:00\" \/>\n<meta property=\"og:image\" content=\"https:\/\/shop.radna-odjeca.com\/wp-content\/uploads\/2023\/10\/CAMBRIDGE_s3.jpg\" \/>\n\t<meta property=\"og:image:width\" content=\"800\" \/>\n\t<meta property=\"og:image:height\" content=\"600\" \/>\n\t<meta property=\"og:image:type\" content=\"image\/jpeg\" \/>\n<meta name=\"twitter:card\" content=\"summary_large_image\" \/>\n<meta name=\"twitter:label1\" content=\"Estimated reading time\" \/>\n\t<meta name=\"twitter:data1\" content=\"1 minute\" \/>\n<script type=\"application\/ld+json\" class=\"yoast-schema-graph\">{\"@context\":\"https:\\\/\\\/schema.org\",\"@graph\":[{\"@type\":\"WebPage\",\"@id\":\"https:\\\/\\\/shop.radna-odjeca.com\\\/product\\\/visoke-radne-cipele-cambridge-s3\\\/\",\"url\":\"https:\\\/\\\/shop.radna-odjeca.com\\\/product\\\/visoke-radne-cipele-cambridge-s3\\\/\",\"name\":\"Mu\u0161ke visoke radne cipele CAMBRIDGE S3 | Jezerinac webshop\",\"isPartOf\":{\"@id\":\"https:\\\/\\\/shop.radna-odjeca.com\\\/#website\"},\"primaryImageOfPage\":{\"@id\":\"https:\\\/\\\/shop.radna-odjeca.com\\\/product\\\/visoke-radne-cipele-cambridge-s3\\\/#primaryimage\"},\"image\":{\"@id\":\"https:\\\/\\\/shop.radna-odjeca.com\\\/product\\\/visoke-radne-cipele-cambridge-s3\\\/#primaryimage\"},\"thumbnailUrl\":\"https:\\\/\\\/shop.radna-odjeca.com\\\/wp-content\\\/uploads\\\/2023\\\/10\\\/CAMBRIDGE_s3.jpg\",\"datePublished\":\"2023-10-12T09:36:13+00:00\",\"dateModified\":\"2025-03-05T10:29:37+00:00\",\"description\":\"Mu\u0161ke visoke radne cipele za gra\u0111evinu izra\u0111ene od WRU ko\u017ee. Potplat otporan na hidrolizu, na ugljikovodike i na abraziju, anti-\u0161ok.\",\"breadcrumb\":{\"@id\":\"https:\\\/\\\/shop.radna-odjeca.com\\\/product\\\/visoke-radne-cipele-cambridge-s3\\\/#breadcrumb\"},\"inLanguage\":\"en-GB\",\"potentialAction\":[{\"@type\":\"ReadAction\",\"target\":[\"https:\\\/\\\/shop.radna-odjeca.com\\\/product\\\/visoke-radne-cipele-cambridge-s3\\\/\"]}]},{\"@type\":\"ImageObject\",\"inLanguage\":\"en-GB\",\"@id\":\"https:\\\/\\\/shop.radna-odjeca.com\\\/product\\\/visoke-radne-cipele-cambridge-s3\\\/#primaryimage\",\"url\":\"https:\\\/\\\/shop.radna-odjeca.com\\\/wp-content\\\/uploads\\\/2023\\\/10\\\/CAMBRIDGE_s3.jpg\",\"contentUrl\":\"https:\\\/\\\/shop.radna-odjeca.com\\\/wp-content\\\/uploads\\\/2023\\\/10\\\/CAMBRIDGE_s3.jpg\",\"width\":800,\"height\":600},{\"@type\":\"BreadcrumbList\",\"@id\":\"https:\\\/\\\/shop.radna-odjeca.com\\\/product\\\/visoke-radne-cipele-cambridge-s3\\\/#breadcrumb\",\"itemListElement\":[{\"@type\":\"ListItem\",\"position\":1,\"name\":\"Po\u010detna stranica\",\"item\":\"https:\\\/\\\/shop.radna-odjeca.com\\\/\"},{\"@type\":\"ListItem\",\"position\":2,\"name\":\"Trgovina\",\"item\":\"https:\\\/\\\/shop.radna-odjeca.com\\\/trgovina\\\/\"},{\"@type\":\"ListItem\",\"position\":3,\"name\":\"Visoke radne cipele CAMBRIDGE S3\"}]},{\"@type\":\"WebSite\",\"@id\":\"https:\\\/\\\/shop.radna-odjeca.com\\\/#website\",\"url\":\"https:\\\/\\\/shop.radna-odjeca.com\\\/\",\"name\":\"Jezerinac Webshop\",\"description\":\"RADNA ODJE\u0106A VISOKE KVALITETE\",\"publisher\":{\"@id\":\"https:\\\/\\\/shop.radna-odjeca.com\\\/#organization\"},\"potentialAction\":[{\"@type\":\"SearchAction\",\"target\":{\"@type\":\"EntryPoint\",\"urlTemplate\":\"https:\\\/\\\/shop.radna-odjeca.com\\\/?s={search_term_string}\"},\"query-input\":{\"@type\":\"PropertyValueSpecification\",\"valueRequired\":true,\"valueName\":\"search_term_string\"}}],\"inLanguage\":\"en-GB\"},{\"@type\":\"Organization\",\"@id\":\"https:\\\/\\\/shop.radna-odjeca.com\\\/#organization\",\"name\":\"JEZERINAC Radna odje\u0107a\",\"url\":\"https:\\\/\\\/shop.radna-odjeca.com\\\/\",\"logo\":{\"@type\":\"ImageObject\",\"inLanguage\":\"en-GB\",\"@id\":\"https:\\\/\\\/shop.radna-odjeca.com\\\/#\\\/schema\\\/logo\\\/image\\\/\",\"url\":\"https:\\\/\\\/shop.radna-odjeca.com\\\/wp-content\\\/uploads\\\/2020\\\/04\\\/logo.png\",\"contentUrl\":\"https:\\\/\\\/shop.radna-odjeca.com\\\/wp-content\\\/uploads\\\/2020\\\/04\\\/logo.png\",\"width\":254,\"height\":68,\"caption\":\"JEZERINAC Radna odje\u0107a\"},\"image\":{\"@id\":\"https:\\\/\\\/shop.radna-odjeca.com\\\/#\\\/schema\\\/logo\\\/image\\\/\"}}]}<\/script>\n<!-- \/ Yoast SEO plugin. -->","yoast_head_json":{"title":"Mu\u0161ke visoke radne cipele CAMBRIDGE S3 | Jezerinac webshop","description":"Mu\u0161ke visoke radne cipele za gra\u0111evinu izra\u0111ene od WRU ko\u017ee. Potplat otporan na hidrolizu, na ugljikovodike i na abraziju, anti-\u0161ok.","robots":{"index":"index","follow":"follow","max-snippet":"max-snippet:-1","max-image-preview":"max-image-preview:large","max-video-preview":"max-video-preview:-1"},"canonical":"https:\/\/shop.radna-odjeca.com\/en\/product\/visoke-radne-cipele-cambridge-s3\/","og_locale":"en_GB","og_type":"article","og_title":"Mu\u0161ke visoke radne cipele CAMBRIDGE S3 | Jezerinac webshop","og_description":"Mu\u0161ke visoke radne cipele za gra\u0111evinu izra\u0111ene od WRU ko\u017ee. Potplat otporan na hidrolizu, na ugljikovodike i na abraziju, anti-\u0161ok.","og_url":"https:\/\/shop.radna-odjeca.com\/en\/product\/visoke-radne-cipele-cambridge-s3\/","og_site_name":"RADNA ODJE\u0106A","article_modified_time":"2025-03-05T10:29:37+00:00","og_image":[{"width":800,"height":600,"url":"https:\/\/shop.radna-odjeca.com\/wp-content\/uploads\/2023\/10\/CAMBRIDGE_s3.jpg","type":"image\/jpeg"}],"twitter_card":"summary_large_image","twitter_misc":{"Estimated reading time":"1 minute"},"schema":{"@context":"https:\/\/schema.org","@graph":[{"@type":"WebPage","@id":"https:\/\/shop.radna-odjeca.com\/product\/visoke-radne-cipele-cambridge-s3\/","url":"https:\/\/shop.radna-odjeca.com\/product\/visoke-radne-cipele-cambridge-s3\/","name":"Mu\u0161ke visoke radne cipele CAMBRIDGE S3 | Jezerinac webshop","isPartOf":{"@id":"https:\/\/shop.radna-odjeca.com\/#website"},"primaryImageOfPage":{"@id":"https:\/\/shop.radna-odjeca.com\/product\/visoke-radne-cipele-cambridge-s3\/#primaryimage"},"image":{"@id":"https:\/\/shop.radna-odjeca.com\/product\/visoke-radne-cipele-cambridge-s3\/#primaryimage"},"thumbnailUrl":"https:\/\/shop.radna-odjeca.com\/wp-content\/uploads\/2023\/10\/CAMBRIDGE_s3.jpg","datePublished":"2023-10-12T09:36:13+00:00","dateModified":"2025-03-05T10:29:37+00:00","description":"Mu\u0161ke visoke radne cipele za gra\u0111evinu izra\u0111ene od WRU ko\u017ee. Potplat otporan na hidrolizu, na ugljikovodike i na abraziju, anti-\u0161ok.","breadcrumb":{"@id":"https:\/\/shop.radna-odjeca.com\/product\/visoke-radne-cipele-cambridge-s3\/#breadcrumb"},"inLanguage":"en-GB","potentialAction":[{"@type":"ReadAction","target":["https:\/\/shop.radna-odjeca.com\/product\/visoke-radne-cipele-cambridge-s3\/"]}]},{"@type":"ImageObject","inLanguage":"en-GB","@id":"https:\/\/shop.radna-odjeca.com\/product\/visoke-radne-cipele-cambridge-s3\/#primaryimage","url":"https:\/\/shop.radna-odjeca.com\/wp-content\/uploads\/2023\/10\/CAMBRIDGE_s3.jpg","contentUrl":"https:\/\/shop.radna-odjeca.com\/wp-content\/uploads\/2023\/10\/CAMBRIDGE_s3.jpg","width":800,"height":600},{"@type":"BreadcrumbList","@id":"https:\/\/shop.radna-odjeca.com\/product\/visoke-radne-cipele-cambridge-s3\/#breadcrumb","itemListElement":[{"@type":"ListItem","position":1,"name":"Po\u010detna stranica","item":"https:\/\/shop.radna-odjeca.com\/"},{"@type":"ListItem","position":2,"name":"Trgovina","item":"https:\/\/shop.radna-odjeca.com\/trgovina\/"},{"@type":"ListItem","position":3,"name":"Visoke radne cipele CAMBRIDGE S3"}]},{"@type":"WebSite","@id":"https:\/\/shop.radna-odjeca.com\/#website","url":"https:\/\/shop.radna-odjeca.com\/","name":"Jezerinac Webshop","description":"RADNA ODJE\u0106A VISOKE KVALITETE","publisher":{"@id":"https:\/\/shop.radna-odjeca.com\/#organization"},"potentialAction":[{"@type":"SearchAction","target":{"@type":"EntryPoint","urlTemplate":"https:\/\/shop.radna-odjeca.com\/?s={search_term_string}"},"query-input":{"@type":"PropertyValueSpecification","valueRequired":true,"valueName":"search_term_string"}}],"inLanguage":"en-GB"},{"@type":"Organization","@id":"https:\/\/shop.radna-odjeca.com\/#organization","name":"JEZERINAC Radna odje\u0107a","url":"https:\/\/shop.radna-odjeca.com\/","logo":{"@type":"ImageObject","inLanguage":"en-GB","@id":"https:\/\/shop.radna-odjeca.com\/#\/schema\/logo\/image\/","url":"https:\/\/shop.radna-odjeca.com\/wp-content\/uploads\/2020\/04\/logo.png","contentUrl":"https:\/\/shop.radna-odjeca.com\/wp-content\/uploads\/2020\/04\/logo.png","width":254,"height":68,"caption":"JEZERINAC Radna odje\u0107a"},"image":{"@id":"https:\/\/shop.radna-odjeca.com\/#\/schema\/logo\/image\/"}}]}},"_links":{"self":[{"href":"https:\/\/shop.radna-odjeca.com\/en\/wp-json\/wp\/v2\/product\/6258","targetHints":{"allow":["GET"]}}],"collection":[{"href":"https:\/\/shop.radna-odjeca.com\/en\/wp-json\/wp\/v2\/product"}],"about":[{"href":"https:\/\/shop.radna-odjeca.com\/en\/wp-json\/wp\/v2\/types\/product"}],"wp:featuredmedia":[{"embeddable":true,"href":"https:\/\/shop.radna-odjeca.com\/en\/wp-json\/wp\/v2\/media\/6259"}],"wp:attachment":[{"href":"https:\/\/shop.radna-odjeca.com\/en\/wp-json\/wp\/v2\/media?parent=6258"}],"wp:term":[{"taxonomy":"product_brand","embeddable":true,"href":"https:\/\/shop.radna-odjeca.com\/en\/wp-json\/wp\/v2\/product_brand?post=6258"},{"taxonomy":"product_cat","embeddable":true,"href":"https:\/\/shop.radna-odjeca.com\/en\/wp-json\/wp\/v2\/product_cat?post=6258"},{"taxonomy":"product_tag","embeddable":true,"href":"https:\/\/shop.radna-odjeca.com\/en\/wp-json\/wp\/v2\/product_tag?post=6258"}],"curies":[{"name":"wp","href":"https:\/\/api.w.org\/{rel}","templated":true}]}}