{"id":6250,"date":"2023-10-09T08:17:52","date_gmt":"2023-10-09T08:17:52","guid":{"rendered":"https:\/\/shop.radna-odjeca.com\/?post_type=product&#038;p=6250"},"modified":"2024-06-27T09:57:46","modified_gmt":"2024-06-27T09:57:46","slug":"rukavice-maxitherm-premaz-preko-dlana","status":"publish","type":"product","link":"https:\/\/shop.radna-odjeca.com\/en\/product\/rukavice-maxitherm-premaz-preko-dlana\/","title":{"rendered":"Rukavice MAXITHERM premaz preko dlana"},"content":{"rendered":"<p>Rukavica za uporabu u hladnim i toplim uvjetima ( Toplinska za\u0161tita od -10 \u00b0 C do 250 \u00b0 C) , lagane rukavice visokokvalitetnog prediva<br \/>\nDlan: akril sa premazom od lateksa<br \/>\nDu\u017eina:25cm<br \/>\nBoja: naran\u010daste sa crnim premazom od lateksa<br \/>\nTHERMTech\u00ae tehnologija &#8211; kombinira materijale za istovremenu za\u0161titu od topline i hladno\u0107e<br \/>\nGRIPech\u00ae tehnologija optimizoranog zahvata , zahvaljuju\u0107i mikro to\u010dkama na povr\u0161inskom sloju omogu\u0107ava kontrolirani zahvat spre\u0107ava klizanje u uljastim i mokrim podru\u010djima primjene<br \/>\nERGOTech\u00ae tehnologija- opona\u0161a &#8220;ruku u stanju mirovanja&#8221; tako \u0161to smanjuje umor i pove\u0107ava udobnost<br \/>\nPrimjena: DIY, dorada i inspekcija, vrtlarstvo ,rukovanje sitnim dijelovima,primarna , sekundarna te zavr\u0161na obrada i monta\u017ea, odr\u017eavanje,<br \/>\nlogistika i skladi\u0161tenje, upotreba alata i instrumenata., precizna mehanika, op\u0107e rukovanje<\/p>\n<p>Lagerska veli\u010dina: 10<\/p>\n<p>Ostale veli\u010dine ( 6-11 ) na upit.<\/p>\n<p>Standardi (norme): EN 420, EN 388:2003- 1241 , EN511- X1X , EN407- X2XXXX<\/p>","protected":false},"excerpt":{"rendered":"<p>Rukavica za uporabu u hladnim i toplim uvjetima ( Toplinska za\u0161tita od -10 \u00b0 C do 250 \u00b0 C) , lagane rukavice visokokvalitetnog prediva<br \/>\nDlan: akril sa premazom od lateksa<br \/>\nDu\u017eina:25cm<br \/>\nBoja: naran\u010daste sa crnim premazom od lateksa<br \/>\nTHERMTech\u00ae tehnologija &#8211; kombinira materijale za istovremenu za\u0161titu od topline i hladno\u0107e<br \/>\nGRIPech\u00ae tehnologija optimizoranog zahvata , zahvaljuju\u0107i mikro to\u010dkama na povr\u0161inskom sloju omogu\u0107ava kontrolirani zahvat spre\u0107ava klizanje u uljastim i mokrim podru\u010djima primjene<br \/>\nERGOTech\u00ae tehnologija- opona\u0161a &#8220;ruku u stanju mirovanja&#8221; tako \u0161to smanjuje umor i pove\u0107ava udobnost<br \/>\nPrimjena: DIY, dorada i inspekcija, vrtlarstvo ,rukovanje sitnim dijelovima,primarna , sekundarna te zavr\u0161na obrada i monta\u017ea, odr\u017eavanje,<br \/>\nlogistika i skladi\u0161tenje, upotreba alata i instrumenata., precizna mehanika, op\u0107e rukovanje<\/p>\n<p>Lagerska veli\u010dina: 10<\/p>\n<p>Ostale veli\u010dine ( 6-11 ) na upit.<\/p>\n<p>Standardi (norme): EN 420, EN 388:2003- 1241 , EN511- X1X , EN407- X2XXXX<\/p>","protected":false},"featured_media":6253,"template":"","meta":[],"product_brand":[],"product_cat":[73],"product_tag":[207,194,210,206],"class_list":{"0":"post-6250","1":"product","2":"type-product","3":"status-publish","4":"has-post-thumbnail","6":"product_cat-radne-rukavice","7":"product_tag-atg","8":"product_tag-rukavice","9":"product_tag-thermo","10":"product_tag-zastita-ruku","12":"first","13":"instock","14":"taxable","15":"shipping-taxable","16":"purchasable","17":"product-type-variable"},"yoast_head":"<!-- This site is optimized with the Yoast SEO plugin v27.4 - https:\/\/yoast.com\/product\/yoast-seo-wordpress\/ -->\n<title>Termo rukavice za rad MAXITHERM<\/title>\n<meta name=\"description\" content=\"Rukavice za za\u0161titu od topline i hladno\u0107e (Toplinska za\u0161tita od -10 C do 250 C). Toplinske rukavice s premazom od lateksa. Brza dostava.\" \/>\n<meta name=\"robots\" content=\"index, follow, max-snippet:-1, max-image-preview:large, max-video-preview:-1\" \/>\n<link rel=\"canonical\" href=\"https:\/\/shop.radna-odjeca.com\/en\/product\/rukavice-maxitherm-premaz-preko-dlana\/\" \/>\n<meta property=\"og:locale\" content=\"en_GB\" \/>\n<meta property=\"og:type\" content=\"article\" \/>\n<meta property=\"og:title\" content=\"Termo rukavice za rad MAXITHERM\" \/>\n<meta property=\"og:description\" content=\"Rukavice za za\u0161titu od topline i hladno\u0107e (Toplinska za\u0161tita od -10 C do 250 C). Toplinske rukavice s premazom od lateksa. Brza dostava.\" \/>\n<meta property=\"og:url\" content=\"https:\/\/shop.radna-odjeca.com\/en\/product\/rukavice-maxitherm-premaz-preko-dlana\/\" \/>\n<meta property=\"og:site_name\" content=\"RADNA ODJE\u0106A\" \/>\n<meta property=\"article:modified_time\" content=\"2024-06-27T09:57:46+00:00\" \/>\n<meta property=\"og:image\" content=\"https:\/\/shop.radna-odjeca.com\/wp-content\/uploads\/2023\/10\/maxitherm.jpg\" \/>\n\t<meta property=\"og:image:width\" content=\"512\" \/>\n\t<meta property=\"og:image:height\" content=\"512\" \/>\n\t<meta property=\"og:image:type\" content=\"image\/jpeg\" \/>\n<meta name=\"twitter:card\" content=\"summary_large_image\" \/>\n<meta name=\"twitter:label1\" content=\"Estimated reading time\" \/>\n\t<meta name=\"twitter:data1\" content=\"1 minute\" \/>\n<script type=\"application\/ld+json\" class=\"yoast-schema-graph\">{\"@context\":\"https:\\\/\\\/schema.org\",\"@graph\":[{\"@type\":\"WebPage\",\"@id\":\"https:\\\/\\\/shop.radna-odjeca.com\\\/product\\\/rukavice-maxitherm-premaz-preko-dlana\\\/\",\"url\":\"https:\\\/\\\/shop.radna-odjeca.com\\\/product\\\/rukavice-maxitherm-premaz-preko-dlana\\\/\",\"name\":\"Termo rukavice za rad MAXITHERM\",\"isPartOf\":{\"@id\":\"https:\\\/\\\/shop.radna-odjeca.com\\\/#website\"},\"primaryImageOfPage\":{\"@id\":\"https:\\\/\\\/shop.radna-odjeca.com\\\/product\\\/rukavice-maxitherm-premaz-preko-dlana\\\/#primaryimage\"},\"image\":{\"@id\":\"https:\\\/\\\/shop.radna-odjeca.com\\\/product\\\/rukavice-maxitherm-premaz-preko-dlana\\\/#primaryimage\"},\"thumbnailUrl\":\"https:\\\/\\\/shop.radna-odjeca.com\\\/wp-content\\\/uploads\\\/2023\\\/10\\\/maxitherm.jpg\",\"datePublished\":\"2023-10-09T08:17:52+00:00\",\"dateModified\":\"2024-06-27T09:57:46+00:00\",\"description\":\"Rukavice za za\u0161titu od topline i hladno\u0107e (Toplinska za\u0161tita od -10 C do 250 C). Toplinske rukavice s premazom od lateksa. Brza dostava.\",\"breadcrumb\":{\"@id\":\"https:\\\/\\\/shop.radna-odjeca.com\\\/product\\\/rukavice-maxitherm-premaz-preko-dlana\\\/#breadcrumb\"},\"inLanguage\":\"en-GB\",\"potentialAction\":[{\"@type\":\"ReadAction\",\"target\":[\"https:\\\/\\\/shop.radna-odjeca.com\\\/product\\\/rukavice-maxitherm-premaz-preko-dlana\\\/\"]}]},{\"@type\":\"ImageObject\",\"inLanguage\":\"en-GB\",\"@id\":\"https:\\\/\\\/shop.radna-odjeca.com\\\/product\\\/rukavice-maxitherm-premaz-preko-dlana\\\/#primaryimage\",\"url\":\"https:\\\/\\\/shop.radna-odjeca.com\\\/wp-content\\\/uploads\\\/2023\\\/10\\\/maxitherm.jpg\",\"contentUrl\":\"https:\\\/\\\/shop.radna-odjeca.com\\\/wp-content\\\/uploads\\\/2023\\\/10\\\/maxitherm.jpg\",\"width\":512,\"height\":512},{\"@type\":\"BreadcrumbList\",\"@id\":\"https:\\\/\\\/shop.radna-odjeca.com\\\/product\\\/rukavice-maxitherm-premaz-preko-dlana\\\/#breadcrumb\",\"itemListElement\":[{\"@type\":\"ListItem\",\"position\":1,\"name\":\"Po\u010detna stranica\",\"item\":\"https:\\\/\\\/shop.radna-odjeca.com\\\/\"},{\"@type\":\"ListItem\",\"position\":2,\"name\":\"Trgovina\",\"item\":\"https:\\\/\\\/shop.radna-odjeca.com\\\/trgovina\\\/\"},{\"@type\":\"ListItem\",\"position\":3,\"name\":\"Rukavice MAXITHERM premaz preko dlana\"}]},{\"@type\":\"WebSite\",\"@id\":\"https:\\\/\\\/shop.radna-odjeca.com\\\/#website\",\"url\":\"https:\\\/\\\/shop.radna-odjeca.com\\\/\",\"name\":\"Jezerinac Webshop\",\"description\":\"RADNA ODJE\u0106A VISOKE KVALITETE\",\"publisher\":{\"@id\":\"https:\\\/\\\/shop.radna-odjeca.com\\\/#organization\"},\"potentialAction\":[{\"@type\":\"SearchAction\",\"target\":{\"@type\":\"EntryPoint\",\"urlTemplate\":\"https:\\\/\\\/shop.radna-odjeca.com\\\/?s={search_term_string}\"},\"query-input\":{\"@type\":\"PropertyValueSpecification\",\"valueRequired\":true,\"valueName\":\"search_term_string\"}}],\"inLanguage\":\"en-GB\"},{\"@type\":\"Organization\",\"@id\":\"https:\\\/\\\/shop.radna-odjeca.com\\\/#organization\",\"name\":\"JEZERINAC Radna odje\u0107a\",\"url\":\"https:\\\/\\\/shop.radna-odjeca.com\\\/\",\"logo\":{\"@type\":\"ImageObject\",\"inLanguage\":\"en-GB\",\"@id\":\"https:\\\/\\\/shop.radna-odjeca.com\\\/#\\\/schema\\\/logo\\\/image\\\/\",\"url\":\"https:\\\/\\\/shop.radna-odjeca.com\\\/wp-content\\\/uploads\\\/2020\\\/04\\\/logo.png\",\"contentUrl\":\"https:\\\/\\\/shop.radna-odjeca.com\\\/wp-content\\\/uploads\\\/2020\\\/04\\\/logo.png\",\"width\":254,\"height\":68,\"caption\":\"JEZERINAC Radna odje\u0107a\"},\"image\":{\"@id\":\"https:\\\/\\\/shop.radna-odjeca.com\\\/#\\\/schema\\\/logo\\\/image\\\/\"}}]}<\/script>\n<!-- \/ Yoast SEO plugin. -->","yoast_head_json":{"title":"Termo rukavice za rad MAXITHERM","description":"Rukavice za za\u0161titu od topline i hladno\u0107e (Toplinska za\u0161tita od -10 C do 250 C). Toplinske rukavice s premazom od lateksa. Brza dostava.","robots":{"index":"index","follow":"follow","max-snippet":"max-snippet:-1","max-image-preview":"max-image-preview:large","max-video-preview":"max-video-preview:-1"},"canonical":"https:\/\/shop.radna-odjeca.com\/en\/product\/rukavice-maxitherm-premaz-preko-dlana\/","og_locale":"en_GB","og_type":"article","og_title":"Termo rukavice za rad MAXITHERM","og_description":"Rukavice za za\u0161titu od topline i hladno\u0107e (Toplinska za\u0161tita od -10 C do 250 C). Toplinske rukavice s premazom od lateksa. Brza dostava.","og_url":"https:\/\/shop.radna-odjeca.com\/en\/product\/rukavice-maxitherm-premaz-preko-dlana\/","og_site_name":"RADNA ODJE\u0106A","article_modified_time":"2024-06-27T09:57:46+00:00","og_image":[{"width":512,"height":512,"url":"https:\/\/shop.radna-odjeca.com\/wp-content\/uploads\/2023\/10\/maxitherm.jpg","type":"image\/jpeg"}],"twitter_card":"summary_large_image","twitter_misc":{"Estimated reading time":"1 minute"},"schema":{"@context":"https:\/\/schema.org","@graph":[{"@type":"WebPage","@id":"https:\/\/shop.radna-odjeca.com\/product\/rukavice-maxitherm-premaz-preko-dlana\/","url":"https:\/\/shop.radna-odjeca.com\/product\/rukavice-maxitherm-premaz-preko-dlana\/","name":"Termo rukavice za rad MAXITHERM","isPartOf":{"@id":"https:\/\/shop.radna-odjeca.com\/#website"},"primaryImageOfPage":{"@id":"https:\/\/shop.radna-odjeca.com\/product\/rukavice-maxitherm-premaz-preko-dlana\/#primaryimage"},"image":{"@id":"https:\/\/shop.radna-odjeca.com\/product\/rukavice-maxitherm-premaz-preko-dlana\/#primaryimage"},"thumbnailUrl":"https:\/\/shop.radna-odjeca.com\/wp-content\/uploads\/2023\/10\/maxitherm.jpg","datePublished":"2023-10-09T08:17:52+00:00","dateModified":"2024-06-27T09:57:46+00:00","description":"Rukavice za za\u0161titu od topline i hladno\u0107e (Toplinska za\u0161tita od -10 C do 250 C). Toplinske rukavice s premazom od lateksa. Brza dostava.","breadcrumb":{"@id":"https:\/\/shop.radna-odjeca.com\/product\/rukavice-maxitherm-premaz-preko-dlana\/#breadcrumb"},"inLanguage":"en-GB","potentialAction":[{"@type":"ReadAction","target":["https:\/\/shop.radna-odjeca.com\/product\/rukavice-maxitherm-premaz-preko-dlana\/"]}]},{"@type":"ImageObject","inLanguage":"en-GB","@id":"https:\/\/shop.radna-odjeca.com\/product\/rukavice-maxitherm-premaz-preko-dlana\/#primaryimage","url":"https:\/\/shop.radna-odjeca.com\/wp-content\/uploads\/2023\/10\/maxitherm.jpg","contentUrl":"https:\/\/shop.radna-odjeca.com\/wp-content\/uploads\/2023\/10\/maxitherm.jpg","width":512,"height":512},{"@type":"BreadcrumbList","@id":"https:\/\/shop.radna-odjeca.com\/product\/rukavice-maxitherm-premaz-preko-dlana\/#breadcrumb","itemListElement":[{"@type":"ListItem","position":1,"name":"Po\u010detna stranica","item":"https:\/\/shop.radna-odjeca.com\/"},{"@type":"ListItem","position":2,"name":"Trgovina","item":"https:\/\/shop.radna-odjeca.com\/trgovina\/"},{"@type":"ListItem","position":3,"name":"Rukavice MAXITHERM premaz preko dlana"}]},{"@type":"WebSite","@id":"https:\/\/shop.radna-odjeca.com\/#website","url":"https:\/\/shop.radna-odjeca.com\/","name":"Jezerinac Webshop","description":"RADNA ODJE\u0106A VISOKE KVALITETE","publisher":{"@id":"https:\/\/shop.radna-odjeca.com\/#organization"},"potentialAction":[{"@type":"SearchAction","target":{"@type":"EntryPoint","urlTemplate":"https:\/\/shop.radna-odjeca.com\/?s={search_term_string}"},"query-input":{"@type":"PropertyValueSpecification","valueRequired":true,"valueName":"search_term_string"}}],"inLanguage":"en-GB"},{"@type":"Organization","@id":"https:\/\/shop.radna-odjeca.com\/#organization","name":"JEZERINAC Radna odje\u0107a","url":"https:\/\/shop.radna-odjeca.com\/","logo":{"@type":"ImageObject","inLanguage":"en-GB","@id":"https:\/\/shop.radna-odjeca.com\/#\/schema\/logo\/image\/","url":"https:\/\/shop.radna-odjeca.com\/wp-content\/uploads\/2020\/04\/logo.png","contentUrl":"https:\/\/shop.radna-odjeca.com\/wp-content\/uploads\/2020\/04\/logo.png","width":254,"height":68,"caption":"JEZERINAC Radna odje\u0107a"},"image":{"@id":"https:\/\/shop.radna-odjeca.com\/#\/schema\/logo\/image\/"}}]}},"_links":{"self":[{"href":"https:\/\/shop.radna-odjeca.com\/en\/wp-json\/wp\/v2\/product\/6250","targetHints":{"allow":["GET"]}}],"collection":[{"href":"https:\/\/shop.radna-odjeca.com\/en\/wp-json\/wp\/v2\/product"}],"about":[{"href":"https:\/\/shop.radna-odjeca.com\/en\/wp-json\/wp\/v2\/types\/product"}],"wp:featuredmedia":[{"embeddable":true,"href":"https:\/\/shop.radna-odjeca.com\/en\/wp-json\/wp\/v2\/media\/6253"}],"wp:attachment":[{"href":"https:\/\/shop.radna-odjeca.com\/en\/wp-json\/wp\/v2\/media?parent=6250"}],"wp:term":[{"taxonomy":"product_brand","embeddable":true,"href":"https:\/\/shop.radna-odjeca.com\/en\/wp-json\/wp\/v2\/product_brand?post=6250"},{"taxonomy":"product_cat","embeddable":true,"href":"https:\/\/shop.radna-odjeca.com\/en\/wp-json\/wp\/v2\/product_cat?post=6250"},{"taxonomy":"product_tag","embeddable":true,"href":"https:\/\/shop.radna-odjeca.com\/en\/wp-json\/wp\/v2\/product_tag?post=6250"}],"curies":[{"name":"wp","href":"https:\/\/api.w.org\/{rel}","templated":true}]}}