{"id":6243,"date":"2023-10-06T09:36:23","date_gmt":"2023-10-06T09:36:23","guid":{"rendered":"https:\/\/shop.radna-odjeca.com\/?post_type=product&#038;p=6243"},"modified":"2024-06-27T09:55:34","modified_gmt":"2024-06-27T09:55:34","slug":"rukavice-maxiflex-cut-3","status":"publish","type":"product","link":"https:\/\/shop.radna-odjeca.com\/en\/product\/rukavice-maxiflex-cut-3\/","title":{"rendered":"Rukavice MAXIFLEX CUT 3"},"content":{"rendered":"<p>ATG MaxiFlex Cut 3 34-8743 su iznimno lagane radne rukavice otporne na porezotine za precizno rukovanje u suhom okru\u017eenju. Rukavice sa zape\u0161\u0107em, bez silikona, oblo\u017eene nitrilnom mikro pjenom.<\/p>\n<p>Dlan debljine 0,8 mm, oblo\u017een nitrilnom mikro pjenom. Du\u017eina 25 cm. Razina 3 otpornosti na rezanje.<\/p>\n<p>Svojstva i prednosti:<\/p>\n<p>CUTTech\u00ae tehnologija sa jedinstvenim visokou\u010dinkovitim nitima i vlaknima omogu\u0107uje za\u0161titu od porezotina i u isto vrijeme zadr\u017eava visoku razinu udobnosti.<\/p>\n<p>AIRTech\u00ae tehnologija donosi prozra\u010dnost 360\u00b0, Oblik, prianjanje i osje\u0107aj vode\u0107i u klasi, smanjuju vla\u017eenje ruku i pove\u0107avaju udobnost.<\/p>\n<p>DURATech\u00ae tehnologija \u010dini rukavice iznimno izdr\u017eljive, podnose 18000 abrazivnih ciklusa po milimetru zahvaljuju\u0107i uporabi tehnologiji podstavljanja pri izradi podstave.<\/p>\n<p>ERGOTech\u00ae tehnologija opona\u0161a \u201cruku u stanju mirovanja\u201d tako \u0161to smanjuje umor i pove\u0107ava udobnost.<\/p>\n<p>GRIPTech\u00ae tehnologija osmi\u0161ljena je kako bi podr\u017eala u suhim i\/ili uljanim sredinama.<\/p>\n<p>HandCare\u00ae program osigurava \u010disto\u0107u svakog para rukavica. Svaki par se nakon proizvodnog procesa opere u perilici.<\/p>\n<p>&nbsp;<\/p>\n<p>Lagerska veli\u010dina: 10<\/p>\n<p>Ostale veli\u010dine ( 6-11) na upit.<\/p>\n<p>EN420, EN 388<\/p>\n<p><span class=\"normLib\" data-norm-code=\"1\">EN388:2016+A1:2018\u00a0Rukavice protiv mehani\u010dkih rizika (Nivoi postignuti na dlanu)\u00a0\u00a0<\/span><\/p>","protected":false},"excerpt":{"rendered":"<p>ATG MaxiFlex Cut 3 34-8743 su iznimno lagane radne rukavice otporne na porezotine za precizno rukovanje u suhom okru\u017eenju. Rukavice sa zape\u0161\u0107em, bez silikona, oblo\u017eene nitrilnom mikro pjenom.<\/p>\n<p>Dlan debljine 0,8 mm, oblo\u017een nitrilnom mikro pjenom. Du\u017eina 25 cm. Razina 3 otpornosti na rezanje.<\/p>\n<p>Lagerska veli\u010dina: 10<\/p>\n<p>Ostale veli\u010dine ( 6-11) na upit.<\/p>\n<p>EN420, EN 388<\/p>\n<p><span class=\"normLib\" data-norm-code=\"1\">EN388:2016+A1:2018\u00a0Rukavice protiv mehani\u010dkih rizika (Nivoi postignuti na dlanu)\u00a0\u00a0<\/span><\/p>","protected":false},"featured_media":6244,"template":"","meta":[],"product_brand":[],"product_cat":[73],"product_tag":[207,209,194,206],"class_list":{"0":"post-6243","1":"product","2":"type-product","3":"status-publish","4":"has-post-thumbnail","6":"product_cat-radne-rukavice","7":"product_tag-atg","8":"product_tag-cut","9":"product_tag-rukavice","10":"product_tag-zastita-ruku","12":"first","13":"instock","14":"taxable","15":"shipping-taxable","16":"purchasable","17":"product-type-variable"},"yoast_head":"<!-- This site is optimized with the Yoast SEO plugin v27.5 - https:\/\/yoast.com\/product\/yoast-seo-wordpress\/ -->\n<title>Rukavice otporne na porezotine MAXIFLEX CUT 3<\/title>\n<meta name=\"description\" content=\"Radne rukavice otporne na porezotine. CUTTech tehnologija sa jedinstvenim visokou\u010dinkovitim nitima i vlaknima omogu\u0107uje za\u0161titu od porezotina.\" \/>\n<meta name=\"robots\" content=\"index, follow, max-snippet:-1, max-image-preview:large, max-video-preview:-1\" \/>\n<link rel=\"canonical\" href=\"https:\/\/shop.radna-odjeca.com\/en\/product\/rukavice-maxiflex-cut-3\/\" \/>\n<meta property=\"og:locale\" content=\"en_GB\" \/>\n<meta property=\"og:type\" content=\"article\" \/>\n<meta property=\"og:title\" content=\"Rukavice otporne na porezotine MAXIFLEX CUT 3\" \/>\n<meta property=\"og:description\" content=\"Radne rukavice otporne na porezotine. CUTTech tehnologija sa jedinstvenim visokou\u010dinkovitim nitima i vlaknima omogu\u0107uje za\u0161titu od porezotina.\" \/>\n<meta property=\"og:url\" content=\"https:\/\/shop.radna-odjeca.com\/en\/product\/rukavice-maxiflex-cut-3\/\" \/>\n<meta property=\"og:site_name\" content=\"RADNA ODJE\u0106A\" \/>\n<meta property=\"article:modified_time\" content=\"2024-06-27T09:55:34+00:00\" \/>\n<meta property=\"og:image\" content=\"https:\/\/shop.radna-odjeca.com\/wp-content\/uploads\/2023\/10\/34_8743_atg-rukavice-maxiflex_cut.jpg\" \/>\n\t<meta property=\"og:image:width\" content=\"512\" \/>\n\t<meta property=\"og:image:height\" content=\"512\" \/>\n\t<meta property=\"og:image:type\" content=\"image\/jpeg\" \/>\n<meta name=\"twitter:card\" content=\"summary_large_image\" \/>\n<meta name=\"twitter:label1\" content=\"Estimated reading time\" \/>\n\t<meta name=\"twitter:data1\" content=\"1 minute\" \/>\n<script type=\"application\/ld+json\" class=\"yoast-schema-graph\">{\"@context\":\"https:\\\/\\\/schema.org\",\"@graph\":[{\"@type\":\"WebPage\",\"@id\":\"https:\\\/\\\/shop.radna-odjeca.com\\\/product\\\/rukavice-maxiflex-cut-3\\\/\",\"url\":\"https:\\\/\\\/shop.radna-odjeca.com\\\/product\\\/rukavice-maxiflex-cut-3\\\/\",\"name\":\"Rukavice otporne na porezotine MAXIFLEX CUT 3\",\"isPartOf\":{\"@id\":\"https:\\\/\\\/shop.radna-odjeca.com\\\/#website\"},\"primaryImageOfPage\":{\"@id\":\"https:\\\/\\\/shop.radna-odjeca.com\\\/product\\\/rukavice-maxiflex-cut-3\\\/#primaryimage\"},\"image\":{\"@id\":\"https:\\\/\\\/shop.radna-odjeca.com\\\/product\\\/rukavice-maxiflex-cut-3\\\/#primaryimage\"},\"thumbnailUrl\":\"https:\\\/\\\/shop.radna-odjeca.com\\\/wp-content\\\/uploads\\\/2023\\\/10\\\/34_8743_atg-rukavice-maxiflex_cut.jpg\",\"datePublished\":\"2023-10-06T09:36:23+00:00\",\"dateModified\":\"2024-06-27T09:55:34+00:00\",\"description\":\"Radne rukavice otporne na porezotine. CUTTech tehnologija sa jedinstvenim visokou\u010dinkovitim nitima i vlaknima omogu\u0107uje za\u0161titu od porezotina.\",\"breadcrumb\":{\"@id\":\"https:\\\/\\\/shop.radna-odjeca.com\\\/product\\\/rukavice-maxiflex-cut-3\\\/#breadcrumb\"},\"inLanguage\":\"en-GB\",\"potentialAction\":[{\"@type\":\"ReadAction\",\"target\":[\"https:\\\/\\\/shop.radna-odjeca.com\\\/product\\\/rukavice-maxiflex-cut-3\\\/\"]}]},{\"@type\":\"ImageObject\",\"inLanguage\":\"en-GB\",\"@id\":\"https:\\\/\\\/shop.radna-odjeca.com\\\/product\\\/rukavice-maxiflex-cut-3\\\/#primaryimage\",\"url\":\"https:\\\/\\\/shop.radna-odjeca.com\\\/wp-content\\\/uploads\\\/2023\\\/10\\\/34_8743_atg-rukavice-maxiflex_cut.jpg\",\"contentUrl\":\"https:\\\/\\\/shop.radna-odjeca.com\\\/wp-content\\\/uploads\\\/2023\\\/10\\\/34_8743_atg-rukavice-maxiflex_cut.jpg\",\"width\":512,\"height\":512},{\"@type\":\"BreadcrumbList\",\"@id\":\"https:\\\/\\\/shop.radna-odjeca.com\\\/product\\\/rukavice-maxiflex-cut-3\\\/#breadcrumb\",\"itemListElement\":[{\"@type\":\"ListItem\",\"position\":1,\"name\":\"Po\u010detna stranica\",\"item\":\"https:\\\/\\\/shop.radna-odjeca.com\\\/\"},{\"@type\":\"ListItem\",\"position\":2,\"name\":\"Trgovina\",\"item\":\"https:\\\/\\\/shop.radna-odjeca.com\\\/trgovina\\\/\"},{\"@type\":\"ListItem\",\"position\":3,\"name\":\"Rukavice MAXIFLEX CUT 3\"}]},{\"@type\":\"WebSite\",\"@id\":\"https:\\\/\\\/shop.radna-odjeca.com\\\/#website\",\"url\":\"https:\\\/\\\/shop.radna-odjeca.com\\\/\",\"name\":\"Jezerinac Webshop\",\"description\":\"RADNA ODJE\u0106A VISOKE KVALITETE\",\"publisher\":{\"@id\":\"https:\\\/\\\/shop.radna-odjeca.com\\\/#organization\"},\"potentialAction\":[{\"@type\":\"SearchAction\",\"target\":{\"@type\":\"EntryPoint\",\"urlTemplate\":\"https:\\\/\\\/shop.radna-odjeca.com\\\/?s={search_term_string}\"},\"query-input\":{\"@type\":\"PropertyValueSpecification\",\"valueRequired\":true,\"valueName\":\"search_term_string\"}}],\"inLanguage\":\"en-GB\"},{\"@type\":\"Organization\",\"@id\":\"https:\\\/\\\/shop.radna-odjeca.com\\\/#organization\",\"name\":\"JEZERINAC Radna odje\u0107a\",\"url\":\"https:\\\/\\\/shop.radna-odjeca.com\\\/\",\"logo\":{\"@type\":\"ImageObject\",\"inLanguage\":\"en-GB\",\"@id\":\"https:\\\/\\\/shop.radna-odjeca.com\\\/#\\\/schema\\\/logo\\\/image\\\/\",\"url\":\"https:\\\/\\\/shop.radna-odjeca.com\\\/wp-content\\\/uploads\\\/2020\\\/04\\\/logo.png\",\"contentUrl\":\"https:\\\/\\\/shop.radna-odjeca.com\\\/wp-content\\\/uploads\\\/2020\\\/04\\\/logo.png\",\"width\":254,\"height\":68,\"caption\":\"JEZERINAC Radna odje\u0107a\"},\"image\":{\"@id\":\"https:\\\/\\\/shop.radna-odjeca.com\\\/#\\\/schema\\\/logo\\\/image\\\/\"}}]}<\/script>\n<!-- \/ Yoast SEO plugin. -->","yoast_head_json":{"title":"Rukavice otporne na porezotine MAXIFLEX CUT 3","description":"Radne rukavice otporne na porezotine. CUTTech tehnologija sa jedinstvenim visokou\u010dinkovitim nitima i vlaknima omogu\u0107uje za\u0161titu od porezotina.","robots":{"index":"index","follow":"follow","max-snippet":"max-snippet:-1","max-image-preview":"max-image-preview:large","max-video-preview":"max-video-preview:-1"},"canonical":"https:\/\/shop.radna-odjeca.com\/en\/product\/rukavice-maxiflex-cut-3\/","og_locale":"en_GB","og_type":"article","og_title":"Rukavice otporne na porezotine MAXIFLEX CUT 3","og_description":"Radne rukavice otporne na porezotine. CUTTech tehnologija sa jedinstvenim visokou\u010dinkovitim nitima i vlaknima omogu\u0107uje za\u0161titu od porezotina.","og_url":"https:\/\/shop.radna-odjeca.com\/en\/product\/rukavice-maxiflex-cut-3\/","og_site_name":"RADNA ODJE\u0106A","article_modified_time":"2024-06-27T09:55:34+00:00","og_image":[{"width":512,"height":512,"url":"https:\/\/shop.radna-odjeca.com\/wp-content\/uploads\/2023\/10\/34_8743_atg-rukavice-maxiflex_cut.jpg","type":"image\/jpeg"}],"twitter_card":"summary_large_image","twitter_misc":{"Estimated reading time":"1 minute"},"schema":{"@context":"https:\/\/schema.org","@graph":[{"@type":"WebPage","@id":"https:\/\/shop.radna-odjeca.com\/product\/rukavice-maxiflex-cut-3\/","url":"https:\/\/shop.radna-odjeca.com\/product\/rukavice-maxiflex-cut-3\/","name":"Rukavice otporne na porezotine MAXIFLEX CUT 3","isPartOf":{"@id":"https:\/\/shop.radna-odjeca.com\/#website"},"primaryImageOfPage":{"@id":"https:\/\/shop.radna-odjeca.com\/product\/rukavice-maxiflex-cut-3\/#primaryimage"},"image":{"@id":"https:\/\/shop.radna-odjeca.com\/product\/rukavice-maxiflex-cut-3\/#primaryimage"},"thumbnailUrl":"https:\/\/shop.radna-odjeca.com\/wp-content\/uploads\/2023\/10\/34_8743_atg-rukavice-maxiflex_cut.jpg","datePublished":"2023-10-06T09:36:23+00:00","dateModified":"2024-06-27T09:55:34+00:00","description":"Radne rukavice otporne na porezotine. CUTTech tehnologija sa jedinstvenim visokou\u010dinkovitim nitima i vlaknima omogu\u0107uje za\u0161titu od porezotina.","breadcrumb":{"@id":"https:\/\/shop.radna-odjeca.com\/product\/rukavice-maxiflex-cut-3\/#breadcrumb"},"inLanguage":"en-GB","potentialAction":[{"@type":"ReadAction","target":["https:\/\/shop.radna-odjeca.com\/product\/rukavice-maxiflex-cut-3\/"]}]},{"@type":"ImageObject","inLanguage":"en-GB","@id":"https:\/\/shop.radna-odjeca.com\/product\/rukavice-maxiflex-cut-3\/#primaryimage","url":"https:\/\/shop.radna-odjeca.com\/wp-content\/uploads\/2023\/10\/34_8743_atg-rukavice-maxiflex_cut.jpg","contentUrl":"https:\/\/shop.radna-odjeca.com\/wp-content\/uploads\/2023\/10\/34_8743_atg-rukavice-maxiflex_cut.jpg","width":512,"height":512},{"@type":"BreadcrumbList","@id":"https:\/\/shop.radna-odjeca.com\/product\/rukavice-maxiflex-cut-3\/#breadcrumb","itemListElement":[{"@type":"ListItem","position":1,"name":"Po\u010detna stranica","item":"https:\/\/shop.radna-odjeca.com\/"},{"@type":"ListItem","position":2,"name":"Trgovina","item":"https:\/\/shop.radna-odjeca.com\/trgovina\/"},{"@type":"ListItem","position":3,"name":"Rukavice MAXIFLEX CUT 3"}]},{"@type":"WebSite","@id":"https:\/\/shop.radna-odjeca.com\/#website","url":"https:\/\/shop.radna-odjeca.com\/","name":"Jezerinac Webshop","description":"RADNA ODJE\u0106A VISOKE KVALITETE","publisher":{"@id":"https:\/\/shop.radna-odjeca.com\/#organization"},"potentialAction":[{"@type":"SearchAction","target":{"@type":"EntryPoint","urlTemplate":"https:\/\/shop.radna-odjeca.com\/?s={search_term_string}"},"query-input":{"@type":"PropertyValueSpecification","valueRequired":true,"valueName":"search_term_string"}}],"inLanguage":"en-GB"},{"@type":"Organization","@id":"https:\/\/shop.radna-odjeca.com\/#organization","name":"JEZERINAC Radna odje\u0107a","url":"https:\/\/shop.radna-odjeca.com\/","logo":{"@type":"ImageObject","inLanguage":"en-GB","@id":"https:\/\/shop.radna-odjeca.com\/#\/schema\/logo\/image\/","url":"https:\/\/shop.radna-odjeca.com\/wp-content\/uploads\/2020\/04\/logo.png","contentUrl":"https:\/\/shop.radna-odjeca.com\/wp-content\/uploads\/2020\/04\/logo.png","width":254,"height":68,"caption":"JEZERINAC Radna odje\u0107a"},"image":{"@id":"https:\/\/shop.radna-odjeca.com\/#\/schema\/logo\/image\/"}}]}},"_links":{"self":[{"href":"https:\/\/shop.radna-odjeca.com\/en\/wp-json\/wp\/v2\/product\/6243","targetHints":{"allow":["GET"]}}],"collection":[{"href":"https:\/\/shop.radna-odjeca.com\/en\/wp-json\/wp\/v2\/product"}],"about":[{"href":"https:\/\/shop.radna-odjeca.com\/en\/wp-json\/wp\/v2\/types\/product"}],"wp:featuredmedia":[{"embeddable":true,"href":"https:\/\/shop.radna-odjeca.com\/en\/wp-json\/wp\/v2\/media\/6244"}],"wp:attachment":[{"href":"https:\/\/shop.radna-odjeca.com\/en\/wp-json\/wp\/v2\/media?parent=6243"}],"wp:term":[{"taxonomy":"product_brand","embeddable":true,"href":"https:\/\/shop.radna-odjeca.com\/en\/wp-json\/wp\/v2\/product_brand?post=6243"},{"taxonomy":"product_cat","embeddable":true,"href":"https:\/\/shop.radna-odjeca.com\/en\/wp-json\/wp\/v2\/product_cat?post=6243"},{"taxonomy":"product_tag","embeddable":true,"href":"https:\/\/shop.radna-odjeca.com\/en\/wp-json\/wp\/v2\/product_tag?post=6243"}],"curies":[{"name":"wp","href":"https:\/\/api.w.org\/{rel}","templated":true}]}}