{"id":6216,"date":"2023-10-02T10:27:24","date_gmt":"2023-10-02T10:27:24","guid":{"rendered":"https:\/\/shop.radna-odjeca.com\/?post_type=product&#038;p=6216"},"modified":"2025-09-09T08:13:41","modified_gmt":"2025-09-09T08:13:41","slug":"zastitne-naocale-maska-muria1","status":"publish","type":"product","link":"https:\/\/shop.radna-odjeca.com\/en\/product\/zastitne-naocale-maska-muria1\/","title":{"rendered":"Za\u0161titne nao\u010dale-maska MURIA1"},"content":{"rendered":"<section class=\"blocContenu blocContenu-first\">\n<div>Nao\u010dale-maska s bezbojnim le\u0107ama od polikarbonata. Mekan i udoban okvir od PVC-a. Direktna ventilacija. Elasti\u010dna traka oko glave.<\/div>\n<\/section>\n<section class=\"blocContenu\">\n<div>Okvir: mekani PVC.<br \/>\nEkran: bezbojni Polikarbonat.<\/div>\n<\/section>\n<div><\/div>\n<div>Norme: EN166:2001\u00a0Za\u0161titna oprema od mehani\u010dkih udaraca<\/div>","protected":false},"excerpt":{"rendered":"<p>Nao\u010dale-maska s bezbojnim le\u0107ama od polikarbonata. Mekan i udoban okvir od PVC-a. Direktna ventilacija. Elasti\u010dna traka oko glave. Okvir: mekani<\/p>","protected":false},"featured_media":6217,"template":"","meta":[],"product_brand":[],"product_cat":[202],"product_tag":[],"class_list":{"0":"post-6216","1":"product","2":"type-product","3":"status-publish","4":"has-post-thumbnail","6":"product_cat-zastitne-naocale","8":"first","9":"instock","10":"taxable","11":"shipping-taxable","12":"purchasable","13":"product-type-simple"},"yoast_head":"<!-- This site is optimized with the Yoast SEO plugin v27.4 - https:\/\/yoast.com\/product\/yoast-seo-wordpress\/ -->\n<title>Za\u0161titne nao\u010dale za bru\u0161enje MURIA1<\/title>\n<meta name=\"description\" content=\"Za\u0161titne nao\u010dale za bru\u0161enje i druge radove gdje postoji opasnost od ozljede o\u010diju. Nao\u010dale imaju rupice za ventilaciju iznad i ispod okvira.\" \/>\n<meta name=\"robots\" content=\"index, follow, max-snippet:-1, max-image-preview:large, max-video-preview:-1\" \/>\n<link rel=\"canonical\" href=\"https:\/\/shop.radna-odjeca.com\/en\/product\/zastitne-naocale-maska-muria1\/\" \/>\n<meta property=\"og:locale\" content=\"en_GB\" \/>\n<meta property=\"og:type\" content=\"article\" \/>\n<meta property=\"og:title\" content=\"Za\u0161titne nao\u010dale za bru\u0161enje MURIA1\" \/>\n<meta property=\"og:description\" content=\"Za\u0161titne nao\u010dale za bru\u0161enje i druge radove gdje postoji opasnost od ozljede o\u010diju. Nao\u010dale imaju rupice za ventilaciju iznad i ispod okvira.\" \/>\n<meta property=\"og:url\" content=\"https:\/\/shop.radna-odjeca.com\/en\/product\/zastitne-naocale-maska-muria1\/\" \/>\n<meta property=\"og:site_name\" content=\"RADNA ODJE\u0106A\" \/>\n<meta property=\"article:modified_time\" content=\"2025-09-09T08:13:41+00:00\" \/>\n<meta property=\"og:image\" content=\"https:\/\/shop.radna-odjeca.com\/wp-content\/uploads\/2023\/10\/MURIA1.jpg\" \/>\n\t<meta property=\"og:image:width\" content=\"800\" \/>\n\t<meta property=\"og:image:height\" content=\"800\" \/>\n\t<meta property=\"og:image:type\" content=\"image\/jpeg\" \/>\n<meta name=\"twitter:card\" content=\"summary_large_image\" \/>\n<meta name=\"twitter:label1\" content=\"Estimated reading time\" \/>\n\t<meta name=\"twitter:data1\" content=\"1 minute\" \/>\n<script type=\"application\/ld+json\" class=\"yoast-schema-graph\">{\"@context\":\"https:\\\/\\\/schema.org\",\"@graph\":[{\"@type\":\"WebPage\",\"@id\":\"https:\\\/\\\/shop.radna-odjeca.com\\\/product\\\/zastitne-naocale-maska-muria1\\\/\",\"url\":\"https:\\\/\\\/shop.radna-odjeca.com\\\/product\\\/zastitne-naocale-maska-muria1\\\/\",\"name\":\"Za\u0161titne nao\u010dale za bru\u0161enje MURIA1\",\"isPartOf\":{\"@id\":\"https:\\\/\\\/shop.radna-odjeca.com\\\/#website\"},\"primaryImageOfPage\":{\"@id\":\"https:\\\/\\\/shop.radna-odjeca.com\\\/product\\\/zastitne-naocale-maska-muria1\\\/#primaryimage\"},\"image\":{\"@id\":\"https:\\\/\\\/shop.radna-odjeca.com\\\/product\\\/zastitne-naocale-maska-muria1\\\/#primaryimage\"},\"thumbnailUrl\":\"https:\\\/\\\/shop.radna-odjeca.com\\\/wp-content\\\/uploads\\\/2023\\\/10\\\/MURIA1.jpg\",\"datePublished\":\"2023-10-02T10:27:24+00:00\",\"dateModified\":\"2025-09-09T08:13:41+00:00\",\"description\":\"Za\u0161titne nao\u010dale za bru\u0161enje i druge radove gdje postoji opasnost od ozljede o\u010diju. Nao\u010dale imaju rupice za ventilaciju iznad i ispod okvira.\",\"breadcrumb\":{\"@id\":\"https:\\\/\\\/shop.radna-odjeca.com\\\/product\\\/zastitne-naocale-maska-muria1\\\/#breadcrumb\"},\"inLanguage\":\"en-GB\",\"potentialAction\":[{\"@type\":\"ReadAction\",\"target\":[\"https:\\\/\\\/shop.radna-odjeca.com\\\/product\\\/zastitne-naocale-maska-muria1\\\/\"]}]},{\"@type\":\"ImageObject\",\"inLanguage\":\"en-GB\",\"@id\":\"https:\\\/\\\/shop.radna-odjeca.com\\\/product\\\/zastitne-naocale-maska-muria1\\\/#primaryimage\",\"url\":\"https:\\\/\\\/shop.radna-odjeca.com\\\/wp-content\\\/uploads\\\/2023\\\/10\\\/MURIA1.jpg\",\"contentUrl\":\"https:\\\/\\\/shop.radna-odjeca.com\\\/wp-content\\\/uploads\\\/2023\\\/10\\\/MURIA1.jpg\",\"width\":800,\"height\":800},{\"@type\":\"BreadcrumbList\",\"@id\":\"https:\\\/\\\/shop.radna-odjeca.com\\\/product\\\/zastitne-naocale-maska-muria1\\\/#breadcrumb\",\"itemListElement\":[{\"@type\":\"ListItem\",\"position\":1,\"name\":\"Po\u010detna stranica\",\"item\":\"https:\\\/\\\/shop.radna-odjeca.com\\\/\"},{\"@type\":\"ListItem\",\"position\":2,\"name\":\"Trgovina\",\"item\":\"https:\\\/\\\/shop.radna-odjeca.com\\\/trgovina\\\/\"},{\"@type\":\"ListItem\",\"position\":3,\"name\":\"Za\u0161titne nao\u010dale-maska MURIA1\"}]},{\"@type\":\"WebSite\",\"@id\":\"https:\\\/\\\/shop.radna-odjeca.com\\\/#website\",\"url\":\"https:\\\/\\\/shop.radna-odjeca.com\\\/\",\"name\":\"Jezerinac Webshop\",\"description\":\"RADNA ODJE\u0106A VISOKE KVALITETE\",\"publisher\":{\"@id\":\"https:\\\/\\\/shop.radna-odjeca.com\\\/#organization\"},\"potentialAction\":[{\"@type\":\"SearchAction\",\"target\":{\"@type\":\"EntryPoint\",\"urlTemplate\":\"https:\\\/\\\/shop.radna-odjeca.com\\\/?s={search_term_string}\"},\"query-input\":{\"@type\":\"PropertyValueSpecification\",\"valueRequired\":true,\"valueName\":\"search_term_string\"}}],\"inLanguage\":\"en-GB\"},{\"@type\":\"Organization\",\"@id\":\"https:\\\/\\\/shop.radna-odjeca.com\\\/#organization\",\"name\":\"JEZERINAC Radna odje\u0107a\",\"url\":\"https:\\\/\\\/shop.radna-odjeca.com\\\/\",\"logo\":{\"@type\":\"ImageObject\",\"inLanguage\":\"en-GB\",\"@id\":\"https:\\\/\\\/shop.radna-odjeca.com\\\/#\\\/schema\\\/logo\\\/image\\\/\",\"url\":\"https:\\\/\\\/shop.radna-odjeca.com\\\/wp-content\\\/uploads\\\/2020\\\/04\\\/logo.png\",\"contentUrl\":\"https:\\\/\\\/shop.radna-odjeca.com\\\/wp-content\\\/uploads\\\/2020\\\/04\\\/logo.png\",\"width\":254,\"height\":68,\"caption\":\"JEZERINAC Radna odje\u0107a\"},\"image\":{\"@id\":\"https:\\\/\\\/shop.radna-odjeca.com\\\/#\\\/schema\\\/logo\\\/image\\\/\"}}]}<\/script>\n<!-- \/ Yoast SEO plugin. -->","yoast_head_json":{"title":"Za\u0161titne nao\u010dale za bru\u0161enje MURIA1","description":"Za\u0161titne nao\u010dale za bru\u0161enje i druge radove gdje postoji opasnost od ozljede o\u010diju. Nao\u010dale imaju rupice za ventilaciju iznad i ispod okvira.","robots":{"index":"index","follow":"follow","max-snippet":"max-snippet:-1","max-image-preview":"max-image-preview:large","max-video-preview":"max-video-preview:-1"},"canonical":"https:\/\/shop.radna-odjeca.com\/en\/product\/zastitne-naocale-maska-muria1\/","og_locale":"en_GB","og_type":"article","og_title":"Za\u0161titne nao\u010dale za bru\u0161enje MURIA1","og_description":"Za\u0161titne nao\u010dale za bru\u0161enje i druge radove gdje postoji opasnost od ozljede o\u010diju. Nao\u010dale imaju rupice za ventilaciju iznad i ispod okvira.","og_url":"https:\/\/shop.radna-odjeca.com\/en\/product\/zastitne-naocale-maska-muria1\/","og_site_name":"RADNA ODJE\u0106A","article_modified_time":"2025-09-09T08:13:41+00:00","og_image":[{"width":800,"height":800,"url":"https:\/\/shop.radna-odjeca.com\/wp-content\/uploads\/2023\/10\/MURIA1.jpg","type":"image\/jpeg"}],"twitter_card":"summary_large_image","twitter_misc":{"Estimated reading time":"1 minute"},"schema":{"@context":"https:\/\/schema.org","@graph":[{"@type":"WebPage","@id":"https:\/\/shop.radna-odjeca.com\/product\/zastitne-naocale-maska-muria1\/","url":"https:\/\/shop.radna-odjeca.com\/product\/zastitne-naocale-maska-muria1\/","name":"Za\u0161titne nao\u010dale za bru\u0161enje MURIA1","isPartOf":{"@id":"https:\/\/shop.radna-odjeca.com\/#website"},"primaryImageOfPage":{"@id":"https:\/\/shop.radna-odjeca.com\/product\/zastitne-naocale-maska-muria1\/#primaryimage"},"image":{"@id":"https:\/\/shop.radna-odjeca.com\/product\/zastitne-naocale-maska-muria1\/#primaryimage"},"thumbnailUrl":"https:\/\/shop.radna-odjeca.com\/wp-content\/uploads\/2023\/10\/MURIA1.jpg","datePublished":"2023-10-02T10:27:24+00:00","dateModified":"2025-09-09T08:13:41+00:00","description":"Za\u0161titne nao\u010dale za bru\u0161enje i druge radove gdje postoji opasnost od ozljede o\u010diju. Nao\u010dale imaju rupice za ventilaciju iznad i ispod okvira.","breadcrumb":{"@id":"https:\/\/shop.radna-odjeca.com\/product\/zastitne-naocale-maska-muria1\/#breadcrumb"},"inLanguage":"en-GB","potentialAction":[{"@type":"ReadAction","target":["https:\/\/shop.radna-odjeca.com\/product\/zastitne-naocale-maska-muria1\/"]}]},{"@type":"ImageObject","inLanguage":"en-GB","@id":"https:\/\/shop.radna-odjeca.com\/product\/zastitne-naocale-maska-muria1\/#primaryimage","url":"https:\/\/shop.radna-odjeca.com\/wp-content\/uploads\/2023\/10\/MURIA1.jpg","contentUrl":"https:\/\/shop.radna-odjeca.com\/wp-content\/uploads\/2023\/10\/MURIA1.jpg","width":800,"height":800},{"@type":"BreadcrumbList","@id":"https:\/\/shop.radna-odjeca.com\/product\/zastitne-naocale-maska-muria1\/#breadcrumb","itemListElement":[{"@type":"ListItem","position":1,"name":"Po\u010detna stranica","item":"https:\/\/shop.radna-odjeca.com\/"},{"@type":"ListItem","position":2,"name":"Trgovina","item":"https:\/\/shop.radna-odjeca.com\/trgovina\/"},{"@type":"ListItem","position":3,"name":"Za\u0161titne nao\u010dale-maska MURIA1"}]},{"@type":"WebSite","@id":"https:\/\/shop.radna-odjeca.com\/#website","url":"https:\/\/shop.radna-odjeca.com\/","name":"Jezerinac Webshop","description":"RADNA ODJE\u0106A VISOKE KVALITETE","publisher":{"@id":"https:\/\/shop.radna-odjeca.com\/#organization"},"potentialAction":[{"@type":"SearchAction","target":{"@type":"EntryPoint","urlTemplate":"https:\/\/shop.radna-odjeca.com\/?s={search_term_string}"},"query-input":{"@type":"PropertyValueSpecification","valueRequired":true,"valueName":"search_term_string"}}],"inLanguage":"en-GB"},{"@type":"Organization","@id":"https:\/\/shop.radna-odjeca.com\/#organization","name":"JEZERINAC Radna odje\u0107a","url":"https:\/\/shop.radna-odjeca.com\/","logo":{"@type":"ImageObject","inLanguage":"en-GB","@id":"https:\/\/shop.radna-odjeca.com\/#\/schema\/logo\/image\/","url":"https:\/\/shop.radna-odjeca.com\/wp-content\/uploads\/2020\/04\/logo.png","contentUrl":"https:\/\/shop.radna-odjeca.com\/wp-content\/uploads\/2020\/04\/logo.png","width":254,"height":68,"caption":"JEZERINAC Radna odje\u0107a"},"image":{"@id":"https:\/\/shop.radna-odjeca.com\/#\/schema\/logo\/image\/"}}]}},"_links":{"self":[{"href":"https:\/\/shop.radna-odjeca.com\/en\/wp-json\/wp\/v2\/product\/6216","targetHints":{"allow":["GET"]}}],"collection":[{"href":"https:\/\/shop.radna-odjeca.com\/en\/wp-json\/wp\/v2\/product"}],"about":[{"href":"https:\/\/shop.radna-odjeca.com\/en\/wp-json\/wp\/v2\/types\/product"}],"wp:featuredmedia":[{"embeddable":true,"href":"https:\/\/shop.radna-odjeca.com\/en\/wp-json\/wp\/v2\/media\/6217"}],"wp:attachment":[{"href":"https:\/\/shop.radna-odjeca.com\/en\/wp-json\/wp\/v2\/media?parent=6216"}],"wp:term":[{"taxonomy":"product_brand","embeddable":true,"href":"https:\/\/shop.radna-odjeca.com\/en\/wp-json\/wp\/v2\/product_brand?post=6216"},{"taxonomy":"product_cat","embeddable":true,"href":"https:\/\/shop.radna-odjeca.com\/en\/wp-json\/wp\/v2\/product_cat?post=6216"},{"taxonomy":"product_tag","embeddable":true,"href":"https:\/\/shop.radna-odjeca.com\/en\/wp-json\/wp\/v2\/product_tag?post=6216"}],"curies":[{"name":"wp","href":"https:\/\/api.w.org\/{rel}","templated":true}]}}