{"id":6209,"date":"2023-09-28T13:31:33","date_gmt":"2023-09-28T13:31:33","guid":{"rendered":"https:\/\/shop.radna-odjeca.com\/?post_type=product&#038;p=6209"},"modified":"2025-09-09T06:56:41","modified_gmt":"2025-09-09T06:56:41","slug":"zastitne-naocale-meia-smoke","status":"publish","type":"product","link":"https:\/\/shop.radna-odjeca.com\/en\/product\/zastitne-naocale-meia-smoke\/","title":{"rendered":"Za\u0161titne nao\u010dale MEIA SMOKE"},"content":{"rendered":"<p>Zatamnjene nao\u010dale s polikarbonatnim le\u0107ama.<\/p>\n<p>Integrirani polikarbonatni nosni dr\u017ea\u010d.<\/p>\n<p>Polikarbonatna krilca.<\/p>\n<p>PVC zavr\u0161etci otporni na klizanje.<\/p>\n<p>UV za\u0161tita.<\/p>\n<p>Uporaba: <span id=\"picto_8575992\">Poljoprivreda \/ \u0160umarstvo \/ Ribarstvo, <\/span><span id=\"picto_8575993\">Javni radovi, <\/span><span id=\"picto_8576499\">Prijevoz-Pomorski prijevoz<\/span><\/p>\n<div class=\"blocProductUse\">Norme: EN166:2001; EN172:1994\/A1:2000\/A2:2001<\/div>","protected":false},"excerpt":{"rendered":"<p>Zatamnjene nao\u010dale s polikarbonatnim le\u0107ama.<\/p>\n<p>Integrirani polikarbonatni nosni dr\u017ea\u010d.<\/p>\n<p>Polikarbonatna krilca.<\/p>\n<p>PVC zavr\u0161etci otporni na klizanje.<\/p>\n<p>UV za\u0161tita.<\/p>\n<p>Uporaba: <span id=\"picto_8575992\">Poljoprivreda \/ \u0160umarstvo \/ Ribarstvo, <\/span><span id=\"picto_8575993\">Javni radovi, <\/span><span id=\"picto_8576499\">Prijevoz-Pomorski prijevoz<\/span><\/p>\n<div class=\"blocProductUse\">Norme: EN166:2001; EN172:1994\/A1:2000\/A2:2001<\/div>","protected":false},"featured_media":6210,"template":"","meta":[],"product_brand":[],"product_cat":[202],"product_tag":[204,205,203],"class_list":{"0":"post-6209","1":"product","2":"type-product","3":"status-publish","4":"has-post-thumbnail","6":"product_cat-zastitne-naocale","7":"product_tag-naocale","8":"product_tag-uv","9":"product_tag-zastita-ociju","11":"first","12":"instock","13":"taxable","14":"shipping-taxable","15":"purchasable","16":"product-type-simple"},"yoast_head":"<!-- This site is optimized with the Yoast SEO plugin v27.4 - https:\/\/yoast.com\/product\/yoast-seo-wordpress\/ -->\n<title>Sun\u010dane nao\u010dale za jedrenje MEIA SMOKE<\/title>\n<meta name=\"description\" content=\"Sun\u010dane nao\u010dale DELTAPLUS idealne za skipere, jedrili\u010dare i ribolovce. Zatamnjene nao\u010dale s polikarbonatnim le\u0107ama i UV za\u0161titom.\" \/>\n<meta name=\"robots\" content=\"index, follow, max-snippet:-1, max-image-preview:large, max-video-preview:-1\" \/>\n<link rel=\"canonical\" href=\"https:\/\/shop.radna-odjeca.com\/en\/product\/zastitne-naocale-meia-smoke\/\" \/>\n<meta property=\"og:locale\" content=\"en_GB\" \/>\n<meta property=\"og:type\" content=\"article\" \/>\n<meta property=\"og:title\" content=\"Sun\u010dane nao\u010dale za jedrenje MEIA SMOKE\" \/>\n<meta property=\"og:description\" content=\"Sun\u010dane nao\u010dale DELTAPLUS idealne za skipere, jedrili\u010dare i ribolovce. Zatamnjene nao\u010dale s polikarbonatnim le\u0107ama i UV za\u0161titom.\" \/>\n<meta property=\"og:url\" content=\"https:\/\/shop.radna-odjeca.com\/en\/product\/zastitne-naocale-meia-smoke\/\" \/>\n<meta property=\"og:site_name\" content=\"RADNA ODJE\u0106A\" \/>\n<meta property=\"article:modified_time\" content=\"2025-09-09T06:56:41+00:00\" \/>\n<meta property=\"og:image\" content=\"https:\/\/shop.radna-odjeca.com\/wp-content\/uploads\/2023\/09\/MEIA-SMOKE.jpg\" \/>\n\t<meta property=\"og:image:width\" content=\"800\" \/>\n\t<meta property=\"og:image:height\" content=\"800\" \/>\n\t<meta property=\"og:image:type\" content=\"image\/jpeg\" \/>\n<meta name=\"twitter:card\" content=\"summary_large_image\" \/>\n<meta name=\"twitter:label1\" content=\"Estimated reading time\" \/>\n\t<meta name=\"twitter:data1\" content=\"1 minute\" \/>\n<script type=\"application\/ld+json\" class=\"yoast-schema-graph\">{\"@context\":\"https:\\\/\\\/schema.org\",\"@graph\":[{\"@type\":\"WebPage\",\"@id\":\"https:\\\/\\\/shop.radna-odjeca.com\\\/product\\\/zastitne-naocale-meia-smoke\\\/\",\"url\":\"https:\\\/\\\/shop.radna-odjeca.com\\\/product\\\/zastitne-naocale-meia-smoke\\\/\",\"name\":\"Sun\u010dane nao\u010dale za jedrenje MEIA SMOKE\",\"isPartOf\":{\"@id\":\"https:\\\/\\\/shop.radna-odjeca.com\\\/#website\"},\"primaryImageOfPage\":{\"@id\":\"https:\\\/\\\/shop.radna-odjeca.com\\\/product\\\/zastitne-naocale-meia-smoke\\\/#primaryimage\"},\"image\":{\"@id\":\"https:\\\/\\\/shop.radna-odjeca.com\\\/product\\\/zastitne-naocale-meia-smoke\\\/#primaryimage\"},\"thumbnailUrl\":\"https:\\\/\\\/shop.radna-odjeca.com\\\/wp-content\\\/uploads\\\/2023\\\/09\\\/MEIA-SMOKE.jpg\",\"datePublished\":\"2023-09-28T13:31:33+00:00\",\"dateModified\":\"2025-09-09T06:56:41+00:00\",\"description\":\"Sun\u010dane nao\u010dale DELTAPLUS idealne za skipere, jedrili\u010dare i ribolovce. Zatamnjene nao\u010dale s polikarbonatnim le\u0107ama i UV za\u0161titom.\",\"breadcrumb\":{\"@id\":\"https:\\\/\\\/shop.radna-odjeca.com\\\/product\\\/zastitne-naocale-meia-smoke\\\/#breadcrumb\"},\"inLanguage\":\"en-GB\",\"potentialAction\":[{\"@type\":\"ReadAction\",\"target\":[\"https:\\\/\\\/shop.radna-odjeca.com\\\/product\\\/zastitne-naocale-meia-smoke\\\/\"]}]},{\"@type\":\"ImageObject\",\"inLanguage\":\"en-GB\",\"@id\":\"https:\\\/\\\/shop.radna-odjeca.com\\\/product\\\/zastitne-naocale-meia-smoke\\\/#primaryimage\",\"url\":\"https:\\\/\\\/shop.radna-odjeca.com\\\/wp-content\\\/uploads\\\/2023\\\/09\\\/MEIA-SMOKE.jpg\",\"contentUrl\":\"https:\\\/\\\/shop.radna-odjeca.com\\\/wp-content\\\/uploads\\\/2023\\\/09\\\/MEIA-SMOKE.jpg\",\"width\":800,\"height\":800},{\"@type\":\"BreadcrumbList\",\"@id\":\"https:\\\/\\\/shop.radna-odjeca.com\\\/product\\\/zastitne-naocale-meia-smoke\\\/#breadcrumb\",\"itemListElement\":[{\"@type\":\"ListItem\",\"position\":1,\"name\":\"Po\u010detna stranica\",\"item\":\"https:\\\/\\\/shop.radna-odjeca.com\\\/\"},{\"@type\":\"ListItem\",\"position\":2,\"name\":\"Trgovina\",\"item\":\"https:\\\/\\\/shop.radna-odjeca.com\\\/trgovina\\\/\"},{\"@type\":\"ListItem\",\"position\":3,\"name\":\"Za\u0161titne nao\u010dale MEIA SMOKE\"}]},{\"@type\":\"WebSite\",\"@id\":\"https:\\\/\\\/shop.radna-odjeca.com\\\/#website\",\"url\":\"https:\\\/\\\/shop.radna-odjeca.com\\\/\",\"name\":\"Jezerinac Webshop\",\"description\":\"RADNA ODJE\u0106A VISOKE KVALITETE\",\"publisher\":{\"@id\":\"https:\\\/\\\/shop.radna-odjeca.com\\\/#organization\"},\"potentialAction\":[{\"@type\":\"SearchAction\",\"target\":{\"@type\":\"EntryPoint\",\"urlTemplate\":\"https:\\\/\\\/shop.radna-odjeca.com\\\/?s={search_term_string}\"},\"query-input\":{\"@type\":\"PropertyValueSpecification\",\"valueRequired\":true,\"valueName\":\"search_term_string\"}}],\"inLanguage\":\"en-GB\"},{\"@type\":\"Organization\",\"@id\":\"https:\\\/\\\/shop.radna-odjeca.com\\\/#organization\",\"name\":\"JEZERINAC Radna odje\u0107a\",\"url\":\"https:\\\/\\\/shop.radna-odjeca.com\\\/\",\"logo\":{\"@type\":\"ImageObject\",\"inLanguage\":\"en-GB\",\"@id\":\"https:\\\/\\\/shop.radna-odjeca.com\\\/#\\\/schema\\\/logo\\\/image\\\/\",\"url\":\"https:\\\/\\\/shop.radna-odjeca.com\\\/wp-content\\\/uploads\\\/2020\\\/04\\\/logo.png\",\"contentUrl\":\"https:\\\/\\\/shop.radna-odjeca.com\\\/wp-content\\\/uploads\\\/2020\\\/04\\\/logo.png\",\"width\":254,\"height\":68,\"caption\":\"JEZERINAC Radna odje\u0107a\"},\"image\":{\"@id\":\"https:\\\/\\\/shop.radna-odjeca.com\\\/#\\\/schema\\\/logo\\\/image\\\/\"}}]}<\/script>\n<!-- \/ Yoast SEO plugin. -->","yoast_head_json":{"title":"Sun\u010dane nao\u010dale za jedrenje MEIA SMOKE","description":"Sun\u010dane nao\u010dale DELTAPLUS idealne za skipere, jedrili\u010dare i ribolovce. Zatamnjene nao\u010dale s polikarbonatnim le\u0107ama i UV za\u0161titom.","robots":{"index":"index","follow":"follow","max-snippet":"max-snippet:-1","max-image-preview":"max-image-preview:large","max-video-preview":"max-video-preview:-1"},"canonical":"https:\/\/shop.radna-odjeca.com\/en\/product\/zastitne-naocale-meia-smoke\/","og_locale":"en_GB","og_type":"article","og_title":"Sun\u010dane nao\u010dale za jedrenje MEIA SMOKE","og_description":"Sun\u010dane nao\u010dale DELTAPLUS idealne za skipere, jedrili\u010dare i ribolovce. Zatamnjene nao\u010dale s polikarbonatnim le\u0107ama i UV za\u0161titom.","og_url":"https:\/\/shop.radna-odjeca.com\/en\/product\/zastitne-naocale-meia-smoke\/","og_site_name":"RADNA ODJE\u0106A","article_modified_time":"2025-09-09T06:56:41+00:00","og_image":[{"width":800,"height":800,"url":"https:\/\/shop.radna-odjeca.com\/wp-content\/uploads\/2023\/09\/MEIA-SMOKE.jpg","type":"image\/jpeg"}],"twitter_card":"summary_large_image","twitter_misc":{"Estimated reading time":"1 minute"},"schema":{"@context":"https:\/\/schema.org","@graph":[{"@type":"WebPage","@id":"https:\/\/shop.radna-odjeca.com\/product\/zastitne-naocale-meia-smoke\/","url":"https:\/\/shop.radna-odjeca.com\/product\/zastitne-naocale-meia-smoke\/","name":"Sun\u010dane nao\u010dale za jedrenje MEIA SMOKE","isPartOf":{"@id":"https:\/\/shop.radna-odjeca.com\/#website"},"primaryImageOfPage":{"@id":"https:\/\/shop.radna-odjeca.com\/product\/zastitne-naocale-meia-smoke\/#primaryimage"},"image":{"@id":"https:\/\/shop.radna-odjeca.com\/product\/zastitne-naocale-meia-smoke\/#primaryimage"},"thumbnailUrl":"https:\/\/shop.radna-odjeca.com\/wp-content\/uploads\/2023\/09\/MEIA-SMOKE.jpg","datePublished":"2023-09-28T13:31:33+00:00","dateModified":"2025-09-09T06:56:41+00:00","description":"Sun\u010dane nao\u010dale DELTAPLUS idealne za skipere, jedrili\u010dare i ribolovce. Zatamnjene nao\u010dale s polikarbonatnim le\u0107ama i UV za\u0161titom.","breadcrumb":{"@id":"https:\/\/shop.radna-odjeca.com\/product\/zastitne-naocale-meia-smoke\/#breadcrumb"},"inLanguage":"en-GB","potentialAction":[{"@type":"ReadAction","target":["https:\/\/shop.radna-odjeca.com\/product\/zastitne-naocale-meia-smoke\/"]}]},{"@type":"ImageObject","inLanguage":"en-GB","@id":"https:\/\/shop.radna-odjeca.com\/product\/zastitne-naocale-meia-smoke\/#primaryimage","url":"https:\/\/shop.radna-odjeca.com\/wp-content\/uploads\/2023\/09\/MEIA-SMOKE.jpg","contentUrl":"https:\/\/shop.radna-odjeca.com\/wp-content\/uploads\/2023\/09\/MEIA-SMOKE.jpg","width":800,"height":800},{"@type":"BreadcrumbList","@id":"https:\/\/shop.radna-odjeca.com\/product\/zastitne-naocale-meia-smoke\/#breadcrumb","itemListElement":[{"@type":"ListItem","position":1,"name":"Po\u010detna stranica","item":"https:\/\/shop.radna-odjeca.com\/"},{"@type":"ListItem","position":2,"name":"Trgovina","item":"https:\/\/shop.radna-odjeca.com\/trgovina\/"},{"@type":"ListItem","position":3,"name":"Za\u0161titne nao\u010dale MEIA SMOKE"}]},{"@type":"WebSite","@id":"https:\/\/shop.radna-odjeca.com\/#website","url":"https:\/\/shop.radna-odjeca.com\/","name":"Jezerinac Webshop","description":"RADNA ODJE\u0106A VISOKE KVALITETE","publisher":{"@id":"https:\/\/shop.radna-odjeca.com\/#organization"},"potentialAction":[{"@type":"SearchAction","target":{"@type":"EntryPoint","urlTemplate":"https:\/\/shop.radna-odjeca.com\/?s={search_term_string}"},"query-input":{"@type":"PropertyValueSpecification","valueRequired":true,"valueName":"search_term_string"}}],"inLanguage":"en-GB"},{"@type":"Organization","@id":"https:\/\/shop.radna-odjeca.com\/#organization","name":"JEZERINAC Radna odje\u0107a","url":"https:\/\/shop.radna-odjeca.com\/","logo":{"@type":"ImageObject","inLanguage":"en-GB","@id":"https:\/\/shop.radna-odjeca.com\/#\/schema\/logo\/image\/","url":"https:\/\/shop.radna-odjeca.com\/wp-content\/uploads\/2020\/04\/logo.png","contentUrl":"https:\/\/shop.radna-odjeca.com\/wp-content\/uploads\/2020\/04\/logo.png","width":254,"height":68,"caption":"JEZERINAC Radna odje\u0107a"},"image":{"@id":"https:\/\/shop.radna-odjeca.com\/#\/schema\/logo\/image\/"}}]}},"_links":{"self":[{"href":"https:\/\/shop.radna-odjeca.com\/en\/wp-json\/wp\/v2\/product\/6209","targetHints":{"allow":["GET"]}}],"collection":[{"href":"https:\/\/shop.radna-odjeca.com\/en\/wp-json\/wp\/v2\/product"}],"about":[{"href":"https:\/\/shop.radna-odjeca.com\/en\/wp-json\/wp\/v2\/types\/product"}],"wp:featuredmedia":[{"embeddable":true,"href":"https:\/\/shop.radna-odjeca.com\/en\/wp-json\/wp\/v2\/media\/6210"}],"wp:attachment":[{"href":"https:\/\/shop.radna-odjeca.com\/en\/wp-json\/wp\/v2\/media?parent=6209"}],"wp:term":[{"taxonomy":"product_brand","embeddable":true,"href":"https:\/\/shop.radna-odjeca.com\/en\/wp-json\/wp\/v2\/product_brand?post=6209"},{"taxonomy":"product_cat","embeddable":true,"href":"https:\/\/shop.radna-odjeca.com\/en\/wp-json\/wp\/v2\/product_cat?post=6209"},{"taxonomy":"product_tag","embeddable":true,"href":"https:\/\/shop.radna-odjeca.com\/en\/wp-json\/wp\/v2\/product_tag?post=6209"}],"curies":[{"name":"wp","href":"https:\/\/api.w.org\/{rel}","templated":true}]}}