{"id":6154,"date":"2023-09-26T19:58:06","date_gmt":"2023-09-26T19:58:06","guid":{"rendered":"https:\/\/shop.radna-odjeca.com\/?post_type=product&#038;p=6154"},"modified":"2025-08-19T08:53:15","modified_gmt":"2025-08-19T08:53:15","slug":"kratka-kuta-mina","status":"publish","type":"product","link":"https:\/\/shop.radna-odjeca.com\/en\/product\/kratka-kuta-mina\/","title":{"rendered":"Gastro bluza MINA"},"content":{"rendered":"<p>Materijal: 55% pamuk, 42% poliester, 3% elastin &#8211; 160 br<\/p>\n<ul>\n<li>Kratka i udobna kuharska kuta za \u017eene, blago strukiranog kroja i jednostavnih linija.<\/li>\n<li>Klasi\u010dno kop\u010danje, s prozra\u010dnim umetcima od tkanine za ve\u0107u prozra\u010dnost<\/li>\n<li>3\/4 rukavi s bo\u010dnim otvorom koji pove\u0107ava slobodu kretanja.<\/li>\n<\/ul>\n<p>Veli\u010dine: XS &#8211; 3XL<\/p>\n<p>&nbsp;<\/p>","protected":false},"excerpt":{"rendered":"<p>\u017denska kuharska bluza jednostavnog dizajna omogu\u0107uje lako kretanje i udobnost tijekom cijele smjene. Kra\u0107i rukavi pru\u017eaju dodatnu slobodu u radu, dok zatvaranje bluze na skrivene drukere osigurava uredan i \u010dist izgled. Blago strukiran kroj prati liniju tijela bez stezanja, a prozra\u010dan materijal ugodan je za no\u0161enje u u\u017eurbanom kuhinjskom okru\u017eenju.<\/p>","protected":false},"featured_media":8525,"template":"","meta":[],"product_brand":[],"product_cat":[126],"product_tag":[190,191,193,192],"class_list":{"0":"post-6154","1":"product","2":"type-product","3":"status-publish","4":"has-post-thumbnail","6":"product_cat-gastro-program","7":"product_tag-gastro","8":"product_tag-kuhinja","9":"product_tag-kuta","10":"product_tag-zene","12":"first","13":"instock","14":"taxable","15":"shipping-taxable","16":"purchasable","17":"product-type-variable","18":"has-default-attributes"},"yoast_head":"<!-- This site is optimized with the Yoast SEO plugin v27.4 - https:\/\/yoast.com\/product\/yoast-seo-wordpress\/ -->\n<title>Bijela kuharska radna kuta za \u017eene | Jezerinac webshop<\/title>\n<meta name=\"description\" content=\"Bijela kuharska bluza za \u017eene, ravnog kroja i jednostavnih linija. Klasi\u010dno kop\u010danje, s prozra\u010dnim umetcima od tkanine za ve\u0107u prozra\u010dnost.\" \/>\n<meta name=\"robots\" content=\"index, follow, max-snippet:-1, max-image-preview:large, max-video-preview:-1\" \/>\n<link rel=\"canonical\" href=\"https:\/\/shop.radna-odjeca.com\/en\/product\/kratka-kuta-mina\/\" \/>\n<meta property=\"og:locale\" content=\"en_GB\" \/>\n<meta property=\"og:type\" content=\"article\" \/>\n<meta property=\"og:title\" content=\"Bijela kuharska radna kuta za \u017eene | Jezerinac webshop\" \/>\n<meta property=\"og:description\" content=\"Bijela kuharska bluza za \u017eene, ravnog kroja i jednostavnih linija. Klasi\u010dno kop\u010danje, s prozra\u010dnim umetcima od tkanine za ve\u0107u prozra\u010dnost.\" \/>\n<meta property=\"og:url\" content=\"https:\/\/shop.radna-odjeca.com\/en\/product\/kratka-kuta-mina\/\" \/>\n<meta property=\"og:site_name\" content=\"RADNA ODJE\u0106A\" \/>\n<meta property=\"article:modified_time\" content=\"2025-08-19T08:53:15+00:00\" \/>\n<meta property=\"og:image\" content=\"https:\/\/shop.radna-odjeca.com\/wp-content\/uploads\/2023\/09\/siggi-kuta-mina-2.jpg\" \/>\n\t<meta property=\"og:image:width\" content=\"860\" \/>\n\t<meta property=\"og:image:height\" content=\"980\" \/>\n\t<meta property=\"og:image:type\" content=\"image\/jpeg\" \/>\n<meta name=\"twitter:card\" content=\"summary_large_image\" \/>\n<meta name=\"twitter:label1\" content=\"Estimated reading time\" \/>\n\t<meta name=\"twitter:data1\" content=\"1 minute\" \/>\n<script type=\"application\/ld+json\" class=\"yoast-schema-graph\">{\"@context\":\"https:\\\/\\\/schema.org\",\"@graph\":[{\"@type\":\"WebPage\",\"@id\":\"https:\\\/\\\/shop.radna-odjeca.com\\\/product\\\/kratka-kuta-mina\\\/\",\"url\":\"https:\\\/\\\/shop.radna-odjeca.com\\\/product\\\/kratka-kuta-mina\\\/\",\"name\":\"Bijela kuharska radna kuta za \u017eene | Jezerinac webshop\",\"isPartOf\":{\"@id\":\"https:\\\/\\\/shop.radna-odjeca.com\\\/#website\"},\"primaryImageOfPage\":{\"@id\":\"https:\\\/\\\/shop.radna-odjeca.com\\\/product\\\/kratka-kuta-mina\\\/#primaryimage\"},\"image\":{\"@id\":\"https:\\\/\\\/shop.radna-odjeca.com\\\/product\\\/kratka-kuta-mina\\\/#primaryimage\"},\"thumbnailUrl\":\"https:\\\/\\\/shop.radna-odjeca.com\\\/wp-content\\\/uploads\\\/2023\\\/09\\\/siggi-kuta-mina-2.jpg\",\"datePublished\":\"2023-09-26T19:58:06+00:00\",\"dateModified\":\"2025-08-19T08:53:15+00:00\",\"description\":\"Bijela kuharska bluza za \u017eene, ravnog kroja i jednostavnih linija. Klasi\u010dno kop\u010danje, s prozra\u010dnim umetcima od tkanine za ve\u0107u prozra\u010dnost.\",\"breadcrumb\":{\"@id\":\"https:\\\/\\\/shop.radna-odjeca.com\\\/product\\\/kratka-kuta-mina\\\/#breadcrumb\"},\"inLanguage\":\"en-GB\",\"potentialAction\":[{\"@type\":\"ReadAction\",\"target\":[\"https:\\\/\\\/shop.radna-odjeca.com\\\/product\\\/kratka-kuta-mina\\\/\"]}]},{\"@type\":\"ImageObject\",\"inLanguage\":\"en-GB\",\"@id\":\"https:\\\/\\\/shop.radna-odjeca.com\\\/product\\\/kratka-kuta-mina\\\/#primaryimage\",\"url\":\"https:\\\/\\\/shop.radna-odjeca.com\\\/wp-content\\\/uploads\\\/2023\\\/09\\\/siggi-kuta-mina-2.jpg\",\"contentUrl\":\"https:\\\/\\\/shop.radna-odjeca.com\\\/wp-content\\\/uploads\\\/2023\\\/09\\\/siggi-kuta-mina-2.jpg\",\"width\":860,\"height\":980},{\"@type\":\"BreadcrumbList\",\"@id\":\"https:\\\/\\\/shop.radna-odjeca.com\\\/product\\\/kratka-kuta-mina\\\/#breadcrumb\",\"itemListElement\":[{\"@type\":\"ListItem\",\"position\":1,\"name\":\"Po\u010detna stranica\",\"item\":\"https:\\\/\\\/shop.radna-odjeca.com\\\/\"},{\"@type\":\"ListItem\",\"position\":2,\"name\":\"Trgovina\",\"item\":\"https:\\\/\\\/shop.radna-odjeca.com\\\/trgovina\\\/\"},{\"@type\":\"ListItem\",\"position\":3,\"name\":\"Gastro bluza MINA\"}]},{\"@type\":\"WebSite\",\"@id\":\"https:\\\/\\\/shop.radna-odjeca.com\\\/#website\",\"url\":\"https:\\\/\\\/shop.radna-odjeca.com\\\/\",\"name\":\"Jezerinac Webshop\",\"description\":\"RADNA ODJE\u0106A VISOKE KVALITETE\",\"publisher\":{\"@id\":\"https:\\\/\\\/shop.radna-odjeca.com\\\/#organization\"},\"potentialAction\":[{\"@type\":\"SearchAction\",\"target\":{\"@type\":\"EntryPoint\",\"urlTemplate\":\"https:\\\/\\\/shop.radna-odjeca.com\\\/?s={search_term_string}\"},\"query-input\":{\"@type\":\"PropertyValueSpecification\",\"valueRequired\":true,\"valueName\":\"search_term_string\"}}],\"inLanguage\":\"en-GB\"},{\"@type\":\"Organization\",\"@id\":\"https:\\\/\\\/shop.radna-odjeca.com\\\/#organization\",\"name\":\"JEZERINAC Radna odje\u0107a\",\"url\":\"https:\\\/\\\/shop.radna-odjeca.com\\\/\",\"logo\":{\"@type\":\"ImageObject\",\"inLanguage\":\"en-GB\",\"@id\":\"https:\\\/\\\/shop.radna-odjeca.com\\\/#\\\/schema\\\/logo\\\/image\\\/\",\"url\":\"https:\\\/\\\/shop.radna-odjeca.com\\\/wp-content\\\/uploads\\\/2020\\\/04\\\/logo.png\",\"contentUrl\":\"https:\\\/\\\/shop.radna-odjeca.com\\\/wp-content\\\/uploads\\\/2020\\\/04\\\/logo.png\",\"width\":254,\"height\":68,\"caption\":\"JEZERINAC Radna odje\u0107a\"},\"image\":{\"@id\":\"https:\\\/\\\/shop.radna-odjeca.com\\\/#\\\/schema\\\/logo\\\/image\\\/\"}}]}<\/script>\n<!-- \/ Yoast SEO plugin. -->","yoast_head_json":{"title":"Bijela kuharska radna kuta za \u017eene | Jezerinac webshop","description":"Bijela kuharska bluza za \u017eene, ravnog kroja i jednostavnih linija. Klasi\u010dno kop\u010danje, s prozra\u010dnim umetcima od tkanine za ve\u0107u prozra\u010dnost.","robots":{"index":"index","follow":"follow","max-snippet":"max-snippet:-1","max-image-preview":"max-image-preview:large","max-video-preview":"max-video-preview:-1"},"canonical":"https:\/\/shop.radna-odjeca.com\/en\/product\/kratka-kuta-mina\/","og_locale":"en_GB","og_type":"article","og_title":"Bijela kuharska radna kuta za \u017eene | Jezerinac webshop","og_description":"Bijela kuharska bluza za \u017eene, ravnog kroja i jednostavnih linija. Klasi\u010dno kop\u010danje, s prozra\u010dnim umetcima od tkanine za ve\u0107u prozra\u010dnost.","og_url":"https:\/\/shop.radna-odjeca.com\/en\/product\/kratka-kuta-mina\/","og_site_name":"RADNA ODJE\u0106A","article_modified_time":"2025-08-19T08:53:15+00:00","og_image":[{"width":860,"height":980,"url":"https:\/\/shop.radna-odjeca.com\/wp-content\/uploads\/2023\/09\/siggi-kuta-mina-2.jpg","type":"image\/jpeg"}],"twitter_card":"summary_large_image","twitter_misc":{"Estimated reading time":"1 minute"},"schema":{"@context":"https:\/\/schema.org","@graph":[{"@type":"WebPage","@id":"https:\/\/shop.radna-odjeca.com\/product\/kratka-kuta-mina\/","url":"https:\/\/shop.radna-odjeca.com\/product\/kratka-kuta-mina\/","name":"Bijela kuharska radna kuta za \u017eene | Jezerinac webshop","isPartOf":{"@id":"https:\/\/shop.radna-odjeca.com\/#website"},"primaryImageOfPage":{"@id":"https:\/\/shop.radna-odjeca.com\/product\/kratka-kuta-mina\/#primaryimage"},"image":{"@id":"https:\/\/shop.radna-odjeca.com\/product\/kratka-kuta-mina\/#primaryimage"},"thumbnailUrl":"https:\/\/shop.radna-odjeca.com\/wp-content\/uploads\/2023\/09\/siggi-kuta-mina-2.jpg","datePublished":"2023-09-26T19:58:06+00:00","dateModified":"2025-08-19T08:53:15+00:00","description":"Bijela kuharska bluza za \u017eene, ravnog kroja i jednostavnih linija. Klasi\u010dno kop\u010danje, s prozra\u010dnim umetcima od tkanine za ve\u0107u prozra\u010dnost.","breadcrumb":{"@id":"https:\/\/shop.radna-odjeca.com\/product\/kratka-kuta-mina\/#breadcrumb"},"inLanguage":"en-GB","potentialAction":[{"@type":"ReadAction","target":["https:\/\/shop.radna-odjeca.com\/product\/kratka-kuta-mina\/"]}]},{"@type":"ImageObject","inLanguage":"en-GB","@id":"https:\/\/shop.radna-odjeca.com\/product\/kratka-kuta-mina\/#primaryimage","url":"https:\/\/shop.radna-odjeca.com\/wp-content\/uploads\/2023\/09\/siggi-kuta-mina-2.jpg","contentUrl":"https:\/\/shop.radna-odjeca.com\/wp-content\/uploads\/2023\/09\/siggi-kuta-mina-2.jpg","width":860,"height":980},{"@type":"BreadcrumbList","@id":"https:\/\/shop.radna-odjeca.com\/product\/kratka-kuta-mina\/#breadcrumb","itemListElement":[{"@type":"ListItem","position":1,"name":"Po\u010detna stranica","item":"https:\/\/shop.radna-odjeca.com\/"},{"@type":"ListItem","position":2,"name":"Trgovina","item":"https:\/\/shop.radna-odjeca.com\/trgovina\/"},{"@type":"ListItem","position":3,"name":"Gastro bluza MINA"}]},{"@type":"WebSite","@id":"https:\/\/shop.radna-odjeca.com\/#website","url":"https:\/\/shop.radna-odjeca.com\/","name":"Jezerinac Webshop","description":"RADNA ODJE\u0106A VISOKE KVALITETE","publisher":{"@id":"https:\/\/shop.radna-odjeca.com\/#organization"},"potentialAction":[{"@type":"SearchAction","target":{"@type":"EntryPoint","urlTemplate":"https:\/\/shop.radna-odjeca.com\/?s={search_term_string}"},"query-input":{"@type":"PropertyValueSpecification","valueRequired":true,"valueName":"search_term_string"}}],"inLanguage":"en-GB"},{"@type":"Organization","@id":"https:\/\/shop.radna-odjeca.com\/#organization","name":"JEZERINAC Radna odje\u0107a","url":"https:\/\/shop.radna-odjeca.com\/","logo":{"@type":"ImageObject","inLanguage":"en-GB","@id":"https:\/\/shop.radna-odjeca.com\/#\/schema\/logo\/image\/","url":"https:\/\/shop.radna-odjeca.com\/wp-content\/uploads\/2020\/04\/logo.png","contentUrl":"https:\/\/shop.radna-odjeca.com\/wp-content\/uploads\/2020\/04\/logo.png","width":254,"height":68,"caption":"JEZERINAC Radna odje\u0107a"},"image":{"@id":"https:\/\/shop.radna-odjeca.com\/#\/schema\/logo\/image\/"}}]}},"_links":{"self":[{"href":"https:\/\/shop.radna-odjeca.com\/en\/wp-json\/wp\/v2\/product\/6154","targetHints":{"allow":["GET"]}}],"collection":[{"href":"https:\/\/shop.radna-odjeca.com\/en\/wp-json\/wp\/v2\/product"}],"about":[{"href":"https:\/\/shop.radna-odjeca.com\/en\/wp-json\/wp\/v2\/types\/product"}],"wp:featuredmedia":[{"embeddable":true,"href":"https:\/\/shop.radna-odjeca.com\/en\/wp-json\/wp\/v2\/media\/8525"}],"wp:attachment":[{"href":"https:\/\/shop.radna-odjeca.com\/en\/wp-json\/wp\/v2\/media?parent=6154"}],"wp:term":[{"taxonomy":"product_brand","embeddable":true,"href":"https:\/\/shop.radna-odjeca.com\/en\/wp-json\/wp\/v2\/product_brand?post=6154"},{"taxonomy":"product_cat","embeddable":true,"href":"https:\/\/shop.radna-odjeca.com\/en\/wp-json\/wp\/v2\/product_cat?post=6154"},{"taxonomy":"product_tag","embeddable":true,"href":"https:\/\/shop.radna-odjeca.com\/en\/wp-json\/wp\/v2\/product_tag?post=6154"}],"curies":[{"name":"wp","href":"https:\/\/api.w.org\/{rel}","templated":true}]}}