{"id":6115,"date":"2023-09-21T09:14:09","date_gmt":"2023-09-21T09:14:09","guid":{"rendered":"https:\/\/shop.radna-odjeca.com\/?post_type=product&#038;p=6115"},"modified":"2026-02-04T13:58:40","modified_gmt":"2026-02-04T13:58:40","slug":"niske-radne-cipele-bez-zastitne-kapice-arosio-o2-srebrne","status":"publish","type":"product","link":"https:\/\/shop.radna-odjeca.com\/en\/product\/niske-radne-cipele-bez-zastitne-kapice-arosio-o2-srebrne\/","title":{"rendered":"Niske radne cipele bez za\u0161titne kapice AROSIO O2 FO ESD"},"content":{"rendered":"<p>Gornji\u0161te &#8211; vegan NUVYA SKINYUM\u2122 &#8211; moderno, lagano i izdr\u017eljivo vegansko gornji\u0161te &#8211; prozra\u010dno i otporno na habanje<\/p>\n<p>Podstava &#8211; AEROLYUM\u2122 &#8211; napredna podstava koja omogu\u0107uje maksimalnu udobnost i prozra\u010dnost<\/p>\n<p>Ulo\u017eak &#8211; SOFTYUM\u2122 3D &#8211; trodimenzionalni ulo\u017eak koji se prilago\u0111ava obliku stopala \u2013 izvrsna amortizacija i udobnost<\/p>\n<p>Potplat &#8211; RAPTOR PU.2D sa LEVITARYUM\u2122 tehnologijom &#8211; dvoslojni PU potplat s naprednom LEVITARYUM\u2122 pjenom koji pru\u017ea izvanrednu amortizaciju, stabilnost i udobnost<\/p>\n<p>Veli\u010dine: 35 \u2013 48<\/p>\n<p>Standard: EN ISO 20347:2012 O2 FO SRC, ESD u skladu s EN IEC 61340-4-3:2018<\/p>","protected":false},"excerpt":{"rendered":"<p>Gornji\u0161te &#8211; vegan NUVYA SKINYUM\u2122 &#8211; moderno, lagano i izdr\u017eljivo vegansko gornji\u0161te &#8211; prozra\u010dno i otporno na habanje<\/p>\n<p>Podstava &#8211; AEROLYUM\u2122 &#8211; napredna podstava koja omogu\u0107uje maksimalnu udobnost i prozra\u010dnost<\/p>\n<p>Ulo\u017eak &#8211; SOFTYUM\u2122 3D &#8211; trodimenzionalni ulo\u017eak koji se prilago\u0111ava obliku stopala \u2013 izvrsna amortizacija i udobnost<\/p>\n<p>Potplat &#8211; RAPTOR PU.2D sa LEVITARYUM\u2122 tehnologijom &#8211; dvoslojni PU potplat s naprednom LEVITARYUM\u2122 pjenom koji pru\u017ea izvanrednu amortizaciju, stabilnost i udobnost<\/p>\n<p>Veli\u010dine: 35 \u2013 48<\/p>\n<p>Standard: EN ISO 20347:2012 O2 FO SRC, ESD u skladu s EN IEC 61340-4-3:2018<\/p>","protected":false},"featured_media":8181,"template":"","meta":[],"product_brand":[],"product_cat":[177],"product_tag":[180,182,181,183],"class_list":{"0":"post-6115","1":"product","2":"type-product","3":"status-publish","4":"has-post-thumbnail","6":"product_cat-radne-cipele-niske","7":"product_tag-kvaliteta","8":"product_tag-o2","9":"product_tag-radna-cipela","10":"product_tag-udobnost","12":"first","13":"instock","14":"taxable","15":"shipping-taxable","16":"purchasable","17":"product-type-variable"},"yoast_head":"<!-- This site is optimized with the Yoast SEO plugin v27.4 - https:\/\/yoast.com\/product\/yoast-seo-wordpress\/ -->\n<title>Niske radne cipele bez kapice AROSIO O2 | Jezerinac webshop<\/title>\n<meta name=\"description\" content=\"Niske radne cipele bez za\u0161titne kapice pove\u0107ane otpornosti i prozra\u010dnosti. Cipele s anatomskim ulo\u0161kom i memorijskom pjenom.\" \/>\n<meta name=\"robots\" content=\"index, follow, max-snippet:-1, max-image-preview:large, max-video-preview:-1\" \/>\n<link rel=\"canonical\" href=\"https:\/\/shop.radna-odjeca.com\/en\/product\/niske-radne-cipele-bez-zastitne-kapice-arosio-o2-srebrne\/\" \/>\n<meta property=\"og:locale\" content=\"en_GB\" \/>\n<meta property=\"og:type\" content=\"article\" \/>\n<meta property=\"og:title\" content=\"Niske radne cipele bez kapice AROSIO O2 | Jezerinac webshop\" \/>\n<meta property=\"og:description\" content=\"Niske radne cipele bez za\u0161titne kapice pove\u0107ane otpornosti i prozra\u010dnosti. Cipele s anatomskim ulo\u0161kom i memorijskom pjenom.\" \/>\n<meta property=\"og:url\" content=\"https:\/\/shop.radna-odjeca.com\/en\/product\/niske-radne-cipele-bez-zastitne-kapice-arosio-o2-srebrne\/\" \/>\n<meta property=\"og:site_name\" content=\"RADNA ODJE\u0106A\" \/>\n<meta property=\"article:modified_time\" content=\"2026-02-04T13:58:40+00:00\" \/>\n<meta property=\"og:image\" content=\"https:\/\/shop.radna-odjeca.com\/wp-content\/uploads\/2023\/09\/arosio-sive-o2.jpg\" \/>\n\t<meta property=\"og:image:width\" content=\"2480\" \/>\n\t<meta property=\"og:image:height\" content=\"1456\" \/>\n\t<meta property=\"og:image:type\" content=\"image\/jpeg\" \/>\n<meta name=\"twitter:card\" content=\"summary_large_image\" \/>\n<meta name=\"twitter:label1\" content=\"Estimated reading time\" \/>\n\t<meta name=\"twitter:data1\" content=\"1 minute\" \/>\n<script type=\"application\/ld+json\" class=\"yoast-schema-graph\">{\"@context\":\"https:\\\/\\\/schema.org\",\"@graph\":[{\"@type\":\"WebPage\",\"@id\":\"https:\\\/\\\/shop.radna-odjeca.com\\\/product\\\/niske-radne-cipele-bez-zastitne-kapice-arosio-o2-srebrne\\\/\",\"url\":\"https:\\\/\\\/shop.radna-odjeca.com\\\/product\\\/niske-radne-cipele-bez-zastitne-kapice-arosio-o2-srebrne\\\/\",\"name\":\"Niske radne cipele bez kapice AROSIO O2 | Jezerinac webshop\",\"isPartOf\":{\"@id\":\"https:\\\/\\\/shop.radna-odjeca.com\\\/#website\"},\"primaryImageOfPage\":{\"@id\":\"https:\\\/\\\/shop.radna-odjeca.com\\\/product\\\/niske-radne-cipele-bez-zastitne-kapice-arosio-o2-srebrne\\\/#primaryimage\"},\"image\":{\"@id\":\"https:\\\/\\\/shop.radna-odjeca.com\\\/product\\\/niske-radne-cipele-bez-zastitne-kapice-arosio-o2-srebrne\\\/#primaryimage\"},\"thumbnailUrl\":\"https:\\\/\\\/shop.radna-odjeca.com\\\/wp-content\\\/uploads\\\/2023\\\/09\\\/arosio-sive-o2.jpg\",\"datePublished\":\"2023-09-21T09:14:09+00:00\",\"dateModified\":\"2026-02-04T13:58:40+00:00\",\"description\":\"Niske radne cipele bez za\u0161titne kapice pove\u0107ane otpornosti i prozra\u010dnosti. Cipele s anatomskim ulo\u0161kom i memorijskom pjenom.\",\"breadcrumb\":{\"@id\":\"https:\\\/\\\/shop.radna-odjeca.com\\\/product\\\/niske-radne-cipele-bez-zastitne-kapice-arosio-o2-srebrne\\\/#breadcrumb\"},\"inLanguage\":\"en-GB\",\"potentialAction\":[{\"@type\":\"ReadAction\",\"target\":[\"https:\\\/\\\/shop.radna-odjeca.com\\\/product\\\/niske-radne-cipele-bez-zastitne-kapice-arosio-o2-srebrne\\\/\"]}]},{\"@type\":\"ImageObject\",\"inLanguage\":\"en-GB\",\"@id\":\"https:\\\/\\\/shop.radna-odjeca.com\\\/product\\\/niske-radne-cipele-bez-zastitne-kapice-arosio-o2-srebrne\\\/#primaryimage\",\"url\":\"https:\\\/\\\/shop.radna-odjeca.com\\\/wp-content\\\/uploads\\\/2023\\\/09\\\/arosio-sive-o2.jpg\",\"contentUrl\":\"https:\\\/\\\/shop.radna-odjeca.com\\\/wp-content\\\/uploads\\\/2023\\\/09\\\/arosio-sive-o2.jpg\",\"width\":2480,\"height\":1456},{\"@type\":\"BreadcrumbList\",\"@id\":\"https:\\\/\\\/shop.radna-odjeca.com\\\/product\\\/niske-radne-cipele-bez-zastitne-kapice-arosio-o2-srebrne\\\/#breadcrumb\",\"itemListElement\":[{\"@type\":\"ListItem\",\"position\":1,\"name\":\"Po\u010detna stranica\",\"item\":\"https:\\\/\\\/shop.radna-odjeca.com\\\/\"},{\"@type\":\"ListItem\",\"position\":2,\"name\":\"Trgovina\",\"item\":\"https:\\\/\\\/shop.radna-odjeca.com\\\/trgovina\\\/\"},{\"@type\":\"ListItem\",\"position\":3,\"name\":\"Niske radne cipele bez za\u0161titne kapice AROSIO O2 FO ESD\"}]},{\"@type\":\"WebSite\",\"@id\":\"https:\\\/\\\/shop.radna-odjeca.com\\\/#website\",\"url\":\"https:\\\/\\\/shop.radna-odjeca.com\\\/\",\"name\":\"Jezerinac Webshop\",\"description\":\"RADNA ODJE\u0106A VISOKE KVALITETE\",\"publisher\":{\"@id\":\"https:\\\/\\\/shop.radna-odjeca.com\\\/#organization\"},\"potentialAction\":[{\"@type\":\"SearchAction\",\"target\":{\"@type\":\"EntryPoint\",\"urlTemplate\":\"https:\\\/\\\/shop.radna-odjeca.com\\\/?s={search_term_string}\"},\"query-input\":{\"@type\":\"PropertyValueSpecification\",\"valueRequired\":true,\"valueName\":\"search_term_string\"}}],\"inLanguage\":\"en-GB\"},{\"@type\":\"Organization\",\"@id\":\"https:\\\/\\\/shop.radna-odjeca.com\\\/#organization\",\"name\":\"JEZERINAC Radna odje\u0107a\",\"url\":\"https:\\\/\\\/shop.radna-odjeca.com\\\/\",\"logo\":{\"@type\":\"ImageObject\",\"inLanguage\":\"en-GB\",\"@id\":\"https:\\\/\\\/shop.radna-odjeca.com\\\/#\\\/schema\\\/logo\\\/image\\\/\",\"url\":\"https:\\\/\\\/shop.radna-odjeca.com\\\/wp-content\\\/uploads\\\/2020\\\/04\\\/logo.png\",\"contentUrl\":\"https:\\\/\\\/shop.radna-odjeca.com\\\/wp-content\\\/uploads\\\/2020\\\/04\\\/logo.png\",\"width\":254,\"height\":68,\"caption\":\"JEZERINAC Radna odje\u0107a\"},\"image\":{\"@id\":\"https:\\\/\\\/shop.radna-odjeca.com\\\/#\\\/schema\\\/logo\\\/image\\\/\"}}]}<\/script>\n<!-- \/ Yoast SEO plugin. -->","yoast_head_json":{"title":"Niske radne cipele bez kapice AROSIO O2 | Jezerinac webshop","description":"Niske radne cipele bez za\u0161titne kapice pove\u0107ane otpornosti i prozra\u010dnosti. Cipele s anatomskim ulo\u0161kom i memorijskom pjenom.","robots":{"index":"index","follow":"follow","max-snippet":"max-snippet:-1","max-image-preview":"max-image-preview:large","max-video-preview":"max-video-preview:-1"},"canonical":"https:\/\/shop.radna-odjeca.com\/en\/product\/niske-radne-cipele-bez-zastitne-kapice-arosio-o2-srebrne\/","og_locale":"en_GB","og_type":"article","og_title":"Niske radne cipele bez kapice AROSIO O2 | Jezerinac webshop","og_description":"Niske radne cipele bez za\u0161titne kapice pove\u0107ane otpornosti i prozra\u010dnosti. Cipele s anatomskim ulo\u0161kom i memorijskom pjenom.","og_url":"https:\/\/shop.radna-odjeca.com\/en\/product\/niske-radne-cipele-bez-zastitne-kapice-arosio-o2-srebrne\/","og_site_name":"RADNA ODJE\u0106A","article_modified_time":"2026-02-04T13:58:40+00:00","og_image":[{"width":2480,"height":1456,"url":"https:\/\/shop.radna-odjeca.com\/wp-content\/uploads\/2023\/09\/arosio-sive-o2.jpg","type":"image\/jpeg"}],"twitter_card":"summary_large_image","twitter_misc":{"Estimated reading time":"1 minute"},"schema":{"@context":"https:\/\/schema.org","@graph":[{"@type":"WebPage","@id":"https:\/\/shop.radna-odjeca.com\/product\/niske-radne-cipele-bez-zastitne-kapice-arosio-o2-srebrne\/","url":"https:\/\/shop.radna-odjeca.com\/product\/niske-radne-cipele-bez-zastitne-kapice-arosio-o2-srebrne\/","name":"Niske radne cipele bez kapice AROSIO O2 | Jezerinac webshop","isPartOf":{"@id":"https:\/\/shop.radna-odjeca.com\/#website"},"primaryImageOfPage":{"@id":"https:\/\/shop.radna-odjeca.com\/product\/niske-radne-cipele-bez-zastitne-kapice-arosio-o2-srebrne\/#primaryimage"},"image":{"@id":"https:\/\/shop.radna-odjeca.com\/product\/niske-radne-cipele-bez-zastitne-kapice-arosio-o2-srebrne\/#primaryimage"},"thumbnailUrl":"https:\/\/shop.radna-odjeca.com\/wp-content\/uploads\/2023\/09\/arosio-sive-o2.jpg","datePublished":"2023-09-21T09:14:09+00:00","dateModified":"2026-02-04T13:58:40+00:00","description":"Niske radne cipele bez za\u0161titne kapice pove\u0107ane otpornosti i prozra\u010dnosti. Cipele s anatomskim ulo\u0161kom i memorijskom pjenom.","breadcrumb":{"@id":"https:\/\/shop.radna-odjeca.com\/product\/niske-radne-cipele-bez-zastitne-kapice-arosio-o2-srebrne\/#breadcrumb"},"inLanguage":"en-GB","potentialAction":[{"@type":"ReadAction","target":["https:\/\/shop.radna-odjeca.com\/product\/niske-radne-cipele-bez-zastitne-kapice-arosio-o2-srebrne\/"]}]},{"@type":"ImageObject","inLanguage":"en-GB","@id":"https:\/\/shop.radna-odjeca.com\/product\/niske-radne-cipele-bez-zastitne-kapice-arosio-o2-srebrne\/#primaryimage","url":"https:\/\/shop.radna-odjeca.com\/wp-content\/uploads\/2023\/09\/arosio-sive-o2.jpg","contentUrl":"https:\/\/shop.radna-odjeca.com\/wp-content\/uploads\/2023\/09\/arosio-sive-o2.jpg","width":2480,"height":1456},{"@type":"BreadcrumbList","@id":"https:\/\/shop.radna-odjeca.com\/product\/niske-radne-cipele-bez-zastitne-kapice-arosio-o2-srebrne\/#breadcrumb","itemListElement":[{"@type":"ListItem","position":1,"name":"Po\u010detna stranica","item":"https:\/\/shop.radna-odjeca.com\/"},{"@type":"ListItem","position":2,"name":"Trgovina","item":"https:\/\/shop.radna-odjeca.com\/trgovina\/"},{"@type":"ListItem","position":3,"name":"Niske radne cipele bez za\u0161titne kapice AROSIO O2 FO ESD"}]},{"@type":"WebSite","@id":"https:\/\/shop.radna-odjeca.com\/#website","url":"https:\/\/shop.radna-odjeca.com\/","name":"Jezerinac Webshop","description":"RADNA ODJE\u0106A VISOKE KVALITETE","publisher":{"@id":"https:\/\/shop.radna-odjeca.com\/#organization"},"potentialAction":[{"@type":"SearchAction","target":{"@type":"EntryPoint","urlTemplate":"https:\/\/shop.radna-odjeca.com\/?s={search_term_string}"},"query-input":{"@type":"PropertyValueSpecification","valueRequired":true,"valueName":"search_term_string"}}],"inLanguage":"en-GB"},{"@type":"Organization","@id":"https:\/\/shop.radna-odjeca.com\/#organization","name":"JEZERINAC Radna odje\u0107a","url":"https:\/\/shop.radna-odjeca.com\/","logo":{"@type":"ImageObject","inLanguage":"en-GB","@id":"https:\/\/shop.radna-odjeca.com\/#\/schema\/logo\/image\/","url":"https:\/\/shop.radna-odjeca.com\/wp-content\/uploads\/2020\/04\/logo.png","contentUrl":"https:\/\/shop.radna-odjeca.com\/wp-content\/uploads\/2020\/04\/logo.png","width":254,"height":68,"caption":"JEZERINAC Radna odje\u0107a"},"image":{"@id":"https:\/\/shop.radna-odjeca.com\/#\/schema\/logo\/image\/"}}]}},"_links":{"self":[{"href":"https:\/\/shop.radna-odjeca.com\/en\/wp-json\/wp\/v2\/product\/6115","targetHints":{"allow":["GET"]}}],"collection":[{"href":"https:\/\/shop.radna-odjeca.com\/en\/wp-json\/wp\/v2\/product"}],"about":[{"href":"https:\/\/shop.radna-odjeca.com\/en\/wp-json\/wp\/v2\/types\/product"}],"wp:featuredmedia":[{"embeddable":true,"href":"https:\/\/shop.radna-odjeca.com\/en\/wp-json\/wp\/v2\/media\/8181"}],"wp:attachment":[{"href":"https:\/\/shop.radna-odjeca.com\/en\/wp-json\/wp\/v2\/media?parent=6115"}],"wp:term":[{"taxonomy":"product_brand","embeddable":true,"href":"https:\/\/shop.radna-odjeca.com\/en\/wp-json\/wp\/v2\/product_brand?post=6115"},{"taxonomy":"product_cat","embeddable":true,"href":"https:\/\/shop.radna-odjeca.com\/en\/wp-json\/wp\/v2\/product_cat?post=6115"},{"taxonomy":"product_tag","embeddable":true,"href":"https:\/\/shop.radna-odjeca.com\/en\/wp-json\/wp\/v2\/product_tag?post=6115"}],"curies":[{"name":"wp","href":"https:\/\/api.w.org\/{rel}","templated":true}]}}