{"id":6092,"date":"2023-09-19T07:40:05","date_gmt":"2023-09-19T07:40:05","guid":{"rendered":"https:\/\/shop.radna-odjeca.com\/?post_type=product&#038;p=6092"},"modified":"2024-06-27T10:02:43","modified_gmt":"2024-06-27T10:02:43","slug":"rukavice-s-pu-premazom-pinto-crna","status":"publish","type":"product","link":"https:\/\/shop.radna-odjeca.com\/en\/product\/rukavice-s-pu-premazom-pinto-crna\/","title":{"rendered":"Rukavice s PU premazom PINTO crna"},"content":{"rendered":"<p>Radne rukavice za precizne poslove<\/p>\n<p>Pletivo: poliester<br \/>\nPremaz: poliuretan<br \/>\nMan\u017eeta: poliester<br \/>\nStandard: EN420, EN388 (3121X)<br \/>\nSpecijalne karakteristike: elasti\u010dna man\u017eeta, rukavica je umo\u010den u poliuretan u predjelu dlana te na vrhovima prstiju na nadlanici<br \/>\nVeli\u010dina: 10<\/p>","protected":false},"excerpt":{"rendered":"<p>Radne rukavice za precizne poslove<\/p>\n<p>Pletivo: poliester<br \/>\nPremaz: poliuretan<br \/>\nMan\u017eeta: poliester<br \/>\nStandard: EN420, EN388 (3121X)<br \/>\nSpecijalne karakteristike: elasti\u010dna man\u017eeta, rukavica je umo\u010den u poliuretan u predjelu dlana te na vrhovima prstiju na nadlanici<br \/>\nVeli\u010dina: 10<\/p>","protected":false},"featured_media":6093,"template":"","meta":[],"product_brand":[],"product_cat":[73],"product_tag":[],"class_list":{"0":"post-6092","1":"product","2":"type-product","3":"status-publish","4":"has-post-thumbnail","6":"product_cat-radne-rukavice","8":"first","9":"instock","10":"taxable","11":"shipping-taxable","12":"purchasable","13":"product-type-variable"},"yoast_head":"<!-- This site is optimized with the Yoast SEO plugin v27.4 - https:\/\/yoast.com\/product\/yoast-seo-wordpress\/ -->\n<title>Antistatik rukavice s PU premazom PINTO<\/title>\n<meta name=\"description\" content=\"Antistati\u010dke za\u0161titne rukavice za precizne poslove s PU premazom. Standard: EN420, EN388 (3121X). Veli\u010dina: 10. Brza dostava na adresu.\" \/>\n<meta name=\"robots\" content=\"index, follow, max-snippet:-1, max-image-preview:large, max-video-preview:-1\" \/>\n<link rel=\"canonical\" href=\"https:\/\/shop.radna-odjeca.com\/en\/product\/rukavice-s-pu-premazom-pinto-crna\/\" \/>\n<meta property=\"og:locale\" content=\"en_GB\" \/>\n<meta property=\"og:type\" content=\"article\" \/>\n<meta property=\"og:title\" content=\"Antistatik rukavice s PU premazom PINTO\" \/>\n<meta property=\"og:description\" content=\"Antistati\u010dke za\u0161titne rukavice za precizne poslove s PU premazom. Standard: EN420, EN388 (3121X). Veli\u010dina: 10. Brza dostava na adresu.\" \/>\n<meta property=\"og:url\" content=\"https:\/\/shop.radna-odjeca.com\/en\/product\/rukavice-s-pu-premazom-pinto-crna\/\" \/>\n<meta property=\"og:site_name\" content=\"RADNA ODJE\u0106A\" \/>\n<meta property=\"article:modified_time\" content=\"2024-06-27T10:02:43+00:00\" \/>\n<meta property=\"og:image\" content=\"https:\/\/shop.radna-odjeca.com\/wp-content\/uploads\/2023\/09\/pinto-crne.jpg\" \/>\n\t<meta property=\"og:image:width\" content=\"700\" \/>\n\t<meta property=\"og:image:height\" content=\"700\" \/>\n\t<meta property=\"og:image:type\" content=\"image\/jpeg\" \/>\n<meta name=\"twitter:card\" content=\"summary_large_image\" \/>\n<meta name=\"twitter:label1\" content=\"Estimated reading time\" \/>\n\t<meta name=\"twitter:data1\" content=\"1 minute\" \/>\n<script type=\"application\/ld+json\" class=\"yoast-schema-graph\">{\"@context\":\"https:\\\/\\\/schema.org\",\"@graph\":[{\"@type\":\"WebPage\",\"@id\":\"https:\\\/\\\/shop.radna-odjeca.com\\\/product\\\/rukavice-s-pu-premazom-pinto-crna\\\/\",\"url\":\"https:\\\/\\\/shop.radna-odjeca.com\\\/product\\\/rukavice-s-pu-premazom-pinto-crna\\\/\",\"name\":\"Antistatik rukavice s PU premazom PINTO\",\"isPartOf\":{\"@id\":\"https:\\\/\\\/shop.radna-odjeca.com\\\/#website\"},\"primaryImageOfPage\":{\"@id\":\"https:\\\/\\\/shop.radna-odjeca.com\\\/product\\\/rukavice-s-pu-premazom-pinto-crna\\\/#primaryimage\"},\"image\":{\"@id\":\"https:\\\/\\\/shop.radna-odjeca.com\\\/product\\\/rukavice-s-pu-premazom-pinto-crna\\\/#primaryimage\"},\"thumbnailUrl\":\"https:\\\/\\\/shop.radna-odjeca.com\\\/wp-content\\\/uploads\\\/2023\\\/09\\\/pinto-crne.jpg\",\"datePublished\":\"2023-09-19T07:40:05+00:00\",\"dateModified\":\"2024-06-27T10:02:43+00:00\",\"description\":\"Antistati\u010dke za\u0161titne rukavice za precizne poslove s PU premazom. Standard: EN420, EN388 (3121X). Veli\u010dina: 10. Brza dostava na adresu.\",\"breadcrumb\":{\"@id\":\"https:\\\/\\\/shop.radna-odjeca.com\\\/product\\\/rukavice-s-pu-premazom-pinto-crna\\\/#breadcrumb\"},\"inLanguage\":\"en-GB\",\"potentialAction\":[{\"@type\":\"ReadAction\",\"target\":[\"https:\\\/\\\/shop.radna-odjeca.com\\\/product\\\/rukavice-s-pu-premazom-pinto-crna\\\/\"]}]},{\"@type\":\"ImageObject\",\"inLanguage\":\"en-GB\",\"@id\":\"https:\\\/\\\/shop.radna-odjeca.com\\\/product\\\/rukavice-s-pu-premazom-pinto-crna\\\/#primaryimage\",\"url\":\"https:\\\/\\\/shop.radna-odjeca.com\\\/wp-content\\\/uploads\\\/2023\\\/09\\\/pinto-crne.jpg\",\"contentUrl\":\"https:\\\/\\\/shop.radna-odjeca.com\\\/wp-content\\\/uploads\\\/2023\\\/09\\\/pinto-crne.jpg\",\"width\":700,\"height\":700},{\"@type\":\"BreadcrumbList\",\"@id\":\"https:\\\/\\\/shop.radna-odjeca.com\\\/product\\\/rukavice-s-pu-premazom-pinto-crna\\\/#breadcrumb\",\"itemListElement\":[{\"@type\":\"ListItem\",\"position\":1,\"name\":\"Po\u010detna stranica\",\"item\":\"https:\\\/\\\/shop.radna-odjeca.com\\\/\"},{\"@type\":\"ListItem\",\"position\":2,\"name\":\"Trgovina\",\"item\":\"https:\\\/\\\/shop.radna-odjeca.com\\\/trgovina\\\/\"},{\"@type\":\"ListItem\",\"position\":3,\"name\":\"Rukavice s PU premazom PINTO crna\"}]},{\"@type\":\"WebSite\",\"@id\":\"https:\\\/\\\/shop.radna-odjeca.com\\\/#website\",\"url\":\"https:\\\/\\\/shop.radna-odjeca.com\\\/\",\"name\":\"Jezerinac Webshop\",\"description\":\"RADNA ODJE\u0106A VISOKE KVALITETE\",\"publisher\":{\"@id\":\"https:\\\/\\\/shop.radna-odjeca.com\\\/#organization\"},\"potentialAction\":[{\"@type\":\"SearchAction\",\"target\":{\"@type\":\"EntryPoint\",\"urlTemplate\":\"https:\\\/\\\/shop.radna-odjeca.com\\\/?s={search_term_string}\"},\"query-input\":{\"@type\":\"PropertyValueSpecification\",\"valueRequired\":true,\"valueName\":\"search_term_string\"}}],\"inLanguage\":\"en-GB\"},{\"@type\":\"Organization\",\"@id\":\"https:\\\/\\\/shop.radna-odjeca.com\\\/#organization\",\"name\":\"JEZERINAC Radna odje\u0107a\",\"url\":\"https:\\\/\\\/shop.radna-odjeca.com\\\/\",\"logo\":{\"@type\":\"ImageObject\",\"inLanguage\":\"en-GB\",\"@id\":\"https:\\\/\\\/shop.radna-odjeca.com\\\/#\\\/schema\\\/logo\\\/image\\\/\",\"url\":\"https:\\\/\\\/shop.radna-odjeca.com\\\/wp-content\\\/uploads\\\/2020\\\/04\\\/logo.png\",\"contentUrl\":\"https:\\\/\\\/shop.radna-odjeca.com\\\/wp-content\\\/uploads\\\/2020\\\/04\\\/logo.png\",\"width\":254,\"height\":68,\"caption\":\"JEZERINAC Radna odje\u0107a\"},\"image\":{\"@id\":\"https:\\\/\\\/shop.radna-odjeca.com\\\/#\\\/schema\\\/logo\\\/image\\\/\"}}]}<\/script>\n<!-- \/ Yoast SEO plugin. -->","yoast_head_json":{"title":"Antistatik rukavice s PU premazom PINTO","description":"Antistati\u010dke za\u0161titne rukavice za precizne poslove s PU premazom. Standard: EN420, EN388 (3121X). Veli\u010dina: 10. Brza dostava na adresu.","robots":{"index":"index","follow":"follow","max-snippet":"max-snippet:-1","max-image-preview":"max-image-preview:large","max-video-preview":"max-video-preview:-1"},"canonical":"https:\/\/shop.radna-odjeca.com\/en\/product\/rukavice-s-pu-premazom-pinto-crna\/","og_locale":"en_GB","og_type":"article","og_title":"Antistatik rukavice s PU premazom PINTO","og_description":"Antistati\u010dke za\u0161titne rukavice za precizne poslove s PU premazom. Standard: EN420, EN388 (3121X). Veli\u010dina: 10. Brza dostava na adresu.","og_url":"https:\/\/shop.radna-odjeca.com\/en\/product\/rukavice-s-pu-premazom-pinto-crna\/","og_site_name":"RADNA ODJE\u0106A","article_modified_time":"2024-06-27T10:02:43+00:00","og_image":[{"width":700,"height":700,"url":"https:\/\/shop.radna-odjeca.com\/wp-content\/uploads\/2023\/09\/pinto-crne.jpg","type":"image\/jpeg"}],"twitter_card":"summary_large_image","twitter_misc":{"Estimated reading time":"1 minute"},"schema":{"@context":"https:\/\/schema.org","@graph":[{"@type":"WebPage","@id":"https:\/\/shop.radna-odjeca.com\/product\/rukavice-s-pu-premazom-pinto-crna\/","url":"https:\/\/shop.radna-odjeca.com\/product\/rukavice-s-pu-premazom-pinto-crna\/","name":"Antistatik rukavice s PU premazom PINTO","isPartOf":{"@id":"https:\/\/shop.radna-odjeca.com\/#website"},"primaryImageOfPage":{"@id":"https:\/\/shop.radna-odjeca.com\/product\/rukavice-s-pu-premazom-pinto-crna\/#primaryimage"},"image":{"@id":"https:\/\/shop.radna-odjeca.com\/product\/rukavice-s-pu-premazom-pinto-crna\/#primaryimage"},"thumbnailUrl":"https:\/\/shop.radna-odjeca.com\/wp-content\/uploads\/2023\/09\/pinto-crne.jpg","datePublished":"2023-09-19T07:40:05+00:00","dateModified":"2024-06-27T10:02:43+00:00","description":"Antistati\u010dke za\u0161titne rukavice za precizne poslove s PU premazom. Standard: EN420, EN388 (3121X). Veli\u010dina: 10. Brza dostava na adresu.","breadcrumb":{"@id":"https:\/\/shop.radna-odjeca.com\/product\/rukavice-s-pu-premazom-pinto-crna\/#breadcrumb"},"inLanguage":"en-GB","potentialAction":[{"@type":"ReadAction","target":["https:\/\/shop.radna-odjeca.com\/product\/rukavice-s-pu-premazom-pinto-crna\/"]}]},{"@type":"ImageObject","inLanguage":"en-GB","@id":"https:\/\/shop.radna-odjeca.com\/product\/rukavice-s-pu-premazom-pinto-crna\/#primaryimage","url":"https:\/\/shop.radna-odjeca.com\/wp-content\/uploads\/2023\/09\/pinto-crne.jpg","contentUrl":"https:\/\/shop.radna-odjeca.com\/wp-content\/uploads\/2023\/09\/pinto-crne.jpg","width":700,"height":700},{"@type":"BreadcrumbList","@id":"https:\/\/shop.radna-odjeca.com\/product\/rukavice-s-pu-premazom-pinto-crna\/#breadcrumb","itemListElement":[{"@type":"ListItem","position":1,"name":"Po\u010detna stranica","item":"https:\/\/shop.radna-odjeca.com\/"},{"@type":"ListItem","position":2,"name":"Trgovina","item":"https:\/\/shop.radna-odjeca.com\/trgovina\/"},{"@type":"ListItem","position":3,"name":"Rukavice s PU premazom PINTO crna"}]},{"@type":"WebSite","@id":"https:\/\/shop.radna-odjeca.com\/#website","url":"https:\/\/shop.radna-odjeca.com\/","name":"Jezerinac Webshop","description":"RADNA ODJE\u0106A VISOKE KVALITETE","publisher":{"@id":"https:\/\/shop.radna-odjeca.com\/#organization"},"potentialAction":[{"@type":"SearchAction","target":{"@type":"EntryPoint","urlTemplate":"https:\/\/shop.radna-odjeca.com\/?s={search_term_string}"},"query-input":{"@type":"PropertyValueSpecification","valueRequired":true,"valueName":"search_term_string"}}],"inLanguage":"en-GB"},{"@type":"Organization","@id":"https:\/\/shop.radna-odjeca.com\/#organization","name":"JEZERINAC Radna odje\u0107a","url":"https:\/\/shop.radna-odjeca.com\/","logo":{"@type":"ImageObject","inLanguage":"en-GB","@id":"https:\/\/shop.radna-odjeca.com\/#\/schema\/logo\/image\/","url":"https:\/\/shop.radna-odjeca.com\/wp-content\/uploads\/2020\/04\/logo.png","contentUrl":"https:\/\/shop.radna-odjeca.com\/wp-content\/uploads\/2020\/04\/logo.png","width":254,"height":68,"caption":"JEZERINAC Radna odje\u0107a"},"image":{"@id":"https:\/\/shop.radna-odjeca.com\/#\/schema\/logo\/image\/"}}]}},"_links":{"self":[{"href":"https:\/\/shop.radna-odjeca.com\/en\/wp-json\/wp\/v2\/product\/6092","targetHints":{"allow":["GET"]}}],"collection":[{"href":"https:\/\/shop.radna-odjeca.com\/en\/wp-json\/wp\/v2\/product"}],"about":[{"href":"https:\/\/shop.radna-odjeca.com\/en\/wp-json\/wp\/v2\/types\/product"}],"wp:featuredmedia":[{"embeddable":true,"href":"https:\/\/shop.radna-odjeca.com\/en\/wp-json\/wp\/v2\/media\/6093"}],"wp:attachment":[{"href":"https:\/\/shop.radna-odjeca.com\/en\/wp-json\/wp\/v2\/media?parent=6092"}],"wp:term":[{"taxonomy":"product_brand","embeddable":true,"href":"https:\/\/shop.radna-odjeca.com\/en\/wp-json\/wp\/v2\/product_brand?post=6092"},{"taxonomy":"product_cat","embeddable":true,"href":"https:\/\/shop.radna-odjeca.com\/en\/wp-json\/wp\/v2\/product_cat?post=6092"},{"taxonomy":"product_tag","embeddable":true,"href":"https:\/\/shop.radna-odjeca.com\/en\/wp-json\/wp\/v2\/product_tag?post=6092"}],"curies":[{"name":"wp","href":"https:\/\/api.w.org\/{rel}","templated":true}]}}