{"id":6073,"date":"2023-09-12T14:55:19","date_gmt":"2023-09-12T14:55:19","guid":{"rendered":"https:\/\/shop.radna-odjeca.com\/?post_type=product&#038;p=6073"},"modified":"2026-01-27T09:23:01","modified_gmt":"2026-01-27T09:23:01","slug":"radne-hlace-treger-senior","status":"publish","type":"product","link":"https:\/\/shop.radna-odjeca.com\/en\/product\/radne-hlace-treger-senior\/","title":{"rendered":"Radne hla\u010de treger Senior"},"content":{"rendered":"<p>Materijal: keper vez 65% poliester, 35% pamuk 245 gr<\/p>\n<p>Boja: bijela s tamno plavim detaljima<\/p>\n<p>Opis: radne hla\u010de klasi\u010dnog kroja s bo\u010dnim i metar d\u017eepom, te d\u017eepom na prsima.<\/p>\n<p>Lastika u le\u0111nom dijelu struka za ve\u0107u udobnost.<\/p>\n<p>Veli\u010dine: 46-64<\/p>\n<p>Mogu\u0107a izrada i manjih i ve\u0107ih brojeva, kao i \u0161ivanje po mjeri, ali tada su mogu\u0107a odstupanja u cijeni.<\/p>\n<p>Vlastita proizvodnja.<\/p>\n<p>Maloprodaja, veleprodaja.<\/p>","protected":false},"excerpt":{"rendered":"<p>Materijal: keper vez 65% poliester, 35% pamuk 245 gr<\/p>\n<p>Boja: bijela s tamno plavim detaljima<\/p>\n<p>Opis: radne hla\u010de klasi\u010dnog kroja s bo\u010dnim i metar d\u017eepom, te d\u017eepom na prsima.<\/p>\n<p>Lastika u le\u0111nom dijelu struka za ve\u0107u udobnost.<\/p>\n<p>Veli\u010dine: 46-64<\/p>\n<p>Mogu\u0107a izrada i manjih i ve\u0107ih brojeva, kao i \u0161ivanje po mjeri, ali tada su mogu\u0107a odstupanja u cijeni.<\/p>\n<p>Vlastita proizvodnja.<\/p>\n<p>Maloprodaja, veleprodaja.<\/p>","protected":false},"featured_media":6098,"template":"","meta":[],"product_brand":[],"product_cat":[125,63],"product_tag":[],"class_list":{"0":"post-6073","1":"product","2":"type-product","3":"status-publish","4":"has-post-thumbnail","6":"product_cat-radna-i-zastitna-odjeca","7":"product_cat-radna-i-zastitna-odjeca-podkategorija","9":"first","10":"instock","11":"taxable","12":"shipping-taxable","13":"purchasable","14":"product-type-variable","15":"has-default-attributes"},"yoast_head":"<!-- This site is optimized with the Yoast SEO plugin v27.4 - https:\/\/yoast.com\/product\/yoast-seo-wordpress\/ -->\n<title>Mu\u0161ke radne hla\u010de na tregere Senior | Jezerinac webshop<\/title>\n<meta name=\"description\" content=\"Radne hla\u010de s tregerima, klasi\u010dnog kroja s bo\u010dnim i metar d\u017eepom, te d\u017eepom na prsima. Veli\u010dine: 46-64. Mogu\u0107a izrada i manjih i ve\u0107ih brojeva.\" \/>\n<meta name=\"robots\" content=\"index, follow, max-snippet:-1, max-image-preview:large, max-video-preview:-1\" \/>\n<link rel=\"canonical\" href=\"https:\/\/shop.radna-odjeca.com\/en\/product\/radne-hlace-treger-senior\/\" \/>\n<meta property=\"og:locale\" content=\"en_GB\" \/>\n<meta property=\"og:type\" content=\"article\" \/>\n<meta property=\"og:title\" content=\"Mu\u0161ke radne hla\u010de na tregere Senior | Jezerinac webshop\" \/>\n<meta property=\"og:description\" content=\"Radne hla\u010de s tregerima, klasi\u010dnog kroja s bo\u010dnim i metar d\u017eepom, te d\u017eepom na prsima. Veli\u010dine: 46-64. Mogu\u0107a izrada i manjih i ve\u0107ih brojeva.\" \/>\n<meta property=\"og:url\" content=\"https:\/\/shop.radna-odjeca.com\/en\/product\/radne-hlace-treger-senior\/\" \/>\n<meta property=\"og:site_name\" content=\"RADNA ODJE\u0106A\" \/>\n<meta property=\"article:modified_time\" content=\"2026-01-27T09:23:01+00:00\" \/>\n<meta property=\"og:image\" content=\"https:\/\/shop.radna-odjeca.com\/wp-content\/uploads\/2023\/09\/Radne-hlace-treger-Senior.png\" \/>\n\t<meta property=\"og:image:width\" content=\"1000\" \/>\n\t<meta property=\"og:image:height\" content=\"1000\" \/>\n\t<meta property=\"og:image:type\" content=\"image\/png\" \/>\n<meta name=\"twitter:card\" content=\"summary_large_image\" \/>\n<meta name=\"twitter:label1\" content=\"Estimated reading time\" \/>\n\t<meta name=\"twitter:data1\" content=\"1 minute\" \/>\n<script type=\"application\/ld+json\" class=\"yoast-schema-graph\">{\"@context\":\"https:\\\/\\\/schema.org\",\"@graph\":[{\"@type\":\"WebPage\",\"@id\":\"https:\\\/\\\/shop.radna-odjeca.com\\\/product\\\/radne-hlace-treger-senior\\\/\",\"url\":\"https:\\\/\\\/shop.radna-odjeca.com\\\/product\\\/radne-hlace-treger-senior\\\/\",\"name\":\"Mu\u0161ke radne hla\u010de na tregere Senior | Jezerinac webshop\",\"isPartOf\":{\"@id\":\"https:\\\/\\\/shop.radna-odjeca.com\\\/#website\"},\"primaryImageOfPage\":{\"@id\":\"https:\\\/\\\/shop.radna-odjeca.com\\\/product\\\/radne-hlace-treger-senior\\\/#primaryimage\"},\"image\":{\"@id\":\"https:\\\/\\\/shop.radna-odjeca.com\\\/product\\\/radne-hlace-treger-senior\\\/#primaryimage\"},\"thumbnailUrl\":\"https:\\\/\\\/shop.radna-odjeca.com\\\/wp-content\\\/uploads\\\/2023\\\/09\\\/Radne-hlace-treger-Senior.png\",\"datePublished\":\"2023-09-12T14:55:19+00:00\",\"dateModified\":\"2026-01-27T09:23:01+00:00\",\"description\":\"Radne hla\u010de s tregerima, klasi\u010dnog kroja s bo\u010dnim i metar d\u017eepom, te d\u017eepom na prsima. Veli\u010dine: 46-64. Mogu\u0107a izrada i manjih i ve\u0107ih brojeva.\",\"breadcrumb\":{\"@id\":\"https:\\\/\\\/shop.radna-odjeca.com\\\/product\\\/radne-hlace-treger-senior\\\/#breadcrumb\"},\"inLanguage\":\"en-GB\",\"potentialAction\":[{\"@type\":\"ReadAction\",\"target\":[\"https:\\\/\\\/shop.radna-odjeca.com\\\/product\\\/radne-hlace-treger-senior\\\/\"]}]},{\"@type\":\"ImageObject\",\"inLanguage\":\"en-GB\",\"@id\":\"https:\\\/\\\/shop.radna-odjeca.com\\\/product\\\/radne-hlace-treger-senior\\\/#primaryimage\",\"url\":\"https:\\\/\\\/shop.radna-odjeca.com\\\/wp-content\\\/uploads\\\/2023\\\/09\\\/Radne-hlace-treger-Senior.png\",\"contentUrl\":\"https:\\\/\\\/shop.radna-odjeca.com\\\/wp-content\\\/uploads\\\/2023\\\/09\\\/Radne-hlace-treger-Senior.png\",\"width\":1000,\"height\":1000},{\"@type\":\"BreadcrumbList\",\"@id\":\"https:\\\/\\\/shop.radna-odjeca.com\\\/product\\\/radne-hlace-treger-senior\\\/#breadcrumb\",\"itemListElement\":[{\"@type\":\"ListItem\",\"position\":1,\"name\":\"Po\u010detna stranica\",\"item\":\"https:\\\/\\\/shop.radna-odjeca.com\\\/\"},{\"@type\":\"ListItem\",\"position\":2,\"name\":\"Trgovina\",\"item\":\"https:\\\/\\\/shop.radna-odjeca.com\\\/trgovina\\\/\"},{\"@type\":\"ListItem\",\"position\":3,\"name\":\"Radne hla\u010de treger Senior\"}]},{\"@type\":\"WebSite\",\"@id\":\"https:\\\/\\\/shop.radna-odjeca.com\\\/#website\",\"url\":\"https:\\\/\\\/shop.radna-odjeca.com\\\/\",\"name\":\"Jezerinac Webshop\",\"description\":\"RADNA ODJE\u0106A VISOKE KVALITETE\",\"publisher\":{\"@id\":\"https:\\\/\\\/shop.radna-odjeca.com\\\/#organization\"},\"potentialAction\":[{\"@type\":\"SearchAction\",\"target\":{\"@type\":\"EntryPoint\",\"urlTemplate\":\"https:\\\/\\\/shop.radna-odjeca.com\\\/?s={search_term_string}\"},\"query-input\":{\"@type\":\"PropertyValueSpecification\",\"valueRequired\":true,\"valueName\":\"search_term_string\"}}],\"inLanguage\":\"en-GB\"},{\"@type\":\"Organization\",\"@id\":\"https:\\\/\\\/shop.radna-odjeca.com\\\/#organization\",\"name\":\"JEZERINAC Radna odje\u0107a\",\"url\":\"https:\\\/\\\/shop.radna-odjeca.com\\\/\",\"logo\":{\"@type\":\"ImageObject\",\"inLanguage\":\"en-GB\",\"@id\":\"https:\\\/\\\/shop.radna-odjeca.com\\\/#\\\/schema\\\/logo\\\/image\\\/\",\"url\":\"https:\\\/\\\/shop.radna-odjeca.com\\\/wp-content\\\/uploads\\\/2020\\\/04\\\/logo.png\",\"contentUrl\":\"https:\\\/\\\/shop.radna-odjeca.com\\\/wp-content\\\/uploads\\\/2020\\\/04\\\/logo.png\",\"width\":254,\"height\":68,\"caption\":\"JEZERINAC Radna odje\u0107a\"},\"image\":{\"@id\":\"https:\\\/\\\/shop.radna-odjeca.com\\\/#\\\/schema\\\/logo\\\/image\\\/\"}}]}<\/script>\n<!-- \/ Yoast SEO plugin. -->","yoast_head_json":{"title":"Mu\u0161ke radne hla\u010de na tregere Senior | Jezerinac webshop","description":"Radne hla\u010de s tregerima, klasi\u010dnog kroja s bo\u010dnim i metar d\u017eepom, te d\u017eepom na prsima. Veli\u010dine: 46-64. Mogu\u0107a izrada i manjih i ve\u0107ih brojeva.","robots":{"index":"index","follow":"follow","max-snippet":"max-snippet:-1","max-image-preview":"max-image-preview:large","max-video-preview":"max-video-preview:-1"},"canonical":"https:\/\/shop.radna-odjeca.com\/en\/product\/radne-hlace-treger-senior\/","og_locale":"en_GB","og_type":"article","og_title":"Mu\u0161ke radne hla\u010de na tregere Senior | Jezerinac webshop","og_description":"Radne hla\u010de s tregerima, klasi\u010dnog kroja s bo\u010dnim i metar d\u017eepom, te d\u017eepom na prsima. Veli\u010dine: 46-64. Mogu\u0107a izrada i manjih i ve\u0107ih brojeva.","og_url":"https:\/\/shop.radna-odjeca.com\/en\/product\/radne-hlace-treger-senior\/","og_site_name":"RADNA ODJE\u0106A","article_modified_time":"2026-01-27T09:23:01+00:00","og_image":[{"width":1000,"height":1000,"url":"https:\/\/shop.radna-odjeca.com\/wp-content\/uploads\/2023\/09\/Radne-hlace-treger-Senior.png","type":"image\/png"}],"twitter_card":"summary_large_image","twitter_misc":{"Estimated reading time":"1 minute"},"schema":{"@context":"https:\/\/schema.org","@graph":[{"@type":"WebPage","@id":"https:\/\/shop.radna-odjeca.com\/product\/radne-hlace-treger-senior\/","url":"https:\/\/shop.radna-odjeca.com\/product\/radne-hlace-treger-senior\/","name":"Mu\u0161ke radne hla\u010de na tregere Senior | Jezerinac webshop","isPartOf":{"@id":"https:\/\/shop.radna-odjeca.com\/#website"},"primaryImageOfPage":{"@id":"https:\/\/shop.radna-odjeca.com\/product\/radne-hlace-treger-senior\/#primaryimage"},"image":{"@id":"https:\/\/shop.radna-odjeca.com\/product\/radne-hlace-treger-senior\/#primaryimage"},"thumbnailUrl":"https:\/\/shop.radna-odjeca.com\/wp-content\/uploads\/2023\/09\/Radne-hlace-treger-Senior.png","datePublished":"2023-09-12T14:55:19+00:00","dateModified":"2026-01-27T09:23:01+00:00","description":"Radne hla\u010de s tregerima, klasi\u010dnog kroja s bo\u010dnim i metar d\u017eepom, te d\u017eepom na prsima. Veli\u010dine: 46-64. Mogu\u0107a izrada i manjih i ve\u0107ih brojeva.","breadcrumb":{"@id":"https:\/\/shop.radna-odjeca.com\/product\/radne-hlace-treger-senior\/#breadcrumb"},"inLanguage":"en-GB","potentialAction":[{"@type":"ReadAction","target":["https:\/\/shop.radna-odjeca.com\/product\/radne-hlace-treger-senior\/"]}]},{"@type":"ImageObject","inLanguage":"en-GB","@id":"https:\/\/shop.radna-odjeca.com\/product\/radne-hlace-treger-senior\/#primaryimage","url":"https:\/\/shop.radna-odjeca.com\/wp-content\/uploads\/2023\/09\/Radne-hlace-treger-Senior.png","contentUrl":"https:\/\/shop.radna-odjeca.com\/wp-content\/uploads\/2023\/09\/Radne-hlace-treger-Senior.png","width":1000,"height":1000},{"@type":"BreadcrumbList","@id":"https:\/\/shop.radna-odjeca.com\/product\/radne-hlace-treger-senior\/#breadcrumb","itemListElement":[{"@type":"ListItem","position":1,"name":"Po\u010detna stranica","item":"https:\/\/shop.radna-odjeca.com\/"},{"@type":"ListItem","position":2,"name":"Trgovina","item":"https:\/\/shop.radna-odjeca.com\/trgovina\/"},{"@type":"ListItem","position":3,"name":"Radne hla\u010de treger Senior"}]},{"@type":"WebSite","@id":"https:\/\/shop.radna-odjeca.com\/#website","url":"https:\/\/shop.radna-odjeca.com\/","name":"Jezerinac Webshop","description":"RADNA ODJE\u0106A VISOKE KVALITETE","publisher":{"@id":"https:\/\/shop.radna-odjeca.com\/#organization"},"potentialAction":[{"@type":"SearchAction","target":{"@type":"EntryPoint","urlTemplate":"https:\/\/shop.radna-odjeca.com\/?s={search_term_string}"},"query-input":{"@type":"PropertyValueSpecification","valueRequired":true,"valueName":"search_term_string"}}],"inLanguage":"en-GB"},{"@type":"Organization","@id":"https:\/\/shop.radna-odjeca.com\/#organization","name":"JEZERINAC Radna odje\u0107a","url":"https:\/\/shop.radna-odjeca.com\/","logo":{"@type":"ImageObject","inLanguage":"en-GB","@id":"https:\/\/shop.radna-odjeca.com\/#\/schema\/logo\/image\/","url":"https:\/\/shop.radna-odjeca.com\/wp-content\/uploads\/2020\/04\/logo.png","contentUrl":"https:\/\/shop.radna-odjeca.com\/wp-content\/uploads\/2020\/04\/logo.png","width":254,"height":68,"caption":"JEZERINAC Radna odje\u0107a"},"image":{"@id":"https:\/\/shop.radna-odjeca.com\/#\/schema\/logo\/image\/"}}]}},"_links":{"self":[{"href":"https:\/\/shop.radna-odjeca.com\/en\/wp-json\/wp\/v2\/product\/6073","targetHints":{"allow":["GET"]}}],"collection":[{"href":"https:\/\/shop.radna-odjeca.com\/en\/wp-json\/wp\/v2\/product"}],"about":[{"href":"https:\/\/shop.radna-odjeca.com\/en\/wp-json\/wp\/v2\/types\/product"}],"wp:featuredmedia":[{"embeddable":true,"href":"https:\/\/shop.radna-odjeca.com\/en\/wp-json\/wp\/v2\/media\/6098"}],"wp:attachment":[{"href":"https:\/\/shop.radna-odjeca.com\/en\/wp-json\/wp\/v2\/media?parent=6073"}],"wp:term":[{"taxonomy":"product_brand","embeddable":true,"href":"https:\/\/shop.radna-odjeca.com\/en\/wp-json\/wp\/v2\/product_brand?post=6073"},{"taxonomy":"product_cat","embeddable":true,"href":"https:\/\/shop.radna-odjeca.com\/en\/wp-json\/wp\/v2\/product_cat?post=6073"},{"taxonomy":"product_tag","embeddable":true,"href":"https:\/\/shop.radna-odjeca.com\/en\/wp-json\/wp\/v2\/product_tag?post=6073"}],"curies":[{"name":"wp","href":"https:\/\/api.w.org\/{rel}","templated":true}]}}