{"id":5977,"date":"2023-04-13T12:02:31","date_gmt":"2023-04-13T12:02:31","guid":{"rendered":"https:\/\/shop.radna-odjeca.com\/?post_type=product&#038;p=5977"},"modified":"2026-02-04T14:02:24","modified_gmt":"2026-02-04T14:02:24","slug":"radne-hlace-barrerio-plave","status":"publish","type":"product","link":"https:\/\/shop.radna-odjeca.com\/en\/product\/radne-hlace-barrerio-plave\/","title":{"rendered":"Radne hla\u010de Barrerio &#8211; plave"},"content":{"rendered":"<p>Linija: Ergowear 250g<\/p>\n<p>Standard: EN ISO 13688:2013<\/p>\n<p>Opis: 2 \u0161iroka prednja d\u017eepa, refleksni umetci od 3M\u2122 SCOTCHLITE\u2122 reflektiraju\u0107eg materijala &#8211; 8725 srebrna tkanina, umetci otporni na habanje na stra\u017enjim d\u017eepovima, umetci otporni na habanje na donjem dijelu nogavica, umetci otporni na habanje na prednjim d\u017eepovima, dvostruki stra\u017enji d\u017eep s preklopom, elasti\u010dni struk, hammer om\u010da, ergonomski dizajn za koljena i noge, d\u017eep za mobilni telefon, oja\u010dano me\u0111uno\u017eje, d\u017eep za ru\u010dicu, bo\u010dni d\u017eep, rastezljiva tkanina, YKK\u00ae zip<\/p>\n<p>Sastav: 64% pamuk &#8211; 34% poliester &#8211; 2% elastan + umetci otporni na habanje od 100% najlona<\/p>\n<p>Gramatura: 250 g\/m2<\/p>\n<p>PERFORMANCE E PLUS: umeci otporni na habanje, NE MO\u017dE SE DETEKTIRATI METAL, reflektiraju\u0107e trake<\/p>\n<p>Veli\u010dine: 48-60<\/p>","protected":false},"excerpt":{"rendered":"<p>Linija: Ergowear 250g<\/p>\n<p>Standard: EN ISO 13688:2013<\/p>\n<p>Opis: 2 \u0161iroka prednja d\u017eepa, refleksni umetci od 3M\u2122 SCOTCHLITE\u2122 reflektiraju\u0107eg materijala &#8211; 8725 srebrna tkanina, umetci otporni na habanje na stra\u017enjim d\u017eepovima, umetci otporni na habanje na donjem dijelu nogavica, umetci otporni na habanje na prednjim d\u017eepovima, dvostruki stra\u017enji d\u017eep s preklopom, elasti\u010dni struk, hammer om\u010da, ergonomski dizajn za koljena i noge, d\u017eep za mobilni telefon, oja\u010dano me\u0111uno\u017eje, d\u017eep za ru\u010dicu, bo\u010dni d\u017eep, rastezljiva tkanina, YKK\u00ae zip<\/p>\n<p>Sastav: 64% pamuk &#8211; 34% poliester &#8211; 2% elastan + umetci otporni na habanje od 100% najlona<\/p>\n<p>Gramatura: 250 g\/m2<\/p>\n<p>PERFORMANCE E PLUS: umeci otporni na habanje, NE MO\u017dE SE DETEKTIRATI METAL, reflektiraju\u0107e trake<\/p>\n<p>Veli\u010dine: 48-60<\/p>","protected":false},"featured_media":5978,"template":"","meta":[],"product_brand":[],"product_cat":[125,63],"product_tag":[],"class_list":{"0":"post-5977","1":"product","2":"type-product","3":"status-publish","4":"has-post-thumbnail","6":"product_cat-radna-i-zastitna-odjeca","7":"product_cat-radna-i-zastitna-odjeca-podkategorija","9":"first","10":"instock","11":"taxable","12":"shipping-taxable","13":"purchasable","14":"product-type-variable"},"yoast_head":"<!-- This site is optimized with the Yoast SEO plugin v27.4 - https:\/\/yoast.com\/product\/yoast-seo-wordpress\/ -->\n<title>Mu\u0161ke plave radne hla\u010de Barrerio | Jezerinac webshop<\/title>\n<meta name=\"description\" content=\"Mu\u0161ke radne hla\u010de s umetcima od 3M\u2122 SCOTCHLITE\u2122 reflektiraju\u0107eg materijala, 2 \u0161iroka prednja d\u017eepa, d\u017eep za mobilni telefon. Veli\u010dine: 48-60.\" \/>\n<meta name=\"robots\" content=\"index, follow, max-snippet:-1, max-image-preview:large, max-video-preview:-1\" \/>\n<link rel=\"canonical\" href=\"https:\/\/shop.radna-odjeca.com\/en\/product\/radne-hlace-barrerio-plave\/\" \/>\n<meta property=\"og:locale\" content=\"en_GB\" \/>\n<meta property=\"og:type\" content=\"article\" \/>\n<meta property=\"og:title\" content=\"Mu\u0161ke plave radne hla\u010de Barrerio | Jezerinac webshop\" \/>\n<meta property=\"og:description\" content=\"Mu\u0161ke radne hla\u010de s umetcima od 3M\u2122 SCOTCHLITE\u2122 reflektiraju\u0107eg materijala, 2 \u0161iroka prednja d\u017eepa, d\u017eep za mobilni telefon. Veli\u010dine: 48-60.\" \/>\n<meta property=\"og:url\" content=\"https:\/\/shop.radna-odjeca.com\/en\/product\/radne-hlace-barrerio-plave\/\" \/>\n<meta property=\"og:site_name\" content=\"RADNA ODJE\u0106A\" \/>\n<meta property=\"article:modified_time\" content=\"2026-02-04T14:02:24+00:00\" \/>\n<meta property=\"og:image\" content=\"https:\/\/shop.radna-odjeca.com\/wp-content\/uploads\/2023\/04\/barrerio-navy-royal-smanjene.jpg\" \/>\n\t<meta property=\"og:image:width\" content=\"1500\" \/>\n\t<meta property=\"og:image:height\" content=\"1705\" \/>\n\t<meta property=\"og:image:type\" content=\"image\/jpeg\" \/>\n<meta name=\"twitter:card\" content=\"summary_large_image\" \/>\n<meta name=\"twitter:label1\" content=\"Estimated reading time\" \/>\n\t<meta name=\"twitter:data1\" content=\"1 minute\" \/>\n<script type=\"application\/ld+json\" class=\"yoast-schema-graph\">{\"@context\":\"https:\\\/\\\/schema.org\",\"@graph\":[{\"@type\":\"WebPage\",\"@id\":\"https:\\\/\\\/shop.radna-odjeca.com\\\/product\\\/radne-hlace-barrerio-plave\\\/\",\"url\":\"https:\\\/\\\/shop.radna-odjeca.com\\\/product\\\/radne-hlace-barrerio-plave\\\/\",\"name\":\"Mu\u0161ke plave radne hla\u010de Barrerio | Jezerinac webshop\",\"isPartOf\":{\"@id\":\"https:\\\/\\\/shop.radna-odjeca.com\\\/#website\"},\"primaryImageOfPage\":{\"@id\":\"https:\\\/\\\/shop.radna-odjeca.com\\\/product\\\/radne-hlace-barrerio-plave\\\/#primaryimage\"},\"image\":{\"@id\":\"https:\\\/\\\/shop.radna-odjeca.com\\\/product\\\/radne-hlace-barrerio-plave\\\/#primaryimage\"},\"thumbnailUrl\":\"https:\\\/\\\/shop.radna-odjeca.com\\\/wp-content\\\/uploads\\\/2023\\\/04\\\/barrerio-navy-royal-smanjene.jpg\",\"datePublished\":\"2023-04-13T12:02:31+00:00\",\"dateModified\":\"2026-02-04T14:02:24+00:00\",\"description\":\"Mu\u0161ke radne hla\u010de s umetcima od 3M\u2122 SCOTCHLITE\u2122 reflektiraju\u0107eg materijala, 2 \u0161iroka prednja d\u017eepa, d\u017eep za mobilni telefon. Veli\u010dine: 48-60.\",\"breadcrumb\":{\"@id\":\"https:\\\/\\\/shop.radna-odjeca.com\\\/product\\\/radne-hlace-barrerio-plave\\\/#breadcrumb\"},\"inLanguage\":\"en-GB\",\"potentialAction\":[{\"@type\":\"ReadAction\",\"target\":[\"https:\\\/\\\/shop.radna-odjeca.com\\\/product\\\/radne-hlace-barrerio-plave\\\/\"]}]},{\"@type\":\"ImageObject\",\"inLanguage\":\"en-GB\",\"@id\":\"https:\\\/\\\/shop.radna-odjeca.com\\\/product\\\/radne-hlace-barrerio-plave\\\/#primaryimage\",\"url\":\"https:\\\/\\\/shop.radna-odjeca.com\\\/wp-content\\\/uploads\\\/2023\\\/04\\\/barrerio-navy-royal-smanjene.jpg\",\"contentUrl\":\"https:\\\/\\\/shop.radna-odjeca.com\\\/wp-content\\\/uploads\\\/2023\\\/04\\\/barrerio-navy-royal-smanjene.jpg\",\"width\":1500,\"height\":1705},{\"@type\":\"BreadcrumbList\",\"@id\":\"https:\\\/\\\/shop.radna-odjeca.com\\\/product\\\/radne-hlace-barrerio-plave\\\/#breadcrumb\",\"itemListElement\":[{\"@type\":\"ListItem\",\"position\":1,\"name\":\"Po\u010detna stranica\",\"item\":\"https:\\\/\\\/shop.radna-odjeca.com\\\/\"},{\"@type\":\"ListItem\",\"position\":2,\"name\":\"Trgovina\",\"item\":\"https:\\\/\\\/shop.radna-odjeca.com\\\/trgovina\\\/\"},{\"@type\":\"ListItem\",\"position\":3,\"name\":\"Radne hla\u010de Barrerio &#8211; plave\"}]},{\"@type\":\"WebSite\",\"@id\":\"https:\\\/\\\/shop.radna-odjeca.com\\\/#website\",\"url\":\"https:\\\/\\\/shop.radna-odjeca.com\\\/\",\"name\":\"Jezerinac Webshop\",\"description\":\"RADNA ODJE\u0106A VISOKE KVALITETE\",\"publisher\":{\"@id\":\"https:\\\/\\\/shop.radna-odjeca.com\\\/#organization\"},\"potentialAction\":[{\"@type\":\"SearchAction\",\"target\":{\"@type\":\"EntryPoint\",\"urlTemplate\":\"https:\\\/\\\/shop.radna-odjeca.com\\\/?s={search_term_string}\"},\"query-input\":{\"@type\":\"PropertyValueSpecification\",\"valueRequired\":true,\"valueName\":\"search_term_string\"}}],\"inLanguage\":\"en-GB\"},{\"@type\":\"Organization\",\"@id\":\"https:\\\/\\\/shop.radna-odjeca.com\\\/#organization\",\"name\":\"JEZERINAC Radna odje\u0107a\",\"url\":\"https:\\\/\\\/shop.radna-odjeca.com\\\/\",\"logo\":{\"@type\":\"ImageObject\",\"inLanguage\":\"en-GB\",\"@id\":\"https:\\\/\\\/shop.radna-odjeca.com\\\/#\\\/schema\\\/logo\\\/image\\\/\",\"url\":\"https:\\\/\\\/shop.radna-odjeca.com\\\/wp-content\\\/uploads\\\/2020\\\/04\\\/logo.png\",\"contentUrl\":\"https:\\\/\\\/shop.radna-odjeca.com\\\/wp-content\\\/uploads\\\/2020\\\/04\\\/logo.png\",\"width\":254,\"height\":68,\"caption\":\"JEZERINAC Radna odje\u0107a\"},\"image\":{\"@id\":\"https:\\\/\\\/shop.radna-odjeca.com\\\/#\\\/schema\\\/logo\\\/image\\\/\"}}]}<\/script>\n<!-- \/ Yoast SEO plugin. -->","yoast_head_json":{"title":"Mu\u0161ke plave radne hla\u010de Barrerio | Jezerinac webshop","description":"Mu\u0161ke radne hla\u010de s umetcima od 3M\u2122 SCOTCHLITE\u2122 reflektiraju\u0107eg materijala, 2 \u0161iroka prednja d\u017eepa, d\u017eep za mobilni telefon. Veli\u010dine: 48-60.","robots":{"index":"index","follow":"follow","max-snippet":"max-snippet:-1","max-image-preview":"max-image-preview:large","max-video-preview":"max-video-preview:-1"},"canonical":"https:\/\/shop.radna-odjeca.com\/en\/product\/radne-hlace-barrerio-plave\/","og_locale":"en_GB","og_type":"article","og_title":"Mu\u0161ke plave radne hla\u010de Barrerio | Jezerinac webshop","og_description":"Mu\u0161ke radne hla\u010de s umetcima od 3M\u2122 SCOTCHLITE\u2122 reflektiraju\u0107eg materijala, 2 \u0161iroka prednja d\u017eepa, d\u017eep za mobilni telefon. Veli\u010dine: 48-60.","og_url":"https:\/\/shop.radna-odjeca.com\/en\/product\/radne-hlace-barrerio-plave\/","og_site_name":"RADNA ODJE\u0106A","article_modified_time":"2026-02-04T14:02:24+00:00","og_image":[{"width":1500,"height":1705,"url":"https:\/\/shop.radna-odjeca.com\/wp-content\/uploads\/2023\/04\/barrerio-navy-royal-smanjene.jpg","type":"image\/jpeg"}],"twitter_card":"summary_large_image","twitter_misc":{"Estimated reading time":"1 minute"},"schema":{"@context":"https:\/\/schema.org","@graph":[{"@type":"WebPage","@id":"https:\/\/shop.radna-odjeca.com\/product\/radne-hlace-barrerio-plave\/","url":"https:\/\/shop.radna-odjeca.com\/product\/radne-hlace-barrerio-plave\/","name":"Mu\u0161ke plave radne hla\u010de Barrerio | Jezerinac webshop","isPartOf":{"@id":"https:\/\/shop.radna-odjeca.com\/#website"},"primaryImageOfPage":{"@id":"https:\/\/shop.radna-odjeca.com\/product\/radne-hlace-barrerio-plave\/#primaryimage"},"image":{"@id":"https:\/\/shop.radna-odjeca.com\/product\/radne-hlace-barrerio-plave\/#primaryimage"},"thumbnailUrl":"https:\/\/shop.radna-odjeca.com\/wp-content\/uploads\/2023\/04\/barrerio-navy-royal-smanjene.jpg","datePublished":"2023-04-13T12:02:31+00:00","dateModified":"2026-02-04T14:02:24+00:00","description":"Mu\u0161ke radne hla\u010de s umetcima od 3M\u2122 SCOTCHLITE\u2122 reflektiraju\u0107eg materijala, 2 \u0161iroka prednja d\u017eepa, d\u017eep za mobilni telefon. Veli\u010dine: 48-60.","breadcrumb":{"@id":"https:\/\/shop.radna-odjeca.com\/product\/radne-hlace-barrerio-plave\/#breadcrumb"},"inLanguage":"en-GB","potentialAction":[{"@type":"ReadAction","target":["https:\/\/shop.radna-odjeca.com\/product\/radne-hlace-barrerio-plave\/"]}]},{"@type":"ImageObject","inLanguage":"en-GB","@id":"https:\/\/shop.radna-odjeca.com\/product\/radne-hlace-barrerio-plave\/#primaryimage","url":"https:\/\/shop.radna-odjeca.com\/wp-content\/uploads\/2023\/04\/barrerio-navy-royal-smanjene.jpg","contentUrl":"https:\/\/shop.radna-odjeca.com\/wp-content\/uploads\/2023\/04\/barrerio-navy-royal-smanjene.jpg","width":1500,"height":1705},{"@type":"BreadcrumbList","@id":"https:\/\/shop.radna-odjeca.com\/product\/radne-hlace-barrerio-plave\/#breadcrumb","itemListElement":[{"@type":"ListItem","position":1,"name":"Po\u010detna stranica","item":"https:\/\/shop.radna-odjeca.com\/"},{"@type":"ListItem","position":2,"name":"Trgovina","item":"https:\/\/shop.radna-odjeca.com\/trgovina\/"},{"@type":"ListItem","position":3,"name":"Radne hla\u010de Barrerio &#8211; plave"}]},{"@type":"WebSite","@id":"https:\/\/shop.radna-odjeca.com\/#website","url":"https:\/\/shop.radna-odjeca.com\/","name":"Jezerinac Webshop","description":"RADNA ODJE\u0106A VISOKE KVALITETE","publisher":{"@id":"https:\/\/shop.radna-odjeca.com\/#organization"},"potentialAction":[{"@type":"SearchAction","target":{"@type":"EntryPoint","urlTemplate":"https:\/\/shop.radna-odjeca.com\/?s={search_term_string}"},"query-input":{"@type":"PropertyValueSpecification","valueRequired":true,"valueName":"search_term_string"}}],"inLanguage":"en-GB"},{"@type":"Organization","@id":"https:\/\/shop.radna-odjeca.com\/#organization","name":"JEZERINAC Radna odje\u0107a","url":"https:\/\/shop.radna-odjeca.com\/","logo":{"@type":"ImageObject","inLanguage":"en-GB","@id":"https:\/\/shop.radna-odjeca.com\/#\/schema\/logo\/image\/","url":"https:\/\/shop.radna-odjeca.com\/wp-content\/uploads\/2020\/04\/logo.png","contentUrl":"https:\/\/shop.radna-odjeca.com\/wp-content\/uploads\/2020\/04\/logo.png","width":254,"height":68,"caption":"JEZERINAC Radna odje\u0107a"},"image":{"@id":"https:\/\/shop.radna-odjeca.com\/#\/schema\/logo\/image\/"}}]}},"_links":{"self":[{"href":"https:\/\/shop.radna-odjeca.com\/en\/wp-json\/wp\/v2\/product\/5977","targetHints":{"allow":["GET"]}}],"collection":[{"href":"https:\/\/shop.radna-odjeca.com\/en\/wp-json\/wp\/v2\/product"}],"about":[{"href":"https:\/\/shop.radna-odjeca.com\/en\/wp-json\/wp\/v2\/types\/product"}],"wp:featuredmedia":[{"embeddable":true,"href":"https:\/\/shop.radna-odjeca.com\/en\/wp-json\/wp\/v2\/media\/5978"}],"wp:attachment":[{"href":"https:\/\/shop.radna-odjeca.com\/en\/wp-json\/wp\/v2\/media?parent=5977"}],"wp:term":[{"taxonomy":"product_brand","embeddable":true,"href":"https:\/\/shop.radna-odjeca.com\/en\/wp-json\/wp\/v2\/product_brand?post=5977"},{"taxonomy":"product_cat","embeddable":true,"href":"https:\/\/shop.radna-odjeca.com\/en\/wp-json\/wp\/v2\/product_cat?post=5977"},{"taxonomy":"product_tag","embeddable":true,"href":"https:\/\/shop.radna-odjeca.com\/en\/wp-json\/wp\/v2\/product_tag?post=5977"}],"curies":[{"name":"wp","href":"https:\/\/api.w.org\/{rel}","templated":true}]}}