{"id":5956,"date":"2023-04-13T11:40:06","date_gmt":"2023-04-13T11:40:06","guid":{"rendered":"https:\/\/shop.radna-odjeca.com\/?post_type=product&#038;p=5956"},"modified":"2026-02-04T14:05:05","modified_gmt":"2026-02-04T14:05:05","slug":"radna-jakna-getafe","status":"publish","type":"product","link":"https:\/\/shop.radna-odjeca.com\/en\/product\/radna-jakna-getafe\/","title":{"rendered":"Radna jakna Getafe"},"content":{"rendered":"<p>Linija: Ergowear 250g<\/p>\n<p>Standard: EN ISO 13688:2013<\/p>\n<p>Opis: 2 donja d\u017eepa s kop\u010dom, 2 d\u017eepa na prsima s \u010di\u010dkom, 3M\u2122 SCOTCHLITE\u2122 reflektiraju\u0107i umetci od reflektiraju\u0107eg materijala &#8211; 8725 srebrna tkanina, zakrpa za laktove otporna na habanje, podesive man\u017eete, ergonomski dizajn za ruke, om\u010da za d\u017eep za bed\u017e, poklopac koji \u0161titi bradu, otvori za ventilaciju, unutarnji d\u017eep za mobitel koji \u0161titi od E-WARD elektromagnetskih valova, d\u017eep za olovku, rastezljiva tkanina, \u0161iroki unutarnji d\u017eepovi, YKK\u00ae zip<\/p>\n<p>Sastav: 64% pamuk &#8211; 34% poliester &#8211; 2% elastan + umetci otporni na habanje od 100% najlona<\/p>\n<p>Gramatura: 250 g\/m2<\/p>\n<p>Veli\u010dine: 48-60<\/p>","protected":false},"excerpt":{"rendered":"<p>Linija: Ergowear 250g<\/p>\n<p>Standard: EN ISO 13688:2013<\/p>\n<p>Opis: 2 donja d\u017eepa s kop\u010dom, 2 d\u017eepa na prsima s \u010di\u010dkom, 3M\u2122 SCOTCHLITE\u2122 reflektiraju\u0107i umetci od reflektiraju\u0107eg materijala &#8211; 8725 srebrna tkanina, zakrpa za laktove otporna na habanje, podesive man\u017eete, ergonomski dizajn za ruke, om\u010da za d\u017eep za bed\u017e, poklopac koji \u0161titi bradu, otvori za ventilaciju, unutarnji d\u017eep za mobitel koji \u0161titi od E-WARD elektromagnetskih valova, d\u017eep za olovku, rastezljiva tkanina, \u0161iroki unutarnji d\u017eepovi, YKK\u00ae zip<\/p>\n<p>Sastav: 64% pamuk &#8211; 34% poliester &#8211; 2% elastan + umetci otporni na habanje od 100% najlona<\/p>\n<p>Gramatura: 250 g\/m2<\/p>\n<p>Veli\u010dine: 48-60<\/p>","protected":false},"featured_media":5966,"template":"","meta":[],"product_brand":[],"product_cat":[125,63],"product_tag":[],"class_list":{"0":"post-5956","1":"product","2":"type-product","3":"status-publish","4":"has-post-thumbnail","6":"product_cat-radna-i-zastitna-odjeca","7":"product_cat-radna-i-zastitna-odjeca-podkategorija","9":"first","10":"instock","11":"taxable","12":"shipping-taxable","13":"purchasable","14":"product-type-variable"},"yoast_head":"<!-- This site is optimized with the Yoast SEO plugin v27.4 - https:\/\/yoast.com\/product\/yoast-seo-wordpress\/ -->\n<title>Radna jakna Getafe | Jezerinac webshop<\/title>\n<meta name=\"description\" content=\"Radna jakna sa za\u0161titom za bradu, otvorima za ventilaciju, unutarnjim d\u017eepom za mobitel koji \u0161titi od elektromagnetskih valova. Veli\u010dine: 48-60.\" \/>\n<meta name=\"robots\" content=\"index, follow, max-snippet:-1, max-image-preview:large, max-video-preview:-1\" \/>\n<link rel=\"canonical\" href=\"https:\/\/shop.radna-odjeca.com\/en\/product\/radna-jakna-getafe\/\" \/>\n<meta property=\"og:locale\" content=\"en_GB\" \/>\n<meta property=\"og:type\" content=\"article\" \/>\n<meta property=\"og:title\" content=\"Radna jakna Getafe | Jezerinac webshop\" \/>\n<meta property=\"og:description\" content=\"Radna jakna sa za\u0161titom za bradu, otvorima za ventilaciju, unutarnjim d\u017eepom za mobitel koji \u0161titi od elektromagnetskih valova. Veli\u010dine: 48-60.\" \/>\n<meta property=\"og:url\" content=\"https:\/\/shop.radna-odjeca.com\/en\/product\/radna-jakna-getafe\/\" \/>\n<meta property=\"og:site_name\" content=\"RADNA ODJE\u0106A\" \/>\n<meta property=\"article:modified_time\" content=\"2026-02-04T14:05:05+00:00\" \/>\n<meta property=\"og:image\" content=\"https:\/\/shop.radna-odjeca.com\/wp-content\/uploads\/2023\/04\/jakna-getafe-plava-smanjena.jpg\" \/>\n\t<meta property=\"og:image:width\" content=\"1700\" \/>\n\t<meta property=\"og:image:height\" content=\"2488\" \/>\n\t<meta property=\"og:image:type\" content=\"image\/jpeg\" \/>\n<meta name=\"twitter:card\" content=\"summary_large_image\" \/>\n<meta name=\"twitter:label1\" content=\"Estimated reading time\" \/>\n\t<meta name=\"twitter:data1\" content=\"1 minute\" \/>\n<script type=\"application\/ld+json\" class=\"yoast-schema-graph\">{\"@context\":\"https:\\\/\\\/schema.org\",\"@graph\":[{\"@type\":\"WebPage\",\"@id\":\"https:\\\/\\\/shop.radna-odjeca.com\\\/product\\\/radna-jakna-getafe\\\/\",\"url\":\"https:\\\/\\\/shop.radna-odjeca.com\\\/product\\\/radna-jakna-getafe\\\/\",\"name\":\"Radna jakna Getafe | Jezerinac webshop\",\"isPartOf\":{\"@id\":\"https:\\\/\\\/shop.radna-odjeca.com\\\/#website\"},\"primaryImageOfPage\":{\"@id\":\"https:\\\/\\\/shop.radna-odjeca.com\\\/product\\\/radna-jakna-getafe\\\/#primaryimage\"},\"image\":{\"@id\":\"https:\\\/\\\/shop.radna-odjeca.com\\\/product\\\/radna-jakna-getafe\\\/#primaryimage\"},\"thumbnailUrl\":\"https:\\\/\\\/shop.radna-odjeca.com\\\/wp-content\\\/uploads\\\/2023\\\/04\\\/jakna-getafe-plava-smanjena.jpg\",\"datePublished\":\"2023-04-13T11:40:06+00:00\",\"dateModified\":\"2026-02-04T14:05:05+00:00\",\"description\":\"Radna jakna sa za\u0161titom za bradu, otvorima za ventilaciju, unutarnjim d\u017eepom za mobitel koji \u0161titi od elektromagnetskih valova. Veli\u010dine: 48-60.\",\"breadcrumb\":{\"@id\":\"https:\\\/\\\/shop.radna-odjeca.com\\\/product\\\/radna-jakna-getafe\\\/#breadcrumb\"},\"inLanguage\":\"en-GB\",\"potentialAction\":[{\"@type\":\"ReadAction\",\"target\":[\"https:\\\/\\\/shop.radna-odjeca.com\\\/product\\\/radna-jakna-getafe\\\/\"]}]},{\"@type\":\"ImageObject\",\"inLanguage\":\"en-GB\",\"@id\":\"https:\\\/\\\/shop.radna-odjeca.com\\\/product\\\/radna-jakna-getafe\\\/#primaryimage\",\"url\":\"https:\\\/\\\/shop.radna-odjeca.com\\\/wp-content\\\/uploads\\\/2023\\\/04\\\/jakna-getafe-plava-smanjena.jpg\",\"contentUrl\":\"https:\\\/\\\/shop.radna-odjeca.com\\\/wp-content\\\/uploads\\\/2023\\\/04\\\/jakna-getafe-plava-smanjena.jpg\",\"width\":1700,\"height\":2488},{\"@type\":\"BreadcrumbList\",\"@id\":\"https:\\\/\\\/shop.radna-odjeca.com\\\/product\\\/radna-jakna-getafe\\\/#breadcrumb\",\"itemListElement\":[{\"@type\":\"ListItem\",\"position\":1,\"name\":\"Po\u010detna stranica\",\"item\":\"https:\\\/\\\/shop.radna-odjeca.com\\\/\"},{\"@type\":\"ListItem\",\"position\":2,\"name\":\"Trgovina\",\"item\":\"https:\\\/\\\/shop.radna-odjeca.com\\\/trgovina\\\/\"},{\"@type\":\"ListItem\",\"position\":3,\"name\":\"Radna jakna Getafe\"}]},{\"@type\":\"WebSite\",\"@id\":\"https:\\\/\\\/shop.radna-odjeca.com\\\/#website\",\"url\":\"https:\\\/\\\/shop.radna-odjeca.com\\\/\",\"name\":\"Jezerinac Webshop\",\"description\":\"RADNA ODJE\u0106A VISOKE KVALITETE\",\"publisher\":{\"@id\":\"https:\\\/\\\/shop.radna-odjeca.com\\\/#organization\"},\"potentialAction\":[{\"@type\":\"SearchAction\",\"target\":{\"@type\":\"EntryPoint\",\"urlTemplate\":\"https:\\\/\\\/shop.radna-odjeca.com\\\/?s={search_term_string}\"},\"query-input\":{\"@type\":\"PropertyValueSpecification\",\"valueRequired\":true,\"valueName\":\"search_term_string\"}}],\"inLanguage\":\"en-GB\"},{\"@type\":\"Organization\",\"@id\":\"https:\\\/\\\/shop.radna-odjeca.com\\\/#organization\",\"name\":\"JEZERINAC Radna odje\u0107a\",\"url\":\"https:\\\/\\\/shop.radna-odjeca.com\\\/\",\"logo\":{\"@type\":\"ImageObject\",\"inLanguage\":\"en-GB\",\"@id\":\"https:\\\/\\\/shop.radna-odjeca.com\\\/#\\\/schema\\\/logo\\\/image\\\/\",\"url\":\"https:\\\/\\\/shop.radna-odjeca.com\\\/wp-content\\\/uploads\\\/2020\\\/04\\\/logo.png\",\"contentUrl\":\"https:\\\/\\\/shop.radna-odjeca.com\\\/wp-content\\\/uploads\\\/2020\\\/04\\\/logo.png\",\"width\":254,\"height\":68,\"caption\":\"JEZERINAC Radna odje\u0107a\"},\"image\":{\"@id\":\"https:\\\/\\\/shop.radna-odjeca.com\\\/#\\\/schema\\\/logo\\\/image\\\/\"}}]}<\/script>\n<!-- \/ Yoast SEO plugin. -->","yoast_head_json":{"title":"Radna jakna Getafe | Jezerinac webshop","description":"Radna jakna sa za\u0161titom za bradu, otvorima za ventilaciju, unutarnjim d\u017eepom za mobitel koji \u0161titi od elektromagnetskih valova. Veli\u010dine: 48-60.","robots":{"index":"index","follow":"follow","max-snippet":"max-snippet:-1","max-image-preview":"max-image-preview:large","max-video-preview":"max-video-preview:-1"},"canonical":"https:\/\/shop.radna-odjeca.com\/en\/product\/radna-jakna-getafe\/","og_locale":"en_GB","og_type":"article","og_title":"Radna jakna Getafe | Jezerinac webshop","og_description":"Radna jakna sa za\u0161titom za bradu, otvorima za ventilaciju, unutarnjim d\u017eepom za mobitel koji \u0161titi od elektromagnetskih valova. Veli\u010dine: 48-60.","og_url":"https:\/\/shop.radna-odjeca.com\/en\/product\/radna-jakna-getafe\/","og_site_name":"RADNA ODJE\u0106A","article_modified_time":"2026-02-04T14:05:05+00:00","og_image":[{"width":1700,"height":2488,"url":"https:\/\/shop.radna-odjeca.com\/wp-content\/uploads\/2023\/04\/jakna-getafe-plava-smanjena.jpg","type":"image\/jpeg"}],"twitter_card":"summary_large_image","twitter_misc":{"Estimated reading time":"1 minute"},"schema":{"@context":"https:\/\/schema.org","@graph":[{"@type":"WebPage","@id":"https:\/\/shop.radna-odjeca.com\/product\/radna-jakna-getafe\/","url":"https:\/\/shop.radna-odjeca.com\/product\/radna-jakna-getafe\/","name":"Radna jakna Getafe | Jezerinac webshop","isPartOf":{"@id":"https:\/\/shop.radna-odjeca.com\/#website"},"primaryImageOfPage":{"@id":"https:\/\/shop.radna-odjeca.com\/product\/radna-jakna-getafe\/#primaryimage"},"image":{"@id":"https:\/\/shop.radna-odjeca.com\/product\/radna-jakna-getafe\/#primaryimage"},"thumbnailUrl":"https:\/\/shop.radna-odjeca.com\/wp-content\/uploads\/2023\/04\/jakna-getafe-plava-smanjena.jpg","datePublished":"2023-04-13T11:40:06+00:00","dateModified":"2026-02-04T14:05:05+00:00","description":"Radna jakna sa za\u0161titom za bradu, otvorima za ventilaciju, unutarnjim d\u017eepom za mobitel koji \u0161titi od elektromagnetskih valova. Veli\u010dine: 48-60.","breadcrumb":{"@id":"https:\/\/shop.radna-odjeca.com\/product\/radna-jakna-getafe\/#breadcrumb"},"inLanguage":"en-GB","potentialAction":[{"@type":"ReadAction","target":["https:\/\/shop.radna-odjeca.com\/product\/radna-jakna-getafe\/"]}]},{"@type":"ImageObject","inLanguage":"en-GB","@id":"https:\/\/shop.radna-odjeca.com\/product\/radna-jakna-getafe\/#primaryimage","url":"https:\/\/shop.radna-odjeca.com\/wp-content\/uploads\/2023\/04\/jakna-getafe-plava-smanjena.jpg","contentUrl":"https:\/\/shop.radna-odjeca.com\/wp-content\/uploads\/2023\/04\/jakna-getafe-plava-smanjena.jpg","width":1700,"height":2488},{"@type":"BreadcrumbList","@id":"https:\/\/shop.radna-odjeca.com\/product\/radna-jakna-getafe\/#breadcrumb","itemListElement":[{"@type":"ListItem","position":1,"name":"Po\u010detna stranica","item":"https:\/\/shop.radna-odjeca.com\/"},{"@type":"ListItem","position":2,"name":"Trgovina","item":"https:\/\/shop.radna-odjeca.com\/trgovina\/"},{"@type":"ListItem","position":3,"name":"Radna jakna Getafe"}]},{"@type":"WebSite","@id":"https:\/\/shop.radna-odjeca.com\/#website","url":"https:\/\/shop.radna-odjeca.com\/","name":"Jezerinac Webshop","description":"RADNA ODJE\u0106A VISOKE KVALITETE","publisher":{"@id":"https:\/\/shop.radna-odjeca.com\/#organization"},"potentialAction":[{"@type":"SearchAction","target":{"@type":"EntryPoint","urlTemplate":"https:\/\/shop.radna-odjeca.com\/?s={search_term_string}"},"query-input":{"@type":"PropertyValueSpecification","valueRequired":true,"valueName":"search_term_string"}}],"inLanguage":"en-GB"},{"@type":"Organization","@id":"https:\/\/shop.radna-odjeca.com\/#organization","name":"JEZERINAC Radna odje\u0107a","url":"https:\/\/shop.radna-odjeca.com\/","logo":{"@type":"ImageObject","inLanguage":"en-GB","@id":"https:\/\/shop.radna-odjeca.com\/#\/schema\/logo\/image\/","url":"https:\/\/shop.radna-odjeca.com\/wp-content\/uploads\/2020\/04\/logo.png","contentUrl":"https:\/\/shop.radna-odjeca.com\/wp-content\/uploads\/2020\/04\/logo.png","width":254,"height":68,"caption":"JEZERINAC Radna odje\u0107a"},"image":{"@id":"https:\/\/shop.radna-odjeca.com\/#\/schema\/logo\/image\/"}}]}},"_links":{"self":[{"href":"https:\/\/shop.radna-odjeca.com\/en\/wp-json\/wp\/v2\/product\/5956","targetHints":{"allow":["GET"]}}],"collection":[{"href":"https:\/\/shop.radna-odjeca.com\/en\/wp-json\/wp\/v2\/product"}],"about":[{"href":"https:\/\/shop.radna-odjeca.com\/en\/wp-json\/wp\/v2\/types\/product"}],"wp:featuredmedia":[{"embeddable":true,"href":"https:\/\/shop.radna-odjeca.com\/en\/wp-json\/wp\/v2\/media\/5966"}],"wp:attachment":[{"href":"https:\/\/shop.radna-odjeca.com\/en\/wp-json\/wp\/v2\/media?parent=5956"}],"wp:term":[{"taxonomy":"product_brand","embeddable":true,"href":"https:\/\/shop.radna-odjeca.com\/en\/wp-json\/wp\/v2\/product_brand?post=5956"},{"taxonomy":"product_cat","embeddable":true,"href":"https:\/\/shop.radna-odjeca.com\/en\/wp-json\/wp\/v2\/product_cat?post=5956"},{"taxonomy":"product_tag","embeddable":true,"href":"https:\/\/shop.radna-odjeca.com\/en\/wp-json\/wp\/v2\/product_tag?post=5956"}],"curies":[{"name":"wp","href":"https:\/\/api.w.org\/{rel}","templated":true}]}}