{"id":5524,"date":"2022-04-15T11:01:58","date_gmt":"2022-04-15T11:01:58","guid":{"rendered":"https:\/\/shop.radna-odjeca.com\/?post_type=product&#038;p=5524"},"modified":"2026-03-02T13:52:24","modified_gmt":"2026-03-02T13:52:24","slug":"pregaca-gastro-visoka","status":"publish","type":"product","link":"https:\/\/shop.radna-odjeca.com\/en\/product\/pregaca-gastro-visoka\/","title":{"rendered":"Prega\u010da gastro visoka"},"content":{"rendered":"<p>Veli\u010dina: univerzalna<\/p>\n<p>Sastav: 65% poliester, 35% pamuk<\/p>\n<p>Dimenzije: \u0161irina 69 cm, visina 92 cm + vezice<\/p>\n<p>Vlastita proizvodnja.<\/p>\n<p>Veleprodaja, maloprodaja.<\/p>","protected":false},"excerpt":{"rendered":"<p>Veli\u010dina: univerzalna<\/p>\n<p>Sastav: 65% poliester, 35% pamuk<\/p>\n<p>Dimenzije: \u0161irina 69 cm, visina 92 cm + vezice<\/p>\n<p>Vlastita proizvodnja.<\/p>\n<p>Veleprodaja, maloprodaja.<\/p>","protected":false},"featured_media":5525,"template":"","meta":[],"product_brand":[],"product_cat":[126],"product_tag":[],"class_list":{"0":"post-5524","1":"product","2":"type-product","3":"status-publish","4":"has-post-thumbnail","6":"product_cat-gastro-program","8":"first","9":"instock","10":"taxable","11":"shipping-taxable","12":"purchasable","13":"product-type-simple"},"yoast_head":"<!-- This site is optimized with the Yoast SEO plugin v27.4 - https:\/\/yoast.com\/product\/yoast-seo-wordpress\/ -->\n<title>Crna kuharska prega\u010da | Jezerinac webshop<\/title>\n<meta name=\"description\" content=\"Duga\u010dka prega\u010da za kuhare, \u0161irine 69 cm i visine 92 cm. Izra\u0111ena u vlastitoj proizvodnji, od 65% poliestera i 35% pamuka.\" \/>\n<meta name=\"robots\" content=\"index, follow, max-snippet:-1, max-image-preview:large, max-video-preview:-1\" \/>\n<link rel=\"canonical\" href=\"https:\/\/shop.radna-odjeca.com\/en\/product\/pregaca-gastro-visoka\/\" \/>\n<meta property=\"og:locale\" content=\"en_GB\" \/>\n<meta property=\"og:type\" content=\"article\" \/>\n<meta property=\"og:title\" content=\"Crna kuharska prega\u010da | Jezerinac webshop\" \/>\n<meta property=\"og:description\" content=\"Duga\u010dka prega\u010da za kuhare, \u0161irine 69 cm i visine 92 cm. Izra\u0111ena u vlastitoj proizvodnji, od 65% poliestera i 35% pamuka.\" \/>\n<meta property=\"og:url\" content=\"https:\/\/shop.radna-odjeca.com\/en\/product\/pregaca-gastro-visoka\/\" \/>\n<meta property=\"og:site_name\" content=\"RADNA ODJE\u0106A\" \/>\n<meta property=\"article:modified_time\" content=\"2026-03-02T13:52:24+00:00\" \/>\n<meta property=\"og:image\" content=\"https:\/\/shop.radna-odjeca.com\/wp-content\/uploads\/2022\/04\/gastro-pregaca.png\" \/>\n\t<meta property=\"og:image:width\" content=\"1500\" \/>\n\t<meta property=\"og:image:height\" content=\"2000\" \/>\n\t<meta property=\"og:image:type\" content=\"image\/png\" \/>\n<meta name=\"twitter:card\" content=\"summary_large_image\" \/>\n<meta name=\"twitter:label1\" content=\"Estimated reading time\" \/>\n\t<meta name=\"twitter:data1\" content=\"1 minute\" \/>\n<script type=\"application\/ld+json\" class=\"yoast-schema-graph\">{\"@context\":\"https:\\\/\\\/schema.org\",\"@graph\":[{\"@type\":\"WebPage\",\"@id\":\"https:\\\/\\\/shop.radna-odjeca.com\\\/product\\\/pregaca-gastro-visoka\\\/\",\"url\":\"https:\\\/\\\/shop.radna-odjeca.com\\\/product\\\/pregaca-gastro-visoka\\\/\",\"name\":\"Crna kuharska prega\u010da | Jezerinac webshop\",\"isPartOf\":{\"@id\":\"https:\\\/\\\/shop.radna-odjeca.com\\\/#website\"},\"primaryImageOfPage\":{\"@id\":\"https:\\\/\\\/shop.radna-odjeca.com\\\/product\\\/pregaca-gastro-visoka\\\/#primaryimage\"},\"image\":{\"@id\":\"https:\\\/\\\/shop.radna-odjeca.com\\\/product\\\/pregaca-gastro-visoka\\\/#primaryimage\"},\"thumbnailUrl\":\"https:\\\/\\\/shop.radna-odjeca.com\\\/wp-content\\\/uploads\\\/2022\\\/04\\\/gastro-pregaca.png\",\"datePublished\":\"2022-04-15T11:01:58+00:00\",\"dateModified\":\"2026-03-02T13:52:24+00:00\",\"description\":\"Duga\u010dka prega\u010da za kuhare, \u0161irine 69 cm i visine 92 cm. Izra\u0111ena u vlastitoj proizvodnji, od 65% poliestera i 35% pamuka.\",\"breadcrumb\":{\"@id\":\"https:\\\/\\\/shop.radna-odjeca.com\\\/product\\\/pregaca-gastro-visoka\\\/#breadcrumb\"},\"inLanguage\":\"en-GB\",\"potentialAction\":[{\"@type\":\"ReadAction\",\"target\":[\"https:\\\/\\\/shop.radna-odjeca.com\\\/product\\\/pregaca-gastro-visoka\\\/\"]}]},{\"@type\":\"ImageObject\",\"inLanguage\":\"en-GB\",\"@id\":\"https:\\\/\\\/shop.radna-odjeca.com\\\/product\\\/pregaca-gastro-visoka\\\/#primaryimage\",\"url\":\"https:\\\/\\\/shop.radna-odjeca.com\\\/wp-content\\\/uploads\\\/2022\\\/04\\\/gastro-pregaca.png\",\"contentUrl\":\"https:\\\/\\\/shop.radna-odjeca.com\\\/wp-content\\\/uploads\\\/2022\\\/04\\\/gastro-pregaca.png\",\"width\":1500,\"height\":2000},{\"@type\":\"BreadcrumbList\",\"@id\":\"https:\\\/\\\/shop.radna-odjeca.com\\\/product\\\/pregaca-gastro-visoka\\\/#breadcrumb\",\"itemListElement\":[{\"@type\":\"ListItem\",\"position\":1,\"name\":\"Po\u010detna stranica\",\"item\":\"https:\\\/\\\/shop.radna-odjeca.com\\\/\"},{\"@type\":\"ListItem\",\"position\":2,\"name\":\"Trgovina\",\"item\":\"https:\\\/\\\/shop.radna-odjeca.com\\\/trgovina\\\/\"},{\"@type\":\"ListItem\",\"position\":3,\"name\":\"Prega\u010da gastro visoka\"}]},{\"@type\":\"WebSite\",\"@id\":\"https:\\\/\\\/shop.radna-odjeca.com\\\/#website\",\"url\":\"https:\\\/\\\/shop.radna-odjeca.com\\\/\",\"name\":\"Jezerinac Webshop\",\"description\":\"RADNA ODJE\u0106A VISOKE KVALITETE\",\"publisher\":{\"@id\":\"https:\\\/\\\/shop.radna-odjeca.com\\\/#organization\"},\"potentialAction\":[{\"@type\":\"SearchAction\",\"target\":{\"@type\":\"EntryPoint\",\"urlTemplate\":\"https:\\\/\\\/shop.radna-odjeca.com\\\/?s={search_term_string}\"},\"query-input\":{\"@type\":\"PropertyValueSpecification\",\"valueRequired\":true,\"valueName\":\"search_term_string\"}}],\"inLanguage\":\"en-GB\"},{\"@type\":\"Organization\",\"@id\":\"https:\\\/\\\/shop.radna-odjeca.com\\\/#organization\",\"name\":\"JEZERINAC Radna odje\u0107a\",\"url\":\"https:\\\/\\\/shop.radna-odjeca.com\\\/\",\"logo\":{\"@type\":\"ImageObject\",\"inLanguage\":\"en-GB\",\"@id\":\"https:\\\/\\\/shop.radna-odjeca.com\\\/#\\\/schema\\\/logo\\\/image\\\/\",\"url\":\"https:\\\/\\\/shop.radna-odjeca.com\\\/wp-content\\\/uploads\\\/2020\\\/04\\\/logo.png\",\"contentUrl\":\"https:\\\/\\\/shop.radna-odjeca.com\\\/wp-content\\\/uploads\\\/2020\\\/04\\\/logo.png\",\"width\":254,\"height\":68,\"caption\":\"JEZERINAC Radna odje\u0107a\"},\"image\":{\"@id\":\"https:\\\/\\\/shop.radna-odjeca.com\\\/#\\\/schema\\\/logo\\\/image\\\/\"}}]}<\/script>\n<!-- \/ Yoast SEO plugin. -->","yoast_head_json":{"title":"Crna kuharska prega\u010da | Jezerinac webshop","description":"Duga\u010dka prega\u010da za kuhare, \u0161irine 69 cm i visine 92 cm. Izra\u0111ena u vlastitoj proizvodnji, od 65% poliestera i 35% pamuka.","robots":{"index":"index","follow":"follow","max-snippet":"max-snippet:-1","max-image-preview":"max-image-preview:large","max-video-preview":"max-video-preview:-1"},"canonical":"https:\/\/shop.radna-odjeca.com\/en\/product\/pregaca-gastro-visoka\/","og_locale":"en_GB","og_type":"article","og_title":"Crna kuharska prega\u010da | Jezerinac webshop","og_description":"Duga\u010dka prega\u010da za kuhare, \u0161irine 69 cm i visine 92 cm. Izra\u0111ena u vlastitoj proizvodnji, od 65% poliestera i 35% pamuka.","og_url":"https:\/\/shop.radna-odjeca.com\/en\/product\/pregaca-gastro-visoka\/","og_site_name":"RADNA ODJE\u0106A","article_modified_time":"2026-03-02T13:52:24+00:00","og_image":[{"width":1500,"height":2000,"url":"https:\/\/shop.radna-odjeca.com\/wp-content\/uploads\/2022\/04\/gastro-pregaca.png","type":"image\/png"}],"twitter_card":"summary_large_image","twitter_misc":{"Estimated reading time":"1 minute"},"schema":{"@context":"https:\/\/schema.org","@graph":[{"@type":"WebPage","@id":"https:\/\/shop.radna-odjeca.com\/product\/pregaca-gastro-visoka\/","url":"https:\/\/shop.radna-odjeca.com\/product\/pregaca-gastro-visoka\/","name":"Crna kuharska prega\u010da | Jezerinac webshop","isPartOf":{"@id":"https:\/\/shop.radna-odjeca.com\/#website"},"primaryImageOfPage":{"@id":"https:\/\/shop.radna-odjeca.com\/product\/pregaca-gastro-visoka\/#primaryimage"},"image":{"@id":"https:\/\/shop.radna-odjeca.com\/product\/pregaca-gastro-visoka\/#primaryimage"},"thumbnailUrl":"https:\/\/shop.radna-odjeca.com\/wp-content\/uploads\/2022\/04\/gastro-pregaca.png","datePublished":"2022-04-15T11:01:58+00:00","dateModified":"2026-03-02T13:52:24+00:00","description":"Duga\u010dka prega\u010da za kuhare, \u0161irine 69 cm i visine 92 cm. Izra\u0111ena u vlastitoj proizvodnji, od 65% poliestera i 35% pamuka.","breadcrumb":{"@id":"https:\/\/shop.radna-odjeca.com\/product\/pregaca-gastro-visoka\/#breadcrumb"},"inLanguage":"en-GB","potentialAction":[{"@type":"ReadAction","target":["https:\/\/shop.radna-odjeca.com\/product\/pregaca-gastro-visoka\/"]}]},{"@type":"ImageObject","inLanguage":"en-GB","@id":"https:\/\/shop.radna-odjeca.com\/product\/pregaca-gastro-visoka\/#primaryimage","url":"https:\/\/shop.radna-odjeca.com\/wp-content\/uploads\/2022\/04\/gastro-pregaca.png","contentUrl":"https:\/\/shop.radna-odjeca.com\/wp-content\/uploads\/2022\/04\/gastro-pregaca.png","width":1500,"height":2000},{"@type":"BreadcrumbList","@id":"https:\/\/shop.radna-odjeca.com\/product\/pregaca-gastro-visoka\/#breadcrumb","itemListElement":[{"@type":"ListItem","position":1,"name":"Po\u010detna stranica","item":"https:\/\/shop.radna-odjeca.com\/"},{"@type":"ListItem","position":2,"name":"Trgovina","item":"https:\/\/shop.radna-odjeca.com\/trgovina\/"},{"@type":"ListItem","position":3,"name":"Prega\u010da gastro visoka"}]},{"@type":"WebSite","@id":"https:\/\/shop.radna-odjeca.com\/#website","url":"https:\/\/shop.radna-odjeca.com\/","name":"Jezerinac Webshop","description":"RADNA ODJE\u0106A VISOKE KVALITETE","publisher":{"@id":"https:\/\/shop.radna-odjeca.com\/#organization"},"potentialAction":[{"@type":"SearchAction","target":{"@type":"EntryPoint","urlTemplate":"https:\/\/shop.radna-odjeca.com\/?s={search_term_string}"},"query-input":{"@type":"PropertyValueSpecification","valueRequired":true,"valueName":"search_term_string"}}],"inLanguage":"en-GB"},{"@type":"Organization","@id":"https:\/\/shop.radna-odjeca.com\/#organization","name":"JEZERINAC Radna odje\u0107a","url":"https:\/\/shop.radna-odjeca.com\/","logo":{"@type":"ImageObject","inLanguage":"en-GB","@id":"https:\/\/shop.radna-odjeca.com\/#\/schema\/logo\/image\/","url":"https:\/\/shop.radna-odjeca.com\/wp-content\/uploads\/2020\/04\/logo.png","contentUrl":"https:\/\/shop.radna-odjeca.com\/wp-content\/uploads\/2020\/04\/logo.png","width":254,"height":68,"caption":"JEZERINAC Radna odje\u0107a"},"image":{"@id":"https:\/\/shop.radna-odjeca.com\/#\/schema\/logo\/image\/"}}]}},"_links":{"self":[{"href":"https:\/\/shop.radna-odjeca.com\/en\/wp-json\/wp\/v2\/product\/5524","targetHints":{"allow":["GET"]}}],"collection":[{"href":"https:\/\/shop.radna-odjeca.com\/en\/wp-json\/wp\/v2\/product"}],"about":[{"href":"https:\/\/shop.radna-odjeca.com\/en\/wp-json\/wp\/v2\/types\/product"}],"wp:featuredmedia":[{"embeddable":true,"href":"https:\/\/shop.radna-odjeca.com\/en\/wp-json\/wp\/v2\/media\/5525"}],"wp:attachment":[{"href":"https:\/\/shop.radna-odjeca.com\/en\/wp-json\/wp\/v2\/media?parent=5524"}],"wp:term":[{"taxonomy":"product_brand","embeddable":true,"href":"https:\/\/shop.radna-odjeca.com\/en\/wp-json\/wp\/v2\/product_brand?post=5524"},{"taxonomy":"product_cat","embeddable":true,"href":"https:\/\/shop.radna-odjeca.com\/en\/wp-json\/wp\/v2\/product_cat?post=5524"},{"taxonomy":"product_tag","embeddable":true,"href":"https:\/\/shop.radna-odjeca.com\/en\/wp-json\/wp\/v2\/product_tag?post=5524"}],"curies":[{"name":"wp","href":"https:\/\/api.w.org\/{rel}","templated":true}]}}