{"id":5506,"date":"2022-04-15T10:29:31","date_gmt":"2022-04-15T10:29:31","guid":{"rendered":"https:\/\/shop.radna-odjeca.com\/?post_type=product&#038;p=5506"},"modified":"2026-01-27T08:48:56","modified_gmt":"2026-01-27T08:48:56","slug":"kapa-kuharska-s-mrezicom","status":"publish","type":"product","link":"https:\/\/shop.radna-odjeca.com\/en\/product\/kapa-kuharska-s-mrezicom\/","title":{"rendered":"Kapa kuharska s mre\u017eicom"},"content":{"rendered":"<p>Kuharska kapa s mre\u017eicom.<\/p>\n<p>Veli\u010dina: univerzalna<\/p>\n<p>Boja: bijela<\/p>\n<p>Sastav: tkanina &#8211; 100% pamuk, mre\u017eica &#8211; 100% poliester<\/p>\n<p>Po narud\u017ebi se mo\u017ee izraditi i u drugim bojama.<\/p>\n<p>Vlastita proizvodnja.<\/p>\n<p>Maloprodaja, veleprodaja.<\/p>","protected":false},"excerpt":{"rendered":"<p>Veli\u010dina: univerzalna<\/p>\n<p>Boja: bijela<\/p>\n<p>Po narud\u017ebi se mo\u017ee izraditi i u drugim bojama.<\/p>\n<p>Vlastita proizvodnja.<\/p>\n<p>Maloprodaja, veleprodaja.<\/p>","protected":false},"featured_media":5507,"template":"","meta":[],"product_brand":[],"product_cat":[126,64],"product_tag":[],"class_list":{"0":"post-5506","1":"product","2":"type-product","3":"status-publish","4":"has-post-thumbnail","6":"product_cat-gastro-program","7":"product_cat-kape-i-sesiri","9":"first","10":"instock","11":"taxable","12":"shipping-taxable","13":"purchasable","14":"product-type-simple"},"yoast_head":"<!-- This site is optimized with the Yoast SEO plugin v27.4 - https:\/\/yoast.com\/product\/yoast-seo-wordpress\/ -->\n<title>\u017denska kuharska kapa s mre\u017eicom | Jezerinac webshop<\/title>\n<meta name=\"description\" content=\"Bijela \u017eenska kuharska kapa s mre\u017eicom. Po narud\u017ebi se mo\u017ee izraditi i u drugim bojama. Veli\u010dina: univerzalna.\" \/>\n<meta name=\"robots\" content=\"index, follow, max-snippet:-1, max-image-preview:large, max-video-preview:-1\" \/>\n<link rel=\"canonical\" href=\"https:\/\/shop.radna-odjeca.com\/en\/product\/kapa-kuharska-s-mrezicom\/\" \/>\n<meta property=\"og:locale\" content=\"en_GB\" \/>\n<meta property=\"og:type\" content=\"article\" \/>\n<meta property=\"og:title\" content=\"\u017denska kuharska kapa s mre\u017eicom | Jezerinac webshop\" \/>\n<meta property=\"og:description\" content=\"Bijela \u017eenska kuharska kapa s mre\u017eicom. Po narud\u017ebi se mo\u017ee izraditi i u drugim bojama. Veli\u010dina: univerzalna.\" \/>\n<meta property=\"og:url\" content=\"https:\/\/shop.radna-odjeca.com\/en\/product\/kapa-kuharska-s-mrezicom\/\" \/>\n<meta property=\"og:site_name\" content=\"RADNA ODJE\u0106A\" \/>\n<meta property=\"article:modified_time\" content=\"2026-01-27T08:48:56+00:00\" \/>\n<meta property=\"og:image\" content=\"https:\/\/shop.radna-odjeca.com\/wp-content\/uploads\/2022\/04\/PhotoRoom-20220415_122332.png\" \/>\n\t<meta property=\"og:image:width\" content=\"1500\" \/>\n\t<meta property=\"og:image:height\" content=\"2000\" \/>\n\t<meta property=\"og:image:type\" content=\"image\/png\" \/>\n<meta name=\"twitter:card\" content=\"summary_large_image\" \/>\n<meta name=\"twitter:label1\" content=\"Estimated reading time\" \/>\n\t<meta name=\"twitter:data1\" content=\"1 minute\" \/>\n<script type=\"application\/ld+json\" class=\"yoast-schema-graph\">{\"@context\":\"https:\\\/\\\/schema.org\",\"@graph\":[{\"@type\":\"WebPage\",\"@id\":\"https:\\\/\\\/shop.radna-odjeca.com\\\/product\\\/kapa-kuharska-s-mrezicom\\\/\",\"url\":\"https:\\\/\\\/shop.radna-odjeca.com\\\/product\\\/kapa-kuharska-s-mrezicom\\\/\",\"name\":\"\u017denska kuharska kapa s mre\u017eicom | Jezerinac webshop\",\"isPartOf\":{\"@id\":\"https:\\\/\\\/shop.radna-odjeca.com\\\/#website\"},\"primaryImageOfPage\":{\"@id\":\"https:\\\/\\\/shop.radna-odjeca.com\\\/product\\\/kapa-kuharska-s-mrezicom\\\/#primaryimage\"},\"image\":{\"@id\":\"https:\\\/\\\/shop.radna-odjeca.com\\\/product\\\/kapa-kuharska-s-mrezicom\\\/#primaryimage\"},\"thumbnailUrl\":\"https:\\\/\\\/shop.radna-odjeca.com\\\/wp-content\\\/uploads\\\/2022\\\/04\\\/PhotoRoom-20220415_122332.png\",\"datePublished\":\"2022-04-15T10:29:31+00:00\",\"dateModified\":\"2026-01-27T08:48:56+00:00\",\"description\":\"Bijela \u017eenska kuharska kapa s mre\u017eicom. Po narud\u017ebi se mo\u017ee izraditi i u drugim bojama. Veli\u010dina: univerzalna.\",\"breadcrumb\":{\"@id\":\"https:\\\/\\\/shop.radna-odjeca.com\\\/product\\\/kapa-kuharska-s-mrezicom\\\/#breadcrumb\"},\"inLanguage\":\"en-GB\",\"potentialAction\":[{\"@type\":\"ReadAction\",\"target\":[\"https:\\\/\\\/shop.radna-odjeca.com\\\/product\\\/kapa-kuharska-s-mrezicom\\\/\"]}]},{\"@type\":\"ImageObject\",\"inLanguage\":\"en-GB\",\"@id\":\"https:\\\/\\\/shop.radna-odjeca.com\\\/product\\\/kapa-kuharska-s-mrezicom\\\/#primaryimage\",\"url\":\"https:\\\/\\\/shop.radna-odjeca.com\\\/wp-content\\\/uploads\\\/2022\\\/04\\\/PhotoRoom-20220415_122332.png\",\"contentUrl\":\"https:\\\/\\\/shop.radna-odjeca.com\\\/wp-content\\\/uploads\\\/2022\\\/04\\\/PhotoRoom-20220415_122332.png\",\"width\":1500,\"height\":2000},{\"@type\":\"BreadcrumbList\",\"@id\":\"https:\\\/\\\/shop.radna-odjeca.com\\\/product\\\/kapa-kuharska-s-mrezicom\\\/#breadcrumb\",\"itemListElement\":[{\"@type\":\"ListItem\",\"position\":1,\"name\":\"Po\u010detna stranica\",\"item\":\"https:\\\/\\\/shop.radna-odjeca.com\\\/\"},{\"@type\":\"ListItem\",\"position\":2,\"name\":\"Trgovina\",\"item\":\"https:\\\/\\\/shop.radna-odjeca.com\\\/trgovina\\\/\"},{\"@type\":\"ListItem\",\"position\":3,\"name\":\"Kapa kuharska s mre\u017eicom\"}]},{\"@type\":\"WebSite\",\"@id\":\"https:\\\/\\\/shop.radna-odjeca.com\\\/#website\",\"url\":\"https:\\\/\\\/shop.radna-odjeca.com\\\/\",\"name\":\"Jezerinac Webshop\",\"description\":\"RADNA ODJE\u0106A VISOKE KVALITETE\",\"publisher\":{\"@id\":\"https:\\\/\\\/shop.radna-odjeca.com\\\/#organization\"},\"potentialAction\":[{\"@type\":\"SearchAction\",\"target\":{\"@type\":\"EntryPoint\",\"urlTemplate\":\"https:\\\/\\\/shop.radna-odjeca.com\\\/?s={search_term_string}\"},\"query-input\":{\"@type\":\"PropertyValueSpecification\",\"valueRequired\":true,\"valueName\":\"search_term_string\"}}],\"inLanguage\":\"en-GB\"},{\"@type\":\"Organization\",\"@id\":\"https:\\\/\\\/shop.radna-odjeca.com\\\/#organization\",\"name\":\"JEZERINAC Radna odje\u0107a\",\"url\":\"https:\\\/\\\/shop.radna-odjeca.com\\\/\",\"logo\":{\"@type\":\"ImageObject\",\"inLanguage\":\"en-GB\",\"@id\":\"https:\\\/\\\/shop.radna-odjeca.com\\\/#\\\/schema\\\/logo\\\/image\\\/\",\"url\":\"https:\\\/\\\/shop.radna-odjeca.com\\\/wp-content\\\/uploads\\\/2020\\\/04\\\/logo.png\",\"contentUrl\":\"https:\\\/\\\/shop.radna-odjeca.com\\\/wp-content\\\/uploads\\\/2020\\\/04\\\/logo.png\",\"width\":254,\"height\":68,\"caption\":\"JEZERINAC Radna odje\u0107a\"},\"image\":{\"@id\":\"https:\\\/\\\/shop.radna-odjeca.com\\\/#\\\/schema\\\/logo\\\/image\\\/\"}}]}<\/script>\n<!-- \/ Yoast SEO plugin. -->","yoast_head_json":{"title":"\u017denska kuharska kapa s mre\u017eicom | Jezerinac webshop","description":"Bijela \u017eenska kuharska kapa s mre\u017eicom. Po narud\u017ebi se mo\u017ee izraditi i u drugim bojama. Veli\u010dina: univerzalna.","robots":{"index":"index","follow":"follow","max-snippet":"max-snippet:-1","max-image-preview":"max-image-preview:large","max-video-preview":"max-video-preview:-1"},"canonical":"https:\/\/shop.radna-odjeca.com\/en\/product\/kapa-kuharska-s-mrezicom\/","og_locale":"en_GB","og_type":"article","og_title":"\u017denska kuharska kapa s mre\u017eicom | Jezerinac webshop","og_description":"Bijela \u017eenska kuharska kapa s mre\u017eicom. Po narud\u017ebi se mo\u017ee izraditi i u drugim bojama. Veli\u010dina: univerzalna.","og_url":"https:\/\/shop.radna-odjeca.com\/en\/product\/kapa-kuharska-s-mrezicom\/","og_site_name":"RADNA ODJE\u0106A","article_modified_time":"2026-01-27T08:48:56+00:00","og_image":[{"width":1500,"height":2000,"url":"https:\/\/shop.radna-odjeca.com\/wp-content\/uploads\/2022\/04\/PhotoRoom-20220415_122332.png","type":"image\/png"}],"twitter_card":"summary_large_image","twitter_misc":{"Estimated reading time":"1 minute"},"schema":{"@context":"https:\/\/schema.org","@graph":[{"@type":"WebPage","@id":"https:\/\/shop.radna-odjeca.com\/product\/kapa-kuharska-s-mrezicom\/","url":"https:\/\/shop.radna-odjeca.com\/product\/kapa-kuharska-s-mrezicom\/","name":"\u017denska kuharska kapa s mre\u017eicom | Jezerinac webshop","isPartOf":{"@id":"https:\/\/shop.radna-odjeca.com\/#website"},"primaryImageOfPage":{"@id":"https:\/\/shop.radna-odjeca.com\/product\/kapa-kuharska-s-mrezicom\/#primaryimage"},"image":{"@id":"https:\/\/shop.radna-odjeca.com\/product\/kapa-kuharska-s-mrezicom\/#primaryimage"},"thumbnailUrl":"https:\/\/shop.radna-odjeca.com\/wp-content\/uploads\/2022\/04\/PhotoRoom-20220415_122332.png","datePublished":"2022-04-15T10:29:31+00:00","dateModified":"2026-01-27T08:48:56+00:00","description":"Bijela \u017eenska kuharska kapa s mre\u017eicom. Po narud\u017ebi se mo\u017ee izraditi i u drugim bojama. Veli\u010dina: univerzalna.","breadcrumb":{"@id":"https:\/\/shop.radna-odjeca.com\/product\/kapa-kuharska-s-mrezicom\/#breadcrumb"},"inLanguage":"en-GB","potentialAction":[{"@type":"ReadAction","target":["https:\/\/shop.radna-odjeca.com\/product\/kapa-kuharska-s-mrezicom\/"]}]},{"@type":"ImageObject","inLanguage":"en-GB","@id":"https:\/\/shop.radna-odjeca.com\/product\/kapa-kuharska-s-mrezicom\/#primaryimage","url":"https:\/\/shop.radna-odjeca.com\/wp-content\/uploads\/2022\/04\/PhotoRoom-20220415_122332.png","contentUrl":"https:\/\/shop.radna-odjeca.com\/wp-content\/uploads\/2022\/04\/PhotoRoom-20220415_122332.png","width":1500,"height":2000},{"@type":"BreadcrumbList","@id":"https:\/\/shop.radna-odjeca.com\/product\/kapa-kuharska-s-mrezicom\/#breadcrumb","itemListElement":[{"@type":"ListItem","position":1,"name":"Po\u010detna stranica","item":"https:\/\/shop.radna-odjeca.com\/"},{"@type":"ListItem","position":2,"name":"Trgovina","item":"https:\/\/shop.radna-odjeca.com\/trgovina\/"},{"@type":"ListItem","position":3,"name":"Kapa kuharska s mre\u017eicom"}]},{"@type":"WebSite","@id":"https:\/\/shop.radna-odjeca.com\/#website","url":"https:\/\/shop.radna-odjeca.com\/","name":"Jezerinac Webshop","description":"RADNA ODJE\u0106A VISOKE KVALITETE","publisher":{"@id":"https:\/\/shop.radna-odjeca.com\/#organization"},"potentialAction":[{"@type":"SearchAction","target":{"@type":"EntryPoint","urlTemplate":"https:\/\/shop.radna-odjeca.com\/?s={search_term_string}"},"query-input":{"@type":"PropertyValueSpecification","valueRequired":true,"valueName":"search_term_string"}}],"inLanguage":"en-GB"},{"@type":"Organization","@id":"https:\/\/shop.radna-odjeca.com\/#organization","name":"JEZERINAC Radna odje\u0107a","url":"https:\/\/shop.radna-odjeca.com\/","logo":{"@type":"ImageObject","inLanguage":"en-GB","@id":"https:\/\/shop.radna-odjeca.com\/#\/schema\/logo\/image\/","url":"https:\/\/shop.radna-odjeca.com\/wp-content\/uploads\/2020\/04\/logo.png","contentUrl":"https:\/\/shop.radna-odjeca.com\/wp-content\/uploads\/2020\/04\/logo.png","width":254,"height":68,"caption":"JEZERINAC Radna odje\u0107a"},"image":{"@id":"https:\/\/shop.radna-odjeca.com\/#\/schema\/logo\/image\/"}}]}},"_links":{"self":[{"href":"https:\/\/shop.radna-odjeca.com\/en\/wp-json\/wp\/v2\/product\/5506","targetHints":{"allow":["GET"]}}],"collection":[{"href":"https:\/\/shop.radna-odjeca.com\/en\/wp-json\/wp\/v2\/product"}],"about":[{"href":"https:\/\/shop.radna-odjeca.com\/en\/wp-json\/wp\/v2\/types\/product"}],"wp:featuredmedia":[{"embeddable":true,"href":"https:\/\/shop.radna-odjeca.com\/en\/wp-json\/wp\/v2\/media\/5507"}],"wp:attachment":[{"href":"https:\/\/shop.radna-odjeca.com\/en\/wp-json\/wp\/v2\/media?parent=5506"}],"wp:term":[{"taxonomy":"product_brand","embeddable":true,"href":"https:\/\/shop.radna-odjeca.com\/en\/wp-json\/wp\/v2\/product_brand?post=5506"},{"taxonomy":"product_cat","embeddable":true,"href":"https:\/\/shop.radna-odjeca.com\/en\/wp-json\/wp\/v2\/product_cat?post=5506"},{"taxonomy":"product_tag","embeddable":true,"href":"https:\/\/shop.radna-odjeca.com\/en\/wp-json\/wp\/v2\/product_tag?post=5506"}],"curies":[{"name":"wp","href":"https:\/\/api.w.org\/{rel}","templated":true}]}}