{"id":5494,"date":"2022-04-14T08:17:15","date_gmt":"2022-04-14T08:17:15","guid":{"rendered":"https:\/\/shop.radna-odjeca.com\/?post_type=product&#038;p=5494"},"modified":"2025-03-05T10:33:12","modified_gmt":"2025-03-05T10:33:12","slug":"kapa-6-panela-2","status":"publish","type":"product","link":"https:\/\/shop.radna-odjeca.com\/en\/product\/kapa-6-panela-2\/","title":{"rendered":"Kapa 6 panela"},"content":{"rendered":"<p dir=\"auto\">Boja: led<\/p>\n<p dir=\"auto\">Sastav: 60 %pamuk, 40% poliester<\/p>\n<p dir=\"auto\">\u0160ilt du\u017eine 7 cm<\/p>\n<p dir=\"auto\">Veli\u010dina: univerzalna, regulira se pomo\u0107u \u010di\u010dak trake<\/p>\n<div dir=\"auto\">\n<p>Vlastita proizvodnja.<\/p>\n<p>Maloprodaja, veleprodaja.<\/p>\n<\/div>","protected":false},"excerpt":{"rendered":"<p dir=\"auto\">Boja: led<\/p>\n<p dir=\"auto\">Sastav: 60 %pamuk, 40% poliester<\/p>\n<p dir=\"auto\">\u0160ilt du\u017eine 7 cm<\/p>\n<p dir=\"auto\">Veli\u010dina: univerzalna, regulira se pomo\u0107u \u010di\u010dak trake<\/p>\n<div dir=\"auto\">\n<p>Vlastita proizvodnja.<\/p>\n<p>Maloprodaja, veleprodaja.<\/p>\n<\/div>","protected":false},"featured_media":5495,"template":"","meta":[],"product_brand":[],"product_cat":[64,161],"product_tag":[],"class_list":{"0":"post-5494","1":"product","2":"type-product","3":"status-publish","4":"has-post-thumbnail","6":"product_cat-kape-i-sesiri","7":"product_cat-odjeca-za-slobodno-vrijeme","9":"first","10":"instock","11":"taxable","12":"shipping-taxable","13":"purchasable","14":"product-type-simple"},"yoast_head":"<!-- This site is optimized with the Yoast SEO plugin v27.4 - https:\/\/yoast.com\/product\/yoast-seo-wordpress\/ -->\n<title>Radna \u0161ilt kapa | Jezerinac webshop<\/title>\n<meta name=\"description\" content=\"Radna \u0161ilt kapa iz vlastite proizvodnje izra\u0111ena od 60 % pamuka, 40 % poliestera. Univerzalne veli\u010dine, regulira se s pomo\u0107u \u010di\u010dak trake.\" \/>\n<meta name=\"robots\" content=\"index, follow, max-snippet:-1, max-image-preview:large, max-video-preview:-1\" \/>\n<link rel=\"canonical\" href=\"https:\/\/shop.radna-odjeca.com\/en\/product\/kapa-6-panela-2\/\" \/>\n<meta property=\"og:locale\" content=\"en_GB\" \/>\n<meta property=\"og:type\" content=\"article\" \/>\n<meta property=\"og:title\" content=\"Radna \u0161ilt kapa | Jezerinac webshop\" \/>\n<meta property=\"og:description\" content=\"Radna \u0161ilt kapa iz vlastite proizvodnje izra\u0111ena od 60 % pamuka, 40 % poliestera. Univerzalne veli\u010dine, regulira se s pomo\u0107u \u010di\u010dak trake.\" \/>\n<meta property=\"og:url\" content=\"https:\/\/shop.radna-odjeca.com\/en\/product\/kapa-6-panela-2\/\" \/>\n<meta property=\"og:site_name\" content=\"RADNA ODJE\u0106A\" \/>\n<meta property=\"article:modified_time\" content=\"2025-03-05T10:33:12+00:00\" \/>\n<meta property=\"og:image\" content=\"https:\/\/shop.radna-odjeca.com\/wp-content\/uploads\/2022\/04\/kapa-6-panela-led.png\" \/>\n\t<meta property=\"og:image:width\" content=\"1500\" \/>\n\t<meta property=\"og:image:height\" content=\"2000\" \/>\n\t<meta property=\"og:image:type\" content=\"image\/png\" \/>\n<meta name=\"twitter:card\" content=\"summary_large_image\" \/>\n<meta name=\"twitter:label1\" content=\"Estimated reading time\" \/>\n\t<meta name=\"twitter:data1\" content=\"1 minute\" \/>\n<script type=\"application\/ld+json\" class=\"yoast-schema-graph\">{\"@context\":\"https:\\\/\\\/schema.org\",\"@graph\":[{\"@type\":\"WebPage\",\"@id\":\"https:\\\/\\\/shop.radna-odjeca.com\\\/product\\\/kapa-6-panela-2\\\/\",\"url\":\"https:\\\/\\\/shop.radna-odjeca.com\\\/product\\\/kapa-6-panela-2\\\/\",\"name\":\"Radna \u0161ilt kapa | Jezerinac webshop\",\"isPartOf\":{\"@id\":\"https:\\\/\\\/shop.radna-odjeca.com\\\/#website\"},\"primaryImageOfPage\":{\"@id\":\"https:\\\/\\\/shop.radna-odjeca.com\\\/product\\\/kapa-6-panela-2\\\/#primaryimage\"},\"image\":{\"@id\":\"https:\\\/\\\/shop.radna-odjeca.com\\\/product\\\/kapa-6-panela-2\\\/#primaryimage\"},\"thumbnailUrl\":\"https:\\\/\\\/shop.radna-odjeca.com\\\/wp-content\\\/uploads\\\/2022\\\/04\\\/kapa-6-panela-led.png\",\"datePublished\":\"2022-04-14T08:17:15+00:00\",\"dateModified\":\"2025-03-05T10:33:12+00:00\",\"description\":\"Radna \u0161ilt kapa iz vlastite proizvodnje izra\u0111ena od 60 % pamuka, 40 % poliestera. Univerzalne veli\u010dine, regulira se s pomo\u0107u \u010di\u010dak trake.\",\"breadcrumb\":{\"@id\":\"https:\\\/\\\/shop.radna-odjeca.com\\\/product\\\/kapa-6-panela-2\\\/#breadcrumb\"},\"inLanguage\":\"en-GB\",\"potentialAction\":[{\"@type\":\"ReadAction\",\"target\":[\"https:\\\/\\\/shop.radna-odjeca.com\\\/product\\\/kapa-6-panela-2\\\/\"]}]},{\"@type\":\"ImageObject\",\"inLanguage\":\"en-GB\",\"@id\":\"https:\\\/\\\/shop.radna-odjeca.com\\\/product\\\/kapa-6-panela-2\\\/#primaryimage\",\"url\":\"https:\\\/\\\/shop.radna-odjeca.com\\\/wp-content\\\/uploads\\\/2022\\\/04\\\/kapa-6-panela-led.png\",\"contentUrl\":\"https:\\\/\\\/shop.radna-odjeca.com\\\/wp-content\\\/uploads\\\/2022\\\/04\\\/kapa-6-panela-led.png\",\"width\":1500,\"height\":2000},{\"@type\":\"BreadcrumbList\",\"@id\":\"https:\\\/\\\/shop.radna-odjeca.com\\\/product\\\/kapa-6-panela-2\\\/#breadcrumb\",\"itemListElement\":[{\"@type\":\"ListItem\",\"position\":1,\"name\":\"Po\u010detna stranica\",\"item\":\"https:\\\/\\\/shop.radna-odjeca.com\\\/\"},{\"@type\":\"ListItem\",\"position\":2,\"name\":\"Trgovina\",\"item\":\"https:\\\/\\\/shop.radna-odjeca.com\\\/trgovina\\\/\"},{\"@type\":\"ListItem\",\"position\":3,\"name\":\"Kapa 6 panela\"}]},{\"@type\":\"WebSite\",\"@id\":\"https:\\\/\\\/shop.radna-odjeca.com\\\/#website\",\"url\":\"https:\\\/\\\/shop.radna-odjeca.com\\\/\",\"name\":\"Jezerinac Webshop\",\"description\":\"RADNA ODJE\u0106A VISOKE KVALITETE\",\"publisher\":{\"@id\":\"https:\\\/\\\/shop.radna-odjeca.com\\\/#organization\"},\"potentialAction\":[{\"@type\":\"SearchAction\",\"target\":{\"@type\":\"EntryPoint\",\"urlTemplate\":\"https:\\\/\\\/shop.radna-odjeca.com\\\/?s={search_term_string}\"},\"query-input\":{\"@type\":\"PropertyValueSpecification\",\"valueRequired\":true,\"valueName\":\"search_term_string\"}}],\"inLanguage\":\"en-GB\"},{\"@type\":\"Organization\",\"@id\":\"https:\\\/\\\/shop.radna-odjeca.com\\\/#organization\",\"name\":\"JEZERINAC Radna odje\u0107a\",\"url\":\"https:\\\/\\\/shop.radna-odjeca.com\\\/\",\"logo\":{\"@type\":\"ImageObject\",\"inLanguage\":\"en-GB\",\"@id\":\"https:\\\/\\\/shop.radna-odjeca.com\\\/#\\\/schema\\\/logo\\\/image\\\/\",\"url\":\"https:\\\/\\\/shop.radna-odjeca.com\\\/wp-content\\\/uploads\\\/2020\\\/04\\\/logo.png\",\"contentUrl\":\"https:\\\/\\\/shop.radna-odjeca.com\\\/wp-content\\\/uploads\\\/2020\\\/04\\\/logo.png\",\"width\":254,\"height\":68,\"caption\":\"JEZERINAC Radna odje\u0107a\"},\"image\":{\"@id\":\"https:\\\/\\\/shop.radna-odjeca.com\\\/#\\\/schema\\\/logo\\\/image\\\/\"}}]}<\/script>\n<!-- \/ Yoast SEO plugin. -->","yoast_head_json":{"title":"Radna \u0161ilt kapa | Jezerinac webshop","description":"Radna \u0161ilt kapa iz vlastite proizvodnje izra\u0111ena od 60 % pamuka, 40 % poliestera. Univerzalne veli\u010dine, regulira se s pomo\u0107u \u010di\u010dak trake.","robots":{"index":"index","follow":"follow","max-snippet":"max-snippet:-1","max-image-preview":"max-image-preview:large","max-video-preview":"max-video-preview:-1"},"canonical":"https:\/\/shop.radna-odjeca.com\/en\/product\/kapa-6-panela-2\/","og_locale":"en_GB","og_type":"article","og_title":"Radna \u0161ilt kapa | Jezerinac webshop","og_description":"Radna \u0161ilt kapa iz vlastite proizvodnje izra\u0111ena od 60 % pamuka, 40 % poliestera. Univerzalne veli\u010dine, regulira se s pomo\u0107u \u010di\u010dak trake.","og_url":"https:\/\/shop.radna-odjeca.com\/en\/product\/kapa-6-panela-2\/","og_site_name":"RADNA ODJE\u0106A","article_modified_time":"2025-03-05T10:33:12+00:00","og_image":[{"width":1500,"height":2000,"url":"https:\/\/shop.radna-odjeca.com\/wp-content\/uploads\/2022\/04\/kapa-6-panela-led.png","type":"image\/png"}],"twitter_card":"summary_large_image","twitter_misc":{"Estimated reading time":"1 minute"},"schema":{"@context":"https:\/\/schema.org","@graph":[{"@type":"WebPage","@id":"https:\/\/shop.radna-odjeca.com\/product\/kapa-6-panela-2\/","url":"https:\/\/shop.radna-odjeca.com\/product\/kapa-6-panela-2\/","name":"Radna \u0161ilt kapa | Jezerinac webshop","isPartOf":{"@id":"https:\/\/shop.radna-odjeca.com\/#website"},"primaryImageOfPage":{"@id":"https:\/\/shop.radna-odjeca.com\/product\/kapa-6-panela-2\/#primaryimage"},"image":{"@id":"https:\/\/shop.radna-odjeca.com\/product\/kapa-6-panela-2\/#primaryimage"},"thumbnailUrl":"https:\/\/shop.radna-odjeca.com\/wp-content\/uploads\/2022\/04\/kapa-6-panela-led.png","datePublished":"2022-04-14T08:17:15+00:00","dateModified":"2025-03-05T10:33:12+00:00","description":"Radna \u0161ilt kapa iz vlastite proizvodnje izra\u0111ena od 60 % pamuka, 40 % poliestera. Univerzalne veli\u010dine, regulira se s pomo\u0107u \u010di\u010dak trake.","breadcrumb":{"@id":"https:\/\/shop.radna-odjeca.com\/product\/kapa-6-panela-2\/#breadcrumb"},"inLanguage":"en-GB","potentialAction":[{"@type":"ReadAction","target":["https:\/\/shop.radna-odjeca.com\/product\/kapa-6-panela-2\/"]}]},{"@type":"ImageObject","inLanguage":"en-GB","@id":"https:\/\/shop.radna-odjeca.com\/product\/kapa-6-panela-2\/#primaryimage","url":"https:\/\/shop.radna-odjeca.com\/wp-content\/uploads\/2022\/04\/kapa-6-panela-led.png","contentUrl":"https:\/\/shop.radna-odjeca.com\/wp-content\/uploads\/2022\/04\/kapa-6-panela-led.png","width":1500,"height":2000},{"@type":"BreadcrumbList","@id":"https:\/\/shop.radna-odjeca.com\/product\/kapa-6-panela-2\/#breadcrumb","itemListElement":[{"@type":"ListItem","position":1,"name":"Po\u010detna stranica","item":"https:\/\/shop.radna-odjeca.com\/"},{"@type":"ListItem","position":2,"name":"Trgovina","item":"https:\/\/shop.radna-odjeca.com\/trgovina\/"},{"@type":"ListItem","position":3,"name":"Kapa 6 panela"}]},{"@type":"WebSite","@id":"https:\/\/shop.radna-odjeca.com\/#website","url":"https:\/\/shop.radna-odjeca.com\/","name":"Jezerinac Webshop","description":"RADNA ODJE\u0106A VISOKE KVALITETE","publisher":{"@id":"https:\/\/shop.radna-odjeca.com\/#organization"},"potentialAction":[{"@type":"SearchAction","target":{"@type":"EntryPoint","urlTemplate":"https:\/\/shop.radna-odjeca.com\/?s={search_term_string}"},"query-input":{"@type":"PropertyValueSpecification","valueRequired":true,"valueName":"search_term_string"}}],"inLanguage":"en-GB"},{"@type":"Organization","@id":"https:\/\/shop.radna-odjeca.com\/#organization","name":"JEZERINAC Radna odje\u0107a","url":"https:\/\/shop.radna-odjeca.com\/","logo":{"@type":"ImageObject","inLanguage":"en-GB","@id":"https:\/\/shop.radna-odjeca.com\/#\/schema\/logo\/image\/","url":"https:\/\/shop.radna-odjeca.com\/wp-content\/uploads\/2020\/04\/logo.png","contentUrl":"https:\/\/shop.radna-odjeca.com\/wp-content\/uploads\/2020\/04\/logo.png","width":254,"height":68,"caption":"JEZERINAC Radna odje\u0107a"},"image":{"@id":"https:\/\/shop.radna-odjeca.com\/#\/schema\/logo\/image\/"}}]}},"_links":{"self":[{"href":"https:\/\/shop.radna-odjeca.com\/en\/wp-json\/wp\/v2\/product\/5494","targetHints":{"allow":["GET"]}}],"collection":[{"href":"https:\/\/shop.radna-odjeca.com\/en\/wp-json\/wp\/v2\/product"}],"about":[{"href":"https:\/\/shop.radna-odjeca.com\/en\/wp-json\/wp\/v2\/types\/product"}],"wp:featuredmedia":[{"embeddable":true,"href":"https:\/\/shop.radna-odjeca.com\/en\/wp-json\/wp\/v2\/media\/5495"}],"wp:attachment":[{"href":"https:\/\/shop.radna-odjeca.com\/en\/wp-json\/wp\/v2\/media?parent=5494"}],"wp:term":[{"taxonomy":"product_brand","embeddable":true,"href":"https:\/\/shop.radna-odjeca.com\/en\/wp-json\/wp\/v2\/product_brand?post=5494"},{"taxonomy":"product_cat","embeddable":true,"href":"https:\/\/shop.radna-odjeca.com\/en\/wp-json\/wp\/v2\/product_cat?post=5494"},{"taxonomy":"product_tag","embeddable":true,"href":"https:\/\/shop.radna-odjeca.com\/en\/wp-json\/wp\/v2\/product_tag?post=5494"}],"curies":[{"name":"wp","href":"https:\/\/api.w.org\/{rel}","templated":true}]}}