{"id":4705,"date":"2021-02-01T13:56:37","date_gmt":"2021-02-01T13:56:37","guid":{"rendered":"https:\/\/shop.radna-odjeca.com\/?post_type=product&#038;p=4705"},"modified":"2024-05-27T09:16:49","modified_gmt":"2024-05-27T09:16:49","slug":"jakna-visoke-vidljivosti-s467","status":"publish","type":"product","link":"https:\/\/shop.radna-odjeca.com\/en\/product\/jakna-visoke-vidljivosti-s467\/","title":{"rendered":"Jakna visoke vidljivosti S467"},"content":{"rendered":"<p>Ova dvobojna jakna ima velik broj isprobanih i testiranih performansi i dostupna je u mnogo razli\u010ditih kontrastnih kombinacija. S potpuno zalijepljenim vodootpornim \u0161avovima ova jakna je vode\u0107i model na tr\u017ei\u0161tu.<\/p>\n<p><strong>Op\u0161irniji opis:<\/strong><br \/>\n&#8211; CE certificirano<br \/>\n&#8211; Vodootporno s ljepljenim \u0161avovima kako bi se sprije\u010dilo prodiranje vode<br \/>\n&#8211; Reflektiraju\u0107a traka za dodatnu vidljivost<br \/>\n&#8211; Potpuno podstavljene za zadr\u017eavanje topline<br \/>\n&#8211; 4 d\u017eepa za dovoljno prostora za pohranu<br \/>\n&#8211; Unutarnji d\u017eep za mobitel<br \/>\n&#8211; Unutarnji d\u017eep na prsima<br \/>\n&#8211; Dvosmjerni patent zatvatra\u010d za brz i jednostavan pristup<br \/>\n&#8211; Za\u0161titni preklop na prednjici \u0161titi od vanjskih utjecaja<br \/>\n&#8211; Kapulja\u010da koja se mo\u017ee spakirati (urolati), za dodatnu funkcionalnost<\/p>\n<p><strong>Vanjski materijal :<\/strong><br \/>\n100% poliester, 300D Oxford tkanje sa zavr\u0161nom doradom otpornom na mrlje, PU premaz 190g<\/p>\n<p><strong>Materijal podstave :<\/strong><br \/>\n100% poliester 60g<\/p>\n<p><strong>Materijal punjenja :<\/strong><br \/>\n100% poliester 170g<\/p>\n<p><strong>Veli\u010dine: S-3XL<\/strong><\/p>\n<p><strong>Standardi:<\/strong><br \/>\n&#8211; ANSI\/ISEA 107-2015 TYPE R CLASS 3<br \/>\n&#8211; AS\/NZS 4602.1:2011 Class D\/N<br \/>\n&#8211; RIS 3279 &#8211; TOM ISSUE 1 (ORANGE ONLY)<br \/>\n&#8211; EN 343:2019 Class 3:1 X WP 15,000mm<br \/>\n&#8211; EN 342 0.345 (M\u00b2.K\/W), 2, X<br \/>\n&#8211; EN ISO 20471 Class 3<\/p>","protected":false},"excerpt":{"rendered":"<p>Ova dvobojna jakna ima velik broj isprobanih i testiranih performansi i dostupna je u mnogo razli\u010ditih kontrastnih kombinacija. S potpuno zalijepljenim vodootpornim \u0161avovima ova jakna je vode\u0107i model na tr\u017ei\u0161tu.<\/p>\n<p><strong>Op\u0161irniji opis:<\/strong><br \/>\n&#8211; CE certificirano<br \/>\n&#8211; Vodootporno s ljepljenim \u0161avovima kako bi se sprije\u010dilo prodiranje vode<br \/>\n&#8211; Reflektiraju\u0107a traka za dodatnu vidljivost<br \/>\n&#8211; Potpuno podstavljene za zadr\u017eavanje topline<br \/>\n&#8211; 4 d\u017eepa za dovoljno prostora za pohranu<br \/>\n&#8211; Unutarnji d\u017eep za mobitel<br \/>\n&#8211; Unutarnji d\u017eep na prsima<br \/>\n&#8211; Dvosmjerni patent zatvatra\u010d za brz i jednostavan pristup<br \/>\n&#8211; Za\u0161titni preklop na prednjici \u0161titi od vanjskih utjecaja<br \/>\n&#8211; Kapulja\u010da koja se mo\u017ee spakirati (urolati), za dodatnu funkcionalnost<\/p>\n<p><strong>Vanjski materijal :<\/strong><br \/>\n100% poliester, 300D Oxford tkanje sa zavr\u0161nom doradom otpornom na mrlje, PU premaz 190g<\/p>\n<p><strong>Materijal podstave :<\/strong><br \/>\n100% poliester 60g<\/p>\n<p><strong>Materijal punjenja :<\/strong><br \/>\n100% poliester 170g<\/p>\n<p><strong>Veli\u010dine: S-3XL<\/strong><\/p>\n<p><strong>Standardi:<\/strong><br \/>\n&#8211; ANSI\/ISEA 107-2015 TYPE R CLASS 3<br \/>\n&#8211; AS\/NZS 4602.1:2011 Class D\/N<br \/>\n&#8211; RIS 3279 &#8211; TOM ISSUE 1 (ORANGE ONLY)<br \/>\n&#8211; EN 343:2019 Class 3:1 X WP 15,000mm<br \/>\n&#8211; EN 342 0.345 (M\u00b2.K\/W), 2, X<br \/>\n&#8211; EN ISO 20471 Class 3<\/p>","protected":false},"featured_media":4706,"template":"","meta":[],"product_brand":[],"product_cat":[147],"product_tag":[],"class_list":{"0":"post-4705","1":"product","2":"type-product","3":"status-publish","4":"has-post-thumbnail","6":"product_cat-odjeca-visoke-vidljivosti","8":"first","9":"instock","10":"taxable","11":"shipping-taxable","12":"purchasable","13":"product-type-variable"},"yoast_head":"<!-- This site is optimized with the Yoast SEO plugin v27.5 - https:\/\/yoast.com\/product\/yoast-seo-wordpress\/ -->\n<title>Reflektiraju\u0107a jakna S467 | Jezerinac webshop<\/title>\n<meta name=\"description\" content=\"Reflektiraju\u0107a radna jakna omogu\u0107ava visoku vidljivost. Ukupno 4 d\u017eepa s dovoljno prostora za pohranu. Izra\u0111ena od 100 % poliestera. Veli\u010dine: S - 3XL.\" \/>\n<meta name=\"robots\" content=\"index, follow, max-snippet:-1, max-image-preview:large, max-video-preview:-1\" \/>\n<link rel=\"canonical\" href=\"https:\/\/shop.radna-odjeca.com\/en\/product\/jakna-visoke-vidljivosti-s467\/\" \/>\n<meta property=\"og:locale\" content=\"en_GB\" \/>\n<meta property=\"og:type\" content=\"article\" \/>\n<meta property=\"og:title\" content=\"Reflektiraju\u0107a jakna S467 | Jezerinac webshop\" \/>\n<meta property=\"og:description\" content=\"Reflektiraju\u0107a radna jakna omogu\u0107ava visoku vidljivost. Ukupno 4 d\u017eepa s dovoljno prostora za pohranu. Izra\u0111ena od 100 % poliestera. Veli\u010dine: S - 3XL.\" \/>\n<meta property=\"og:url\" content=\"https:\/\/shop.radna-odjeca.com\/en\/product\/jakna-visoke-vidljivosti-s467\/\" \/>\n<meta property=\"og:site_name\" content=\"RADNA ODJE\u0106A\" \/>\n<meta property=\"article:modified_time\" content=\"2024-05-27T09:16:49+00:00\" \/>\n<meta property=\"og:image\" content=\"https:\/\/shop.radna-odjeca.com\/wp-content\/uploads\/2021\/02\/jakna-s467.jpg\" \/>\n\t<meta property=\"og:image:width\" content=\"500\" \/>\n\t<meta property=\"og:image:height\" content=\"500\" \/>\n\t<meta property=\"og:image:type\" content=\"image\/jpeg\" \/>\n<meta name=\"twitter:card\" content=\"summary_large_image\" \/>\n<meta name=\"twitter:label1\" content=\"Estimated reading time\" \/>\n\t<meta name=\"twitter:data1\" content=\"1 minute\" \/>\n<script type=\"application\/ld+json\" class=\"yoast-schema-graph\">{\"@context\":\"https:\\\/\\\/schema.org\",\"@graph\":[{\"@type\":\"WebPage\",\"@id\":\"https:\\\/\\\/shop.radna-odjeca.com\\\/product\\\/jakna-visoke-vidljivosti-s467\\\/\",\"url\":\"https:\\\/\\\/shop.radna-odjeca.com\\\/product\\\/jakna-visoke-vidljivosti-s467\\\/\",\"name\":\"Reflektiraju\u0107a jakna S467 | Jezerinac webshop\",\"isPartOf\":{\"@id\":\"https:\\\/\\\/shop.radna-odjeca.com\\\/#website\"},\"primaryImageOfPage\":{\"@id\":\"https:\\\/\\\/shop.radna-odjeca.com\\\/product\\\/jakna-visoke-vidljivosti-s467\\\/#primaryimage\"},\"image\":{\"@id\":\"https:\\\/\\\/shop.radna-odjeca.com\\\/product\\\/jakna-visoke-vidljivosti-s467\\\/#primaryimage\"},\"thumbnailUrl\":\"https:\\\/\\\/shop.radna-odjeca.com\\\/wp-content\\\/uploads\\\/2021\\\/02\\\/jakna-s467.jpg\",\"datePublished\":\"2021-02-01T13:56:37+00:00\",\"dateModified\":\"2024-05-27T09:16:49+00:00\",\"description\":\"Reflektiraju\u0107a radna jakna omogu\u0107ava visoku vidljivost. Ukupno 4 d\u017eepa s dovoljno prostora za pohranu. Izra\u0111ena od 100 % poliestera. Veli\u010dine: S - 3XL.\",\"breadcrumb\":{\"@id\":\"https:\\\/\\\/shop.radna-odjeca.com\\\/product\\\/jakna-visoke-vidljivosti-s467\\\/#breadcrumb\"},\"inLanguage\":\"en-GB\",\"potentialAction\":[{\"@type\":\"ReadAction\",\"target\":[\"https:\\\/\\\/shop.radna-odjeca.com\\\/product\\\/jakna-visoke-vidljivosti-s467\\\/\"]}]},{\"@type\":\"ImageObject\",\"inLanguage\":\"en-GB\",\"@id\":\"https:\\\/\\\/shop.radna-odjeca.com\\\/product\\\/jakna-visoke-vidljivosti-s467\\\/#primaryimage\",\"url\":\"https:\\\/\\\/shop.radna-odjeca.com\\\/wp-content\\\/uploads\\\/2021\\\/02\\\/jakna-s467.jpg\",\"contentUrl\":\"https:\\\/\\\/shop.radna-odjeca.com\\\/wp-content\\\/uploads\\\/2021\\\/02\\\/jakna-s467.jpg\",\"width\":500,\"height\":500},{\"@type\":\"BreadcrumbList\",\"@id\":\"https:\\\/\\\/shop.radna-odjeca.com\\\/product\\\/jakna-visoke-vidljivosti-s467\\\/#breadcrumb\",\"itemListElement\":[{\"@type\":\"ListItem\",\"position\":1,\"name\":\"Po\u010detna stranica\",\"item\":\"https:\\\/\\\/shop.radna-odjeca.com\\\/\"},{\"@type\":\"ListItem\",\"position\":2,\"name\":\"Trgovina\",\"item\":\"https:\\\/\\\/shop.radna-odjeca.com\\\/trgovina\\\/\"},{\"@type\":\"ListItem\",\"position\":3,\"name\":\"Jakna visoke vidljivosti S467\"}]},{\"@type\":\"WebSite\",\"@id\":\"https:\\\/\\\/shop.radna-odjeca.com\\\/#website\",\"url\":\"https:\\\/\\\/shop.radna-odjeca.com\\\/\",\"name\":\"Jezerinac Webshop\",\"description\":\"RADNA ODJE\u0106A VISOKE KVALITETE\",\"publisher\":{\"@id\":\"https:\\\/\\\/shop.radna-odjeca.com\\\/#organization\"},\"potentialAction\":[{\"@type\":\"SearchAction\",\"target\":{\"@type\":\"EntryPoint\",\"urlTemplate\":\"https:\\\/\\\/shop.radna-odjeca.com\\\/?s={search_term_string}\"},\"query-input\":{\"@type\":\"PropertyValueSpecification\",\"valueRequired\":true,\"valueName\":\"search_term_string\"}}],\"inLanguage\":\"en-GB\"},{\"@type\":\"Organization\",\"@id\":\"https:\\\/\\\/shop.radna-odjeca.com\\\/#organization\",\"name\":\"JEZERINAC Radna odje\u0107a\",\"url\":\"https:\\\/\\\/shop.radna-odjeca.com\\\/\",\"logo\":{\"@type\":\"ImageObject\",\"inLanguage\":\"en-GB\",\"@id\":\"https:\\\/\\\/shop.radna-odjeca.com\\\/#\\\/schema\\\/logo\\\/image\\\/\",\"url\":\"https:\\\/\\\/shop.radna-odjeca.com\\\/wp-content\\\/uploads\\\/2020\\\/04\\\/logo.png\",\"contentUrl\":\"https:\\\/\\\/shop.radna-odjeca.com\\\/wp-content\\\/uploads\\\/2020\\\/04\\\/logo.png\",\"width\":254,\"height\":68,\"caption\":\"JEZERINAC Radna odje\u0107a\"},\"image\":{\"@id\":\"https:\\\/\\\/shop.radna-odjeca.com\\\/#\\\/schema\\\/logo\\\/image\\\/\"}}]}<\/script>\n<!-- \/ Yoast SEO plugin. -->","yoast_head_json":{"title":"Reflektiraju\u0107a jakna S467 | Jezerinac webshop","description":"Reflektiraju\u0107a radna jakna omogu\u0107ava visoku vidljivost. Ukupno 4 d\u017eepa s dovoljno prostora za pohranu. Izra\u0111ena od 100 % poliestera. Veli\u010dine: S - 3XL.","robots":{"index":"index","follow":"follow","max-snippet":"max-snippet:-1","max-image-preview":"max-image-preview:large","max-video-preview":"max-video-preview:-1"},"canonical":"https:\/\/shop.radna-odjeca.com\/en\/product\/jakna-visoke-vidljivosti-s467\/","og_locale":"en_GB","og_type":"article","og_title":"Reflektiraju\u0107a jakna S467 | Jezerinac webshop","og_description":"Reflektiraju\u0107a radna jakna omogu\u0107ava visoku vidljivost. Ukupno 4 d\u017eepa s dovoljno prostora za pohranu. Izra\u0111ena od 100 % poliestera. Veli\u010dine: S - 3XL.","og_url":"https:\/\/shop.radna-odjeca.com\/en\/product\/jakna-visoke-vidljivosti-s467\/","og_site_name":"RADNA ODJE\u0106A","article_modified_time":"2024-05-27T09:16:49+00:00","og_image":[{"width":500,"height":500,"url":"https:\/\/shop.radna-odjeca.com\/wp-content\/uploads\/2021\/02\/jakna-s467.jpg","type":"image\/jpeg"}],"twitter_card":"summary_large_image","twitter_misc":{"Estimated reading time":"1 minute"},"schema":{"@context":"https:\/\/schema.org","@graph":[{"@type":"WebPage","@id":"https:\/\/shop.radna-odjeca.com\/product\/jakna-visoke-vidljivosti-s467\/","url":"https:\/\/shop.radna-odjeca.com\/product\/jakna-visoke-vidljivosti-s467\/","name":"Reflektiraju\u0107a jakna S467 | Jezerinac webshop","isPartOf":{"@id":"https:\/\/shop.radna-odjeca.com\/#website"},"primaryImageOfPage":{"@id":"https:\/\/shop.radna-odjeca.com\/product\/jakna-visoke-vidljivosti-s467\/#primaryimage"},"image":{"@id":"https:\/\/shop.radna-odjeca.com\/product\/jakna-visoke-vidljivosti-s467\/#primaryimage"},"thumbnailUrl":"https:\/\/shop.radna-odjeca.com\/wp-content\/uploads\/2021\/02\/jakna-s467.jpg","datePublished":"2021-02-01T13:56:37+00:00","dateModified":"2024-05-27T09:16:49+00:00","description":"Reflektiraju\u0107a radna jakna omogu\u0107ava visoku vidljivost. Ukupno 4 d\u017eepa s dovoljno prostora za pohranu. Izra\u0111ena od 100 % poliestera. Veli\u010dine: S - 3XL.","breadcrumb":{"@id":"https:\/\/shop.radna-odjeca.com\/product\/jakna-visoke-vidljivosti-s467\/#breadcrumb"},"inLanguage":"en-GB","potentialAction":[{"@type":"ReadAction","target":["https:\/\/shop.radna-odjeca.com\/product\/jakna-visoke-vidljivosti-s467\/"]}]},{"@type":"ImageObject","inLanguage":"en-GB","@id":"https:\/\/shop.radna-odjeca.com\/product\/jakna-visoke-vidljivosti-s467\/#primaryimage","url":"https:\/\/shop.radna-odjeca.com\/wp-content\/uploads\/2021\/02\/jakna-s467.jpg","contentUrl":"https:\/\/shop.radna-odjeca.com\/wp-content\/uploads\/2021\/02\/jakna-s467.jpg","width":500,"height":500},{"@type":"BreadcrumbList","@id":"https:\/\/shop.radna-odjeca.com\/product\/jakna-visoke-vidljivosti-s467\/#breadcrumb","itemListElement":[{"@type":"ListItem","position":1,"name":"Po\u010detna stranica","item":"https:\/\/shop.radna-odjeca.com\/"},{"@type":"ListItem","position":2,"name":"Trgovina","item":"https:\/\/shop.radna-odjeca.com\/trgovina\/"},{"@type":"ListItem","position":3,"name":"Jakna visoke vidljivosti S467"}]},{"@type":"WebSite","@id":"https:\/\/shop.radna-odjeca.com\/#website","url":"https:\/\/shop.radna-odjeca.com\/","name":"Jezerinac Webshop","description":"RADNA ODJE\u0106A VISOKE KVALITETE","publisher":{"@id":"https:\/\/shop.radna-odjeca.com\/#organization"},"potentialAction":[{"@type":"SearchAction","target":{"@type":"EntryPoint","urlTemplate":"https:\/\/shop.radna-odjeca.com\/?s={search_term_string}"},"query-input":{"@type":"PropertyValueSpecification","valueRequired":true,"valueName":"search_term_string"}}],"inLanguage":"en-GB"},{"@type":"Organization","@id":"https:\/\/shop.radna-odjeca.com\/#organization","name":"JEZERINAC Radna odje\u0107a","url":"https:\/\/shop.radna-odjeca.com\/","logo":{"@type":"ImageObject","inLanguage":"en-GB","@id":"https:\/\/shop.radna-odjeca.com\/#\/schema\/logo\/image\/","url":"https:\/\/shop.radna-odjeca.com\/wp-content\/uploads\/2020\/04\/logo.png","contentUrl":"https:\/\/shop.radna-odjeca.com\/wp-content\/uploads\/2020\/04\/logo.png","width":254,"height":68,"caption":"JEZERINAC Radna odje\u0107a"},"image":{"@id":"https:\/\/shop.radna-odjeca.com\/#\/schema\/logo\/image\/"}}]}},"_links":{"self":[{"href":"https:\/\/shop.radna-odjeca.com\/en\/wp-json\/wp\/v2\/product\/4705","targetHints":{"allow":["GET"]}}],"collection":[{"href":"https:\/\/shop.radna-odjeca.com\/en\/wp-json\/wp\/v2\/product"}],"about":[{"href":"https:\/\/shop.radna-odjeca.com\/en\/wp-json\/wp\/v2\/types\/product"}],"wp:featuredmedia":[{"embeddable":true,"href":"https:\/\/shop.radna-odjeca.com\/en\/wp-json\/wp\/v2\/media\/4706"}],"wp:attachment":[{"href":"https:\/\/shop.radna-odjeca.com\/en\/wp-json\/wp\/v2\/media?parent=4705"}],"wp:term":[{"taxonomy":"product_brand","embeddable":true,"href":"https:\/\/shop.radna-odjeca.com\/en\/wp-json\/wp\/v2\/product_brand?post=4705"},{"taxonomy":"product_cat","embeddable":true,"href":"https:\/\/shop.radna-odjeca.com\/en\/wp-json\/wp\/v2\/product_cat?post=4705"},{"taxonomy":"product_tag","embeddable":true,"href":"https:\/\/shop.radna-odjeca.com\/en\/wp-json\/wp\/v2\/product_tag?post=4705"}],"curies":[{"name":"wp","href":"https:\/\/api.w.org\/{rel}","templated":true}]}}