{"id":3494,"date":"2020-12-08T12:09:26","date_gmt":"2020-12-08T12:09:26","guid":{"rendered":"https:\/\/shop.radna-odjeca.com\/?post_type=product&#038;p=3494"},"modified":"2025-09-03T11:12:31","modified_gmt":"2025-09-03T11:12:31","slug":"visoke-radne-cipele-bez-zastitne-kapice-strong-o2","status":"publish","type":"product","link":"https:\/\/shop.radna-odjeca.com\/en\/product\/visoke-radne-cipele-bez-zastitne-kapice-strong-o2\/","title":{"rendered":"Visoke radne cipele bez za\u0161titne kapice STRONG O2"},"content":{"rendered":"<p>Gornji dio: gove\u0111a ko\u017ea, reflektiraju\u0107a traka<\/p>\n<p>Podstava: 3Dprozra\u010dni tekstil<\/p>\n<p>Ulo\u017eak: periv i prozra\u010dan<\/p>\n<p>Za\u0161titna kapica: bez<\/p>\n<p>Potplat: dvoslojni, PU\/TPU, direktno brizgan, uljeotporan, antistatik<\/p>\n<p>Veli\u010dine: 36-48<\/p>\n<p>Norma: EN ISO 20347:2012<\/p>","protected":false},"excerpt":{"rendered":"<p>Gornji dio: gove\u0111a ko\u017ea, reflektiraju\u0107a traka<\/p>\n<p>Podstava: 3Dprozra\u010dni tekstil<\/p>\n<p>Ulo\u017eak: periv i prozra\u010dan<\/p>\n<p>Za\u0161titna kapica: bez<\/p>\n<p>Potplat: dvoslojni, PU\/TPU, direktno brizgan, uljeotporan, antistatik<\/p>\n<p>Veli\u010dine: 36-48<\/p>\n<p>Norma: EN ISO 20347:2012<\/p>","protected":false},"featured_media":3495,"template":"","meta":[],"product_brand":[],"product_cat":[110],"product_tag":[],"class_list":{"0":"post-3494","1":"product","2":"type-product","3":"status-publish","4":"has-post-thumbnail","6":"product_cat-radne-cipele","8":"first","9":"instock","10":"taxable","11":"shipping-taxable","12":"purchasable","13":"product-type-variable"},"yoast_head":"<!-- This site is optimized with the Yoast SEO plugin v27.5 - https:\/\/yoast.com\/product\/yoast-seo-wordpress\/ -->\n<title>Visoke radne cipele bez za\u0161titne kapice STRONG<\/title>\n<meta name=\"description\" content=\"Radne cipele bez kapice za elektri\u010dare. Izra\u0111ene od gove\u0111e ko\u017ee s reflektiraju\u0107om trakom. Potplat: dvoslojni, PU\/TPU, uljeotporan, antistatik.\" \/>\n<meta name=\"robots\" content=\"index, follow, max-snippet:-1, max-image-preview:large, max-video-preview:-1\" \/>\n<link rel=\"canonical\" href=\"https:\/\/shop.radna-odjeca.com\/en\/product\/visoke-radne-cipele-bez-zastitne-kapice-strong-o2\/\" \/>\n<meta property=\"og:locale\" content=\"en_GB\" \/>\n<meta property=\"og:type\" content=\"article\" \/>\n<meta property=\"og:title\" content=\"Visoke radne cipele bez za\u0161titne kapice STRONG\" \/>\n<meta property=\"og:description\" content=\"Radne cipele bez kapice za elektri\u010dare. Izra\u0111ene od gove\u0111e ko\u017ee s reflektiraju\u0107om trakom. Potplat: dvoslojni, PU\/TPU, uljeotporan, antistatik.\" \/>\n<meta property=\"og:url\" content=\"https:\/\/shop.radna-odjeca.com\/en\/product\/visoke-radne-cipele-bez-zastitne-kapice-strong-o2\/\" \/>\n<meta property=\"og:site_name\" content=\"RADNA ODJE\u0106A\" \/>\n<meta property=\"article:modified_time\" content=\"2025-09-03T11:12:31+00:00\" \/>\n<meta property=\"og:image\" content=\"https:\/\/shop.radna-odjeca.com\/wp-content\/uploads\/2020\/12\/Untitled-1-4.jpg\" \/>\n\t<meta property=\"og:image:width\" content=\"600\" \/>\n\t<meta property=\"og:image:height\" content=\"600\" \/>\n\t<meta property=\"og:image:type\" content=\"image\/jpeg\" \/>\n<meta name=\"twitter:card\" content=\"summary_large_image\" \/>\n<meta name=\"twitter:label1\" content=\"Estimated reading time\" \/>\n\t<meta name=\"twitter:data1\" content=\"1 minute\" \/>\n<script type=\"application\/ld+json\" class=\"yoast-schema-graph\">{\"@context\":\"https:\\\/\\\/schema.org\",\"@graph\":[{\"@type\":\"WebPage\",\"@id\":\"https:\\\/\\\/shop.radna-odjeca.com\\\/product\\\/visoke-radne-cipele-bez-zastitne-kapice-strong-o2\\\/\",\"url\":\"https:\\\/\\\/shop.radna-odjeca.com\\\/product\\\/visoke-radne-cipele-bez-zastitne-kapice-strong-o2\\\/\",\"name\":\"Visoke radne cipele bez za\u0161titne kapice STRONG\",\"isPartOf\":{\"@id\":\"https:\\\/\\\/shop.radna-odjeca.com\\\/#website\"},\"primaryImageOfPage\":{\"@id\":\"https:\\\/\\\/shop.radna-odjeca.com\\\/product\\\/visoke-radne-cipele-bez-zastitne-kapice-strong-o2\\\/#primaryimage\"},\"image\":{\"@id\":\"https:\\\/\\\/shop.radna-odjeca.com\\\/product\\\/visoke-radne-cipele-bez-zastitne-kapice-strong-o2\\\/#primaryimage\"},\"thumbnailUrl\":\"https:\\\/\\\/shop.radna-odjeca.com\\\/wp-content\\\/uploads\\\/2020\\\/12\\\/Untitled-1-4.jpg\",\"datePublished\":\"2020-12-08T12:09:26+00:00\",\"dateModified\":\"2025-09-03T11:12:31+00:00\",\"description\":\"Radne cipele bez kapice za elektri\u010dare. Izra\u0111ene od gove\u0111e ko\u017ee s reflektiraju\u0107om trakom. Potplat: dvoslojni, PU\\\/TPU, uljeotporan, antistatik.\",\"breadcrumb\":{\"@id\":\"https:\\\/\\\/shop.radna-odjeca.com\\\/product\\\/visoke-radne-cipele-bez-zastitne-kapice-strong-o2\\\/#breadcrumb\"},\"inLanguage\":\"en-GB\",\"potentialAction\":[{\"@type\":\"ReadAction\",\"target\":[\"https:\\\/\\\/shop.radna-odjeca.com\\\/product\\\/visoke-radne-cipele-bez-zastitne-kapice-strong-o2\\\/\"]}]},{\"@type\":\"ImageObject\",\"inLanguage\":\"en-GB\",\"@id\":\"https:\\\/\\\/shop.radna-odjeca.com\\\/product\\\/visoke-radne-cipele-bez-zastitne-kapice-strong-o2\\\/#primaryimage\",\"url\":\"https:\\\/\\\/shop.radna-odjeca.com\\\/wp-content\\\/uploads\\\/2020\\\/12\\\/Untitled-1-4.jpg\",\"contentUrl\":\"https:\\\/\\\/shop.radna-odjeca.com\\\/wp-content\\\/uploads\\\/2020\\\/12\\\/Untitled-1-4.jpg\",\"width\":600,\"height\":600},{\"@type\":\"BreadcrumbList\",\"@id\":\"https:\\\/\\\/shop.radna-odjeca.com\\\/product\\\/visoke-radne-cipele-bez-zastitne-kapice-strong-o2\\\/#breadcrumb\",\"itemListElement\":[{\"@type\":\"ListItem\",\"position\":1,\"name\":\"Po\u010detna stranica\",\"item\":\"https:\\\/\\\/shop.radna-odjeca.com\\\/\"},{\"@type\":\"ListItem\",\"position\":2,\"name\":\"Trgovina\",\"item\":\"https:\\\/\\\/shop.radna-odjeca.com\\\/trgovina\\\/\"},{\"@type\":\"ListItem\",\"position\":3,\"name\":\"Visoke radne cipele bez za\u0161titne kapice STRONG O2\"}]},{\"@type\":\"WebSite\",\"@id\":\"https:\\\/\\\/shop.radna-odjeca.com\\\/#website\",\"url\":\"https:\\\/\\\/shop.radna-odjeca.com\\\/\",\"name\":\"Jezerinac Webshop\",\"description\":\"RADNA ODJE\u0106A VISOKE KVALITETE\",\"publisher\":{\"@id\":\"https:\\\/\\\/shop.radna-odjeca.com\\\/#organization\"},\"potentialAction\":[{\"@type\":\"SearchAction\",\"target\":{\"@type\":\"EntryPoint\",\"urlTemplate\":\"https:\\\/\\\/shop.radna-odjeca.com\\\/?s={search_term_string}\"},\"query-input\":{\"@type\":\"PropertyValueSpecification\",\"valueRequired\":true,\"valueName\":\"search_term_string\"}}],\"inLanguage\":\"en-GB\"},{\"@type\":\"Organization\",\"@id\":\"https:\\\/\\\/shop.radna-odjeca.com\\\/#organization\",\"name\":\"JEZERINAC Radna odje\u0107a\",\"url\":\"https:\\\/\\\/shop.radna-odjeca.com\\\/\",\"logo\":{\"@type\":\"ImageObject\",\"inLanguage\":\"en-GB\",\"@id\":\"https:\\\/\\\/shop.radna-odjeca.com\\\/#\\\/schema\\\/logo\\\/image\\\/\",\"url\":\"https:\\\/\\\/shop.radna-odjeca.com\\\/wp-content\\\/uploads\\\/2020\\\/04\\\/logo.png\",\"contentUrl\":\"https:\\\/\\\/shop.radna-odjeca.com\\\/wp-content\\\/uploads\\\/2020\\\/04\\\/logo.png\",\"width\":254,\"height\":68,\"caption\":\"JEZERINAC Radna odje\u0107a\"},\"image\":{\"@id\":\"https:\\\/\\\/shop.radna-odjeca.com\\\/#\\\/schema\\\/logo\\\/image\\\/\"}}]}<\/script>\n<!-- \/ Yoast SEO plugin. -->","yoast_head_json":{"title":"Visoke radne cipele bez za\u0161titne kapice STRONG","description":"Radne cipele bez kapice za elektri\u010dare. Izra\u0111ene od gove\u0111e ko\u017ee s reflektiraju\u0107om trakom. Potplat: dvoslojni, PU\/TPU, uljeotporan, antistatik.","robots":{"index":"index","follow":"follow","max-snippet":"max-snippet:-1","max-image-preview":"max-image-preview:large","max-video-preview":"max-video-preview:-1"},"canonical":"https:\/\/shop.radna-odjeca.com\/en\/product\/visoke-radne-cipele-bez-zastitne-kapice-strong-o2\/","og_locale":"en_GB","og_type":"article","og_title":"Visoke radne cipele bez za\u0161titne kapice STRONG","og_description":"Radne cipele bez kapice za elektri\u010dare. Izra\u0111ene od gove\u0111e ko\u017ee s reflektiraju\u0107om trakom. Potplat: dvoslojni, PU\/TPU, uljeotporan, antistatik.","og_url":"https:\/\/shop.radna-odjeca.com\/en\/product\/visoke-radne-cipele-bez-zastitne-kapice-strong-o2\/","og_site_name":"RADNA ODJE\u0106A","article_modified_time":"2025-09-03T11:12:31+00:00","og_image":[{"width":600,"height":600,"url":"https:\/\/shop.radna-odjeca.com\/wp-content\/uploads\/2020\/12\/Untitled-1-4.jpg","type":"image\/jpeg"}],"twitter_card":"summary_large_image","twitter_misc":{"Estimated reading time":"1 minute"},"schema":{"@context":"https:\/\/schema.org","@graph":[{"@type":"WebPage","@id":"https:\/\/shop.radna-odjeca.com\/product\/visoke-radne-cipele-bez-zastitne-kapice-strong-o2\/","url":"https:\/\/shop.radna-odjeca.com\/product\/visoke-radne-cipele-bez-zastitne-kapice-strong-o2\/","name":"Visoke radne cipele bez za\u0161titne kapice STRONG","isPartOf":{"@id":"https:\/\/shop.radna-odjeca.com\/#website"},"primaryImageOfPage":{"@id":"https:\/\/shop.radna-odjeca.com\/product\/visoke-radne-cipele-bez-zastitne-kapice-strong-o2\/#primaryimage"},"image":{"@id":"https:\/\/shop.radna-odjeca.com\/product\/visoke-radne-cipele-bez-zastitne-kapice-strong-o2\/#primaryimage"},"thumbnailUrl":"https:\/\/shop.radna-odjeca.com\/wp-content\/uploads\/2020\/12\/Untitled-1-4.jpg","datePublished":"2020-12-08T12:09:26+00:00","dateModified":"2025-09-03T11:12:31+00:00","description":"Radne cipele bez kapice za elektri\u010dare. Izra\u0111ene od gove\u0111e ko\u017ee s reflektiraju\u0107om trakom. Potplat: dvoslojni, PU\/TPU, uljeotporan, antistatik.","breadcrumb":{"@id":"https:\/\/shop.radna-odjeca.com\/product\/visoke-radne-cipele-bez-zastitne-kapice-strong-o2\/#breadcrumb"},"inLanguage":"en-GB","potentialAction":[{"@type":"ReadAction","target":["https:\/\/shop.radna-odjeca.com\/product\/visoke-radne-cipele-bez-zastitne-kapice-strong-o2\/"]}]},{"@type":"ImageObject","inLanguage":"en-GB","@id":"https:\/\/shop.radna-odjeca.com\/product\/visoke-radne-cipele-bez-zastitne-kapice-strong-o2\/#primaryimage","url":"https:\/\/shop.radna-odjeca.com\/wp-content\/uploads\/2020\/12\/Untitled-1-4.jpg","contentUrl":"https:\/\/shop.radna-odjeca.com\/wp-content\/uploads\/2020\/12\/Untitled-1-4.jpg","width":600,"height":600},{"@type":"BreadcrumbList","@id":"https:\/\/shop.radna-odjeca.com\/product\/visoke-radne-cipele-bez-zastitne-kapice-strong-o2\/#breadcrumb","itemListElement":[{"@type":"ListItem","position":1,"name":"Po\u010detna stranica","item":"https:\/\/shop.radna-odjeca.com\/"},{"@type":"ListItem","position":2,"name":"Trgovina","item":"https:\/\/shop.radna-odjeca.com\/trgovina\/"},{"@type":"ListItem","position":3,"name":"Visoke radne cipele bez za\u0161titne kapice STRONG O2"}]},{"@type":"WebSite","@id":"https:\/\/shop.radna-odjeca.com\/#website","url":"https:\/\/shop.radna-odjeca.com\/","name":"Jezerinac Webshop","description":"RADNA ODJE\u0106A VISOKE KVALITETE","publisher":{"@id":"https:\/\/shop.radna-odjeca.com\/#organization"},"potentialAction":[{"@type":"SearchAction","target":{"@type":"EntryPoint","urlTemplate":"https:\/\/shop.radna-odjeca.com\/?s={search_term_string}"},"query-input":{"@type":"PropertyValueSpecification","valueRequired":true,"valueName":"search_term_string"}}],"inLanguage":"en-GB"},{"@type":"Organization","@id":"https:\/\/shop.radna-odjeca.com\/#organization","name":"JEZERINAC Radna odje\u0107a","url":"https:\/\/shop.radna-odjeca.com\/","logo":{"@type":"ImageObject","inLanguage":"en-GB","@id":"https:\/\/shop.radna-odjeca.com\/#\/schema\/logo\/image\/","url":"https:\/\/shop.radna-odjeca.com\/wp-content\/uploads\/2020\/04\/logo.png","contentUrl":"https:\/\/shop.radna-odjeca.com\/wp-content\/uploads\/2020\/04\/logo.png","width":254,"height":68,"caption":"JEZERINAC Radna odje\u0107a"},"image":{"@id":"https:\/\/shop.radna-odjeca.com\/#\/schema\/logo\/image\/"}}]}},"_links":{"self":[{"href":"https:\/\/shop.radna-odjeca.com\/en\/wp-json\/wp\/v2\/product\/3494","targetHints":{"allow":["GET"]}}],"collection":[{"href":"https:\/\/shop.radna-odjeca.com\/en\/wp-json\/wp\/v2\/product"}],"about":[{"href":"https:\/\/shop.radna-odjeca.com\/en\/wp-json\/wp\/v2\/types\/product"}],"wp:featuredmedia":[{"embeddable":true,"href":"https:\/\/shop.radna-odjeca.com\/en\/wp-json\/wp\/v2\/media\/3495"}],"wp:attachment":[{"href":"https:\/\/shop.radna-odjeca.com\/en\/wp-json\/wp\/v2\/media?parent=3494"}],"wp:term":[{"taxonomy":"product_brand","embeddable":true,"href":"https:\/\/shop.radna-odjeca.com\/en\/wp-json\/wp\/v2\/product_brand?post=3494"},{"taxonomy":"product_cat","embeddable":true,"href":"https:\/\/shop.radna-odjeca.com\/en\/wp-json\/wp\/v2\/product_cat?post=3494"},{"taxonomy":"product_tag","embeddable":true,"href":"https:\/\/shop.radna-odjeca.com\/en\/wp-json\/wp\/v2\/product_tag?post=3494"}],"curies":[{"name":"wp","href":"https:\/\/api.w.org\/{rel}","templated":true}]}}