{"id":3492,"date":"2020-12-08T12:04:48","date_gmt":"2020-12-08T12:04:48","guid":{"rendered":"https:\/\/shop.radna-odjeca.com\/?post_type=product&#038;p=3492"},"modified":"2026-02-05T12:19:19","modified_gmt":"2026-02-05T12:19:19","slug":"niske-radne-cipele-sa-zastitnom-kapicom-coach-s3-src","status":"publish","type":"product","link":"https:\/\/shop.radna-odjeca.com\/en\/product\/niske-radne-cipele-sa-zastitnom-kapicom-coach-s3-src\/","title":{"rendered":"Niske radne cipele sa za\u0161titnom kapicom COACH S3 SRC"},"content":{"rendered":"<p>Gornji dio: vodoodbojna ko\u017ea.<\/p>\n<p>Podstava: SANY-DRY \u2013 100% poliester, prozra\u010dna, upija i otpu\u0161ta vlagu, otporna na abraziju.<\/p>\n<p>Ulo\u017eak: PU15, izra\u0111en od mirisnog i vrlo upijaju\u0107eg poliuretana. Zahvaljuju\u0107i debljini od 15 mm u podru\u010dju pete ulo\u017eak je anatomski. Antistati\u010dan je i izbu\u0161en. Gornji sloj je napravljen od antibakterijske tkanine kako bi se sprije\u010dio neugodan miris, upila vlaga i stopalo odr\u017ealo suhim.<\/p>\n<p>Za\u0161titna kapica: alumijska do 200 J.<\/p>\n<p>Me\u0111utabanica: ATP, tekstilna i fleksibilna.<\/p>\n<p>Potplat: dvoslovni PU.<\/p>\n<p>Dodatak: dodatne vezice u bijeloj boji.<\/p>\n<p>Veli\u010dine: 36-47<\/p>\n<p>Norma: \u00a0EN ISO 20345:2011<\/p>","protected":false},"excerpt":{"rendered":"<p>Gornji dio: vodoodbojna ko\u017ea.<\/p>\n<p>Podstava: SANY-DRY \u2013 100% poliester, prozra\u010dna, upija i otpu\u0161ta vlagu, otporna na abraziju.<\/p>\n<p>Ulo\u017eak: PU15, izra\u0111en od mirisnog i vrlo upijaju\u0107eg poliuretana. Zahvaljuju\u0107i debljini od 15 mm u podru\u010dju pete ulo\u017eak je anatomski. Antistati\u010dan je i izbu\u0161en. Gornji sloj je napravljen od antibakterijske tkanine kako bi se sprije\u010dio neugodan miris, upila vlaga i stopalo odr\u017ealo suhim.<\/p>\n<p>Za\u0161titna kapica: alumijska do 200 J.<\/p>\n<p>Me\u0111utabanica: ATP, tekstilna i fleksibilna.<\/p>\n<p>Potplat: dvoslovni PU.<\/p>\n<p>Dodatak: dodatne vezice u bijeloj boji.<\/p>\n<p>Veli\u010dine: 36-47<\/p>\n<p>Norma: \u00a0EN ISO 20345:2011<\/p>","protected":false},"featured_media":3493,"template":"","meta":[],"product_brand":[],"product_cat":[177],"product_tag":[],"class_list":{"0":"post-3492","1":"product","2":"type-product","3":"status-publish","4":"has-post-thumbnail","6":"product_cat-radne-cipele-niske","8":"first","9":"instock","10":"taxable","11":"shipping-taxable","12":"purchasable","13":"product-type-variable"},"yoast_head":"<!-- This site is optimized with the Yoast SEO plugin v27.4 - https:\/\/yoast.com\/product\/yoast-seo-wordpress\/ -->\n<title>Radne tenisice sa za\u0161titnom kapicom COACH<\/title>\n<meta name=\"description\" content=\"Radne tenisice s kapicom s anatomskim ulo\u0161kom. Gornji sloj je napravljen od antibakterijske tkanine kako bi se sprije\u010dio neugodan miris.\" \/>\n<meta name=\"robots\" content=\"index, follow, max-snippet:-1, max-image-preview:large, max-video-preview:-1\" \/>\n<link rel=\"canonical\" href=\"https:\/\/shop.radna-odjeca.com\/en\/product\/niske-radne-cipele-sa-zastitnom-kapicom-coach-s3-src\/\" \/>\n<meta property=\"og:locale\" content=\"en_GB\" \/>\n<meta property=\"og:type\" content=\"article\" \/>\n<meta property=\"og:title\" content=\"Radne tenisice sa za\u0161titnom kapicom COACH\" \/>\n<meta property=\"og:description\" content=\"Radne tenisice s kapicom s anatomskim ulo\u0161kom. Gornji sloj je napravljen od antibakterijske tkanine kako bi se sprije\u010dio neugodan miris.\" \/>\n<meta property=\"og:url\" content=\"https:\/\/shop.radna-odjeca.com\/en\/product\/niske-radne-cipele-sa-zastitnom-kapicom-coach-s3-src\/\" \/>\n<meta property=\"og:site_name\" content=\"RADNA ODJE\u0106A\" \/>\n<meta property=\"article:modified_time\" content=\"2026-02-05T12:19:19+00:00\" \/>\n<meta property=\"og:image\" content=\"https:\/\/shop.radna-odjeca.com\/wp-content\/uploads\/2020\/12\/Untitled-1-3.jpg\" \/>\n\t<meta property=\"og:image:width\" content=\"1000\" \/>\n\t<meta property=\"og:image:height\" content=\"1000\" \/>\n\t<meta property=\"og:image:type\" content=\"image\/jpeg\" \/>\n<meta name=\"twitter:card\" content=\"summary_large_image\" \/>\n<meta name=\"twitter:label1\" content=\"Estimated reading time\" \/>\n\t<meta name=\"twitter:data1\" content=\"1 minute\" \/>\n<script type=\"application\/ld+json\" class=\"yoast-schema-graph\">{\"@context\":\"https:\\\/\\\/schema.org\",\"@graph\":[{\"@type\":\"WebPage\",\"@id\":\"https:\\\/\\\/shop.radna-odjeca.com\\\/product\\\/niske-radne-cipele-sa-zastitnom-kapicom-coach-s3-src\\\/\",\"url\":\"https:\\\/\\\/shop.radna-odjeca.com\\\/product\\\/niske-radne-cipele-sa-zastitnom-kapicom-coach-s3-src\\\/\",\"name\":\"Radne tenisice sa za\u0161titnom kapicom COACH\",\"isPartOf\":{\"@id\":\"https:\\\/\\\/shop.radna-odjeca.com\\\/#website\"},\"primaryImageOfPage\":{\"@id\":\"https:\\\/\\\/shop.radna-odjeca.com\\\/product\\\/niske-radne-cipele-sa-zastitnom-kapicom-coach-s3-src\\\/#primaryimage\"},\"image\":{\"@id\":\"https:\\\/\\\/shop.radna-odjeca.com\\\/product\\\/niske-radne-cipele-sa-zastitnom-kapicom-coach-s3-src\\\/#primaryimage\"},\"thumbnailUrl\":\"https:\\\/\\\/shop.radna-odjeca.com\\\/wp-content\\\/uploads\\\/2020\\\/12\\\/Untitled-1-3.jpg\",\"datePublished\":\"2020-12-08T12:04:48+00:00\",\"dateModified\":\"2026-02-05T12:19:19+00:00\",\"description\":\"Radne tenisice s kapicom s anatomskim ulo\u0161kom. Gornji sloj je napravljen od antibakterijske tkanine kako bi se sprije\u010dio neugodan miris.\",\"breadcrumb\":{\"@id\":\"https:\\\/\\\/shop.radna-odjeca.com\\\/product\\\/niske-radne-cipele-sa-zastitnom-kapicom-coach-s3-src\\\/#breadcrumb\"},\"inLanguage\":\"en-GB\",\"potentialAction\":[{\"@type\":\"ReadAction\",\"target\":[\"https:\\\/\\\/shop.radna-odjeca.com\\\/product\\\/niske-radne-cipele-sa-zastitnom-kapicom-coach-s3-src\\\/\"]}]},{\"@type\":\"ImageObject\",\"inLanguage\":\"en-GB\",\"@id\":\"https:\\\/\\\/shop.radna-odjeca.com\\\/product\\\/niske-radne-cipele-sa-zastitnom-kapicom-coach-s3-src\\\/#primaryimage\",\"url\":\"https:\\\/\\\/shop.radna-odjeca.com\\\/wp-content\\\/uploads\\\/2020\\\/12\\\/Untitled-1-3.jpg\",\"contentUrl\":\"https:\\\/\\\/shop.radna-odjeca.com\\\/wp-content\\\/uploads\\\/2020\\\/12\\\/Untitled-1-3.jpg\",\"width\":1000,\"height\":1000},{\"@type\":\"BreadcrumbList\",\"@id\":\"https:\\\/\\\/shop.radna-odjeca.com\\\/product\\\/niske-radne-cipele-sa-zastitnom-kapicom-coach-s3-src\\\/#breadcrumb\",\"itemListElement\":[{\"@type\":\"ListItem\",\"position\":1,\"name\":\"Po\u010detna stranica\",\"item\":\"https:\\\/\\\/shop.radna-odjeca.com\\\/\"},{\"@type\":\"ListItem\",\"position\":2,\"name\":\"Trgovina\",\"item\":\"https:\\\/\\\/shop.radna-odjeca.com\\\/trgovina\\\/\"},{\"@type\":\"ListItem\",\"position\":3,\"name\":\"Niske radne cipele sa za\u0161titnom kapicom COACH S3 SRC\"}]},{\"@type\":\"WebSite\",\"@id\":\"https:\\\/\\\/shop.radna-odjeca.com\\\/#website\",\"url\":\"https:\\\/\\\/shop.radna-odjeca.com\\\/\",\"name\":\"Jezerinac Webshop\",\"description\":\"RADNA ODJE\u0106A VISOKE KVALITETE\",\"publisher\":{\"@id\":\"https:\\\/\\\/shop.radna-odjeca.com\\\/#organization\"},\"potentialAction\":[{\"@type\":\"SearchAction\",\"target\":{\"@type\":\"EntryPoint\",\"urlTemplate\":\"https:\\\/\\\/shop.radna-odjeca.com\\\/?s={search_term_string}\"},\"query-input\":{\"@type\":\"PropertyValueSpecification\",\"valueRequired\":true,\"valueName\":\"search_term_string\"}}],\"inLanguage\":\"en-GB\"},{\"@type\":\"Organization\",\"@id\":\"https:\\\/\\\/shop.radna-odjeca.com\\\/#organization\",\"name\":\"JEZERINAC Radna odje\u0107a\",\"url\":\"https:\\\/\\\/shop.radna-odjeca.com\\\/\",\"logo\":{\"@type\":\"ImageObject\",\"inLanguage\":\"en-GB\",\"@id\":\"https:\\\/\\\/shop.radna-odjeca.com\\\/#\\\/schema\\\/logo\\\/image\\\/\",\"url\":\"https:\\\/\\\/shop.radna-odjeca.com\\\/wp-content\\\/uploads\\\/2020\\\/04\\\/logo.png\",\"contentUrl\":\"https:\\\/\\\/shop.radna-odjeca.com\\\/wp-content\\\/uploads\\\/2020\\\/04\\\/logo.png\",\"width\":254,\"height\":68,\"caption\":\"JEZERINAC Radna odje\u0107a\"},\"image\":{\"@id\":\"https:\\\/\\\/shop.radna-odjeca.com\\\/#\\\/schema\\\/logo\\\/image\\\/\"}}]}<\/script>\n<!-- \/ Yoast SEO plugin. -->","yoast_head_json":{"title":"Radne tenisice sa za\u0161titnom kapicom COACH","description":"Radne tenisice s kapicom s anatomskim ulo\u0161kom. Gornji sloj je napravljen od antibakterijske tkanine kako bi se sprije\u010dio neugodan miris.","robots":{"index":"index","follow":"follow","max-snippet":"max-snippet:-1","max-image-preview":"max-image-preview:large","max-video-preview":"max-video-preview:-1"},"canonical":"https:\/\/shop.radna-odjeca.com\/en\/product\/niske-radne-cipele-sa-zastitnom-kapicom-coach-s3-src\/","og_locale":"en_GB","og_type":"article","og_title":"Radne tenisice sa za\u0161titnom kapicom COACH","og_description":"Radne tenisice s kapicom s anatomskim ulo\u0161kom. Gornji sloj je napravljen od antibakterijske tkanine kako bi se sprije\u010dio neugodan miris.","og_url":"https:\/\/shop.radna-odjeca.com\/en\/product\/niske-radne-cipele-sa-zastitnom-kapicom-coach-s3-src\/","og_site_name":"RADNA ODJE\u0106A","article_modified_time":"2026-02-05T12:19:19+00:00","og_image":[{"width":1000,"height":1000,"url":"https:\/\/shop.radna-odjeca.com\/wp-content\/uploads\/2020\/12\/Untitled-1-3.jpg","type":"image\/jpeg"}],"twitter_card":"summary_large_image","twitter_misc":{"Estimated reading time":"1 minute"},"schema":{"@context":"https:\/\/schema.org","@graph":[{"@type":"WebPage","@id":"https:\/\/shop.radna-odjeca.com\/product\/niske-radne-cipele-sa-zastitnom-kapicom-coach-s3-src\/","url":"https:\/\/shop.radna-odjeca.com\/product\/niske-radne-cipele-sa-zastitnom-kapicom-coach-s3-src\/","name":"Radne tenisice sa za\u0161titnom kapicom COACH","isPartOf":{"@id":"https:\/\/shop.radna-odjeca.com\/#website"},"primaryImageOfPage":{"@id":"https:\/\/shop.radna-odjeca.com\/product\/niske-radne-cipele-sa-zastitnom-kapicom-coach-s3-src\/#primaryimage"},"image":{"@id":"https:\/\/shop.radna-odjeca.com\/product\/niske-radne-cipele-sa-zastitnom-kapicom-coach-s3-src\/#primaryimage"},"thumbnailUrl":"https:\/\/shop.radna-odjeca.com\/wp-content\/uploads\/2020\/12\/Untitled-1-3.jpg","datePublished":"2020-12-08T12:04:48+00:00","dateModified":"2026-02-05T12:19:19+00:00","description":"Radne tenisice s kapicom s anatomskim ulo\u0161kom. Gornji sloj je napravljen od antibakterijske tkanine kako bi se sprije\u010dio neugodan miris.","breadcrumb":{"@id":"https:\/\/shop.radna-odjeca.com\/product\/niske-radne-cipele-sa-zastitnom-kapicom-coach-s3-src\/#breadcrumb"},"inLanguage":"en-GB","potentialAction":[{"@type":"ReadAction","target":["https:\/\/shop.radna-odjeca.com\/product\/niske-radne-cipele-sa-zastitnom-kapicom-coach-s3-src\/"]}]},{"@type":"ImageObject","inLanguage":"en-GB","@id":"https:\/\/shop.radna-odjeca.com\/product\/niske-radne-cipele-sa-zastitnom-kapicom-coach-s3-src\/#primaryimage","url":"https:\/\/shop.radna-odjeca.com\/wp-content\/uploads\/2020\/12\/Untitled-1-3.jpg","contentUrl":"https:\/\/shop.radna-odjeca.com\/wp-content\/uploads\/2020\/12\/Untitled-1-3.jpg","width":1000,"height":1000},{"@type":"BreadcrumbList","@id":"https:\/\/shop.radna-odjeca.com\/product\/niske-radne-cipele-sa-zastitnom-kapicom-coach-s3-src\/#breadcrumb","itemListElement":[{"@type":"ListItem","position":1,"name":"Po\u010detna stranica","item":"https:\/\/shop.radna-odjeca.com\/"},{"@type":"ListItem","position":2,"name":"Trgovina","item":"https:\/\/shop.radna-odjeca.com\/trgovina\/"},{"@type":"ListItem","position":3,"name":"Niske radne cipele sa za\u0161titnom kapicom COACH S3 SRC"}]},{"@type":"WebSite","@id":"https:\/\/shop.radna-odjeca.com\/#website","url":"https:\/\/shop.radna-odjeca.com\/","name":"Jezerinac Webshop","description":"RADNA ODJE\u0106A VISOKE KVALITETE","publisher":{"@id":"https:\/\/shop.radna-odjeca.com\/#organization"},"potentialAction":[{"@type":"SearchAction","target":{"@type":"EntryPoint","urlTemplate":"https:\/\/shop.radna-odjeca.com\/?s={search_term_string}"},"query-input":{"@type":"PropertyValueSpecification","valueRequired":true,"valueName":"search_term_string"}}],"inLanguage":"en-GB"},{"@type":"Organization","@id":"https:\/\/shop.radna-odjeca.com\/#organization","name":"JEZERINAC Radna odje\u0107a","url":"https:\/\/shop.radna-odjeca.com\/","logo":{"@type":"ImageObject","inLanguage":"en-GB","@id":"https:\/\/shop.radna-odjeca.com\/#\/schema\/logo\/image\/","url":"https:\/\/shop.radna-odjeca.com\/wp-content\/uploads\/2020\/04\/logo.png","contentUrl":"https:\/\/shop.radna-odjeca.com\/wp-content\/uploads\/2020\/04\/logo.png","width":254,"height":68,"caption":"JEZERINAC Radna odje\u0107a"},"image":{"@id":"https:\/\/shop.radna-odjeca.com\/#\/schema\/logo\/image\/"}}]}},"_links":{"self":[{"href":"https:\/\/shop.radna-odjeca.com\/en\/wp-json\/wp\/v2\/product\/3492","targetHints":{"allow":["GET"]}}],"collection":[{"href":"https:\/\/shop.radna-odjeca.com\/en\/wp-json\/wp\/v2\/product"}],"about":[{"href":"https:\/\/shop.radna-odjeca.com\/en\/wp-json\/wp\/v2\/types\/product"}],"wp:featuredmedia":[{"embeddable":true,"href":"https:\/\/shop.radna-odjeca.com\/en\/wp-json\/wp\/v2\/media\/3493"}],"wp:attachment":[{"href":"https:\/\/shop.radna-odjeca.com\/en\/wp-json\/wp\/v2\/media?parent=3492"}],"wp:term":[{"taxonomy":"product_brand","embeddable":true,"href":"https:\/\/shop.radna-odjeca.com\/en\/wp-json\/wp\/v2\/product_brand?post=3492"},{"taxonomy":"product_cat","embeddable":true,"href":"https:\/\/shop.radna-odjeca.com\/en\/wp-json\/wp\/v2\/product_cat?post=3492"},{"taxonomy":"product_tag","embeddable":true,"href":"https:\/\/shop.radna-odjeca.com\/en\/wp-json\/wp\/v2\/product_tag?post=3492"}],"curies":[{"name":"wp","href":"https:\/\/api.w.org\/{rel}","templated":true}]}}